{"id":380332,"date":"2024-01-19T07:25:55","date_gmt":"2024-01-19T07:26:01","guid":{"rendered":"https:\/\/www.erresse-shop.it\/?post_type=product&#038;p=380332"},"modified":"2024-07-05T14:50:41","modified_gmt":"2024-07-05T14:50:41","slug":"zafferano-ultralight-set-de-2-gobelets-a-vin-mousseux","status":"publish","type":"product","link":"https:\/\/www.erresse-shop.it\/fr\/shop\/table-fr-2\/vin\/zafferano-ultralight-set-de-2-gobelets-a-vin-mousseux\/","title":{"rendered":"ZAFFERANO Ultralight Set de 2 gobelets \u00e0 vin mousseux"},"content":{"rendered":"<p>Ultralight est une ligne de verres de d\u00e9gustation cr\u00e9\u00e9s par traitement m\u00e9canique. Ils sont fabriqu\u00e9s en verre sonore sup\u00e9rieur sans plomb, ce qui garantit leur r\u00e9sistance, leur transparence et leur qualit\u00e9.<br \/>\nUne attention particuli\u00e8re est accord\u00e9e aux formes, sp\u00e9cialement con\u00e7ues pour chaque vin. Deux types composent cette collection l\u00e9g\u00e8re : des gobelets aux formes \u00e9l\u00e9gantes et rigoureuses, d&#8217;autres avec une finition sp\u00e9ciale du rebord pour rendre l&#8217;approche du liquide plus confortable.<\/p>\n<p>Du safran. En plus d&#8217;\u00eatre un lieu d&#8217;affirmation, d&#8217;\u00e9volution et d&#8217;ach\u00e8vement du vin, le gobelet est une \u0153uvre d&#8217;art.<br \/>\nLe design et la fonctionnalit\u00e9 inspirent le travail de Federico de Majo. Ses cr\u00e9ations vont de lignes plus traditionnelles \u00e0 d&#8217;autres \u00e0 fort contenu technique, o\u00f9 s&#8217;expriment le go\u00fbt pour l&#8217;innovation et la recherche de produits.<\/p>\n<p>HAUTEUR &#8211; 250 mm DIAM\u00c8TRE &#8211; 85 mm CAPACIT\u00c9 &#8211; 51 cl<\/p>\n","protected":false},"excerpt":{"rendered":"<p>Ultralight est une ligne de verres de d\u00e9gustation cr\u00e9\u00e9s par traitement m\u00e9canique. Ils sont fabriqu\u00e9s en verre sonore sup\u00e9rieur sans<\/p>\n","protected":false},"featured_media":380336,"template":"","meta":{"_acf_changed":false,"inline_featured_image":false},"product_cat":[12782,14460,12754],"product_tag":[25026,19399,25021,12827,12856,14592,14889,19392,23682],"acf":[],"yoast_head":"<!-- This site is optimized with the Yoast SEO Premium plugin v18.6 (Yoast SEO v19.13) - https:\/\/yoast.com\/wordpress\/plugins\/seo\/ -->\n<title>ZAFFERANO Ultralight Set de 2 gobelets \u00e0 vin mousseux - Erresse Shop<\/title>\n<meta name=\"description\" content=\"Ultralight est une ligne de verres de d\u00e9gustation cr\u00e9\u00e9s par traitement m\u00e9canique. Ils sont fabriqu\u00e9s en verre sonore sup\u00e9rieur sans plomb, ce qui garantit\" \/>\n<meta name=\"robots\" content=\"index, follow, max-snippet:-1, max-image-preview:large, max-video-preview:-1\" \/>\n<link rel=\"canonical\" href=\"https:\/\/www.erresse-shop.it\/fr\/shop\/table-fr-2\/vin\/zafferano-ultralight-set-de-2-gobelets-a-vin-mousseux\/\" \/>\n<meta property=\"og:locale\" content=\"fr_FR\" \/>\n<meta property=\"og:type\" content=\"article\" \/>\n<meta property=\"og:title\" content=\"ZAFFERANO Ultralight Set de 2 gobelets \u00e0 vin mousseux\" \/>\n<meta property=\"og:description\" content=\"Ultralight est une ligne de verres de d\u00e9gustation cr\u00e9\u00e9s par traitement m\u00e9canique. Ils sont fabriqu\u00e9s en verre sonore sup\u00e9rieur sans plomb, ce qui garantit\" \/>\n<meta property=\"og:url\" content=\"https:\/\/www.erresse-shop.it\/fr\/shop\/table-fr-2\/vin\/zafferano-ultralight-set-de-2-gobelets-a-vin-mousseux\/\" \/>\n<meta property=\"og:site_name\" content=\"Erresse Shop\" \/>\n<meta property=\"article:modified_time\" content=\"2024-07-05T14:50:41+00:00\" \/>\n<meta property=\"og:image\" content=\"https:\/\/www.erresse-shop.it\/wp-content\/uploads\/2024\/01\/zafferano-spumante-ultralight.jpg\" \/>\n\t<meta property=\"og:image:width\" content=\"800\" \/>\n\t<meta property=\"og:image:height\" content=\"800\" \/>\n\t<meta property=\"og:image:type\" content=\"image\/jpeg\" \/>\n<meta name=\"twitter:card\" content=\"summary_large_image\" \/>\n<script type=\"application\/ld+json\" class=\"yoast-schema-graph\">{\"@context\":\"https:\/\/schema.org\",\"@graph\":[{\"@type\":\"WebPage\",\"@id\":\"https:\/\/www.erresse-shop.it\/fr\/shop\/table-fr-2\/vin\/zafferano-ultralight-set-de-2-gobelets-a-vin-mousseux\/\",\"url\":\"https:\/\/www.erresse-shop.it\/fr\/shop\/table-fr-2\/vin\/zafferano-ultralight-set-de-2-gobelets-a-vin-mousseux\/\",\"name\":\"ZAFFERANO Ultralight Set de 2 gobelets \u00e0 vin mousseux - Erresse Shop\",\"isPartOf\":{\"@id\":\"https:\/\/www.erresse-shop.it\/fr\/#website\"},\"datePublished\":\"2024-01-19T07:26:01+00:00\",\"dateModified\":\"2024-07-05T14:50:41+00:00\",\"description\":\"Ultralight est une ligne de verres de d\u00e9gustation cr\u00e9\u00e9s par traitement m\u00e9canique. Ils sont fabriqu\u00e9s en verre sonore sup\u00e9rieur sans plomb, ce qui garantit\",\"breadcrumb\":{\"@id\":\"https:\/\/www.erresse-shop.it\/fr\/shop\/table-fr-2\/vin\/zafferano-ultralight-set-de-2-gobelets-a-vin-mousseux\/#breadcrumb\"},\"inLanguage\":\"fr-FR\",\"potentialAction\":[{\"@type\":\"ReadAction\",\"target\":[\"https:\/\/www.erresse-shop.it\/fr\/shop\/table-fr-2\/vin\/zafferano-ultralight-set-de-2-gobelets-a-vin-mousseux\/\"]}]},{\"@type\":\"BreadcrumbList\",\"@id\":\"https:\/\/www.erresse-shop.it\/fr\/shop\/table-fr-2\/vin\/zafferano-ultralight-set-de-2-gobelets-a-vin-mousseux\/#breadcrumb\",\"itemListElement\":[{\"@type\":\"ListItem\",\"position\":1,\"name\":\"Home\",\"item\":\"https:\/\/www.erresse-shop.it\/fr\/\"},{\"@type\":\"ListItem\",\"position\":2,\"name\":\"Shop\",\"item\":\"https:\/\/www.erresse-shop.it\/fr\/shop\/\"},{\"@type\":\"ListItem\",\"position\":3,\"name\":\"ZAFFERANO Ultralight Set de 2 gobelets \u00e0 vin mousseux\"}]},{\"@type\":\"WebSite\",\"@id\":\"https:\/\/www.erresse-shop.it\/fr\/#website\",\"url\":\"https:\/\/www.erresse-shop.it\/fr\/\",\"name\":\"Erresse Shop\",\"description\":\"Articoli di qualit\u00e0 per la casa\",\"potentialAction\":[{\"@type\":\"SearchAction\",\"target\":{\"@type\":\"EntryPoint\",\"urlTemplate\":\"https:\/\/www.erresse-shop.it\/fr\/?s={search_term_string}\"},\"query-input\":\"required name=search_term_string\"}],\"inLanguage\":\"fr-FR\"}]}<\/script>\n<!-- \/ Yoast SEO Premium plugin. -->","yoast_head_json":{"title":"ZAFFERANO Ultralight Set de 2 gobelets \u00e0 vin mousseux - Erresse Shop","description":"Ultralight est une ligne de verres de d\u00e9gustation cr\u00e9\u00e9s par traitement m\u00e9canique. Ils sont fabriqu\u00e9s en verre sonore sup\u00e9rieur sans plomb, ce qui garantit","robots":{"index":"index","follow":"follow","max-snippet":"max-snippet:-1","max-image-preview":"max-image-preview:large","max-video-preview":"max-video-preview:-1"},"canonical":"https:\/\/www.erresse-shop.it\/fr\/shop\/table-fr-2\/vin\/zafferano-ultralight-set-de-2-gobelets-a-vin-mousseux\/","og_locale":"fr_FR","og_type":"article","og_title":"ZAFFERANO Ultralight Set de 2 gobelets \u00e0 vin mousseux","og_description":"Ultralight est une ligne de verres de d\u00e9gustation cr\u00e9\u00e9s par traitement m\u00e9canique. Ils sont fabriqu\u00e9s en verre sonore sup\u00e9rieur sans plomb, ce qui garantit","og_url":"https:\/\/www.erresse-shop.it\/fr\/shop\/table-fr-2\/vin\/zafferano-ultralight-set-de-2-gobelets-a-vin-mousseux\/","og_site_name":"Erresse Shop","article_modified_time":"2024-07-05T14:50:41+00:00","og_image":[{"width":800,"height":800,"url":"https:\/\/www.erresse-shop.it\/wp-content\/uploads\/2024\/01\/zafferano-spumante-ultralight.jpg","type":"image\/jpeg"}],"twitter_card":"summary_large_image","schema":{"@context":"https:\/\/schema.org","@graph":[{"@type":"WebPage","@id":"https:\/\/www.erresse-shop.it\/fr\/shop\/table-fr-2\/vin\/zafferano-ultralight-set-de-2-gobelets-a-vin-mousseux\/","url":"https:\/\/www.erresse-shop.it\/fr\/shop\/table-fr-2\/vin\/zafferano-ultralight-set-de-2-gobelets-a-vin-mousseux\/","name":"ZAFFERANO Ultralight Set de 2 gobelets \u00e0 vin mousseux - Erresse Shop","isPartOf":{"@id":"https:\/\/www.erresse-shop.it\/fr\/#website"},"datePublished":"2024-01-19T07:26:01+00:00","dateModified":"2024-07-05T14:50:41+00:00","description":"Ultralight est une ligne de verres de d\u00e9gustation cr\u00e9\u00e9s par traitement m\u00e9canique. Ils sont fabriqu\u00e9s en verre sonore sup\u00e9rieur sans plomb, ce qui garantit","breadcrumb":{"@id":"https:\/\/www.erresse-shop.it\/fr\/shop\/table-fr-2\/vin\/zafferano-ultralight-set-de-2-gobelets-a-vin-mousseux\/#breadcrumb"},"inLanguage":"fr-FR","potentialAction":[{"@type":"ReadAction","target":["https:\/\/www.erresse-shop.it\/fr\/shop\/table-fr-2\/vin\/zafferano-ultralight-set-de-2-gobelets-a-vin-mousseux\/"]}]},{"@type":"BreadcrumbList","@id":"https:\/\/www.erresse-shop.it\/fr\/shop\/table-fr-2\/vin\/zafferano-ultralight-set-de-2-gobelets-a-vin-mousseux\/#breadcrumb","itemListElement":[{"@type":"ListItem","position":1,"name":"Home","item":"https:\/\/www.erresse-shop.it\/fr\/"},{"@type":"ListItem","position":2,"name":"Shop","item":"https:\/\/www.erresse-shop.it\/fr\/shop\/"},{"@type":"ListItem","position":3,"name":"ZAFFERANO Ultralight Set de 2 gobelets \u00e0 vin mousseux"}]},{"@type":"WebSite","@id":"https:\/\/www.erresse-shop.it\/fr\/#website","url":"https:\/\/www.erresse-shop.it\/fr\/","name":"Erresse Shop","description":"Articoli di qualit\u00e0 per la casa","potentialAction":[{"@type":"SearchAction","target":{"@type":"EntryPoint","urlTemplate":"https:\/\/www.erresse-shop.it\/fr\/?s={search_term_string}"},"query-input":"required name=search_term_string"}],"inLanguage":"fr-FR"}]}},"df_price":35,"df_sale_price":35,"df_regular_price":61,"df_image_link":"https:\/\/www.erresse-shop.it\/wp-content\/uploads\/2024\/01\/zafferano-spumante-ultralight-300x300.jpg","_links":{"self":[{"href":"https:\/\/www.erresse-shop.it\/fr\/wp-json\/wp\/v2\/product\/380332"}],"collection":[{"href":"https:\/\/www.erresse-shop.it\/fr\/wp-json\/wp\/v2\/product"}],"about":[{"href":"https:\/\/www.erresse-shop.it\/fr\/wp-json\/wp\/v2\/types\/product"}],"wp:featuredmedia":[{"embeddable":true,"href":"https:\/\/www.erresse-shop.it\/fr\/wp-json\/wp\/v2\/media\/380336"}],"wp:attachment":[{"href":"https:\/\/www.erresse-shop.it\/fr\/wp-json\/wp\/v2\/media?parent=380332"}],"wp:term":[{"taxonomy":"product_cat","embeddable":true,"href":"https:\/\/www.erresse-shop.it\/fr\/wp-json\/wp\/v2\/product_cat?post=380332"},{"taxonomy":"product_tag","embeddable":true,"href":"https:\/\/www.erresse-shop.it\/fr\/wp-json\/wp\/v2\/product_tag?post=380332"}],"curies":[{"name":"wp","href":"https:\/\/api.w.org\/{rel}","templated":true}]}}