{"id":380030,"date":"2024-01-18T08:18:15","date_gmt":"2024-01-18T08:18:19","guid":{"rendered":"https:\/\/www.erresse-shop.it\/?post_type=product&#038;p=380030"},"modified":"2025-12-05T14:32:28","modified_gmt":"2025-12-05T14:32:28","slug":"zafferano-jcl-set-2-gobelets-vin-rouge-important","status":"publish","type":"product","link":"https:\/\/www.erresse-shop.it\/fr\/shop\/table-fr-2\/verres\/zafferano-jcl-set-2-gobelets-vin-rouge-important\/","title":{"rendered":"ZAFFERANO JCL Set 2 Gobelets Vin Rouge Important"},"content":{"rendered":"<p>Design Jeannie Choo Lee.<\/p>\n<p>Fait \u00e0 la main en verre sonore sup\u00e9rieur sans plomb et souffl\u00e9 \u00e0 la bouche.<\/p>\n<p>JCL15C est un calice con\u00e7u pour d\u00e9guster des vins rouges aromatiques, mais accueille \u00e9galement tous les vins rouges de corps l\u00e9ger \u00e0 moyen. Comme le sugg\u00e8re JCL, le vin doit \u00eatre servi juste au-dessus de la temp\u00e9rature de la cave, \u00e0 15 degr\u00e9s Celsius.<\/p>\n<p>TAILLE<br \/>\nHAUTEUR &#8211; 242 mm DIAM\u00c8TRE &#8211; 120 mm CAPACIT\u00c9 &#8211; 102 cl<\/p>\n","protected":false},"excerpt":{"rendered":"<p>Design Jeannie Choo Lee. Fait \u00e0 la main en verre sonore sup\u00e9rieur sans plomb et souffl\u00e9 \u00e0 la bouche. JCL15C<\/p>\n","protected":false},"featured_media":380035,"template":"","meta":{"_acf_changed":false,"inline_featured_image":false},"product_cat":[12782,12784],"product_tag":[25026,25021,13849,21821,12797],"acf":[],"yoast_head":"<!-- This site is optimized with the Yoast SEO Premium plugin v18.6 (Yoast SEO v19.13) - https:\/\/yoast.com\/wordpress\/plugins\/seo\/ -->\n<title>ZAFFERANO JCL Set 2 Gobelets Vin Rouge Important - Erresse Shop<\/title>\n<meta name=\"description\" content=\"Design Jeannie Choo Lee. Fait \u00e0 la main en verre sonore sup\u00e9rieur sans plomb et souffl\u00e9 \u00e0 la bouche. JCL15C est un calice con\u00e7u pour d\u00e9guster des vins\" \/>\n<meta name=\"robots\" content=\"index, follow, max-snippet:-1, max-image-preview:large, max-video-preview:-1\" \/>\n<link rel=\"canonical\" href=\"https:\/\/www.erresse-shop.it\/fr\/shop\/table-fr-2\/verres\/zafferano-jcl-set-2-gobelets-vin-rouge-important\/\" \/>\n<meta property=\"og:locale\" content=\"fr_FR\" \/>\n<meta property=\"og:type\" content=\"article\" \/>\n<meta property=\"og:title\" content=\"ZAFFERANO JCL Set 2 Gobelets Vin Rouge Important\" \/>\n<meta property=\"og:description\" content=\"Design Jeannie Choo Lee. Fait \u00e0 la main en verre sonore sup\u00e9rieur sans plomb et souffl\u00e9 \u00e0 la bouche. JCL15C est un calice con\u00e7u pour d\u00e9guster des vins\" \/>\n<meta property=\"og:url\" content=\"https:\/\/www.erresse-shop.it\/fr\/shop\/table-fr-2\/verres\/zafferano-jcl-set-2-gobelets-vin-rouge-important\/\" \/>\n<meta property=\"og:site_name\" content=\"Erresse Shop\" \/>\n<meta property=\"article:modified_time\" content=\"2025-12-05T14:32:28+00:00\" \/>\n<meta property=\"og:image\" content=\"https:\/\/www.erresse-shop.it\/wp-content\/uploads\/2024\/01\/zafferano-JCL-vino-rosso-impo.jpg\" \/>\n\t<meta property=\"og:image:width\" content=\"800\" \/>\n\t<meta property=\"og:image:height\" content=\"800\" \/>\n\t<meta property=\"og:image:type\" content=\"image\/jpeg\" \/>\n<meta name=\"twitter:card\" content=\"summary_large_image\" \/>\n<script type=\"application\/ld+json\" class=\"yoast-schema-graph\">{\"@context\":\"https:\/\/schema.org\",\"@graph\":[{\"@type\":\"WebPage\",\"@id\":\"https:\/\/www.erresse-shop.it\/fr\/shop\/table-fr-2\/verres\/zafferano-jcl-set-2-gobelets-vin-rouge-important\/\",\"url\":\"https:\/\/www.erresse-shop.it\/fr\/shop\/table-fr-2\/verres\/zafferano-jcl-set-2-gobelets-vin-rouge-important\/\",\"name\":\"ZAFFERANO JCL Set 2 Gobelets Vin Rouge Important - Erresse Shop\",\"isPartOf\":{\"@id\":\"https:\/\/www.erresse-shop.it\/fr\/#website\"},\"datePublished\":\"2024-01-18T08:18:19+00:00\",\"dateModified\":\"2025-12-05T14:32:28+00:00\",\"description\":\"Design Jeannie Choo Lee. Fait \u00e0 la main en verre sonore sup\u00e9rieur sans plomb et souffl\u00e9 \u00e0 la bouche. JCL15C est un calice con\u00e7u pour d\u00e9guster des vins\",\"breadcrumb\":{\"@id\":\"https:\/\/www.erresse-shop.it\/fr\/shop\/table-fr-2\/verres\/zafferano-jcl-set-2-gobelets-vin-rouge-important\/#breadcrumb\"},\"inLanguage\":\"fr-FR\",\"potentialAction\":[{\"@type\":\"ReadAction\",\"target\":[\"https:\/\/www.erresse-shop.it\/fr\/shop\/table-fr-2\/verres\/zafferano-jcl-set-2-gobelets-vin-rouge-important\/\"]}]},{\"@type\":\"BreadcrumbList\",\"@id\":\"https:\/\/www.erresse-shop.it\/fr\/shop\/table-fr-2\/verres\/zafferano-jcl-set-2-gobelets-vin-rouge-important\/#breadcrumb\",\"itemListElement\":[{\"@type\":\"ListItem\",\"position\":1,\"name\":\"Home\",\"item\":\"https:\/\/www.erresse-shop.it\/fr\/\"},{\"@type\":\"ListItem\",\"position\":2,\"name\":\"Shop\",\"item\":\"https:\/\/www.erresse-shop.it\/fr\/shop\/\"},{\"@type\":\"ListItem\",\"position\":3,\"name\":\"ZAFFERANO JCL Set 2 Gobelets Vin Rouge Important\"}]},{\"@type\":\"WebSite\",\"@id\":\"https:\/\/www.erresse-shop.it\/fr\/#website\",\"url\":\"https:\/\/www.erresse-shop.it\/fr\/\",\"name\":\"Erresse Shop\",\"description\":\"Articoli di qualit\u00e0 per la casa\",\"potentialAction\":[{\"@type\":\"SearchAction\",\"target\":{\"@type\":\"EntryPoint\",\"urlTemplate\":\"https:\/\/www.erresse-shop.it\/fr\/?s={search_term_string}\"},\"query-input\":\"required name=search_term_string\"}],\"inLanguage\":\"fr-FR\"}]}<\/script>\n<!-- \/ Yoast SEO Premium plugin. -->","yoast_head_json":{"title":"ZAFFERANO JCL Set 2 Gobelets Vin Rouge Important - Erresse Shop","description":"Design Jeannie Choo Lee. Fait \u00e0 la main en verre sonore sup\u00e9rieur sans plomb et souffl\u00e9 \u00e0 la bouche. JCL15C est un calice con\u00e7u pour d\u00e9guster des vins","robots":{"index":"index","follow":"follow","max-snippet":"max-snippet:-1","max-image-preview":"max-image-preview:large","max-video-preview":"max-video-preview:-1"},"canonical":"https:\/\/www.erresse-shop.it\/fr\/shop\/table-fr-2\/verres\/zafferano-jcl-set-2-gobelets-vin-rouge-important\/","og_locale":"fr_FR","og_type":"article","og_title":"ZAFFERANO JCL Set 2 Gobelets Vin Rouge Important","og_description":"Design Jeannie Choo Lee. Fait \u00e0 la main en verre sonore sup\u00e9rieur sans plomb et souffl\u00e9 \u00e0 la bouche. JCL15C est un calice con\u00e7u pour d\u00e9guster des vins","og_url":"https:\/\/www.erresse-shop.it\/fr\/shop\/table-fr-2\/verres\/zafferano-jcl-set-2-gobelets-vin-rouge-important\/","og_site_name":"Erresse Shop","article_modified_time":"2025-12-05T14:32:28+00:00","og_image":[{"width":800,"height":800,"url":"https:\/\/www.erresse-shop.it\/wp-content\/uploads\/2024\/01\/zafferano-JCL-vino-rosso-impo.jpg","type":"image\/jpeg"}],"twitter_card":"summary_large_image","schema":{"@context":"https:\/\/schema.org","@graph":[{"@type":"WebPage","@id":"https:\/\/www.erresse-shop.it\/fr\/shop\/table-fr-2\/verres\/zafferano-jcl-set-2-gobelets-vin-rouge-important\/","url":"https:\/\/www.erresse-shop.it\/fr\/shop\/table-fr-2\/verres\/zafferano-jcl-set-2-gobelets-vin-rouge-important\/","name":"ZAFFERANO JCL Set 2 Gobelets Vin Rouge Important - Erresse Shop","isPartOf":{"@id":"https:\/\/www.erresse-shop.it\/fr\/#website"},"datePublished":"2024-01-18T08:18:19+00:00","dateModified":"2025-12-05T14:32:28+00:00","description":"Design Jeannie Choo Lee. Fait \u00e0 la main en verre sonore sup\u00e9rieur sans plomb et souffl\u00e9 \u00e0 la bouche. JCL15C est un calice con\u00e7u pour d\u00e9guster des vins","breadcrumb":{"@id":"https:\/\/www.erresse-shop.it\/fr\/shop\/table-fr-2\/verres\/zafferano-jcl-set-2-gobelets-vin-rouge-important\/#breadcrumb"},"inLanguage":"fr-FR","potentialAction":[{"@type":"ReadAction","target":["https:\/\/www.erresse-shop.it\/fr\/shop\/table-fr-2\/verres\/zafferano-jcl-set-2-gobelets-vin-rouge-important\/"]}]},{"@type":"BreadcrumbList","@id":"https:\/\/www.erresse-shop.it\/fr\/shop\/table-fr-2\/verres\/zafferano-jcl-set-2-gobelets-vin-rouge-important\/#breadcrumb","itemListElement":[{"@type":"ListItem","position":1,"name":"Home","item":"https:\/\/www.erresse-shop.it\/fr\/"},{"@type":"ListItem","position":2,"name":"Shop","item":"https:\/\/www.erresse-shop.it\/fr\/shop\/"},{"@type":"ListItem","position":3,"name":"ZAFFERANO JCL Set 2 Gobelets Vin Rouge Important"}]},{"@type":"WebSite","@id":"https:\/\/www.erresse-shop.it\/fr\/#website","url":"https:\/\/www.erresse-shop.it\/fr\/","name":"Erresse Shop","description":"Articoli di qualit\u00e0 per la casa","potentialAction":[{"@type":"SearchAction","target":{"@type":"EntryPoint","urlTemplate":"https:\/\/www.erresse-shop.it\/fr\/?s={search_term_string}"},"query-input":"required name=search_term_string"}],"inLanguage":"fr-FR"}]}},"df_price":69,"df_sale_price":69,"df_regular_price":141.52,"df_image_link":"https:\/\/www.erresse-shop.it\/wp-content\/uploads\/2024\/01\/zafferano-JCL-vino-rosso-impo-300x300.jpg","_links":{"self":[{"href":"https:\/\/www.erresse-shop.it\/fr\/wp-json\/wp\/v2\/product\/380030"}],"collection":[{"href":"https:\/\/www.erresse-shop.it\/fr\/wp-json\/wp\/v2\/product"}],"about":[{"href":"https:\/\/www.erresse-shop.it\/fr\/wp-json\/wp\/v2\/types\/product"}],"wp:featuredmedia":[{"embeddable":true,"href":"https:\/\/www.erresse-shop.it\/fr\/wp-json\/wp\/v2\/media\/380035"}],"wp:attachment":[{"href":"https:\/\/www.erresse-shop.it\/fr\/wp-json\/wp\/v2\/media?parent=380030"}],"wp:term":[{"taxonomy":"product_cat","embeddable":true,"href":"https:\/\/www.erresse-shop.it\/fr\/wp-json\/wp\/v2\/product_cat?post=380030"},{"taxonomy":"product_tag","embeddable":true,"href":"https:\/\/www.erresse-shop.it\/fr\/wp-json\/wp\/v2\/product_tag?post=380030"}],"curies":[{"name":"wp","href":"https:\/\/api.w.org\/{rel}","templated":true}]}}