{"id":379753,"date":"2024-01-17T10:42:13","date_gmt":"2024-01-17T10:42:17","guid":{"rendered":"https:\/\/www.erresse-shop.it\/?post_type=product&#038;p=379753"},"modified":"2024-04-29T00:09:42","modified_gmt":"2024-04-29T00:09:42","slug":"zafferano-jcl-set-2-gobelets-mousseux","status":"publish","type":"product","link":"https:\/\/www.erresse-shop.it\/fr\/shop\/table-fr-2\/verres\/zafferano-jcl-set-2-gobelets-mousseux\/","title":{"rendered":"ZAFFERANO JCL Set 2 Gobelets  Mousseux"},"content":{"rendered":"<p>Design Jeannie Choo Lee.<\/p>\n<p>Fait \u00e0 la main en verre sonore sup\u00e9rieur sans plomb et souffl\u00e9 \u00e0 la bouche.<\/p>\n<p>JCL8C est un gobelet con\u00e7u pour d\u00e9guster une gamme de vins allant des vins mousseux de haute qualit\u00e9 aux vins doux comme le sauternes, le pinot gris \u00e0 vendange tardive ou le chenin blanc. La forme aide \u00e0 r\u00e9colter et \u00e0 se concentrer sur les bouquets intrigants de vari\u00e9t\u00e9s aromatiques telles que Gewurztraminer, Viognier, Moscato ou Riesling. Comme son nom l\u2019indique, les vins doivent \u00eatre d\u00e9gust\u00e9s dans un verre bien r\u00e9frig\u00e9r\u00e9 \u00e0 8 degr\u00e9s Celsius.<\/p>\n<p>TAILLE<br \/>\nHAUTEUR &#8211; 251 mm DIAM\u00c8TRE &#8211; 86 mm CAPACIT\u00c9 &#8211; 45 cl<\/p>\n","protected":false},"excerpt":{"rendered":"<p>Design Jeannie Choo Lee. Fait \u00e0 la main en verre sonore sup\u00e9rieur sans plomb et souffl\u00e9 \u00e0 la bouche. JCL8C<\/p>\n","protected":false},"featured_media":380011,"template":"","meta":{"_acf_changed":false,"inline_featured_image":false},"product_cat":[12782,12784],"product_tag":[25026,25021,13849,21821,12797],"acf":[],"yoast_head":"<!-- This site is optimized with the Yoast SEO Premium plugin v18.6 (Yoast SEO v19.13) - https:\/\/yoast.com\/wordpress\/plugins\/seo\/ -->\n<title>ZAFFERANO JCL Set 2 Gobelets Mousseux - Erresse Shop<\/title>\n<meta name=\"description\" content=\"Design Jeannie Choo Lee. Fait \u00e0 la main en verre sonore sup\u00e9rieur sans plomb et souffl\u00e9 \u00e0 la bouche. JCL8C est un gobelet con\u00e7u pour d\u00e9guster une gamme de\" \/>\n<meta name=\"robots\" content=\"index, follow, max-snippet:-1, max-image-preview:large, max-video-preview:-1\" \/>\n<link rel=\"canonical\" href=\"https:\/\/www.erresse-shop.it\/fr\/shop\/table-fr-2\/verres\/zafferano-jcl-set-2-gobelets-mousseux\/\" \/>\n<meta property=\"og:locale\" content=\"fr_FR\" \/>\n<meta property=\"og:type\" content=\"article\" \/>\n<meta property=\"og:title\" content=\"ZAFFERANO JCL Set 2 Gobelets Mousseux\" \/>\n<meta property=\"og:description\" content=\"Design Jeannie Choo Lee. Fait \u00e0 la main en verre sonore sup\u00e9rieur sans plomb et souffl\u00e9 \u00e0 la bouche. JCL8C est un gobelet con\u00e7u pour d\u00e9guster une gamme de\" \/>\n<meta property=\"og:url\" content=\"https:\/\/www.erresse-shop.it\/fr\/shop\/table-fr-2\/verres\/zafferano-jcl-set-2-gobelets-mousseux\/\" \/>\n<meta property=\"og:site_name\" content=\"Erresse Shop\" \/>\n<meta property=\"article:modified_time\" content=\"2024-04-29T00:09:42+00:00\" \/>\n<meta property=\"og:image\" content=\"https:\/\/www.erresse-shop.it\/wp-content\/uploads\/2024\/01\/zafferano-set-2-calici.jpg\" \/>\n\t<meta property=\"og:image:width\" content=\"800\" \/>\n\t<meta property=\"og:image:height\" content=\"800\" \/>\n\t<meta property=\"og:image:type\" content=\"image\/jpeg\" \/>\n<meta name=\"twitter:card\" content=\"summary_large_image\" \/>\n<script type=\"application\/ld+json\" class=\"yoast-schema-graph\">{\"@context\":\"https:\/\/schema.org\",\"@graph\":[{\"@type\":\"WebPage\",\"@id\":\"https:\/\/www.erresse-shop.it\/fr\/shop\/table-fr-2\/verres\/zafferano-jcl-set-2-gobelets-mousseux\/\",\"url\":\"https:\/\/www.erresse-shop.it\/fr\/shop\/table-fr-2\/verres\/zafferano-jcl-set-2-gobelets-mousseux\/\",\"name\":\"ZAFFERANO JCL Set 2 Gobelets Mousseux - Erresse Shop\",\"isPartOf\":{\"@id\":\"https:\/\/www.erresse-shop.it\/fr\/#website\"},\"datePublished\":\"2024-01-17T10:42:17+00:00\",\"dateModified\":\"2024-04-29T00:09:42+00:00\",\"description\":\"Design Jeannie Choo Lee. Fait \u00e0 la main en verre sonore sup\u00e9rieur sans plomb et souffl\u00e9 \u00e0 la bouche. JCL8C est un gobelet con\u00e7u pour d\u00e9guster une gamme de\",\"breadcrumb\":{\"@id\":\"https:\/\/www.erresse-shop.it\/fr\/shop\/table-fr-2\/verres\/zafferano-jcl-set-2-gobelets-mousseux\/#breadcrumb\"},\"inLanguage\":\"fr-FR\",\"potentialAction\":[{\"@type\":\"ReadAction\",\"target\":[\"https:\/\/www.erresse-shop.it\/fr\/shop\/table-fr-2\/verres\/zafferano-jcl-set-2-gobelets-mousseux\/\"]}]},{\"@type\":\"BreadcrumbList\",\"@id\":\"https:\/\/www.erresse-shop.it\/fr\/shop\/table-fr-2\/verres\/zafferano-jcl-set-2-gobelets-mousseux\/#breadcrumb\",\"itemListElement\":[{\"@type\":\"ListItem\",\"position\":1,\"name\":\"Home\",\"item\":\"https:\/\/www.erresse-shop.it\/fr\/\"},{\"@type\":\"ListItem\",\"position\":2,\"name\":\"Shop\",\"item\":\"https:\/\/www.erresse-shop.it\/fr\/shop\/\"},{\"@type\":\"ListItem\",\"position\":3,\"name\":\"ZAFFERANO JCL Set 2 Gobelets Mousseux\"}]},{\"@type\":\"WebSite\",\"@id\":\"https:\/\/www.erresse-shop.it\/fr\/#website\",\"url\":\"https:\/\/www.erresse-shop.it\/fr\/\",\"name\":\"Erresse Shop\",\"description\":\"Articoli di qualit\u00e0 per la casa\",\"potentialAction\":[{\"@type\":\"SearchAction\",\"target\":{\"@type\":\"EntryPoint\",\"urlTemplate\":\"https:\/\/www.erresse-shop.it\/fr\/?s={search_term_string}\"},\"query-input\":\"required name=search_term_string\"}],\"inLanguage\":\"fr-FR\"}]}<\/script>\n<!-- \/ Yoast SEO Premium plugin. -->","yoast_head_json":{"title":"ZAFFERANO JCL Set 2 Gobelets Mousseux - Erresse Shop","description":"Design Jeannie Choo Lee. Fait \u00e0 la main en verre sonore sup\u00e9rieur sans plomb et souffl\u00e9 \u00e0 la bouche. JCL8C est un gobelet con\u00e7u pour d\u00e9guster une gamme de","robots":{"index":"index","follow":"follow","max-snippet":"max-snippet:-1","max-image-preview":"max-image-preview:large","max-video-preview":"max-video-preview:-1"},"canonical":"https:\/\/www.erresse-shop.it\/fr\/shop\/table-fr-2\/verres\/zafferano-jcl-set-2-gobelets-mousseux\/","og_locale":"fr_FR","og_type":"article","og_title":"ZAFFERANO JCL Set 2 Gobelets Mousseux","og_description":"Design Jeannie Choo Lee. Fait \u00e0 la main en verre sonore sup\u00e9rieur sans plomb et souffl\u00e9 \u00e0 la bouche. JCL8C est un gobelet con\u00e7u pour d\u00e9guster une gamme de","og_url":"https:\/\/www.erresse-shop.it\/fr\/shop\/table-fr-2\/verres\/zafferano-jcl-set-2-gobelets-mousseux\/","og_site_name":"Erresse Shop","article_modified_time":"2024-04-29T00:09:42+00:00","og_image":[{"width":800,"height":800,"url":"https:\/\/www.erresse-shop.it\/wp-content\/uploads\/2024\/01\/zafferano-set-2-calici.jpg","type":"image\/jpeg"}],"twitter_card":"summary_large_image","schema":{"@context":"https:\/\/schema.org","@graph":[{"@type":"WebPage","@id":"https:\/\/www.erresse-shop.it\/fr\/shop\/table-fr-2\/verres\/zafferano-jcl-set-2-gobelets-mousseux\/","url":"https:\/\/www.erresse-shop.it\/fr\/shop\/table-fr-2\/verres\/zafferano-jcl-set-2-gobelets-mousseux\/","name":"ZAFFERANO JCL Set 2 Gobelets Mousseux - Erresse Shop","isPartOf":{"@id":"https:\/\/www.erresse-shop.it\/fr\/#website"},"datePublished":"2024-01-17T10:42:17+00:00","dateModified":"2024-04-29T00:09:42+00:00","description":"Design Jeannie Choo Lee. Fait \u00e0 la main en verre sonore sup\u00e9rieur sans plomb et souffl\u00e9 \u00e0 la bouche. JCL8C est un gobelet con\u00e7u pour d\u00e9guster une gamme de","breadcrumb":{"@id":"https:\/\/www.erresse-shop.it\/fr\/shop\/table-fr-2\/verres\/zafferano-jcl-set-2-gobelets-mousseux\/#breadcrumb"},"inLanguage":"fr-FR","potentialAction":[{"@type":"ReadAction","target":["https:\/\/www.erresse-shop.it\/fr\/shop\/table-fr-2\/verres\/zafferano-jcl-set-2-gobelets-mousseux\/"]}]},{"@type":"BreadcrumbList","@id":"https:\/\/www.erresse-shop.it\/fr\/shop\/table-fr-2\/verres\/zafferano-jcl-set-2-gobelets-mousseux\/#breadcrumb","itemListElement":[{"@type":"ListItem","position":1,"name":"Home","item":"https:\/\/www.erresse-shop.it\/fr\/"},{"@type":"ListItem","position":2,"name":"Shop","item":"https:\/\/www.erresse-shop.it\/fr\/shop\/"},{"@type":"ListItem","position":3,"name":"ZAFFERANO JCL Set 2 Gobelets Mousseux"}]},{"@type":"WebSite","@id":"https:\/\/www.erresse-shop.it\/fr\/#website","url":"https:\/\/www.erresse-shop.it\/fr\/","name":"Erresse Shop","description":"Articoli di qualit\u00e0 per la casa","potentialAction":[{"@type":"SearchAction","target":{"@type":"EntryPoint","urlTemplate":"https:\/\/www.erresse-shop.it\/fr\/?s={search_term_string}"},"query-input":"required name=search_term_string"}],"inLanguage":"fr-FR"}]}},"df_price":84.95,"df_sale_price":84.95,"df_regular_price":131.76,"df_image_link":"https:\/\/www.erresse-shop.it\/wp-content\/uploads\/2024\/01\/zafferano-set-2-calici-300x300.jpg","_links":{"self":[{"href":"https:\/\/www.erresse-shop.it\/fr\/wp-json\/wp\/v2\/product\/379753"}],"collection":[{"href":"https:\/\/www.erresse-shop.it\/fr\/wp-json\/wp\/v2\/product"}],"about":[{"href":"https:\/\/www.erresse-shop.it\/fr\/wp-json\/wp\/v2\/types\/product"}],"wp:featuredmedia":[{"embeddable":true,"href":"https:\/\/www.erresse-shop.it\/fr\/wp-json\/wp\/v2\/media\/380011"}],"wp:attachment":[{"href":"https:\/\/www.erresse-shop.it\/fr\/wp-json\/wp\/v2\/media?parent=379753"}],"wp:term":[{"taxonomy":"product_cat","embeddable":true,"href":"https:\/\/www.erresse-shop.it\/fr\/wp-json\/wp\/v2\/product_cat?post=379753"},{"taxonomy":"product_tag","embeddable":true,"href":"https:\/\/www.erresse-shop.it\/fr\/wp-json\/wp\/v2\/product_tag?post=379753"}],"curies":[{"name":"wp","href":"https:\/\/api.w.org\/{rel}","templated":true}]}}