{"id":379063,"date":"2024-01-16T08:09:04","date_gmt":"2024-01-16T08:09:09","guid":{"rendered":"https:\/\/www.erresse-shop.it\/?post_type=product&#038;p=379063"},"modified":"2024-01-16T08:26:34","modified_gmt":"2024-01-16T08:26:34","slug":"zafferano-base-de-charge-multiple-6","status":"publish","type":"product","link":"https:\/\/www.erresse-shop.it\/fr\/shop\/ameublement-maison\/lampes\/zafferano-base-de-charge-multiple-6\/","title":{"rendered":"ZAFFERANO Base de charge multiple 6"},"content":{"rendered":"<p>Base de charge lampes \u00e0 contact multiple (max.6 pi\u00e8ces).<br \/>\nBase de charge modulable (max.10 bases &#8211; max.60 lampes).<\/p>\n<p><strong>Base de recharge pour lampes Mod\u00e8le:<\/strong><br \/>\nPoldina PRO table<br \/>\nDame PRO table<br \/>\nPina PRO table<br \/>\nOlympie<\/p>\n<p><strong>POIDS<\/strong> 2,8 kg<br \/>\n<strong>DIMENSIONS<\/strong> 35,0 55,0 6,0 cm<\/p>\n","protected":false},"excerpt":{"rendered":"<p>Base de charge lampes \u00e0 contact multiple (max.6 pi\u00e8ces). Base de charge modulable (max.10 bases &#8211; max.60 lampes). Base de<\/p>\n","protected":false},"featured_media":379071,"template":"","meta":{"_acf_changed":false,"inline_featured_image":false},"product_cat":[12738,12741],"product_tag":[25026,13052,25021,12793,12796],"acf":[],"yoast_head":"<!-- This site is optimized with the Yoast SEO Premium plugin v18.6 (Yoast SEO v19.13) - https:\/\/yoast.com\/wordpress\/plugins\/seo\/ -->\n<title>ZAFFERANO Base de charge multiple 6 - Erresse Shop<\/title>\n<meta name=\"description\" content=\"Base de charge lampes \u00e0 contact multiple (max.6 pi\u00e8ces). Base de charge modulable (max.10 bases - max.60 lampes). Base de recharge pour lampes Mod\u00e8le:\" \/>\n<meta name=\"robots\" content=\"index, follow, max-snippet:-1, max-image-preview:large, max-video-preview:-1\" \/>\n<link rel=\"canonical\" href=\"https:\/\/www.erresse-shop.it\/fr\/shop\/ameublement-maison\/lampes\/zafferano-base-de-charge-multiple-6\/\" \/>\n<meta property=\"og:locale\" content=\"fr_FR\" \/>\n<meta property=\"og:type\" content=\"article\" \/>\n<meta property=\"og:title\" content=\"ZAFFERANO Base de charge multiple 6\" \/>\n<meta property=\"og:description\" content=\"Base de charge lampes \u00e0 contact multiple (max.6 pi\u00e8ces). Base de charge modulable (max.10 bases - max.60 lampes). Base de recharge pour lampes Mod\u00e8le:\" \/>\n<meta property=\"og:url\" content=\"https:\/\/www.erresse-shop.it\/fr\/shop\/ameublement-maison\/lampes\/zafferano-base-de-charge-multiple-6\/\" \/>\n<meta property=\"og:site_name\" content=\"Erresse Shop\" \/>\n<meta property=\"article:modified_time\" content=\"2024-01-16T08:26:34+00:00\" \/>\n<meta property=\"og:image\" content=\"https:\/\/www.erresse-shop.it\/wp-content\/uploads\/2024\/01\/Zafferano-base-ricarica-multipla-6.jpg\" \/>\n\t<meta property=\"og:image:width\" content=\"800\" \/>\n\t<meta property=\"og:image:height\" content=\"800\" \/>\n\t<meta property=\"og:image:type\" content=\"image\/jpeg\" \/>\n<meta name=\"twitter:card\" content=\"summary_large_image\" \/>\n<script type=\"application\/ld+json\" class=\"yoast-schema-graph\">{\"@context\":\"https:\/\/schema.org\",\"@graph\":[{\"@type\":\"WebPage\",\"@id\":\"https:\/\/www.erresse-shop.it\/fr\/shop\/ameublement-maison\/lampes\/zafferano-base-de-charge-multiple-6\/\",\"url\":\"https:\/\/www.erresse-shop.it\/fr\/shop\/ameublement-maison\/lampes\/zafferano-base-de-charge-multiple-6\/\",\"name\":\"ZAFFERANO Base de charge multiple 6 - Erresse Shop\",\"isPartOf\":{\"@id\":\"https:\/\/www.erresse-shop.it\/fr\/#website\"},\"datePublished\":\"2024-01-16T08:09:09+00:00\",\"dateModified\":\"2024-01-16T08:26:34+00:00\",\"description\":\"Base de charge lampes \u00e0 contact multiple (max.6 pi\u00e8ces). Base de charge modulable (max.10 bases - max.60 lampes). Base de recharge pour lampes Mod\u00e8le:\",\"breadcrumb\":{\"@id\":\"https:\/\/www.erresse-shop.it\/fr\/shop\/ameublement-maison\/lampes\/zafferano-base-de-charge-multiple-6\/#breadcrumb\"},\"inLanguage\":\"fr-FR\",\"potentialAction\":[{\"@type\":\"ReadAction\",\"target\":[\"https:\/\/www.erresse-shop.it\/fr\/shop\/ameublement-maison\/lampes\/zafferano-base-de-charge-multiple-6\/\"]}]},{\"@type\":\"BreadcrumbList\",\"@id\":\"https:\/\/www.erresse-shop.it\/fr\/shop\/ameublement-maison\/lampes\/zafferano-base-de-charge-multiple-6\/#breadcrumb\",\"itemListElement\":[{\"@type\":\"ListItem\",\"position\":1,\"name\":\"Home\",\"item\":\"https:\/\/www.erresse-shop.it\/fr\/\"},{\"@type\":\"ListItem\",\"position\":2,\"name\":\"Shop\",\"item\":\"https:\/\/www.erresse-shop.it\/fr\/shop\/\"},{\"@type\":\"ListItem\",\"position\":3,\"name\":\"ZAFFERANO Base de charge multiple 6\"}]},{\"@type\":\"WebSite\",\"@id\":\"https:\/\/www.erresse-shop.it\/fr\/#website\",\"url\":\"https:\/\/www.erresse-shop.it\/fr\/\",\"name\":\"Erresse Shop\",\"description\":\"Articoli di qualit\u00e0 per la casa\",\"potentialAction\":[{\"@type\":\"SearchAction\",\"target\":{\"@type\":\"EntryPoint\",\"urlTemplate\":\"https:\/\/www.erresse-shop.it\/fr\/?s={search_term_string}\"},\"query-input\":\"required name=search_term_string\"}],\"inLanguage\":\"fr-FR\"}]}<\/script>\n<!-- \/ Yoast SEO Premium plugin. -->","yoast_head_json":{"title":"ZAFFERANO Base de charge multiple 6 - Erresse Shop","description":"Base de charge lampes \u00e0 contact multiple (max.6 pi\u00e8ces). Base de charge modulable (max.10 bases - max.60 lampes). Base de recharge pour lampes Mod\u00e8le:","robots":{"index":"index","follow":"follow","max-snippet":"max-snippet:-1","max-image-preview":"max-image-preview:large","max-video-preview":"max-video-preview:-1"},"canonical":"https:\/\/www.erresse-shop.it\/fr\/shop\/ameublement-maison\/lampes\/zafferano-base-de-charge-multiple-6\/","og_locale":"fr_FR","og_type":"article","og_title":"ZAFFERANO Base de charge multiple 6","og_description":"Base de charge lampes \u00e0 contact multiple (max.6 pi\u00e8ces). Base de charge modulable (max.10 bases - max.60 lampes). Base de recharge pour lampes Mod\u00e8le:","og_url":"https:\/\/www.erresse-shop.it\/fr\/shop\/ameublement-maison\/lampes\/zafferano-base-de-charge-multiple-6\/","og_site_name":"Erresse Shop","article_modified_time":"2024-01-16T08:26:34+00:00","og_image":[{"width":800,"height":800,"url":"https:\/\/www.erresse-shop.it\/wp-content\/uploads\/2024\/01\/Zafferano-base-ricarica-multipla-6.jpg","type":"image\/jpeg"}],"twitter_card":"summary_large_image","schema":{"@context":"https:\/\/schema.org","@graph":[{"@type":"WebPage","@id":"https:\/\/www.erresse-shop.it\/fr\/shop\/ameublement-maison\/lampes\/zafferano-base-de-charge-multiple-6\/","url":"https:\/\/www.erresse-shop.it\/fr\/shop\/ameublement-maison\/lampes\/zafferano-base-de-charge-multiple-6\/","name":"ZAFFERANO Base de charge multiple 6 - Erresse Shop","isPartOf":{"@id":"https:\/\/www.erresse-shop.it\/fr\/#website"},"datePublished":"2024-01-16T08:09:09+00:00","dateModified":"2024-01-16T08:26:34+00:00","description":"Base de charge lampes \u00e0 contact multiple (max.6 pi\u00e8ces). Base de charge modulable (max.10 bases - max.60 lampes). Base de recharge pour lampes Mod\u00e8le:","breadcrumb":{"@id":"https:\/\/www.erresse-shop.it\/fr\/shop\/ameublement-maison\/lampes\/zafferano-base-de-charge-multiple-6\/#breadcrumb"},"inLanguage":"fr-FR","potentialAction":[{"@type":"ReadAction","target":["https:\/\/www.erresse-shop.it\/fr\/shop\/ameublement-maison\/lampes\/zafferano-base-de-charge-multiple-6\/"]}]},{"@type":"BreadcrumbList","@id":"https:\/\/www.erresse-shop.it\/fr\/shop\/ameublement-maison\/lampes\/zafferano-base-de-charge-multiple-6\/#breadcrumb","itemListElement":[{"@type":"ListItem","position":1,"name":"Home","item":"https:\/\/www.erresse-shop.it\/fr\/"},{"@type":"ListItem","position":2,"name":"Shop","item":"https:\/\/www.erresse-shop.it\/fr\/shop\/"},{"@type":"ListItem","position":3,"name":"ZAFFERANO Base de charge multiple 6"}]},{"@type":"WebSite","@id":"https:\/\/www.erresse-shop.it\/fr\/#website","url":"https:\/\/www.erresse-shop.it\/fr\/","name":"Erresse Shop","description":"Articoli di qualit\u00e0 per la casa","potentialAction":[{"@type":"SearchAction","target":{"@type":"EntryPoint","urlTemplate":"https:\/\/www.erresse-shop.it\/fr\/?s={search_term_string}"},"query-input":"required name=search_term_string"}],"inLanguage":"fr-FR"}]}},"df_price":65.25,"df_sale_price":65.25,"df_regular_price":145,"df_image_link":"https:\/\/www.erresse-shop.it\/wp-content\/uploads\/2024\/01\/Zafferano-base-ricarica-multipla-6-300x300.jpg","_links":{"self":[{"href":"https:\/\/www.erresse-shop.it\/fr\/wp-json\/wp\/v2\/product\/379063"}],"collection":[{"href":"https:\/\/www.erresse-shop.it\/fr\/wp-json\/wp\/v2\/product"}],"about":[{"href":"https:\/\/www.erresse-shop.it\/fr\/wp-json\/wp\/v2\/types\/product"}],"wp:featuredmedia":[{"embeddable":true,"href":"https:\/\/www.erresse-shop.it\/fr\/wp-json\/wp\/v2\/media\/379071"}],"wp:attachment":[{"href":"https:\/\/www.erresse-shop.it\/fr\/wp-json\/wp\/v2\/media?parent=379063"}],"wp:term":[{"taxonomy":"product_cat","embeddable":true,"href":"https:\/\/www.erresse-shop.it\/fr\/wp-json\/wp\/v2\/product_cat?post=379063"},{"taxonomy":"product_tag","embeddable":true,"href":"https:\/\/www.erresse-shop.it\/fr\/wp-json\/wp\/v2\/product_tag?post=379063"}],"curies":[{"name":"wp","href":"https:\/\/api.w.org\/{rel}","templated":true}]}}