{"id":378769,"date":"2024-01-15T11:06:06","date_gmt":"2024-01-15T11:06:11","guid":{"rendered":"https:\/\/www.erresse-shop.it\/?post_type=product&#038;p=378769"},"modified":"2024-05-02T00:00:10","modified_gmt":"2024-05-02T00:00:10","slug":"seletti-boite-love-in-a-box","status":"publish","type":"product","link":"https:\/\/www.erresse-shop.it\/fr\/shop\/ameublement-maison\/objets-de-decoration\/seletti-boite-love-in-a-box\/","title":{"rendered":"SELETTI Bo\u00eete Love in a Box"},"content":{"rendered":"<p>Id\u00e9al pour la Saint-Valentin, parfait pour toute occasion, Seletti Love in a Box est un contenant qui reproduit fid\u00e8lement l&#8217;anatomie du c\u0153ur, presque une \u00e9manation de l&#8217;embl\u00e9matique Love in Bloom. Il se ferme \u00e0 l&#8217;aide d&#8217;un aimant et est r\u00e9alis\u00e9 en fine porcelaine blanche. Design de Marcantonio Raimondi Malerba, un artiste qui nous projette toujours dans des dimensions merveilleuses.<\/p>\n<p><strong>Bo\u00eete &#8220;Love in Bloom&#8221;<\/strong><\/p>\n<ul>\n<li><strong>Cr\u00e9ateur :<\/strong> MARCANTONIO<\/li>\n<li><strong>Mat\u00e9riau :<\/strong> Porcelaine<\/li>\n<\/ul>\n","protected":false},"excerpt":{"rendered":"<p>Id\u00e9al pour la Saint-Valentin, parfait pour toute occasion, Seletti Love in a Box est un contenant qui reproduit fid\u00e8lement l&#8217;anatomie<\/p>\n","protected":false},"featured_media":378783,"template":"","meta":{"_acf_changed":false,"inline_featured_image":false},"product_cat":[12738,14441],"product_tag":[23660,25021,24415,13636,13361,13013,16879,24300],"acf":[],"yoast_head":"<!-- This site is optimized with the Yoast SEO Premium plugin v18.6 (Yoast SEO v19.13) - https:\/\/yoast.com\/wordpress\/plugins\/seo\/ -->\n<title>SELETTI Bo\u00eete Love in a Box - Erresse Shop<\/title>\n<meta name=\"description\" content=\"Id\u00e9al pour la Saint-Valentin, parfait pour toute occasion, Seletti Love in a Box est un contenant qui reproduit fid\u00e8lement l&#039;anatomie du c\u0153ur, presque une\" \/>\n<meta name=\"robots\" content=\"index, follow, max-snippet:-1, max-image-preview:large, max-video-preview:-1\" \/>\n<link rel=\"canonical\" href=\"https:\/\/www.erresse-shop.it\/fr\/shop\/ameublement-maison\/objets-de-decoration\/seletti-boite-love-in-a-box\/\" \/>\n<meta property=\"og:locale\" content=\"fr_FR\" \/>\n<meta property=\"og:type\" content=\"article\" \/>\n<meta property=\"og:title\" content=\"SELETTI Bo\u00eete Love in a Box\" \/>\n<meta property=\"og:description\" content=\"Id\u00e9al pour la Saint-Valentin, parfait pour toute occasion, Seletti Love in a Box est un contenant qui reproduit fid\u00e8lement l&#039;anatomie du c\u0153ur, presque une\" \/>\n<meta property=\"og:url\" content=\"https:\/\/www.erresse-shop.it\/fr\/shop\/ameublement-maison\/objets-de-decoration\/seletti-boite-love-in-a-box\/\" \/>\n<meta property=\"og:site_name\" content=\"Erresse Shop\" \/>\n<meta property=\"article:modified_time\" content=\"2024-05-02T00:00:10+00:00\" \/>\n<meta property=\"og:image\" content=\"https:\/\/www.erresse-shop.it\/wp-content\/uploads\/2024\/01\/SELETTI-Contenitore-Love-in-a-Box.jpg\" \/>\n\t<meta property=\"og:image:width\" content=\"800\" \/>\n\t<meta property=\"og:image:height\" content=\"800\" \/>\n\t<meta property=\"og:image:type\" content=\"image\/jpeg\" \/>\n<meta name=\"twitter:card\" content=\"summary_large_image\" \/>\n<script type=\"application\/ld+json\" class=\"yoast-schema-graph\">{\"@context\":\"https:\/\/schema.org\",\"@graph\":[{\"@type\":\"WebPage\",\"@id\":\"https:\/\/www.erresse-shop.it\/fr\/shop\/ameublement-maison\/objets-de-decoration\/seletti-boite-love-in-a-box\/\",\"url\":\"https:\/\/www.erresse-shop.it\/fr\/shop\/ameublement-maison\/objets-de-decoration\/seletti-boite-love-in-a-box\/\",\"name\":\"SELETTI Bo\u00eete Love in a Box - Erresse Shop\",\"isPartOf\":{\"@id\":\"https:\/\/www.erresse-shop.it\/fr\/#website\"},\"datePublished\":\"2024-01-15T11:06:11+00:00\",\"dateModified\":\"2024-05-02T00:00:10+00:00\",\"description\":\"Id\u00e9al pour la Saint-Valentin, parfait pour toute occasion, Seletti Love in a Box est un contenant qui reproduit fid\u00e8lement l'anatomie du c\u0153ur, presque une\",\"breadcrumb\":{\"@id\":\"https:\/\/www.erresse-shop.it\/fr\/shop\/ameublement-maison\/objets-de-decoration\/seletti-boite-love-in-a-box\/#breadcrumb\"},\"inLanguage\":\"fr-FR\",\"potentialAction\":[{\"@type\":\"ReadAction\",\"target\":[\"https:\/\/www.erresse-shop.it\/fr\/shop\/ameublement-maison\/objets-de-decoration\/seletti-boite-love-in-a-box\/\"]}]},{\"@type\":\"BreadcrumbList\",\"@id\":\"https:\/\/www.erresse-shop.it\/fr\/shop\/ameublement-maison\/objets-de-decoration\/seletti-boite-love-in-a-box\/#breadcrumb\",\"itemListElement\":[{\"@type\":\"ListItem\",\"position\":1,\"name\":\"Home\",\"item\":\"https:\/\/www.erresse-shop.it\/fr\/\"},{\"@type\":\"ListItem\",\"position\":2,\"name\":\"Shop\",\"item\":\"https:\/\/www.erresse-shop.it\/fr\/shop\/\"},{\"@type\":\"ListItem\",\"position\":3,\"name\":\"SELETTI Bo\u00eete Love in a Box\"}]},{\"@type\":\"WebSite\",\"@id\":\"https:\/\/www.erresse-shop.it\/fr\/#website\",\"url\":\"https:\/\/www.erresse-shop.it\/fr\/\",\"name\":\"Erresse Shop\",\"description\":\"Articoli di qualit\u00e0 per la casa\",\"potentialAction\":[{\"@type\":\"SearchAction\",\"target\":{\"@type\":\"EntryPoint\",\"urlTemplate\":\"https:\/\/www.erresse-shop.it\/fr\/?s={search_term_string}\"},\"query-input\":\"required name=search_term_string\"}],\"inLanguage\":\"fr-FR\"}]}<\/script>\n<!-- \/ Yoast SEO Premium plugin. -->","yoast_head_json":{"title":"SELETTI Bo\u00eete Love in a Box - Erresse Shop","description":"Id\u00e9al pour la Saint-Valentin, parfait pour toute occasion, Seletti Love in a Box est un contenant qui reproduit fid\u00e8lement l'anatomie du c\u0153ur, presque une","robots":{"index":"index","follow":"follow","max-snippet":"max-snippet:-1","max-image-preview":"max-image-preview:large","max-video-preview":"max-video-preview:-1"},"canonical":"https:\/\/www.erresse-shop.it\/fr\/shop\/ameublement-maison\/objets-de-decoration\/seletti-boite-love-in-a-box\/","og_locale":"fr_FR","og_type":"article","og_title":"SELETTI Bo\u00eete Love in a Box","og_description":"Id\u00e9al pour la Saint-Valentin, parfait pour toute occasion, Seletti Love in a Box est un contenant qui reproduit fid\u00e8lement l'anatomie du c\u0153ur, presque une","og_url":"https:\/\/www.erresse-shop.it\/fr\/shop\/ameublement-maison\/objets-de-decoration\/seletti-boite-love-in-a-box\/","og_site_name":"Erresse Shop","article_modified_time":"2024-05-02T00:00:10+00:00","og_image":[{"width":800,"height":800,"url":"https:\/\/www.erresse-shop.it\/wp-content\/uploads\/2024\/01\/SELETTI-Contenitore-Love-in-a-Box.jpg","type":"image\/jpeg"}],"twitter_card":"summary_large_image","schema":{"@context":"https:\/\/schema.org","@graph":[{"@type":"WebPage","@id":"https:\/\/www.erresse-shop.it\/fr\/shop\/ameublement-maison\/objets-de-decoration\/seletti-boite-love-in-a-box\/","url":"https:\/\/www.erresse-shop.it\/fr\/shop\/ameublement-maison\/objets-de-decoration\/seletti-boite-love-in-a-box\/","name":"SELETTI Bo\u00eete Love in a Box - Erresse Shop","isPartOf":{"@id":"https:\/\/www.erresse-shop.it\/fr\/#website"},"datePublished":"2024-01-15T11:06:11+00:00","dateModified":"2024-05-02T00:00:10+00:00","description":"Id\u00e9al pour la Saint-Valentin, parfait pour toute occasion, Seletti Love in a Box est un contenant qui reproduit fid\u00e8lement l'anatomie du c\u0153ur, presque une","breadcrumb":{"@id":"https:\/\/www.erresse-shop.it\/fr\/shop\/ameublement-maison\/objets-de-decoration\/seletti-boite-love-in-a-box\/#breadcrumb"},"inLanguage":"fr-FR","potentialAction":[{"@type":"ReadAction","target":["https:\/\/www.erresse-shop.it\/fr\/shop\/ameublement-maison\/objets-de-decoration\/seletti-boite-love-in-a-box\/"]}]},{"@type":"BreadcrumbList","@id":"https:\/\/www.erresse-shop.it\/fr\/shop\/ameublement-maison\/objets-de-decoration\/seletti-boite-love-in-a-box\/#breadcrumb","itemListElement":[{"@type":"ListItem","position":1,"name":"Home","item":"https:\/\/www.erresse-shop.it\/fr\/"},{"@type":"ListItem","position":2,"name":"Shop","item":"https:\/\/www.erresse-shop.it\/fr\/shop\/"},{"@type":"ListItem","position":3,"name":"SELETTI Bo\u00eete Love in a Box"}]},{"@type":"WebSite","@id":"https:\/\/www.erresse-shop.it\/fr\/#website","url":"https:\/\/www.erresse-shop.it\/fr\/","name":"Erresse Shop","description":"Articoli di qualit\u00e0 per la casa","potentialAction":[{"@type":"SearchAction","target":{"@type":"EntryPoint","urlTemplate":"https:\/\/www.erresse-shop.it\/fr\/?s={search_term_string}"},"query-input":"required name=search_term_string"}],"inLanguage":"fr-FR"}]}},"df_price":34.65,"df_sale_price":34.65,"df_regular_price":77,"df_image_link":"https:\/\/www.erresse-shop.it\/wp-content\/uploads\/2024\/01\/SELETTI-Contenitore-Love-in-a-Box-300x300.jpg","_links":{"self":[{"href":"https:\/\/www.erresse-shop.it\/fr\/wp-json\/wp\/v2\/product\/378769"}],"collection":[{"href":"https:\/\/www.erresse-shop.it\/fr\/wp-json\/wp\/v2\/product"}],"about":[{"href":"https:\/\/www.erresse-shop.it\/fr\/wp-json\/wp\/v2\/types\/product"}],"wp:featuredmedia":[{"embeddable":true,"href":"https:\/\/www.erresse-shop.it\/fr\/wp-json\/wp\/v2\/media\/378783"}],"wp:attachment":[{"href":"https:\/\/www.erresse-shop.it\/fr\/wp-json\/wp\/v2\/media?parent=378769"}],"wp:term":[{"taxonomy":"product_cat","embeddable":true,"href":"https:\/\/www.erresse-shop.it\/fr\/wp-json\/wp\/v2\/product_cat?post=378769"},{"taxonomy":"product_tag","embeddable":true,"href":"https:\/\/www.erresse-shop.it\/fr\/wp-json\/wp\/v2\/product_tag?post=378769"}],"curies":[{"name":"wp","href":"https:\/\/api.w.org\/{rel}","templated":true}]}}