{"id":373405,"date":"2023-12-29T09:45:45","date_gmt":"2023-12-29T09:45:50","guid":{"rendered":"https:\/\/www.erresse-shop.it\/?post_type=product&#038;p=373405"},"modified":"2023-12-29T10:15:38","modified_gmt":"2023-12-29T10:15:38","slug":"seletti-lampe-a-led-loft-window","status":"publish","type":"product","link":"https:\/\/www.erresse-shop.it\/fr\/shop\/ameublement-maison\/lampes\/seletti-lampe-a-led-loft-window\/","title":{"rendered":"SELETTI Lampe \u00e0 Led Loft Window"},"content":{"rendered":"<p>Lorsque je pense \u00e0 une maison, j&#8217;imagine imm\u00e9diatement des portes et des fen\u00eatres. Les fen\u00eatres sont les yeux des maisons, elles laissent entrer la lumi\u00e8re, \u00e9clairent les pi\u00e8ces, une fen\u00eatre avec vue sur un beau ciel est un sujet positif et pop !<br \/>\nCes fen\u00eatres peuvent \u00eatre plac\u00e9es o\u00f9 l&#8217;on veut et on n&#8217;a m\u00eame pas besoin d&#8217;un ma\u00e7on ou d&#8217;un permis municipal !<\/p>\n<p><strong>Design :<\/strong> Marcantonio<br \/>\n<strong>Mat\u00e9riau :<\/strong> Bois\/ Acrylique<br \/>\n<strong>Taille :<\/strong> cm 57 h. 90 | 22.4&#8221; x h.35,4&#8221;<\/p>\n","protected":false},"excerpt":{"rendered":"<p>Lorsque je pense \u00e0 une maison, j&#8217;imagine imm\u00e9diatement des portes et des fen\u00eatres. Les fen\u00eatres sont les yeux des maisons,<\/p>\n","protected":false},"featured_media":373432,"template":"","meta":{"_acf_changed":false,"inline_featured_image":false},"product_cat":[12738,12741],"product_tag":[25021,12793,18074],"acf":[],"yoast_head":"<!-- This site is optimized with the Yoast SEO Premium plugin v18.6 (Yoast SEO v19.13) - https:\/\/yoast.com\/wordpress\/plugins\/seo\/ -->\n<title>SELETTI Lampe \u00e0 Led Loft Window - Erresse Shop<\/title>\n<meta name=\"description\" content=\"Lorsque je pense \u00e0 une maison, j&#039;imagine imm\u00e9diatement des portes et des fen\u00eatres. Les fen\u00eatres sont les yeux des maisons, elles laissent entrer la\" \/>\n<meta name=\"robots\" content=\"index, follow, max-snippet:-1, max-image-preview:large, max-video-preview:-1\" \/>\n<link rel=\"canonical\" href=\"https:\/\/www.erresse-shop.it\/fr\/shop\/ameublement-maison\/lampes\/seletti-lampe-a-led-loft-window\/\" \/>\n<meta property=\"og:locale\" content=\"fr_FR\" \/>\n<meta property=\"og:type\" content=\"article\" \/>\n<meta property=\"og:title\" content=\"SELETTI Lampe \u00e0 Led Loft Window\" \/>\n<meta property=\"og:description\" content=\"Lorsque je pense \u00e0 une maison, j&#039;imagine imm\u00e9diatement des portes et des fen\u00eatres. Les fen\u00eatres sont les yeux des maisons, elles laissent entrer la\" \/>\n<meta property=\"og:url\" content=\"https:\/\/www.erresse-shop.it\/fr\/shop\/ameublement-maison\/lampes\/seletti-lampe-a-led-loft-window\/\" \/>\n<meta property=\"og:site_name\" content=\"Erresse Shop\" \/>\n<meta property=\"article:modified_time\" content=\"2023-12-29T10:15:38+00:00\" \/>\n<meta property=\"og:image\" content=\"https:\/\/www.erresse-shop.it\/wp-content\/uploads\/2023\/12\/SELETTI-Lampada-Led-Loft-Window.jpg\" \/>\n\t<meta property=\"og:image:width\" content=\"800\" \/>\n\t<meta property=\"og:image:height\" content=\"800\" \/>\n\t<meta property=\"og:image:type\" content=\"image\/jpeg\" \/>\n<meta name=\"twitter:card\" content=\"summary_large_image\" \/>\n<script type=\"application\/ld+json\" class=\"yoast-schema-graph\">{\"@context\":\"https:\/\/schema.org\",\"@graph\":[{\"@type\":\"WebPage\",\"@id\":\"https:\/\/www.erresse-shop.it\/fr\/shop\/ameublement-maison\/lampes\/seletti-lampe-a-led-loft-window\/\",\"url\":\"https:\/\/www.erresse-shop.it\/fr\/shop\/ameublement-maison\/lampes\/seletti-lampe-a-led-loft-window\/\",\"name\":\"SELETTI Lampe \u00e0 Led Loft Window - Erresse Shop\",\"isPartOf\":{\"@id\":\"https:\/\/www.erresse-shop.it\/fr\/#website\"},\"datePublished\":\"2023-12-29T09:45:50+00:00\",\"dateModified\":\"2023-12-29T10:15:38+00:00\",\"description\":\"Lorsque je pense \u00e0 une maison, j'imagine imm\u00e9diatement des portes et des fen\u00eatres. Les fen\u00eatres sont les yeux des maisons, elles laissent entrer la\",\"breadcrumb\":{\"@id\":\"https:\/\/www.erresse-shop.it\/fr\/shop\/ameublement-maison\/lampes\/seletti-lampe-a-led-loft-window\/#breadcrumb\"},\"inLanguage\":\"fr-FR\",\"potentialAction\":[{\"@type\":\"ReadAction\",\"target\":[\"https:\/\/www.erresse-shop.it\/fr\/shop\/ameublement-maison\/lampes\/seletti-lampe-a-led-loft-window\/\"]}]},{\"@type\":\"BreadcrumbList\",\"@id\":\"https:\/\/www.erresse-shop.it\/fr\/shop\/ameublement-maison\/lampes\/seletti-lampe-a-led-loft-window\/#breadcrumb\",\"itemListElement\":[{\"@type\":\"ListItem\",\"position\":1,\"name\":\"Home\",\"item\":\"https:\/\/www.erresse-shop.it\/fr\/\"},{\"@type\":\"ListItem\",\"position\":2,\"name\":\"Shop\",\"item\":\"https:\/\/www.erresse-shop.it\/fr\/shop\/\"},{\"@type\":\"ListItem\",\"position\":3,\"name\":\"SELETTI Lampe \u00e0 Led Loft Window\"}]},{\"@type\":\"WebSite\",\"@id\":\"https:\/\/www.erresse-shop.it\/fr\/#website\",\"url\":\"https:\/\/www.erresse-shop.it\/fr\/\",\"name\":\"Erresse Shop\",\"description\":\"Articoli di qualit\u00e0 per la casa\",\"potentialAction\":[{\"@type\":\"SearchAction\",\"target\":{\"@type\":\"EntryPoint\",\"urlTemplate\":\"https:\/\/www.erresse-shop.it\/fr\/?s={search_term_string}\"},\"query-input\":\"required name=search_term_string\"}],\"inLanguage\":\"fr-FR\"}]}<\/script>\n<!-- \/ Yoast SEO Premium plugin. -->","yoast_head_json":{"title":"SELETTI Lampe \u00e0 Led Loft Window - Erresse Shop","description":"Lorsque je pense \u00e0 une maison, j'imagine imm\u00e9diatement des portes et des fen\u00eatres. Les fen\u00eatres sont les yeux des maisons, elles laissent entrer la","robots":{"index":"index","follow":"follow","max-snippet":"max-snippet:-1","max-image-preview":"max-image-preview:large","max-video-preview":"max-video-preview:-1"},"canonical":"https:\/\/www.erresse-shop.it\/fr\/shop\/ameublement-maison\/lampes\/seletti-lampe-a-led-loft-window\/","og_locale":"fr_FR","og_type":"article","og_title":"SELETTI Lampe \u00e0 Led Loft Window","og_description":"Lorsque je pense \u00e0 une maison, j'imagine imm\u00e9diatement des portes et des fen\u00eatres. Les fen\u00eatres sont les yeux des maisons, elles laissent entrer la","og_url":"https:\/\/www.erresse-shop.it\/fr\/shop\/ameublement-maison\/lampes\/seletti-lampe-a-led-loft-window\/","og_site_name":"Erresse Shop","article_modified_time":"2023-12-29T10:15:38+00:00","og_image":[{"width":800,"height":800,"url":"https:\/\/www.erresse-shop.it\/wp-content\/uploads\/2023\/12\/SELETTI-Lampada-Led-Loft-Window.jpg","type":"image\/jpeg"}],"twitter_card":"summary_large_image","schema":{"@context":"https:\/\/schema.org","@graph":[{"@type":"WebPage","@id":"https:\/\/www.erresse-shop.it\/fr\/shop\/ameublement-maison\/lampes\/seletti-lampe-a-led-loft-window\/","url":"https:\/\/www.erresse-shop.it\/fr\/shop\/ameublement-maison\/lampes\/seletti-lampe-a-led-loft-window\/","name":"SELETTI Lampe \u00e0 Led Loft Window - Erresse Shop","isPartOf":{"@id":"https:\/\/www.erresse-shop.it\/fr\/#website"},"datePublished":"2023-12-29T09:45:50+00:00","dateModified":"2023-12-29T10:15:38+00:00","description":"Lorsque je pense \u00e0 une maison, j'imagine imm\u00e9diatement des portes et des fen\u00eatres. Les fen\u00eatres sont les yeux des maisons, elles laissent entrer la","breadcrumb":{"@id":"https:\/\/www.erresse-shop.it\/fr\/shop\/ameublement-maison\/lampes\/seletti-lampe-a-led-loft-window\/#breadcrumb"},"inLanguage":"fr-FR","potentialAction":[{"@type":"ReadAction","target":["https:\/\/www.erresse-shop.it\/fr\/shop\/ameublement-maison\/lampes\/seletti-lampe-a-led-loft-window\/"]}]},{"@type":"BreadcrumbList","@id":"https:\/\/www.erresse-shop.it\/fr\/shop\/ameublement-maison\/lampes\/seletti-lampe-a-led-loft-window\/#breadcrumb","itemListElement":[{"@type":"ListItem","position":1,"name":"Home","item":"https:\/\/www.erresse-shop.it\/fr\/"},{"@type":"ListItem","position":2,"name":"Shop","item":"https:\/\/www.erresse-shop.it\/fr\/shop\/"},{"@type":"ListItem","position":3,"name":"SELETTI Lampe \u00e0 Led Loft Window"}]},{"@type":"WebSite","@id":"https:\/\/www.erresse-shop.it\/fr\/#website","url":"https:\/\/www.erresse-shop.it\/fr\/","name":"Erresse Shop","description":"Articoli di qualit\u00e0 per la casa","potentialAction":[{"@type":"SearchAction","target":{"@type":"EntryPoint","urlTemplate":"https:\/\/www.erresse-shop.it\/fr\/?s={search_term_string}"},"query-input":"required name=search_term_string"}],"inLanguage":"fr-FR"}]}},"df_price":175.5,"df_sale_price":175.5,"df_regular_price":390,"df_image_link":"https:\/\/www.erresse-shop.it\/wp-content\/uploads\/2023\/12\/SELETTI-Lampada-Led-Loft-Window-300x300.jpg","_links":{"self":[{"href":"https:\/\/www.erresse-shop.it\/fr\/wp-json\/wp\/v2\/product\/373405"}],"collection":[{"href":"https:\/\/www.erresse-shop.it\/fr\/wp-json\/wp\/v2\/product"}],"about":[{"href":"https:\/\/www.erresse-shop.it\/fr\/wp-json\/wp\/v2\/types\/product"}],"wp:featuredmedia":[{"embeddable":true,"href":"https:\/\/www.erresse-shop.it\/fr\/wp-json\/wp\/v2\/media\/373432"}],"wp:attachment":[{"href":"https:\/\/www.erresse-shop.it\/fr\/wp-json\/wp\/v2\/media?parent=373405"}],"wp:term":[{"taxonomy":"product_cat","embeddable":true,"href":"https:\/\/www.erresse-shop.it\/fr\/wp-json\/wp\/v2\/product_cat?post=373405"},{"taxonomy":"product_tag","embeddable":true,"href":"https:\/\/www.erresse-shop.it\/fr\/wp-json\/wp\/v2\/product_tag?post=373405"}],"curies":[{"name":"wp","href":"https:\/\/api.w.org\/{rel}","templated":true}]}}