{"id":372805,"date":"2023-12-27T14:22:19","date_gmt":"2023-12-27T14:22:25","guid":{"rendered":"https:\/\/www.erresse-shop.it\/?post_type=product&#038;p=372805"},"modified":"2025-05-21T09:42:47","modified_gmt":"2025-05-21T09:42:47","slug":"joseph-joseph-folio-jeu-de-4-planches-a-decouper-avec-etui-en-acier-2","status":"publish","type":"product","link":"https:\/\/www.erresse-shop.it\/fr\/shop\/cuisine\/planches-a-decouper\/joseph-joseph-folio-jeu-de-4-planches-a-decouper-avec-etui-en-acier-2\/","title":{"rendered":"JOSEPH JOSEPH Folio set de 4 planches \u00e0 d\u00e9couper avec \u00e9tui en acier"},"content":{"rendered":"<p><strong>Caract\u00e9ristiques du produit:<\/strong><\/p>\n<p>Cet ensemble de qualit\u00e9, qui comprend une mallette fine et quatre grandes planches \u00e0 d\u00e9couper, se distingue de toutes les autres pi\u00e8ces de votre plan de travail.<\/p>\n<ul>\n<li>4 planches \u00e0 d\u00e9couper (code couleur), pieds antid\u00e9rapants<\/li>\n<li>Surfaces de coupe textur\u00e9es adapt\u00e9es aux couteaux<\/li>\n<li>Barres en acier inoxydable pour une s\u00e9lection facile des planches<\/li>\n<li>Support en acier inoxydable r\u00e9sistant aux empreintes digitales<\/li>\n<li>Le support maintient les planches s\u00e9par\u00e9es pour permettre la circulation de l&#8217;air<\/li>\n<li>Dimensions de la planche \u00e0 d\u00e9couper : 24 x 34 cm (9\u00bd x 13\u00bd pouces)<\/li>\n<\/ul>\n<p><strong>Pr\u00e9cautions et utilisation<\/strong><\/p>\n<ul>\n<li>Planches lavables au lave-vaisselle<\/li>\n<li>Nettoyez le bo\u00eetier avec un chiffon humide<\/li>\n<li>\u00c9vitez d&#8217;utiliser des \u00e9ponges ou des nettoyants chimiques agressifs.<\/li>\n<li>La surface adapt\u00e9e aux couteaux est con\u00e7ue pour laisser de l\u00e9g\u00e8res marques pendant l&#8217;utilisation.<\/li>\n<\/ul>\n<p><strong>Dimensions:<\/strong><br \/>\nH26,5 x L35,5 x P7,4 cm (H10\u00bd x L14 x P3 inches)<br \/>\n<strong>Poids:<\/strong><br \/>\n3,3 kg<\/p>\n<p><strong>Con\u00e7u par Joseph Joseph<\/strong><\/p>\n","protected":false},"excerpt":{"rendered":"<p>Caract\u00e9ristiques du produit: Cet ensemble de qualit\u00e9, qui comprend une mallette fine et quatre grandes planches \u00e0 d\u00e9couper, se distingue<\/p>\n","protected":false},"featured_media":500069,"template":"","meta":{"_acf_changed":false,"inline_featured_image":false},"product_cat":[12748,12759],"product_tag":[25026,21530,21532,21262,21529,21531,23660,25021,24397,21821],"acf":[],"yoast_head":"<!-- This site is optimized with the Yoast SEO Premium plugin v18.6 (Yoast SEO v19.13) - https:\/\/yoast.com\/wordpress\/plugins\/seo\/ -->\n<title>JOSEPH JOSEPH Folio set de 4 planches \u00e0 d\u00e9couper avec \u00e9tui en acier - Erresse Shop<\/title>\n<meta name=\"description\" content=\"Caract\u00e9ristiques du produit: Cet ensemble de qualit\u00e9, qui comprend une mallette fine et quatre grandes planches \u00e0 d\u00e9couper, se distingue de toutes les\" \/>\n<meta name=\"robots\" content=\"index, follow, max-snippet:-1, max-image-preview:large, max-video-preview:-1\" \/>\n<link rel=\"canonical\" href=\"https:\/\/www.erresse-shop.it\/fr\/shop\/cuisine\/planches-a-decouper\/joseph-joseph-folio-jeu-de-4-planches-a-decouper-avec-etui-en-acier-2\/\" \/>\n<meta property=\"og:locale\" content=\"fr_FR\" \/>\n<meta property=\"og:type\" content=\"article\" \/>\n<meta property=\"og:title\" content=\"JOSEPH JOSEPH Folio set de 4 planches \u00e0 d\u00e9couper avec \u00e9tui en acier\" \/>\n<meta property=\"og:description\" content=\"Caract\u00e9ristiques du produit: Cet ensemble de qualit\u00e9, qui comprend une mallette fine et quatre grandes planches \u00e0 d\u00e9couper, se distingue de toutes les\" \/>\n<meta property=\"og:url\" content=\"https:\/\/www.erresse-shop.it\/fr\/shop\/cuisine\/planches-a-decouper\/joseph-joseph-folio-jeu-de-4-planches-a-decouper-avec-etui-en-acier-2\/\" \/>\n<meta property=\"og:site_name\" content=\"Erresse Shop\" \/>\n<meta property=\"article:modified_time\" content=\"2025-05-21T09:42:47+00:00\" \/>\n<meta property=\"og:image\" content=\"https:\/\/www.erresse-shop.it\/wp-content\/uploads\/2023\/12\/JOSEPH-JOSEPH-Set-4-Taglieri-Custodia-in-Acciaio.jpg\" \/>\n\t<meta property=\"og:image:width\" content=\"800\" \/>\n\t<meta property=\"og:image:height\" content=\"800\" \/>\n\t<meta property=\"og:image:type\" content=\"image\/jpeg\" \/>\n<meta name=\"twitter:card\" content=\"summary_large_image\" \/>\n<script type=\"application\/ld+json\" class=\"yoast-schema-graph\">{\"@context\":\"https:\/\/schema.org\",\"@graph\":[{\"@type\":\"WebPage\",\"@id\":\"https:\/\/www.erresse-shop.it\/fr\/shop\/cuisine\/planches-a-decouper\/joseph-joseph-folio-jeu-de-4-planches-a-decouper-avec-etui-en-acier-2\/\",\"url\":\"https:\/\/www.erresse-shop.it\/fr\/shop\/cuisine\/planches-a-decouper\/joseph-joseph-folio-jeu-de-4-planches-a-decouper-avec-etui-en-acier-2\/\",\"name\":\"JOSEPH JOSEPH Folio set de 4 planches \u00e0 d\u00e9couper avec \u00e9tui en acier - Erresse Shop\",\"isPartOf\":{\"@id\":\"https:\/\/www.erresse-shop.it\/fr\/#website\"},\"datePublished\":\"2023-12-27T14:22:25+00:00\",\"dateModified\":\"2025-05-21T09:42:47+00:00\",\"description\":\"Caract\u00e9ristiques du produit: Cet ensemble de qualit\u00e9, qui comprend une mallette fine et quatre grandes planches \u00e0 d\u00e9couper, se distingue de toutes les\",\"breadcrumb\":{\"@id\":\"https:\/\/www.erresse-shop.it\/fr\/shop\/cuisine\/planches-a-decouper\/joseph-joseph-folio-jeu-de-4-planches-a-decouper-avec-etui-en-acier-2\/#breadcrumb\"},\"inLanguage\":\"fr-FR\",\"potentialAction\":[{\"@type\":\"ReadAction\",\"target\":[\"https:\/\/www.erresse-shop.it\/fr\/shop\/cuisine\/planches-a-decouper\/joseph-joseph-folio-jeu-de-4-planches-a-decouper-avec-etui-en-acier-2\/\"]}]},{\"@type\":\"BreadcrumbList\",\"@id\":\"https:\/\/www.erresse-shop.it\/fr\/shop\/cuisine\/planches-a-decouper\/joseph-joseph-folio-jeu-de-4-planches-a-decouper-avec-etui-en-acier-2\/#breadcrumb\",\"itemListElement\":[{\"@type\":\"ListItem\",\"position\":1,\"name\":\"Home\",\"item\":\"https:\/\/www.erresse-shop.it\/fr\/\"},{\"@type\":\"ListItem\",\"position\":2,\"name\":\"Shop\",\"item\":\"https:\/\/www.erresse-shop.it\/fr\/shop\/\"},{\"@type\":\"ListItem\",\"position\":3,\"name\":\"JOSEPH JOSEPH Folio set de 4 planches \u00e0 d\u00e9couper avec \u00e9tui en acier\"}]},{\"@type\":\"WebSite\",\"@id\":\"https:\/\/www.erresse-shop.it\/fr\/#website\",\"url\":\"https:\/\/www.erresse-shop.it\/fr\/\",\"name\":\"Erresse Shop\",\"description\":\"Articoli di qualit\u00e0 per la casa\",\"potentialAction\":[{\"@type\":\"SearchAction\",\"target\":{\"@type\":\"EntryPoint\",\"urlTemplate\":\"https:\/\/www.erresse-shop.it\/fr\/?s={search_term_string}\"},\"query-input\":\"required name=search_term_string\"}],\"inLanguage\":\"fr-FR\"}]}<\/script>\n<!-- \/ Yoast SEO Premium plugin. -->","yoast_head_json":{"title":"JOSEPH JOSEPH Folio set de 4 planches \u00e0 d\u00e9couper avec \u00e9tui en acier - Erresse Shop","description":"Caract\u00e9ristiques du produit: Cet ensemble de qualit\u00e9, qui comprend une mallette fine et quatre grandes planches \u00e0 d\u00e9couper, se distingue de toutes les","robots":{"index":"index","follow":"follow","max-snippet":"max-snippet:-1","max-image-preview":"max-image-preview:large","max-video-preview":"max-video-preview:-1"},"canonical":"https:\/\/www.erresse-shop.it\/fr\/shop\/cuisine\/planches-a-decouper\/joseph-joseph-folio-jeu-de-4-planches-a-decouper-avec-etui-en-acier-2\/","og_locale":"fr_FR","og_type":"article","og_title":"JOSEPH JOSEPH Folio set de 4 planches \u00e0 d\u00e9couper avec \u00e9tui en acier","og_description":"Caract\u00e9ristiques du produit: Cet ensemble de qualit\u00e9, qui comprend une mallette fine et quatre grandes planches \u00e0 d\u00e9couper, se distingue de toutes les","og_url":"https:\/\/www.erresse-shop.it\/fr\/shop\/cuisine\/planches-a-decouper\/joseph-joseph-folio-jeu-de-4-planches-a-decouper-avec-etui-en-acier-2\/","og_site_name":"Erresse Shop","article_modified_time":"2025-05-21T09:42:47+00:00","og_image":[{"width":800,"height":800,"url":"https:\/\/www.erresse-shop.it\/wp-content\/uploads\/2023\/12\/JOSEPH-JOSEPH-Set-4-Taglieri-Custodia-in-Acciaio.jpg","type":"image\/jpeg"}],"twitter_card":"summary_large_image","schema":{"@context":"https:\/\/schema.org","@graph":[{"@type":"WebPage","@id":"https:\/\/www.erresse-shop.it\/fr\/shop\/cuisine\/planches-a-decouper\/joseph-joseph-folio-jeu-de-4-planches-a-decouper-avec-etui-en-acier-2\/","url":"https:\/\/www.erresse-shop.it\/fr\/shop\/cuisine\/planches-a-decouper\/joseph-joseph-folio-jeu-de-4-planches-a-decouper-avec-etui-en-acier-2\/","name":"JOSEPH JOSEPH Folio set de 4 planches \u00e0 d\u00e9couper avec \u00e9tui en acier - Erresse Shop","isPartOf":{"@id":"https:\/\/www.erresse-shop.it\/fr\/#website"},"datePublished":"2023-12-27T14:22:25+00:00","dateModified":"2025-05-21T09:42:47+00:00","description":"Caract\u00e9ristiques du produit: Cet ensemble de qualit\u00e9, qui comprend une mallette fine et quatre grandes planches \u00e0 d\u00e9couper, se distingue de toutes les","breadcrumb":{"@id":"https:\/\/www.erresse-shop.it\/fr\/shop\/cuisine\/planches-a-decouper\/joseph-joseph-folio-jeu-de-4-planches-a-decouper-avec-etui-en-acier-2\/#breadcrumb"},"inLanguage":"fr-FR","potentialAction":[{"@type":"ReadAction","target":["https:\/\/www.erresse-shop.it\/fr\/shop\/cuisine\/planches-a-decouper\/joseph-joseph-folio-jeu-de-4-planches-a-decouper-avec-etui-en-acier-2\/"]}]},{"@type":"BreadcrumbList","@id":"https:\/\/www.erresse-shop.it\/fr\/shop\/cuisine\/planches-a-decouper\/joseph-joseph-folio-jeu-de-4-planches-a-decouper-avec-etui-en-acier-2\/#breadcrumb","itemListElement":[{"@type":"ListItem","position":1,"name":"Home","item":"https:\/\/www.erresse-shop.it\/fr\/"},{"@type":"ListItem","position":2,"name":"Shop","item":"https:\/\/www.erresse-shop.it\/fr\/shop\/"},{"@type":"ListItem","position":3,"name":"JOSEPH JOSEPH Folio set de 4 planches \u00e0 d\u00e9couper avec \u00e9tui en acier"}]},{"@type":"WebSite","@id":"https:\/\/www.erresse-shop.it\/fr\/#website","url":"https:\/\/www.erresse-shop.it\/fr\/","name":"Erresse Shop","description":"Articoli di qualit\u00e0 per la casa","potentialAction":[{"@type":"SearchAction","target":{"@type":"EntryPoint","urlTemplate":"https:\/\/www.erresse-shop.it\/fr\/?s={search_term_string}"},"query-input":"required name=search_term_string"}],"inLanguage":"fr-FR"}]}},"df_price":54,"df_sale_price":54,"df_regular_price":99.9,"df_image_link":"https:\/\/www.erresse-shop.it\/wp-content\/uploads\/2023\/12\/JOSEPH-JOSEPH-Set-4-Taglieri-Custodia-in-Acciaio-300x300.jpg","_links":{"self":[{"href":"https:\/\/www.erresse-shop.it\/fr\/wp-json\/wp\/v2\/product\/372805"}],"collection":[{"href":"https:\/\/www.erresse-shop.it\/fr\/wp-json\/wp\/v2\/product"}],"about":[{"href":"https:\/\/www.erresse-shop.it\/fr\/wp-json\/wp\/v2\/types\/product"}],"wp:featuredmedia":[{"embeddable":true,"href":"https:\/\/www.erresse-shop.it\/fr\/wp-json\/wp\/v2\/media\/500069"}],"wp:attachment":[{"href":"https:\/\/www.erresse-shop.it\/fr\/wp-json\/wp\/v2\/media?parent=372805"}],"wp:term":[{"taxonomy":"product_cat","embeddable":true,"href":"https:\/\/www.erresse-shop.it\/fr\/wp-json\/wp\/v2\/product_cat?post=372805"},{"taxonomy":"product_tag","embeddable":true,"href":"https:\/\/www.erresse-shop.it\/fr\/wp-json\/wp\/v2\/product_tag?post=372805"}],"curies":[{"name":"wp","href":"https:\/\/api.w.org\/{rel}","templated":true}]}}