{"id":371235,"date":"2023-12-20T10:37:59","date_gmt":"2023-12-20T10:38:04","guid":{"rendered":"https:\/\/www.erresse-shop.it\/?post_type=product&#038;p=371235"},"modified":"2024-04-08T00:05:56","modified_gmt":"2024-04-08T00:05:56","slug":"zafferano-poldina-pro-lampe-de-table-rouge-feuille-or-craquele","status":"publish","type":"product","link":"https:\/\/www.erresse-shop.it\/fr\/shop\/ameublement-maison\/lampes\/zafferano-poldina-pro-lampe-de-table-rouge-feuille-or-craquele\/","title":{"rendered":"ZAFFERANO Poldina PRO Lampe de Table Rouge Feuille Or Craquel\u00e9"},"content":{"rendered":"<p>Lampe de table rechargeable, y compris base de charge en contact, avec corps en aluminium peint, diffuseur en polycarbonate et source lumineuse LED.<\/p>\n<p>Elle s\u2019allume, s\u2019\u00e9teint et s\u2019att\u00e9nue gr\u00e2ce \u00e0 un bouton tactile sur le diffuseur et est \u00e9quip\u00e9e de la fonction de s\u00e9lection de la temp\u00e9rature de couleur de la lumi\u00e8re (2200K-2700K-3000K).<\/p>\n<p>Indice de protection IP65.<\/p>\n<p>La dur\u00e9e de vie de la batterie est garantie pendant au moins 12 heures.<\/p>\n<p>Les lampes avec finition feuille or, argent et cuivre ne conviennent pas \u00e0 une utilisation en ext\u00e9rieur.<\/p>\n<p>En raison de la technique utilis\u00e9e dans le traitement des feuilles m\u00e9talliques, l\u2019aspect final de la lampe peut \u00eatre diff\u00e9rent. Toute anomalie atteste la qualit\u00e9 et l\u2019unicit\u00e9 de chaque lampe et ne doit pas \u00eatre consid\u00e9r\u00e9e comme des imperfections.<\/p>\n<p><strong>TAILLE<\/strong><br \/>\nHauteur\u00a0: 380 mm<br \/>\nDiam\u00e8tre\u00a0: 110 mm<\/p>\n","protected":false},"excerpt":{"rendered":"<p>Lampe de table rechargeable, y compris base de charge en contact, avec corps en aluminium peint, diffuseur en polycarbonate et<\/p>\n","protected":false},"featured_media":371239,"template":"","meta":{"_acf_changed":false,"inline_featured_image":false},"product_cat":[12738,12741],"product_tag":[25026,13052,25021,12793,12796,24603],"acf":[],"yoast_head":"<!-- This site is optimized with the Yoast SEO Premium plugin v18.6 (Yoast SEO v19.13) - https:\/\/yoast.com\/wordpress\/plugins\/seo\/ -->\n<title>ZAFFERANO Poldina PRO Lampe de Table Rouge Feuille Or Craquel\u00e9 - Erresse Shop<\/title>\n<meta name=\"description\" content=\"Lampe de table rechargeable, y compris base de charge en contact, avec corps en aluminium peint, diffuseur en polycarbonate et source lumineuse LED. Elle\" \/>\n<meta name=\"robots\" content=\"index, follow, max-snippet:-1, max-image-preview:large, max-video-preview:-1\" \/>\n<link rel=\"canonical\" href=\"https:\/\/www.erresse-shop.it\/fr\/shop\/ameublement-maison\/lampes\/zafferano-poldina-pro-lampe-de-table-rouge-feuille-or-craquele\/\" \/>\n<meta property=\"og:locale\" content=\"fr_FR\" \/>\n<meta property=\"og:type\" content=\"article\" \/>\n<meta property=\"og:title\" content=\"ZAFFERANO Poldina PRO Lampe de Table Rouge Feuille Or Craquel\u00e9\" \/>\n<meta property=\"og:description\" content=\"Lampe de table rechargeable, y compris base de charge en contact, avec corps en aluminium peint, diffuseur en polycarbonate et source lumineuse LED. Elle\" \/>\n<meta property=\"og:url\" content=\"https:\/\/www.erresse-shop.it\/fr\/shop\/ameublement-maison\/lampes\/zafferano-poldina-pro-lampe-de-table-rouge-feuille-or-craquele\/\" \/>\n<meta property=\"og:site_name\" content=\"Erresse Shop\" \/>\n<meta property=\"article:modified_time\" content=\"2024-04-08T00:05:56+00:00\" \/>\n<meta property=\"og:image\" content=\"https:\/\/www.erresse-shop.it\/wp-content\/uploads\/2023\/12\/zafferano-rosso-oro.jpg\" \/>\n\t<meta property=\"og:image:width\" content=\"800\" \/>\n\t<meta property=\"og:image:height\" content=\"800\" \/>\n\t<meta property=\"og:image:type\" content=\"image\/jpeg\" \/>\n<meta name=\"twitter:card\" content=\"summary_large_image\" \/>\n<script type=\"application\/ld+json\" class=\"yoast-schema-graph\">{\"@context\":\"https:\/\/schema.org\",\"@graph\":[{\"@type\":\"WebPage\",\"@id\":\"https:\/\/www.erresse-shop.it\/fr\/shop\/ameublement-maison\/lampes\/zafferano-poldina-pro-lampe-de-table-rouge-feuille-or-craquele\/\",\"url\":\"https:\/\/www.erresse-shop.it\/fr\/shop\/ameublement-maison\/lampes\/zafferano-poldina-pro-lampe-de-table-rouge-feuille-or-craquele\/\",\"name\":\"ZAFFERANO Poldina PRO Lampe de Table Rouge Feuille Or Craquel\u00e9 - Erresse Shop\",\"isPartOf\":{\"@id\":\"https:\/\/www.erresse-shop.it\/fr\/#website\"},\"datePublished\":\"2023-12-20T10:38:04+00:00\",\"dateModified\":\"2024-04-08T00:05:56+00:00\",\"description\":\"Lampe de table rechargeable, y compris base de charge en contact, avec corps en aluminium peint, diffuseur en polycarbonate et source lumineuse LED. Elle\",\"breadcrumb\":{\"@id\":\"https:\/\/www.erresse-shop.it\/fr\/shop\/ameublement-maison\/lampes\/zafferano-poldina-pro-lampe-de-table-rouge-feuille-or-craquele\/#breadcrumb\"},\"inLanguage\":\"fr-FR\",\"potentialAction\":[{\"@type\":\"ReadAction\",\"target\":[\"https:\/\/www.erresse-shop.it\/fr\/shop\/ameublement-maison\/lampes\/zafferano-poldina-pro-lampe-de-table-rouge-feuille-or-craquele\/\"]}]},{\"@type\":\"BreadcrumbList\",\"@id\":\"https:\/\/www.erresse-shop.it\/fr\/shop\/ameublement-maison\/lampes\/zafferano-poldina-pro-lampe-de-table-rouge-feuille-or-craquele\/#breadcrumb\",\"itemListElement\":[{\"@type\":\"ListItem\",\"position\":1,\"name\":\"Home\",\"item\":\"https:\/\/www.erresse-shop.it\/fr\/\"},{\"@type\":\"ListItem\",\"position\":2,\"name\":\"Shop\",\"item\":\"https:\/\/www.erresse-shop.it\/fr\/shop\/\"},{\"@type\":\"ListItem\",\"position\":3,\"name\":\"ZAFFERANO Poldina PRO Lampe de Table Rouge Feuille Or Craquel\u00e9\"}]},{\"@type\":\"WebSite\",\"@id\":\"https:\/\/www.erresse-shop.it\/fr\/#website\",\"url\":\"https:\/\/www.erresse-shop.it\/fr\/\",\"name\":\"Erresse Shop\",\"description\":\"Articoli di qualit\u00e0 per la casa\",\"potentialAction\":[{\"@type\":\"SearchAction\",\"target\":{\"@type\":\"EntryPoint\",\"urlTemplate\":\"https:\/\/www.erresse-shop.it\/fr\/?s={search_term_string}\"},\"query-input\":\"required name=search_term_string\"}],\"inLanguage\":\"fr-FR\"}]}<\/script>\n<!-- \/ Yoast SEO Premium plugin. -->","yoast_head_json":{"title":"ZAFFERANO Poldina PRO Lampe de Table Rouge Feuille Or Craquel\u00e9 - Erresse Shop","description":"Lampe de table rechargeable, y compris base de charge en contact, avec corps en aluminium peint, diffuseur en polycarbonate et source lumineuse LED. Elle","robots":{"index":"index","follow":"follow","max-snippet":"max-snippet:-1","max-image-preview":"max-image-preview:large","max-video-preview":"max-video-preview:-1"},"canonical":"https:\/\/www.erresse-shop.it\/fr\/shop\/ameublement-maison\/lampes\/zafferano-poldina-pro-lampe-de-table-rouge-feuille-or-craquele\/","og_locale":"fr_FR","og_type":"article","og_title":"ZAFFERANO Poldina PRO Lampe de Table Rouge Feuille Or Craquel\u00e9","og_description":"Lampe de table rechargeable, y compris base de charge en contact, avec corps en aluminium peint, diffuseur en polycarbonate et source lumineuse LED. Elle","og_url":"https:\/\/www.erresse-shop.it\/fr\/shop\/ameublement-maison\/lampes\/zafferano-poldina-pro-lampe-de-table-rouge-feuille-or-craquele\/","og_site_name":"Erresse Shop","article_modified_time":"2024-04-08T00:05:56+00:00","og_image":[{"width":800,"height":800,"url":"https:\/\/www.erresse-shop.it\/wp-content\/uploads\/2023\/12\/zafferano-rosso-oro.jpg","type":"image\/jpeg"}],"twitter_card":"summary_large_image","schema":{"@context":"https:\/\/schema.org","@graph":[{"@type":"WebPage","@id":"https:\/\/www.erresse-shop.it\/fr\/shop\/ameublement-maison\/lampes\/zafferano-poldina-pro-lampe-de-table-rouge-feuille-or-craquele\/","url":"https:\/\/www.erresse-shop.it\/fr\/shop\/ameublement-maison\/lampes\/zafferano-poldina-pro-lampe-de-table-rouge-feuille-or-craquele\/","name":"ZAFFERANO Poldina PRO Lampe de Table Rouge Feuille Or Craquel\u00e9 - Erresse Shop","isPartOf":{"@id":"https:\/\/www.erresse-shop.it\/fr\/#website"},"datePublished":"2023-12-20T10:38:04+00:00","dateModified":"2024-04-08T00:05:56+00:00","description":"Lampe de table rechargeable, y compris base de charge en contact, avec corps en aluminium peint, diffuseur en polycarbonate et source lumineuse LED. Elle","breadcrumb":{"@id":"https:\/\/www.erresse-shop.it\/fr\/shop\/ameublement-maison\/lampes\/zafferano-poldina-pro-lampe-de-table-rouge-feuille-or-craquele\/#breadcrumb"},"inLanguage":"fr-FR","potentialAction":[{"@type":"ReadAction","target":["https:\/\/www.erresse-shop.it\/fr\/shop\/ameublement-maison\/lampes\/zafferano-poldina-pro-lampe-de-table-rouge-feuille-or-craquele\/"]}]},{"@type":"BreadcrumbList","@id":"https:\/\/www.erresse-shop.it\/fr\/shop\/ameublement-maison\/lampes\/zafferano-poldina-pro-lampe-de-table-rouge-feuille-or-craquele\/#breadcrumb","itemListElement":[{"@type":"ListItem","position":1,"name":"Home","item":"https:\/\/www.erresse-shop.it\/fr\/"},{"@type":"ListItem","position":2,"name":"Shop","item":"https:\/\/www.erresse-shop.it\/fr\/shop\/"},{"@type":"ListItem","position":3,"name":"ZAFFERANO Poldina PRO Lampe de Table Rouge Feuille Or Craquel\u00e9"}]},{"@type":"WebSite","@id":"https:\/\/www.erresse-shop.it\/fr\/#website","url":"https:\/\/www.erresse-shop.it\/fr\/","name":"Erresse Shop","description":"Articoli di qualit\u00e0 per la casa","potentialAction":[{"@type":"SearchAction","target":{"@type":"EntryPoint","urlTemplate":"https:\/\/www.erresse-shop.it\/fr\/?s={search_term_string}"},"query-input":"required name=search_term_string"}],"inLanguage":"fr-FR"}]}},"df_price":109,"df_sale_price":109,"df_regular_price":262,"df_image_link":"https:\/\/www.erresse-shop.it\/wp-content\/uploads\/2023\/12\/zafferano-rosso-oro-300x300.jpg","_links":{"self":[{"href":"https:\/\/www.erresse-shop.it\/fr\/wp-json\/wp\/v2\/product\/371235"}],"collection":[{"href":"https:\/\/www.erresse-shop.it\/fr\/wp-json\/wp\/v2\/product"}],"about":[{"href":"https:\/\/www.erresse-shop.it\/fr\/wp-json\/wp\/v2\/types\/product"}],"wp:featuredmedia":[{"embeddable":true,"href":"https:\/\/www.erresse-shop.it\/fr\/wp-json\/wp\/v2\/media\/371239"}],"wp:attachment":[{"href":"https:\/\/www.erresse-shop.it\/fr\/wp-json\/wp\/v2\/media?parent=371235"}],"wp:term":[{"taxonomy":"product_cat","embeddable":true,"href":"https:\/\/www.erresse-shop.it\/fr\/wp-json\/wp\/v2\/product_cat?post=371235"},{"taxonomy":"product_tag","embeddable":true,"href":"https:\/\/www.erresse-shop.it\/fr\/wp-json\/wp\/v2\/product_tag?post=371235"}],"curies":[{"name":"wp","href":"https:\/\/api.w.org\/{rel}","templated":true}]}}