{"id":366671,"date":"2023-12-12T11:51:20","date_gmt":"2023-12-12T11:51:26","guid":{"rendered":"https:\/\/www.erresse-shop.it\/?post_type=product&#038;p=366671"},"modified":"2024-06-11T00:02:57","modified_gmt":"2024-06-11T00:02:57","slug":"sage-the-precision-brewer-glass-brushed-stainless-steel","status":"publish","type":"product","link":"https:\/\/www.erresse-shop.it\/fr\/shop\/petits-electromenagers\/machines-cafe\/a-filtre\/sage-the-precision-brewer-glass-brushed-stainless-steel\/","title":{"rendered":"SAGE The Precision Brewer Glass, Brushed Stainless Steel"},"content":{"rendered":"<div class=\"c_product-detail__description font-archer-book\">\n<p><strong>Extraire automatiquement le caf\u00e9 filtr\u00e9<\/strong><br \/>\nLa premi\u00e8re machine \u00e0 caf\u00e9 filtr\u00e9e au monde avec une capacit\u00e9 de 1,7 litre et toute la pr\u00e9cision n\u00e9cessaire pour pr\u00e9parer un excellent caf\u00e9 filtr\u00e9, automatiquement. Profitez du meilleur de votre caf\u00e9 pr\u00e9f\u00e9r\u00e9, quel que soit son pays d\u2019origine, son affinage ou son degr\u00e9 de torr\u00e9faction, gr\u00e2ce \u00e0 une temp\u00e9rature et un temps d\u2019extraction pr\u00e9cis.<\/p>\n<p><strong>Une nouvelle recherche confirme<\/strong><br \/>\nDiff\u00e9rentes formes de paniers offrent diff\u00e9rentes saveurs. D\u00e9couvrez le caf\u00e9 parfait pour vous avec le contr\u00f4le de pr\u00e9cision.<\/p>\n<p><strong>Comprend des paniers filtrants \u00e0 plat et \u00e0 c\u00f4ne<\/strong><br \/>\nPr\u00e9parez la quantit\u00e9 de caf\u00e9 que vous pr\u00e9f\u00e9rez, comme vous l\u2019aimez chez vous.<\/p>\n<p><strong>5 pr\u00e9r\u00e9glages, y compris la Gold Cup standard<\/strong><br \/>\nLes pr\u00e9r\u00e9glages incluent Gold, Fast, Strong et Cold Brew.<\/p>\n<p><strong>My brew<\/strong><br \/>\nIl vous permet de personnaliser n\u2019importe quel param\u00e8tre, comme le temps de pr\u00e9-infusion, la temp\u00e9rature d\u2019infusion et la vitesse de distribution, pour s\u2019adapter \u00e0 vos go\u00fbts et exalter la saveur du type sp\u00e9cifique de caf\u00e9 utilis\u00e9, des notes florales aux notes fruit\u00e9es et terreuses.<\/p>\n<p><strong>Temps de pr\u00e9-infusion r\u00e9glable<\/strong><br \/>\nLe contr\u00f4le r\u00e9glable permet d\u2019obtenir le temps de pr\u00e9-infusion parfait pour le type de caf\u00e9 utilis\u00e9. \u00c0 la fin de la pr\u00e9-infusion, l\u2019eau restante passe au caf\u00e9 moulu pour terminer la pr\u00e9paration.<\/p>\n<p><strong>Temp\u00e9rature d\u2019extraction pr\u00e9cise<\/strong><br \/>\nLe syst\u00e8me de chauffage Thermocoil avec contr\u00f4le PID offre un caf\u00e9 au go\u00fbt exceptionnel gr\u00e2ce \u00e0 un contr\u00f4le num\u00e9rique pr\u00e9cis de la temp\u00e9rature, de la vitesse de distribution et du temps de contact entre le caf\u00e9 et l\u2019eau.<\/p>\n<p><strong>Vitesse de distribution r\u00e9glable<\/strong><br \/>\nS\u00e9lectionnez parmi 3 d\u00e9bits diff\u00e9rents pour optimiser le temps de contact.<\/p>\n<p><strong>Accessoires<\/strong><\/p>\n<p>Carafe en verre<br \/>\nCuill\u00e8re \u00e0 caf\u00e9<br \/>\nInsert conique pour le filtre<br \/>\nFiltre \u00e0 mailles<br \/>\nFiltres en papier \u00e0 fond plat (paquet de 10 pi\u00e8ces)<br \/>\nBande d\u2019essai de duret\u00e9 de l\u2019eau<br \/>\nDimensions (lxpxh) 36 x 16.8 x 39.5 cm<br \/>\nMat\u00e9riaux de construction Acier inoxydable bross\u00e9<br \/>\nCapacit\u00e9 1,7 L\/12 tasses<br \/>\nParam\u00e8tres Gold Cup, Fast, Strong Brew, Pour Over, Cold Brew, My Brew<br \/>\nAlimentation 1650 Watt<br \/>\nTension 220 &#8211; 240 V<br \/>\nGarantie de 2 ans pour r\u00e9paration, remplacement ou remboursement<br \/>\nSyst\u00e8me de d\u00e9tection Small Cup<br \/>\nCette fonction innovante contr\u00f4le le temps de contact de l\u2019eau et du caf\u00e9 lors de la distribution de volumes allant jusqu\u2019\u00e0 environ 0,6 litre ou lors de la pr\u00e9paration du caf\u00e9 en mode Cold Brew<br \/>\nContr\u00f4le de la temp\u00e9rature PID<br \/>\nLa temp\u00e9rature de l\u2019eau peut \u00eatre ajust\u00e9e selon les directives SCA<br \/>\nContr\u00f4le de la temp\u00e9rature de pr\u00e9-extraction<br \/>\nLa temp\u00e9rature de l\u2019eau peut \u00eatre ajust\u00e9e selon les directives SCA<br \/>\nCompatible avec adaptateur pour-over<br \/>\nCon\u00e7u pour s\u2019adapter \u00e0 votre goutteur pr\u00e9f\u00e9r\u00e9, comme Hario V6 et Kalita Wave<\/p>\n<p><strong>Non vendable en dehors de l\u2019Europe<\/strong><\/p>\n<\/div>\n","protected":false},"excerpt":{"rendered":"<p>Extraire automatiquement le caf\u00e9 filtr\u00e9 La premi\u00e8re machine \u00e0 caf\u00e9 filtr\u00e9e au monde avec une capacit\u00e9 de 1,7 litre et<\/p>\n","protected":false},"featured_media":366677,"template":"","meta":{"_acf_changed":false,"inline_featured_image":false},"product_cat":[25375,12764,12449],"product_tag":[23563,23603],"acf":[],"yoast_head":"<!-- This site is optimized with the Yoast SEO Premium plugin v18.6 (Yoast SEO v19.13) - https:\/\/yoast.com\/wordpress\/plugins\/seo\/ -->\n<title>SAGE The Precision Brewer Glass, Brushed Stainless Steel - Erresse Shop<\/title>\n<meta name=\"description\" content=\"Extraire automatiquement le caf\u00e9 filtr\u00e9 La premi\u00e8re machine \u00e0 caf\u00e9 filtr\u00e9e au monde avec une capacit\u00e9 de 1,7 litre et toute la pr\u00e9cision n\u00e9cessaire pour\" \/>\n<meta name=\"robots\" content=\"index, follow, max-snippet:-1, max-image-preview:large, max-video-preview:-1\" \/>\n<link rel=\"canonical\" href=\"https:\/\/www.erresse-shop.it\/fr\/shop\/petits-electromenagers\/machines-cafe\/a-filtre\/sage-the-precision-brewer-glass-brushed-stainless-steel\/\" \/>\n<meta property=\"og:locale\" content=\"fr_FR\" \/>\n<meta property=\"og:type\" content=\"article\" \/>\n<meta property=\"og:title\" content=\"SAGE The Precision Brewer Glass, Brushed Stainless Steel\" \/>\n<meta property=\"og:description\" content=\"Extraire automatiquement le caf\u00e9 filtr\u00e9 La premi\u00e8re machine \u00e0 caf\u00e9 filtr\u00e9e au monde avec une capacit\u00e9 de 1,7 litre et toute la pr\u00e9cision n\u00e9cessaire pour\" \/>\n<meta property=\"og:url\" content=\"https:\/\/www.erresse-shop.it\/fr\/shop\/petits-electromenagers\/machines-cafe\/a-filtre\/sage-the-precision-brewer-glass-brushed-stainless-steel\/\" \/>\n<meta property=\"og:site_name\" content=\"Erresse Shop\" \/>\n<meta property=\"article:modified_time\" content=\"2024-06-11T00:02:57+00:00\" \/>\n<meta property=\"og:image\" content=\"https:\/\/www.erresse-shop.it\/wp-content\/uploads\/2023\/12\/the-precision-brewer-glass.jpg\" \/>\n\t<meta property=\"og:image:width\" content=\"800\" \/>\n\t<meta property=\"og:image:height\" content=\"800\" \/>\n\t<meta property=\"og:image:type\" content=\"image\/jpeg\" \/>\n<meta name=\"twitter:card\" content=\"summary_large_image\" \/>\n<script type=\"application\/ld+json\" class=\"yoast-schema-graph\">{\"@context\":\"https:\/\/schema.org\",\"@graph\":[{\"@type\":\"WebPage\",\"@id\":\"https:\/\/www.erresse-shop.it\/fr\/shop\/petits-electromenagers\/machines-cafe\/a-filtre\/sage-the-precision-brewer-glass-brushed-stainless-steel\/\",\"url\":\"https:\/\/www.erresse-shop.it\/fr\/shop\/petits-electromenagers\/machines-cafe\/a-filtre\/sage-the-precision-brewer-glass-brushed-stainless-steel\/\",\"name\":\"SAGE The Precision Brewer Glass, Brushed Stainless Steel - Erresse Shop\",\"isPartOf\":{\"@id\":\"https:\/\/www.erresse-shop.it\/fr\/#website\"},\"datePublished\":\"2023-12-12T11:51:26+00:00\",\"dateModified\":\"2024-06-11T00:02:57+00:00\",\"description\":\"Extraire automatiquement le caf\u00e9 filtr\u00e9 La premi\u00e8re machine \u00e0 caf\u00e9 filtr\u00e9e au monde avec une capacit\u00e9 de 1,7 litre et toute la pr\u00e9cision n\u00e9cessaire pour\",\"breadcrumb\":{\"@id\":\"https:\/\/www.erresse-shop.it\/fr\/shop\/petits-electromenagers\/machines-cafe\/a-filtre\/sage-the-precision-brewer-glass-brushed-stainless-steel\/#breadcrumb\"},\"inLanguage\":\"fr-FR\",\"potentialAction\":[{\"@type\":\"ReadAction\",\"target\":[\"https:\/\/www.erresse-shop.it\/fr\/shop\/petits-electromenagers\/machines-cafe\/a-filtre\/sage-the-precision-brewer-glass-brushed-stainless-steel\/\"]}]},{\"@type\":\"BreadcrumbList\",\"@id\":\"https:\/\/www.erresse-shop.it\/fr\/shop\/petits-electromenagers\/machines-cafe\/a-filtre\/sage-the-precision-brewer-glass-brushed-stainless-steel\/#breadcrumb\",\"itemListElement\":[{\"@type\":\"ListItem\",\"position\":1,\"name\":\"Home\",\"item\":\"https:\/\/www.erresse-shop.it\/fr\/\"},{\"@type\":\"ListItem\",\"position\":2,\"name\":\"Shop\",\"item\":\"https:\/\/www.erresse-shop.it\/fr\/shop\/\"},{\"@type\":\"ListItem\",\"position\":3,\"name\":\"SAGE The Precision Brewer Glass, Brushed Stainless Steel\"}]},{\"@type\":\"WebSite\",\"@id\":\"https:\/\/www.erresse-shop.it\/fr\/#website\",\"url\":\"https:\/\/www.erresse-shop.it\/fr\/\",\"name\":\"Erresse Shop\",\"description\":\"Articoli di qualit\u00e0 per la casa\",\"potentialAction\":[{\"@type\":\"SearchAction\",\"target\":{\"@type\":\"EntryPoint\",\"urlTemplate\":\"https:\/\/www.erresse-shop.it\/fr\/?s={search_term_string}\"},\"query-input\":\"required name=search_term_string\"}],\"inLanguage\":\"fr-FR\"}]}<\/script>\n<!-- \/ Yoast SEO Premium plugin. -->","yoast_head_json":{"title":"SAGE The Precision Brewer Glass, Brushed Stainless Steel - Erresse Shop","description":"Extraire automatiquement le caf\u00e9 filtr\u00e9 La premi\u00e8re machine \u00e0 caf\u00e9 filtr\u00e9e au monde avec une capacit\u00e9 de 1,7 litre et toute la pr\u00e9cision n\u00e9cessaire pour","robots":{"index":"index","follow":"follow","max-snippet":"max-snippet:-1","max-image-preview":"max-image-preview:large","max-video-preview":"max-video-preview:-1"},"canonical":"https:\/\/www.erresse-shop.it\/fr\/shop\/petits-electromenagers\/machines-cafe\/a-filtre\/sage-the-precision-brewer-glass-brushed-stainless-steel\/","og_locale":"fr_FR","og_type":"article","og_title":"SAGE The Precision Brewer Glass, Brushed Stainless Steel","og_description":"Extraire automatiquement le caf\u00e9 filtr\u00e9 La premi\u00e8re machine \u00e0 caf\u00e9 filtr\u00e9e au monde avec une capacit\u00e9 de 1,7 litre et toute la pr\u00e9cision n\u00e9cessaire pour","og_url":"https:\/\/www.erresse-shop.it\/fr\/shop\/petits-electromenagers\/machines-cafe\/a-filtre\/sage-the-precision-brewer-glass-brushed-stainless-steel\/","og_site_name":"Erresse Shop","article_modified_time":"2024-06-11T00:02:57+00:00","og_image":[{"width":800,"height":800,"url":"https:\/\/www.erresse-shop.it\/wp-content\/uploads\/2023\/12\/the-precision-brewer-glass.jpg","type":"image\/jpeg"}],"twitter_card":"summary_large_image","schema":{"@context":"https:\/\/schema.org","@graph":[{"@type":"WebPage","@id":"https:\/\/www.erresse-shop.it\/fr\/shop\/petits-electromenagers\/machines-cafe\/a-filtre\/sage-the-precision-brewer-glass-brushed-stainless-steel\/","url":"https:\/\/www.erresse-shop.it\/fr\/shop\/petits-electromenagers\/machines-cafe\/a-filtre\/sage-the-precision-brewer-glass-brushed-stainless-steel\/","name":"SAGE The Precision Brewer Glass, Brushed Stainless Steel - Erresse Shop","isPartOf":{"@id":"https:\/\/www.erresse-shop.it\/fr\/#website"},"datePublished":"2023-12-12T11:51:26+00:00","dateModified":"2024-06-11T00:02:57+00:00","description":"Extraire automatiquement le caf\u00e9 filtr\u00e9 La premi\u00e8re machine \u00e0 caf\u00e9 filtr\u00e9e au monde avec une capacit\u00e9 de 1,7 litre et toute la pr\u00e9cision n\u00e9cessaire pour","breadcrumb":{"@id":"https:\/\/www.erresse-shop.it\/fr\/shop\/petits-electromenagers\/machines-cafe\/a-filtre\/sage-the-precision-brewer-glass-brushed-stainless-steel\/#breadcrumb"},"inLanguage":"fr-FR","potentialAction":[{"@type":"ReadAction","target":["https:\/\/www.erresse-shop.it\/fr\/shop\/petits-electromenagers\/machines-cafe\/a-filtre\/sage-the-precision-brewer-glass-brushed-stainless-steel\/"]}]},{"@type":"BreadcrumbList","@id":"https:\/\/www.erresse-shop.it\/fr\/shop\/petits-electromenagers\/machines-cafe\/a-filtre\/sage-the-precision-brewer-glass-brushed-stainless-steel\/#breadcrumb","itemListElement":[{"@type":"ListItem","position":1,"name":"Home","item":"https:\/\/www.erresse-shop.it\/fr\/"},{"@type":"ListItem","position":2,"name":"Shop","item":"https:\/\/www.erresse-shop.it\/fr\/shop\/"},{"@type":"ListItem","position":3,"name":"SAGE The Precision Brewer Glass, Brushed Stainless Steel"}]},{"@type":"WebSite","@id":"https:\/\/www.erresse-shop.it\/fr\/#website","url":"https:\/\/www.erresse-shop.it\/fr\/","name":"Erresse Shop","description":"Articoli di qualit\u00e0 per la casa","potentialAction":[{"@type":"SearchAction","target":{"@type":"EntryPoint","urlTemplate":"https:\/\/www.erresse-shop.it\/fr\/?s={search_term_string}"},"query-input":"required name=search_term_string"}],"inLanguage":"fr-FR"}]}},"df_price":279.9,"df_sale_price":279.9,"df_regular_price":279.9,"df_image_link":"https:\/\/www.erresse-shop.it\/wp-content\/uploads\/2023\/12\/the-precision-brewer-glass-300x300.jpg","_links":{"self":[{"href":"https:\/\/www.erresse-shop.it\/fr\/wp-json\/wp\/v2\/product\/366671"}],"collection":[{"href":"https:\/\/www.erresse-shop.it\/fr\/wp-json\/wp\/v2\/product"}],"about":[{"href":"https:\/\/www.erresse-shop.it\/fr\/wp-json\/wp\/v2\/types\/product"}],"wp:featuredmedia":[{"embeddable":true,"href":"https:\/\/www.erresse-shop.it\/fr\/wp-json\/wp\/v2\/media\/366677"}],"wp:attachment":[{"href":"https:\/\/www.erresse-shop.it\/fr\/wp-json\/wp\/v2\/media?parent=366671"}],"wp:term":[{"taxonomy":"product_cat","embeddable":true,"href":"https:\/\/www.erresse-shop.it\/fr\/wp-json\/wp\/v2\/product_cat?post=366671"},{"taxonomy":"product_tag","embeddable":true,"href":"https:\/\/www.erresse-shop.it\/fr\/wp-json\/wp\/v2\/product_tag?post=366671"}],"curies":[{"name":"wp","href":"https:\/\/api.w.org\/{rel}","templated":true}]}}