{"id":366649,"date":"2023-12-12T11:39:22","date_gmt":"2023-12-12T11:39:28","guid":{"rendered":"https:\/\/www.erresse-shop.it\/?post_type=product&#038;p=366649"},"modified":"2023-12-12T11:46:34","modified_gmt":"2023-12-12T11:46:34","slug":"sage-the-pour-over-adapter-kit","status":"publish","type":"product","link":"https:\/\/www.erresse-shop.it\/fr\/shop\/cafe\/accessoires-fr-2\/sage-the-pour-over-adapter-kit\/","title":{"rendered":"SAGE The Pour Over Adapter Kit"},"content":{"rendered":"<div class=\"c_product-detail__description font-archer-book\">\n<p>Pr\u00e9parez votre propre caf\u00e9 artisanal avec le Pour Over Adapter Kit. Il est con\u00e7u pour s\u2019adapter aux drippers tels que Hario V60 et Kalita Wave et est livr\u00e9 avec un disque perfor\u00e9 d\u00e9di\u00e9, pour une distribution uniforme de l\u2019eau sur le caf\u00e9. Permet de pr\u00e9parer 1 \u00e0 4 tasses de caf\u00e9. Accessoires inclus\u00a0: \u00e9tui de transport\/support de tasse<\/p>\n<\/div>\n<div>\n<div class=\"half-content base aem-GridColumn aem-GridColumn--default--12\">\n<div class=\"c_half-content c_half-content--left \" data-module=\"halfcontent\">\n<div class=\"c_half-content__text dna-class\" data-status=\"false\">\n<div class=\"text-content\">\n<p><strong>Ne peut \u00eatre vendu en dehors de l&#8217;Europe<\/strong><\/p>\n<\/div>\n<\/div>\n<\/div>\n<\/div>\n<\/div>\n","protected":false},"excerpt":{"rendered":"<p>Pr\u00e9parez votre propre caf\u00e9 artisanal avec le Pour Over Adapter Kit. Il est con\u00e7u pour s\u2019adapter aux drippers tels que<\/p>\n","protected":false},"featured_media":366653,"template":"","meta":{"_acf_changed":false,"inline_featured_image":false},"product_cat":[25355,25350,12764,12449],"product_tag":[23623,23563],"acf":[],"yoast_head":"<!-- This site is optimized with the Yoast SEO Premium plugin v18.6 (Yoast SEO v19.13) - https:\/\/yoast.com\/wordpress\/plugins\/seo\/ -->\n<title>SAGE The Pour Over Adapter Kit - Erresse Shop<\/title>\n<meta name=\"description\" content=\"Pr\u00e9parez votre propre caf\u00e9 artisanal avec le Pour Over Adapter Kit. Il est con\u00e7u pour s\u2019adapter aux drippers tels que Hario V60 et Kalita Wave et est\" \/>\n<meta name=\"robots\" content=\"index, follow, max-snippet:-1, max-image-preview:large, max-video-preview:-1\" \/>\n<link rel=\"canonical\" href=\"https:\/\/www.erresse-shop.it\/fr\/shop\/cafe\/accessoires-fr-2\/sage-the-pour-over-adapter-kit\/\" \/>\n<meta property=\"og:locale\" content=\"fr_FR\" \/>\n<meta property=\"og:type\" content=\"article\" \/>\n<meta property=\"og:title\" content=\"SAGE The Pour Over Adapter Kit\" \/>\n<meta property=\"og:description\" content=\"Pr\u00e9parez votre propre caf\u00e9 artisanal avec le Pour Over Adapter Kit. Il est con\u00e7u pour s\u2019adapter aux drippers tels que Hario V60 et Kalita Wave et est\" \/>\n<meta property=\"og:url\" content=\"https:\/\/www.erresse-shop.it\/fr\/shop\/cafe\/accessoires-fr-2\/sage-the-pour-over-adapter-kit\/\" \/>\n<meta property=\"og:site_name\" content=\"Erresse Shop\" \/>\n<meta property=\"article:modified_time\" content=\"2023-12-12T11:46:34+00:00\" \/>\n<meta property=\"og:image\" content=\"https:\/\/www.erresse-shop.it\/wp-content\/uploads\/2023\/12\/SAGE-THE-POUR-OVER-ADAPTER-KIT.jpg\" \/>\n\t<meta property=\"og:image:width\" content=\"800\" \/>\n\t<meta property=\"og:image:height\" content=\"800\" \/>\n\t<meta property=\"og:image:type\" content=\"image\/jpeg\" \/>\n<meta name=\"twitter:card\" content=\"summary_large_image\" \/>\n<script type=\"application\/ld+json\" class=\"yoast-schema-graph\">{\"@context\":\"https:\/\/schema.org\",\"@graph\":[{\"@type\":\"WebPage\",\"@id\":\"https:\/\/www.erresse-shop.it\/fr\/shop\/cafe\/accessoires-fr-2\/sage-the-pour-over-adapter-kit\/\",\"url\":\"https:\/\/www.erresse-shop.it\/fr\/shop\/cafe\/accessoires-fr-2\/sage-the-pour-over-adapter-kit\/\",\"name\":\"SAGE The Pour Over Adapter Kit - Erresse Shop\",\"isPartOf\":{\"@id\":\"https:\/\/www.erresse-shop.it\/fr\/#website\"},\"datePublished\":\"2023-12-12T11:39:28+00:00\",\"dateModified\":\"2023-12-12T11:46:34+00:00\",\"description\":\"Pr\u00e9parez votre propre caf\u00e9 artisanal avec le Pour Over Adapter Kit. Il est con\u00e7u pour s\u2019adapter aux drippers tels que Hario V60 et Kalita Wave et est\",\"breadcrumb\":{\"@id\":\"https:\/\/www.erresse-shop.it\/fr\/shop\/cafe\/accessoires-fr-2\/sage-the-pour-over-adapter-kit\/#breadcrumb\"},\"inLanguage\":\"fr-FR\",\"potentialAction\":[{\"@type\":\"ReadAction\",\"target\":[\"https:\/\/www.erresse-shop.it\/fr\/shop\/cafe\/accessoires-fr-2\/sage-the-pour-over-adapter-kit\/\"]}]},{\"@type\":\"BreadcrumbList\",\"@id\":\"https:\/\/www.erresse-shop.it\/fr\/shop\/cafe\/accessoires-fr-2\/sage-the-pour-over-adapter-kit\/#breadcrumb\",\"itemListElement\":[{\"@type\":\"ListItem\",\"position\":1,\"name\":\"Home\",\"item\":\"https:\/\/www.erresse-shop.it\/fr\/\"},{\"@type\":\"ListItem\",\"position\":2,\"name\":\"Shop\",\"item\":\"https:\/\/www.erresse-shop.it\/fr\/shop\/\"},{\"@type\":\"ListItem\",\"position\":3,\"name\":\"SAGE The Pour Over Adapter Kit\"}]},{\"@type\":\"WebSite\",\"@id\":\"https:\/\/www.erresse-shop.it\/fr\/#website\",\"url\":\"https:\/\/www.erresse-shop.it\/fr\/\",\"name\":\"Erresse Shop\",\"description\":\"Articoli di qualit\u00e0 per la casa\",\"potentialAction\":[{\"@type\":\"SearchAction\",\"target\":{\"@type\":\"EntryPoint\",\"urlTemplate\":\"https:\/\/www.erresse-shop.it\/fr\/?s={search_term_string}\"},\"query-input\":\"required name=search_term_string\"}],\"inLanguage\":\"fr-FR\"}]}<\/script>\n<!-- \/ Yoast SEO Premium plugin. -->","yoast_head_json":{"title":"SAGE The Pour Over Adapter Kit - Erresse Shop","description":"Pr\u00e9parez votre propre caf\u00e9 artisanal avec le Pour Over Adapter Kit. Il est con\u00e7u pour s\u2019adapter aux drippers tels que Hario V60 et Kalita Wave et est","robots":{"index":"index","follow":"follow","max-snippet":"max-snippet:-1","max-image-preview":"max-image-preview:large","max-video-preview":"max-video-preview:-1"},"canonical":"https:\/\/www.erresse-shop.it\/fr\/shop\/cafe\/accessoires-fr-2\/sage-the-pour-over-adapter-kit\/","og_locale":"fr_FR","og_type":"article","og_title":"SAGE The Pour Over Adapter Kit","og_description":"Pr\u00e9parez votre propre caf\u00e9 artisanal avec le Pour Over Adapter Kit. Il est con\u00e7u pour s\u2019adapter aux drippers tels que Hario V60 et Kalita Wave et est","og_url":"https:\/\/www.erresse-shop.it\/fr\/shop\/cafe\/accessoires-fr-2\/sage-the-pour-over-adapter-kit\/","og_site_name":"Erresse Shop","article_modified_time":"2023-12-12T11:46:34+00:00","og_image":[{"width":800,"height":800,"url":"https:\/\/www.erresse-shop.it\/wp-content\/uploads\/2023\/12\/SAGE-THE-POUR-OVER-ADAPTER-KIT.jpg","type":"image\/jpeg"}],"twitter_card":"summary_large_image","schema":{"@context":"https:\/\/schema.org","@graph":[{"@type":"WebPage","@id":"https:\/\/www.erresse-shop.it\/fr\/shop\/cafe\/accessoires-fr-2\/sage-the-pour-over-adapter-kit\/","url":"https:\/\/www.erresse-shop.it\/fr\/shop\/cafe\/accessoires-fr-2\/sage-the-pour-over-adapter-kit\/","name":"SAGE The Pour Over Adapter Kit - Erresse Shop","isPartOf":{"@id":"https:\/\/www.erresse-shop.it\/fr\/#website"},"datePublished":"2023-12-12T11:39:28+00:00","dateModified":"2023-12-12T11:46:34+00:00","description":"Pr\u00e9parez votre propre caf\u00e9 artisanal avec le Pour Over Adapter Kit. Il est con\u00e7u pour s\u2019adapter aux drippers tels que Hario V60 et Kalita Wave et est","breadcrumb":{"@id":"https:\/\/www.erresse-shop.it\/fr\/shop\/cafe\/accessoires-fr-2\/sage-the-pour-over-adapter-kit\/#breadcrumb"},"inLanguage":"fr-FR","potentialAction":[{"@type":"ReadAction","target":["https:\/\/www.erresse-shop.it\/fr\/shop\/cafe\/accessoires-fr-2\/sage-the-pour-over-adapter-kit\/"]}]},{"@type":"BreadcrumbList","@id":"https:\/\/www.erresse-shop.it\/fr\/shop\/cafe\/accessoires-fr-2\/sage-the-pour-over-adapter-kit\/#breadcrumb","itemListElement":[{"@type":"ListItem","position":1,"name":"Home","item":"https:\/\/www.erresse-shop.it\/fr\/"},{"@type":"ListItem","position":2,"name":"Shop","item":"https:\/\/www.erresse-shop.it\/fr\/shop\/"},{"@type":"ListItem","position":3,"name":"SAGE The Pour Over Adapter Kit"}]},{"@type":"WebSite","@id":"https:\/\/www.erresse-shop.it\/fr\/#website","url":"https:\/\/www.erresse-shop.it\/fr\/","name":"Erresse Shop","description":"Articoli di qualit\u00e0 per la casa","potentialAction":[{"@type":"SearchAction","target":{"@type":"EntryPoint","urlTemplate":"https:\/\/www.erresse-shop.it\/fr\/?s={search_term_string}"},"query-input":"required name=search_term_string"}],"inLanguage":"fr-FR"}]}},"df_price":34.9,"df_sale_price":34.9,"df_regular_price":34.9,"df_image_link":"https:\/\/www.erresse-shop.it\/wp-content\/uploads\/2023\/12\/SAGE-THE-POUR-OVER-ADAPTER-KIT-300x300.jpg","_links":{"self":[{"href":"https:\/\/www.erresse-shop.it\/fr\/wp-json\/wp\/v2\/product\/366649"}],"collection":[{"href":"https:\/\/www.erresse-shop.it\/fr\/wp-json\/wp\/v2\/product"}],"about":[{"href":"https:\/\/www.erresse-shop.it\/fr\/wp-json\/wp\/v2\/types\/product"}],"wp:featuredmedia":[{"embeddable":true,"href":"https:\/\/www.erresse-shop.it\/fr\/wp-json\/wp\/v2\/media\/366653"}],"wp:attachment":[{"href":"https:\/\/www.erresse-shop.it\/fr\/wp-json\/wp\/v2\/media?parent=366649"}],"wp:term":[{"taxonomy":"product_cat","embeddable":true,"href":"https:\/\/www.erresse-shop.it\/fr\/wp-json\/wp\/v2\/product_cat?post=366649"},{"taxonomy":"product_tag","embeddable":true,"href":"https:\/\/www.erresse-shop.it\/fr\/wp-json\/wp\/v2\/product_tag?post=366649"}],"curies":[{"name":"wp","href":"https:\/\/api.w.org\/{rel}","templated":true}]}}