{"id":362943,"date":"2023-12-06T10:07:53","date_gmt":"2023-12-06T10:07:59","guid":{"rendered":"https:\/\/www.erresse-shop.it\/?post_type=product&#038;p=362943"},"modified":"2026-01-30T10:39:06","modified_gmt":"2026-01-30T10:39:06","slug":"jura-machine-a-cafe-d6-piano-platine-dont-2-kg-de-cafe","status":"publish","type":"product","link":"https:\/\/www.erresse-shop.it\/fr\/shop\/petits-electromenagers\/machines-cafe\/automatique\/jura-machine-a-cafe-d6-piano-platine-dont-2-kg-de-cafe\/","title":{"rendered":"JURA Machine \u00e0 Caf\u00e9 D6 Piano platine &#8211; dont 1 Kg de caf\u00e9"},"content":{"rendered":"<p><strong>La fonctionnalit\u00e9 rencontre le plaisir<\/strong><br \/>\nAvec la D6, intuitive et rapide, pr\u00e9parer le caf\u00e9 parfait devient un jeu d&#8217;enfant. Tout cela gr\u00e2ce \u00e0 un \u00e9cran intuitif en texte clair et au syst\u00e8me Easy Cappuccino avec bouton rotatif. La D6 pr\u00e9sente un design classique r\u00e9interpr\u00e9t\u00e9 et enrichi de d\u00e9tails de haute qualit\u00e9. Le syst\u00e8me Easy Cappuccino, optimis\u00e9 selon les derni\u00e8res connaissances techniques et ergonomiques, couronne les sp\u00e9cialit\u00e9s laiti\u00e8res, comme le cappuccino, d&#8217;une d\u00e9licieuse mousse de lait \u00e0 la consistance douce et d\u00e9licate.<\/p>\n<p><strong>Une excellente qualit\u00e9 de caf\u00e9<\/strong><br \/>\nDes innovations au plus haut niveau permettent de pr\u00e9parer six sp\u00e9cialit\u00e9s de caf\u00e9 avec la meilleure qualit\u00e9 barista. Le moulin \u00e0 caf\u00e9 AromaG2 s\u00e9duit par l&#8217;architecture perfectionn\u00e9e de son angle de coupe, qui permet de moudre les grains de caf\u00e9 fra\u00eechement, \u00e0 la finesse id\u00e9ale, rapidement et en m\u00eame temps de mani\u00e8re particuli\u00e8rement douce. Le proc\u00e9d\u00e9 d&#8217;extraction par impulsion (P.E.P.\u00ae) optimise le temps d&#8217;extraction et d\u00e9veloppe pleinement le bouquet d&#8217;ar\u00f4mes du caf\u00e9.<\/p>\n<p><strong>Une philosophie d&#8217;utilisation simple avec des boutons sur le panneau avant<\/strong><br \/>\nL&#8217;utilisation via l&#8217;\u00e9cran en texte clair et le bouton rotatif ergonomique optimis\u00e9 est simple et intuitive et, gr\u00e2ce au Smart Connect en option, peut m\u00eame \u00eatre command\u00e9e via un smartphone ou une tablette.<\/p>\n<p><strong>Syst\u00e8me d&#8217;eau intelligent (I.W.S.\u00ae) pour la reconnaissance automatique des filtres<\/strong><br \/>\nLes filtres \u00e0 eau CLARIS garantissent une qualit\u00e9 d&#8217;eau optimale pour un plaisir permanent. En m\u00eame temps, ils prot\u00e8gent la machine automatique contre le calcaire et \u00e9liminent les substances qui alt\u00e8rent le go\u00fbt et l&#8217;odeur de l&#8217;eau, comme les m\u00e9taux lourds et le chlore. Afin d&#8217;exploiter au mieux les avantages et la capacit\u00e9 du filtre, JURA a invent\u00e9 l&#8217;Intelligent Water System (I.W.S.\u00ae). La cartouche filtrante et l&#8217;automate sont reli\u00e9s entre eux par la technologie RFID, de sorte que le filtre est automatiquement reconnu. Jamais auparavant l&#8217;utilisation du filtre n&#8217;a \u00e9t\u00e9 aussi simple et s\u00fbre.<\/p>\n<p><strong>Caract\u00e9ristiques techniques<\/strong><br \/>\nDistributeur de caf\u00e9 r\u00e9glable en hauteur et en largeur : 64 &#8211; 110 mm \/ &#8211;<br \/>\nCapacit\u00e9 du r\u00e9servoir d&#8217;eau : 1,9 l<br \/>\nCapacit\u00e9 du r\u00e9servoir \u00e0 grains de caf\u00e9 : 200 g<br \/>\nContenant de marc de caf\u00e9 (portions) : 16<br \/>\nLongueur du c\u00e2ble : 1,1 m<br \/>\nTension \/ consommation \u00e9lectrique : 230 V ~ \/ 1450 W<br \/>\nConsommation en veille : 0 W<br \/>\nPoids : 8,7 kg<br \/>\nDimensions (L \u00d7 H \u00d7 P) : 28 \u00d7 34,5 \u00d7 41,5 cm<br \/>\nNum\u00e9ro d&#8217;article, code produit : 15181, Platinum<br \/>\nPays du fabricant : Made in Portugal<br \/>\nAnn\u00e9e du mod\u00e8le : 2017<\/p>\n","protected":false},"excerpt":{"rendered":"<p>La fonctionnalit\u00e9 rencontre le plaisir Avec la D6, intuitive et rapide, pr\u00e9parer le caf\u00e9 parfait devient un jeu d&#8217;enfant. Tout<\/p>\n","protected":false},"featured_media":362952,"template":"","meta":{"_acf_changed":false,"inline_featured_image":false},"product_cat":[25360,12764,12449],"product_tag":[23563,23660,24415,20780,13254,23568],"acf":[],"yoast_head":"<!-- This site is optimized with the Yoast SEO Premium plugin v18.6 (Yoast SEO v19.13) - https:\/\/yoast.com\/wordpress\/plugins\/seo\/ -->\n<title>JURA Machine \u00e0 Caf\u00e9 D6 Piano platine - dont 1 Kg de caf\u00e9 - Erresse Shop<\/title>\n<meta name=\"description\" content=\"La fonctionnalit\u00e9 rencontre le plaisir Avec la D6, intuitive et rapide, pr\u00e9parer le caf\u00e9 parfait devient un jeu d&#039;enfant. Tout cela gr\u00e2ce \u00e0 un \u00e9cran\" \/>\n<meta name=\"robots\" content=\"index, follow, max-snippet:-1, max-image-preview:large, max-video-preview:-1\" \/>\n<link rel=\"canonical\" href=\"https:\/\/www.erresse-shop.it\/fr\/shop\/petits-electromenagers\/machines-cafe\/automatique\/jura-machine-a-cafe-d6-piano-platine-dont-2-kg-de-cafe\/\" \/>\n<meta property=\"og:locale\" content=\"fr_FR\" \/>\n<meta property=\"og:type\" content=\"article\" \/>\n<meta property=\"og:title\" content=\"JURA Machine \u00e0 Caf\u00e9 D6 Piano platine - dont 1 Kg de caf\u00e9\" \/>\n<meta property=\"og:description\" content=\"La fonctionnalit\u00e9 rencontre le plaisir Avec la D6, intuitive et rapide, pr\u00e9parer le caf\u00e9 parfait devient un jeu d&#039;enfant. Tout cela gr\u00e2ce \u00e0 un \u00e9cran\" \/>\n<meta property=\"og:url\" content=\"https:\/\/www.erresse-shop.it\/fr\/shop\/petits-electromenagers\/machines-cafe\/automatique\/jura-machine-a-cafe-d6-piano-platine-dont-2-kg-de-cafe\/\" \/>\n<meta property=\"og:site_name\" content=\"Erresse Shop\" \/>\n<meta property=\"article:modified_time\" content=\"2026-01-30T10:39:06+00:00\" \/>\n<meta property=\"og:image\" content=\"https:\/\/www.erresse-shop.it\/wp-content\/uploads\/2023\/12\/d6-platino-1.jpg\" \/>\n\t<meta property=\"og:image:width\" content=\"800\" \/>\n\t<meta property=\"og:image:height\" content=\"800\" \/>\n\t<meta property=\"og:image:type\" content=\"image\/jpeg\" \/>\n<meta name=\"twitter:card\" content=\"summary_large_image\" \/>\n<script type=\"application\/ld+json\" class=\"yoast-schema-graph\">{\"@context\":\"https:\/\/schema.org\",\"@graph\":[{\"@type\":\"WebPage\",\"@id\":\"https:\/\/www.erresse-shop.it\/fr\/shop\/petits-electromenagers\/machines-cafe\/automatique\/jura-machine-a-cafe-d6-piano-platine-dont-2-kg-de-cafe\/\",\"url\":\"https:\/\/www.erresse-shop.it\/fr\/shop\/petits-electromenagers\/machines-cafe\/automatique\/jura-machine-a-cafe-d6-piano-platine-dont-2-kg-de-cafe\/\",\"name\":\"JURA Machine \u00e0 Caf\u00e9 D6 Piano platine - dont 1 Kg de caf\u00e9 - Erresse Shop\",\"isPartOf\":{\"@id\":\"https:\/\/www.erresse-shop.it\/fr\/#website\"},\"datePublished\":\"2023-12-06T10:07:59+00:00\",\"dateModified\":\"2026-01-30T10:39:06+00:00\",\"description\":\"La fonctionnalit\u00e9 rencontre le plaisir Avec la D6, intuitive et rapide, pr\u00e9parer le caf\u00e9 parfait devient un jeu d'enfant. Tout cela gr\u00e2ce \u00e0 un \u00e9cran\",\"breadcrumb\":{\"@id\":\"https:\/\/www.erresse-shop.it\/fr\/shop\/petits-electromenagers\/machines-cafe\/automatique\/jura-machine-a-cafe-d6-piano-platine-dont-2-kg-de-cafe\/#breadcrumb\"},\"inLanguage\":\"fr-FR\",\"potentialAction\":[{\"@type\":\"ReadAction\",\"target\":[\"https:\/\/www.erresse-shop.it\/fr\/shop\/petits-electromenagers\/machines-cafe\/automatique\/jura-machine-a-cafe-d6-piano-platine-dont-2-kg-de-cafe\/\"]}]},{\"@type\":\"BreadcrumbList\",\"@id\":\"https:\/\/www.erresse-shop.it\/fr\/shop\/petits-electromenagers\/machines-cafe\/automatique\/jura-machine-a-cafe-d6-piano-platine-dont-2-kg-de-cafe\/#breadcrumb\",\"itemListElement\":[{\"@type\":\"ListItem\",\"position\":1,\"name\":\"Home\",\"item\":\"https:\/\/www.erresse-shop.it\/fr\/\"},{\"@type\":\"ListItem\",\"position\":2,\"name\":\"Shop\",\"item\":\"https:\/\/www.erresse-shop.it\/fr\/shop\/\"},{\"@type\":\"ListItem\",\"position\":3,\"name\":\"JURA Machine \u00e0 Caf\u00e9 D6 Piano platine &#8211; dont 1 Kg de caf\u00e9\"}]},{\"@type\":\"WebSite\",\"@id\":\"https:\/\/www.erresse-shop.it\/fr\/#website\",\"url\":\"https:\/\/www.erresse-shop.it\/fr\/\",\"name\":\"Erresse Shop\",\"description\":\"Articoli di qualit\u00e0 per la casa\",\"potentialAction\":[{\"@type\":\"SearchAction\",\"target\":{\"@type\":\"EntryPoint\",\"urlTemplate\":\"https:\/\/www.erresse-shop.it\/fr\/?s={search_term_string}\"},\"query-input\":\"required name=search_term_string\"}],\"inLanguage\":\"fr-FR\"}]}<\/script>\n<!-- \/ Yoast SEO Premium plugin. -->","yoast_head_json":{"title":"JURA Machine \u00e0 Caf\u00e9 D6 Piano platine - dont 1 Kg de caf\u00e9 - Erresse Shop","description":"La fonctionnalit\u00e9 rencontre le plaisir Avec la D6, intuitive et rapide, pr\u00e9parer le caf\u00e9 parfait devient un jeu d'enfant. Tout cela gr\u00e2ce \u00e0 un \u00e9cran","robots":{"index":"index","follow":"follow","max-snippet":"max-snippet:-1","max-image-preview":"max-image-preview:large","max-video-preview":"max-video-preview:-1"},"canonical":"https:\/\/www.erresse-shop.it\/fr\/shop\/petits-electromenagers\/machines-cafe\/automatique\/jura-machine-a-cafe-d6-piano-platine-dont-2-kg-de-cafe\/","og_locale":"fr_FR","og_type":"article","og_title":"JURA Machine \u00e0 Caf\u00e9 D6 Piano platine - dont 1 Kg de caf\u00e9","og_description":"La fonctionnalit\u00e9 rencontre le plaisir Avec la D6, intuitive et rapide, pr\u00e9parer le caf\u00e9 parfait devient un jeu d'enfant. Tout cela gr\u00e2ce \u00e0 un \u00e9cran","og_url":"https:\/\/www.erresse-shop.it\/fr\/shop\/petits-electromenagers\/machines-cafe\/automatique\/jura-machine-a-cafe-d6-piano-platine-dont-2-kg-de-cafe\/","og_site_name":"Erresse Shop","article_modified_time":"2026-01-30T10:39:06+00:00","og_image":[{"width":800,"height":800,"url":"https:\/\/www.erresse-shop.it\/wp-content\/uploads\/2023\/12\/d6-platino-1.jpg","type":"image\/jpeg"}],"twitter_card":"summary_large_image","schema":{"@context":"https:\/\/schema.org","@graph":[{"@type":"WebPage","@id":"https:\/\/www.erresse-shop.it\/fr\/shop\/petits-electromenagers\/machines-cafe\/automatique\/jura-machine-a-cafe-d6-piano-platine-dont-2-kg-de-cafe\/","url":"https:\/\/www.erresse-shop.it\/fr\/shop\/petits-electromenagers\/machines-cafe\/automatique\/jura-machine-a-cafe-d6-piano-platine-dont-2-kg-de-cafe\/","name":"JURA Machine \u00e0 Caf\u00e9 D6 Piano platine - dont 1 Kg de caf\u00e9 - Erresse Shop","isPartOf":{"@id":"https:\/\/www.erresse-shop.it\/fr\/#website"},"datePublished":"2023-12-06T10:07:59+00:00","dateModified":"2026-01-30T10:39:06+00:00","description":"La fonctionnalit\u00e9 rencontre le plaisir Avec la D6, intuitive et rapide, pr\u00e9parer le caf\u00e9 parfait devient un jeu d'enfant. Tout cela gr\u00e2ce \u00e0 un \u00e9cran","breadcrumb":{"@id":"https:\/\/www.erresse-shop.it\/fr\/shop\/petits-electromenagers\/machines-cafe\/automatique\/jura-machine-a-cafe-d6-piano-platine-dont-2-kg-de-cafe\/#breadcrumb"},"inLanguage":"fr-FR","potentialAction":[{"@type":"ReadAction","target":["https:\/\/www.erresse-shop.it\/fr\/shop\/petits-electromenagers\/machines-cafe\/automatique\/jura-machine-a-cafe-d6-piano-platine-dont-2-kg-de-cafe\/"]}]},{"@type":"BreadcrumbList","@id":"https:\/\/www.erresse-shop.it\/fr\/shop\/petits-electromenagers\/machines-cafe\/automatique\/jura-machine-a-cafe-d6-piano-platine-dont-2-kg-de-cafe\/#breadcrumb","itemListElement":[{"@type":"ListItem","position":1,"name":"Home","item":"https:\/\/www.erresse-shop.it\/fr\/"},{"@type":"ListItem","position":2,"name":"Shop","item":"https:\/\/www.erresse-shop.it\/fr\/shop\/"},{"@type":"ListItem","position":3,"name":"JURA Machine \u00e0 Caf\u00e9 D6 Piano platine &#8211; dont 1 Kg de caf\u00e9"}]},{"@type":"WebSite","@id":"https:\/\/www.erresse-shop.it\/fr\/#website","url":"https:\/\/www.erresse-shop.it\/fr\/","name":"Erresse Shop","description":"Articoli di qualit\u00e0 per la casa","potentialAction":[{"@type":"SearchAction","target":{"@type":"EntryPoint","urlTemplate":"https:\/\/www.erresse-shop.it\/fr\/?s={search_term_string}"},"query-input":"required name=search_term_string"}],"inLanguage":"fr-FR"}]}},"df_price":584.1,"df_sale_price":584.1,"df_regular_price":649,"df_image_link":"https:\/\/www.erresse-shop.it\/wp-content\/uploads\/2023\/12\/d6-platino-1-300x300.jpg","_links":{"self":[{"href":"https:\/\/www.erresse-shop.it\/fr\/wp-json\/wp\/v2\/product\/362943"}],"collection":[{"href":"https:\/\/www.erresse-shop.it\/fr\/wp-json\/wp\/v2\/product"}],"about":[{"href":"https:\/\/www.erresse-shop.it\/fr\/wp-json\/wp\/v2\/types\/product"}],"wp:featuredmedia":[{"embeddable":true,"href":"https:\/\/www.erresse-shop.it\/fr\/wp-json\/wp\/v2\/media\/362952"}],"wp:attachment":[{"href":"https:\/\/www.erresse-shop.it\/fr\/wp-json\/wp\/v2\/media?parent=362943"}],"wp:term":[{"taxonomy":"product_cat","embeddable":true,"href":"https:\/\/www.erresse-shop.it\/fr\/wp-json\/wp\/v2\/product_cat?post=362943"},{"taxonomy":"product_tag","embeddable":true,"href":"https:\/\/www.erresse-shop.it\/fr\/wp-json\/wp\/v2\/product_tag?post=362943"}],"curies":[{"name":"wp","href":"https:\/\/api.w.org\/{rel}","templated":true}]}}