{"id":360446,"date":"2023-12-01T11:29:13","date_gmt":"2023-12-01T11:29:17","guid":{"rendered":"https:\/\/www.erresse-shop.it\/?post_type=product&#038;p=360446"},"modified":"2025-01-14T17:47:31","modified_gmt":"2025-01-14T17:47:31","slug":"guzzini-ninfea-panier-a-linge-blanc","status":"publish","type":"product","link":"https:\/\/www.erresse-shop.it\/fr\/shop\/ameublement-maison\/salle-de-bain\/guzzini-ninfea-panier-a-linge-blanc\/","title":{"rendered":"GUZZINI Ninfea Panier \u00e0 Linge Blanc"},"content":{"rendered":"<p>Le spacieux panier \u00e0 linge Ninfea, aux lignes harmonieuses et rassurantes, s&#8217;int\u00e8gre dans tous les int\u00e9rieurs. La pr\u00e9sence d&#8217;ouvertures et le couvercle garantissent une bonne fonctionnalit\u00e9 gr\u00e2ce \u00e0 la ventilation continue du contenu. Le caract\u00e8re distinctif de la forme et les couleurs pr\u00e9cieuses dans lesquelles elle est propos\u00e9e en font un objet polyvalent et utile pour diff\u00e9rents types d&#8217;utilisation. Elle est fabriqu\u00e9e en plastique recycl\u00e9 apr\u00e8s consommation et est antibact\u00e9rienne.<\/p>\n<p>D\u00e9tail Couleur : blanc<br \/>\nDimensions : \u00f843 x h65 cm<br \/>\nCapacit\u00e9 : 64 litres<br \/>\nMat\u00e9riau : 100% plastique recycl\u00e9<br \/>\nDesigner : Roberto Giacomucci<\/p>\n","protected":false},"excerpt":{"rendered":"<p>Le spacieux panier \u00e0 linge Ninfea, aux lignes harmonieuses et rassurantes, s&#8217;int\u00e8gre dans tous les int\u00e9rieurs. La pr\u00e9sence d&#8217;ouvertures et<\/p>\n","protected":false},"featured_media":360450,"template":"","meta":{"_acf_changed":false,"inline_featured_image":false},"product_cat":[12738,19011],"product_tag":[25026,25021,13485,21224,23838],"acf":[],"yoast_head":"<!-- This site is optimized with the Yoast SEO Premium plugin v18.6 (Yoast SEO v19.13) - https:\/\/yoast.com\/wordpress\/plugins\/seo\/ -->\n<title>GUZZINI Ninfea Panier \u00e0 Linge Blanc<\/title>\n<meta name=\"description\" content=\"D\u00e9couvrez GUZZINI Ninfea Panier \u00e0 Linge Blanc sur ErresseShop. Qualit\u00e9, prix r\u00e9duits et achat s\u00e9curis\u00e9 \u2013 commandez d\u00e8s maintenant en ligne !\" \/>\n<meta name=\"robots\" content=\"index, follow, max-snippet:-1, max-image-preview:large, max-video-preview:-1\" \/>\n<link rel=\"canonical\" href=\"https:\/\/www.erresse-shop.it\/fr\/shop\/ameublement-maison\/salle-de-bain\/guzzini-ninfea-panier-a-linge-blanc\/\" \/>\n<meta property=\"og:locale\" content=\"fr_FR\" \/>\n<meta property=\"og:type\" content=\"article\" \/>\n<meta property=\"og:title\" content=\"GUZZINI Ninfea Panier \u00e0 Linge Blanc\" \/>\n<meta property=\"og:description\" content=\"D\u00e9couvrez GUZZINI Ninfea Panier \u00e0 Linge Blanc sur ErresseShop. Qualit\u00e9, prix r\u00e9duits et achat s\u00e9curis\u00e9 \u2013 commandez d\u00e8s maintenant en ligne !\" \/>\n<meta property=\"og:url\" content=\"https:\/\/www.erresse-shop.it\/fr\/shop\/ameublement-maison\/salle-de-bain\/guzzini-ninfea-panier-a-linge-blanc\/\" \/>\n<meta property=\"og:site_name\" content=\"Erresse Shop\" \/>\n<meta property=\"article:modified_time\" content=\"2025-01-14T17:47:31+00:00\" \/>\n<meta property=\"og:image\" content=\"https:\/\/www.erresse-shop.it\/wp-content\/uploads\/2023\/12\/guzzini-ninfea-bianco.jpg\" \/>\n\t<meta property=\"og:image:width\" content=\"800\" \/>\n\t<meta property=\"og:image:height\" content=\"800\" \/>\n\t<meta property=\"og:image:type\" content=\"image\/jpeg\" \/>\n<meta name=\"twitter:card\" content=\"summary_large_image\" \/>\n<script type=\"application\/ld+json\" class=\"yoast-schema-graph\">{\"@context\":\"https:\/\/schema.org\",\"@graph\":[{\"@type\":\"WebPage\",\"@id\":\"https:\/\/www.erresse-shop.it\/fr\/shop\/ameublement-maison\/salle-de-bain\/guzzini-ninfea-panier-a-linge-blanc\/\",\"url\":\"https:\/\/www.erresse-shop.it\/fr\/shop\/ameublement-maison\/salle-de-bain\/guzzini-ninfea-panier-a-linge-blanc\/\",\"name\":\"GUZZINI Ninfea Panier \u00e0 Linge Blanc\",\"isPartOf\":{\"@id\":\"https:\/\/www.erresse-shop.it\/fr\/#website\"},\"datePublished\":\"2023-12-01T11:29:17+00:00\",\"dateModified\":\"2025-01-14T17:47:31+00:00\",\"description\":\"D\u00e9couvrez GUZZINI Ninfea Panier \u00e0 Linge Blanc sur ErresseShop. Qualit\u00e9, prix r\u00e9duits et achat s\u00e9curis\u00e9 \u2013 commandez d\u00e8s maintenant en ligne !\",\"breadcrumb\":{\"@id\":\"https:\/\/www.erresse-shop.it\/fr\/shop\/ameublement-maison\/salle-de-bain\/guzzini-ninfea-panier-a-linge-blanc\/#breadcrumb\"},\"inLanguage\":\"fr-FR\",\"potentialAction\":[{\"@type\":\"ReadAction\",\"target\":[\"https:\/\/www.erresse-shop.it\/fr\/shop\/ameublement-maison\/salle-de-bain\/guzzini-ninfea-panier-a-linge-blanc\/\"]}]},{\"@type\":\"BreadcrumbList\",\"@id\":\"https:\/\/www.erresse-shop.it\/fr\/shop\/ameublement-maison\/salle-de-bain\/guzzini-ninfea-panier-a-linge-blanc\/#breadcrumb\",\"itemListElement\":[{\"@type\":\"ListItem\",\"position\":1,\"name\":\"Home\",\"item\":\"https:\/\/www.erresse-shop.it\/fr\/\"},{\"@type\":\"ListItem\",\"position\":2,\"name\":\"Shop\",\"item\":\"https:\/\/www.erresse-shop.it\/fr\/shop\/\"},{\"@type\":\"ListItem\",\"position\":3,\"name\":\"GUZZINI Ninfea Panier \u00e0 Linge Blanc\"}]},{\"@type\":\"WebSite\",\"@id\":\"https:\/\/www.erresse-shop.it\/fr\/#website\",\"url\":\"https:\/\/www.erresse-shop.it\/fr\/\",\"name\":\"Erresse Shop\",\"description\":\"Articoli di qualit\u00e0 per la casa\",\"potentialAction\":[{\"@type\":\"SearchAction\",\"target\":{\"@type\":\"EntryPoint\",\"urlTemplate\":\"https:\/\/www.erresse-shop.it\/fr\/?s={search_term_string}\"},\"query-input\":\"required name=search_term_string\"}],\"inLanguage\":\"fr-FR\"}]}<\/script>\n<!-- \/ Yoast SEO Premium plugin. -->","yoast_head_json":{"title":"GUZZINI Ninfea Panier \u00e0 Linge Blanc","description":"D\u00e9couvrez GUZZINI Ninfea Panier \u00e0 Linge Blanc sur ErresseShop. Qualit\u00e9, prix r\u00e9duits et achat s\u00e9curis\u00e9 \u2013 commandez d\u00e8s maintenant en ligne !","robots":{"index":"index","follow":"follow","max-snippet":"max-snippet:-1","max-image-preview":"max-image-preview:large","max-video-preview":"max-video-preview:-1"},"canonical":"https:\/\/www.erresse-shop.it\/fr\/shop\/ameublement-maison\/salle-de-bain\/guzzini-ninfea-panier-a-linge-blanc\/","og_locale":"fr_FR","og_type":"article","og_title":"GUZZINI Ninfea Panier \u00e0 Linge Blanc","og_description":"D\u00e9couvrez GUZZINI Ninfea Panier \u00e0 Linge Blanc sur ErresseShop. Qualit\u00e9, prix r\u00e9duits et achat s\u00e9curis\u00e9 \u2013 commandez d\u00e8s maintenant en ligne !","og_url":"https:\/\/www.erresse-shop.it\/fr\/shop\/ameublement-maison\/salle-de-bain\/guzzini-ninfea-panier-a-linge-blanc\/","og_site_name":"Erresse Shop","article_modified_time":"2025-01-14T17:47:31+00:00","og_image":[{"width":800,"height":800,"url":"https:\/\/www.erresse-shop.it\/wp-content\/uploads\/2023\/12\/guzzini-ninfea-bianco.jpg","type":"image\/jpeg"}],"twitter_card":"summary_large_image","schema":{"@context":"https:\/\/schema.org","@graph":[{"@type":"WebPage","@id":"https:\/\/www.erresse-shop.it\/fr\/shop\/ameublement-maison\/salle-de-bain\/guzzini-ninfea-panier-a-linge-blanc\/","url":"https:\/\/www.erresse-shop.it\/fr\/shop\/ameublement-maison\/salle-de-bain\/guzzini-ninfea-panier-a-linge-blanc\/","name":"GUZZINI Ninfea Panier \u00e0 Linge Blanc","isPartOf":{"@id":"https:\/\/www.erresse-shop.it\/fr\/#website"},"datePublished":"2023-12-01T11:29:17+00:00","dateModified":"2025-01-14T17:47:31+00:00","description":"D\u00e9couvrez GUZZINI Ninfea Panier \u00e0 Linge Blanc sur ErresseShop. Qualit\u00e9, prix r\u00e9duits et achat s\u00e9curis\u00e9 \u2013 commandez d\u00e8s maintenant en ligne !","breadcrumb":{"@id":"https:\/\/www.erresse-shop.it\/fr\/shop\/ameublement-maison\/salle-de-bain\/guzzini-ninfea-panier-a-linge-blanc\/#breadcrumb"},"inLanguage":"fr-FR","potentialAction":[{"@type":"ReadAction","target":["https:\/\/www.erresse-shop.it\/fr\/shop\/ameublement-maison\/salle-de-bain\/guzzini-ninfea-panier-a-linge-blanc\/"]}]},{"@type":"BreadcrumbList","@id":"https:\/\/www.erresse-shop.it\/fr\/shop\/ameublement-maison\/salle-de-bain\/guzzini-ninfea-panier-a-linge-blanc\/#breadcrumb","itemListElement":[{"@type":"ListItem","position":1,"name":"Home","item":"https:\/\/www.erresse-shop.it\/fr\/"},{"@type":"ListItem","position":2,"name":"Shop","item":"https:\/\/www.erresse-shop.it\/fr\/shop\/"},{"@type":"ListItem","position":3,"name":"GUZZINI Ninfea Panier \u00e0 Linge Blanc"}]},{"@type":"WebSite","@id":"https:\/\/www.erresse-shop.it\/fr\/#website","url":"https:\/\/www.erresse-shop.it\/fr\/","name":"Erresse Shop","description":"Articoli di qualit\u00e0 per la casa","potentialAction":[{"@type":"SearchAction","target":{"@type":"EntryPoint","urlTemplate":"https:\/\/www.erresse-shop.it\/fr\/?s={search_term_string}"},"query-input":"required name=search_term_string"}],"inLanguage":"fr-FR"}]}},"df_price":45.25,"df_sale_price":45.25,"df_regular_price":90.5,"df_image_link":"https:\/\/www.erresse-shop.it\/wp-content\/uploads\/2023\/12\/guzzini-ninfea-bianco-300x300.jpg","_links":{"self":[{"href":"https:\/\/www.erresse-shop.it\/fr\/wp-json\/wp\/v2\/product\/360446"}],"collection":[{"href":"https:\/\/www.erresse-shop.it\/fr\/wp-json\/wp\/v2\/product"}],"about":[{"href":"https:\/\/www.erresse-shop.it\/fr\/wp-json\/wp\/v2\/types\/product"}],"wp:featuredmedia":[{"embeddable":true,"href":"https:\/\/www.erresse-shop.it\/fr\/wp-json\/wp\/v2\/media\/360450"}],"wp:attachment":[{"href":"https:\/\/www.erresse-shop.it\/fr\/wp-json\/wp\/v2\/media?parent=360446"}],"wp:term":[{"taxonomy":"product_cat","embeddable":true,"href":"https:\/\/www.erresse-shop.it\/fr\/wp-json\/wp\/v2\/product_cat?post=360446"},{"taxonomy":"product_tag","embeddable":true,"href":"https:\/\/www.erresse-shop.it\/fr\/wp-json\/wp\/v2\/product_tag?post=360446"}],"curies":[{"name":"wp","href":"https:\/\/api.w.org\/{rel}","templated":true}]}}