{"id":360436,"date":"2023-12-01T11:19:56","date_gmt":"2023-12-01T11:20:00","guid":{"rendered":"https:\/\/www.erresse-shop.it\/?post_type=product&#038;p=360436"},"modified":"2025-01-15T06:26:22","modified_gmt":"2025-01-15T06:26:22","slug":"guzzini-tierra-recipient-de-cuisson-argile","status":"publish","type":"product","link":"https:\/\/www.erresse-shop.it\/fr\/shop\/table-fr-2\/recipients-et-bols\/guzzini-tierra-recipient-de-cuisson-argile\/","title":{"rendered":"GUZZINI Tierra R\u00e9cipient de Cuisson Argile"},"content":{"rendered":"<p>Un r\u00e9cipient pour les produits de boulangerie, qu&#8217;il s&#8217;agisse de pain, de biscuits, de gressins, de biscottes ou autres. Le r\u00e9cipient, qui appartient \u00e0 la collection Tierra, est fabriqu\u00e9 \u00e0 100 % en plastique recycl\u00e9 post-consommation, comme tous les articles de cette collection, et est agr\u00e9ment\u00e9 d&#8217;un couvercle en bambou dot\u00e9 d&#8217;un sceau pr\u00e9servant la fra\u00eecheur et de deux languettes pratiques pour une ouverture ais\u00e9e.<\/p>\n<p>Couleur : argile<br \/>\nDimensions : 31.5&#215;16.5xh12.9 &#8211; 3 LT<br \/>\nMat\u00e9riau : Bambou, plastique recycl\u00e9<br \/>\nDesigner : Pio&amp;Tito Toso<br \/>\nFabriqu\u00e9 en Italie<\/p>\n","protected":false},"excerpt":{"rendered":"<p>Un r\u00e9cipient pour les produits de boulangerie, qu&#8217;il s&#8217;agisse de pain, de biscuits, de gressins, de biscottes ou autres. Le<\/p>\n","protected":false},"featured_media":360440,"template":"","meta":{"_acf_changed":false,"inline_featured_image":false},"product_cat":[14244,12782],"product_tag":[25026,23660,25021,24428,13636,13485,24603,19092,21821],"acf":[],"yoast_head":"<!-- This site is optimized with the Yoast SEO Premium plugin v18.6 (Yoast SEO v19.13) - https:\/\/yoast.com\/wordpress\/plugins\/seo\/ -->\n<title>GUZZINI Tierra R\u00e9cipient de Cuisson Argile<\/title>\n<meta name=\"description\" content=\"D\u00e9couvrez GUZZINI Tierra R\u00e9cipient de Cuisson Argile sur ErresseShop. Qualit\u00e9, prix r\u00e9duits et achat s\u00e9curis\u00e9 \u2013 commandez d\u00e8s maintenant en ligne !\" \/>\n<meta name=\"robots\" content=\"index, follow, max-snippet:-1, max-image-preview:large, max-video-preview:-1\" \/>\n<link rel=\"canonical\" href=\"https:\/\/www.erresse-shop.it\/fr\/shop\/table-fr-2\/recipients-et-bols\/guzzini-tierra-recipient-de-cuisson-argile\/\" \/>\n<meta property=\"og:locale\" content=\"fr_FR\" \/>\n<meta property=\"og:type\" content=\"article\" \/>\n<meta property=\"og:title\" content=\"GUZZINI Tierra R\u00e9cipient de Cuisson Argile\" \/>\n<meta property=\"og:description\" content=\"D\u00e9couvrez GUZZINI Tierra R\u00e9cipient de Cuisson Argile sur ErresseShop. Qualit\u00e9, prix r\u00e9duits et achat s\u00e9curis\u00e9 \u2013 commandez d\u00e8s maintenant en ligne !\" \/>\n<meta property=\"og:url\" content=\"https:\/\/www.erresse-shop.it\/fr\/shop\/table-fr-2\/recipients-et-bols\/guzzini-tierra-recipient-de-cuisson-argile\/\" \/>\n<meta property=\"og:site_name\" content=\"Erresse Shop\" \/>\n<meta property=\"article:modified_time\" content=\"2025-01-15T06:26:22+00:00\" \/>\n<meta property=\"og:image\" content=\"https:\/\/www.erresse-shop.it\/wp-content\/uploads\/2023\/12\/guzzini-argilla.jpg\" \/>\n\t<meta property=\"og:image:width\" content=\"800\" \/>\n\t<meta property=\"og:image:height\" content=\"800\" \/>\n\t<meta property=\"og:image:type\" content=\"image\/jpeg\" \/>\n<meta name=\"twitter:card\" content=\"summary_large_image\" \/>\n<script type=\"application\/ld+json\" class=\"yoast-schema-graph\">{\"@context\":\"https:\/\/schema.org\",\"@graph\":[{\"@type\":\"WebPage\",\"@id\":\"https:\/\/www.erresse-shop.it\/fr\/shop\/table-fr-2\/recipients-et-bols\/guzzini-tierra-recipient-de-cuisson-argile\/\",\"url\":\"https:\/\/www.erresse-shop.it\/fr\/shop\/table-fr-2\/recipients-et-bols\/guzzini-tierra-recipient-de-cuisson-argile\/\",\"name\":\"GUZZINI Tierra R\u00e9cipient de Cuisson Argile\",\"isPartOf\":{\"@id\":\"https:\/\/www.erresse-shop.it\/fr\/#website\"},\"datePublished\":\"2023-12-01T11:20:00+00:00\",\"dateModified\":\"2025-01-15T06:26:22+00:00\",\"description\":\"D\u00e9couvrez GUZZINI Tierra R\u00e9cipient de Cuisson Argile sur ErresseShop. Qualit\u00e9, prix r\u00e9duits et achat s\u00e9curis\u00e9 \u2013 commandez d\u00e8s maintenant en ligne !\",\"breadcrumb\":{\"@id\":\"https:\/\/www.erresse-shop.it\/fr\/shop\/table-fr-2\/recipients-et-bols\/guzzini-tierra-recipient-de-cuisson-argile\/#breadcrumb\"},\"inLanguage\":\"fr-FR\",\"potentialAction\":[{\"@type\":\"ReadAction\",\"target\":[\"https:\/\/www.erresse-shop.it\/fr\/shop\/table-fr-2\/recipients-et-bols\/guzzini-tierra-recipient-de-cuisson-argile\/\"]}]},{\"@type\":\"BreadcrumbList\",\"@id\":\"https:\/\/www.erresse-shop.it\/fr\/shop\/table-fr-2\/recipients-et-bols\/guzzini-tierra-recipient-de-cuisson-argile\/#breadcrumb\",\"itemListElement\":[{\"@type\":\"ListItem\",\"position\":1,\"name\":\"Home\",\"item\":\"https:\/\/www.erresse-shop.it\/fr\/\"},{\"@type\":\"ListItem\",\"position\":2,\"name\":\"Shop\",\"item\":\"https:\/\/www.erresse-shop.it\/fr\/shop\/\"},{\"@type\":\"ListItem\",\"position\":3,\"name\":\"GUZZINI Tierra R\u00e9cipient de Cuisson Argile\"}]},{\"@type\":\"WebSite\",\"@id\":\"https:\/\/www.erresse-shop.it\/fr\/#website\",\"url\":\"https:\/\/www.erresse-shop.it\/fr\/\",\"name\":\"Erresse Shop\",\"description\":\"Articoli di qualit\u00e0 per la casa\",\"potentialAction\":[{\"@type\":\"SearchAction\",\"target\":{\"@type\":\"EntryPoint\",\"urlTemplate\":\"https:\/\/www.erresse-shop.it\/fr\/?s={search_term_string}\"},\"query-input\":\"required name=search_term_string\"}],\"inLanguage\":\"fr-FR\"}]}<\/script>\n<!-- \/ Yoast SEO Premium plugin. -->","yoast_head_json":{"title":"GUZZINI Tierra R\u00e9cipient de Cuisson Argile","description":"D\u00e9couvrez GUZZINI Tierra R\u00e9cipient de Cuisson Argile sur ErresseShop. Qualit\u00e9, prix r\u00e9duits et achat s\u00e9curis\u00e9 \u2013 commandez d\u00e8s maintenant en ligne !","robots":{"index":"index","follow":"follow","max-snippet":"max-snippet:-1","max-image-preview":"max-image-preview:large","max-video-preview":"max-video-preview:-1"},"canonical":"https:\/\/www.erresse-shop.it\/fr\/shop\/table-fr-2\/recipients-et-bols\/guzzini-tierra-recipient-de-cuisson-argile\/","og_locale":"fr_FR","og_type":"article","og_title":"GUZZINI Tierra R\u00e9cipient de Cuisson Argile","og_description":"D\u00e9couvrez GUZZINI Tierra R\u00e9cipient de Cuisson Argile sur ErresseShop. Qualit\u00e9, prix r\u00e9duits et achat s\u00e9curis\u00e9 \u2013 commandez d\u00e8s maintenant en ligne !","og_url":"https:\/\/www.erresse-shop.it\/fr\/shop\/table-fr-2\/recipients-et-bols\/guzzini-tierra-recipient-de-cuisson-argile\/","og_site_name":"Erresse Shop","article_modified_time":"2025-01-15T06:26:22+00:00","og_image":[{"width":800,"height":800,"url":"https:\/\/www.erresse-shop.it\/wp-content\/uploads\/2023\/12\/guzzini-argilla.jpg","type":"image\/jpeg"}],"twitter_card":"summary_large_image","schema":{"@context":"https:\/\/schema.org","@graph":[{"@type":"WebPage","@id":"https:\/\/www.erresse-shop.it\/fr\/shop\/table-fr-2\/recipients-et-bols\/guzzini-tierra-recipient-de-cuisson-argile\/","url":"https:\/\/www.erresse-shop.it\/fr\/shop\/table-fr-2\/recipients-et-bols\/guzzini-tierra-recipient-de-cuisson-argile\/","name":"GUZZINI Tierra R\u00e9cipient de Cuisson Argile","isPartOf":{"@id":"https:\/\/www.erresse-shop.it\/fr\/#website"},"datePublished":"2023-12-01T11:20:00+00:00","dateModified":"2025-01-15T06:26:22+00:00","description":"D\u00e9couvrez GUZZINI Tierra R\u00e9cipient de Cuisson Argile sur ErresseShop. Qualit\u00e9, prix r\u00e9duits et achat s\u00e9curis\u00e9 \u2013 commandez d\u00e8s maintenant en ligne !","breadcrumb":{"@id":"https:\/\/www.erresse-shop.it\/fr\/shop\/table-fr-2\/recipients-et-bols\/guzzini-tierra-recipient-de-cuisson-argile\/#breadcrumb"},"inLanguage":"fr-FR","potentialAction":[{"@type":"ReadAction","target":["https:\/\/www.erresse-shop.it\/fr\/shop\/table-fr-2\/recipients-et-bols\/guzzini-tierra-recipient-de-cuisson-argile\/"]}]},{"@type":"BreadcrumbList","@id":"https:\/\/www.erresse-shop.it\/fr\/shop\/table-fr-2\/recipients-et-bols\/guzzini-tierra-recipient-de-cuisson-argile\/#breadcrumb","itemListElement":[{"@type":"ListItem","position":1,"name":"Home","item":"https:\/\/www.erresse-shop.it\/fr\/"},{"@type":"ListItem","position":2,"name":"Shop","item":"https:\/\/www.erresse-shop.it\/fr\/shop\/"},{"@type":"ListItem","position":3,"name":"GUZZINI Tierra R\u00e9cipient de Cuisson Argile"}]},{"@type":"WebSite","@id":"https:\/\/www.erresse-shop.it\/fr\/#website","url":"https:\/\/www.erresse-shop.it\/fr\/","name":"Erresse Shop","description":"Articoli di qualit\u00e0 per la casa","potentialAction":[{"@type":"SearchAction","target":{"@type":"EntryPoint","urlTemplate":"https:\/\/www.erresse-shop.it\/fr\/?s={search_term_string}"},"query-input":"required name=search_term_string"}],"inLanguage":"fr-FR"}]}},"df_price":14.5,"df_sale_price":14.5,"df_regular_price":29,"df_image_link":"https:\/\/www.erresse-shop.it\/wp-content\/uploads\/2023\/12\/guzzini-argilla-300x300.jpg","_links":{"self":[{"href":"https:\/\/www.erresse-shop.it\/fr\/wp-json\/wp\/v2\/product\/360436"}],"collection":[{"href":"https:\/\/www.erresse-shop.it\/fr\/wp-json\/wp\/v2\/product"}],"about":[{"href":"https:\/\/www.erresse-shop.it\/fr\/wp-json\/wp\/v2\/types\/product"}],"wp:featuredmedia":[{"embeddable":true,"href":"https:\/\/www.erresse-shop.it\/fr\/wp-json\/wp\/v2\/media\/360440"}],"wp:attachment":[{"href":"https:\/\/www.erresse-shop.it\/fr\/wp-json\/wp\/v2\/media?parent=360436"}],"wp:term":[{"taxonomy":"product_cat","embeddable":true,"href":"https:\/\/www.erresse-shop.it\/fr\/wp-json\/wp\/v2\/product_cat?post=360436"},{"taxonomy":"product_tag","embeddable":true,"href":"https:\/\/www.erresse-shop.it\/fr\/wp-json\/wp\/v2\/product_tag?post=360436"}],"curies":[{"name":"wp","href":"https:\/\/api.w.org\/{rel}","templated":true}]}}