{"id":359094,"date":"2023-11-30T06:51:45","date_gmt":"2023-11-30T06:51:50","guid":{"rendered":"https:\/\/www.erresse-shop.it\/?post_type=product&#038;p=359094"},"modified":"2023-11-30T07:02:28","modified_gmt":"2023-11-30T07:02:28","slug":"taitu-joy-mood-assiette-plat-rond-31-cm","status":"publish","type":"product","link":"https:\/\/www.erresse-shop.it\/fr\/shop\/table-fr-2\/plateaux\/taitu-joy-mood-assiette-plat-rond-31-cm\/","title":{"rendered":"TAIT\u00d9 Joy Mood Assiette Plat Rond 31 cm"},"content":{"rendered":"<p><strong>Mat\u00e9riau<\/strong>\u00a0: Fine Porcelaine<\/p>\n<p>Le vert est la couleur de la vie qui se renouvelle, saison apr\u00e8s saison\u00a0: fra\u00eeche et joyeuse, JOY MOOD r\u00e9alise un accord cr\u00e9atif avec l\u2019une des couleurs phares des Collections TAIT\u00d9 inspir\u00e9es de la Nature.<br \/>\nCr\u00e9ez un MOOD unique en associant les deux couleurs compl\u00e9mentaires de JOY et LOVE.<\/p>\n<p><strong>MISES EN GARDE<\/strong><br \/>\nD\u00e9cor\u00e9 en \u00e9mail.<br \/>\nLave-vaisselle et micro-ondes\u00a0: oui<\/p>\n","protected":false},"excerpt":{"rendered":"<p>Mat\u00e9riau\u00a0: Fine Porcelaine Le vert est la couleur de la vie qui se renouvelle, saison apr\u00e8s saison\u00a0: fra\u00eeche et joyeuse,<\/p>\n","protected":false},"featured_media":444117,"template":"","meta":{"_acf_changed":false,"inline_featured_image":false},"product_cat":[12792,12782],"product_tag":[25086,23910,23690,23660,25021,24397,18021,21821],"acf":[],"yoast_head":"<!-- This site is optimized with the Yoast SEO Premium plugin v18.6 (Yoast SEO v19.13) - https:\/\/yoast.com\/wordpress\/plugins\/seo\/ -->\n<title>TAIT\u00d9 Joy Mood Assiette Plat Rond 31 cm - Erresse Shop<\/title>\n<meta name=\"description\" content=\"Mat\u00e9riau\u00a0: Fine Porcelaine Le vert est la couleur de la vie qui se renouvelle, saison apr\u00e8s saison\u00a0: fra\u00eeche et joyeuse, JOY MOOD r\u00e9alise un accord\" \/>\n<meta name=\"robots\" content=\"index, follow, max-snippet:-1, max-image-preview:large, max-video-preview:-1\" \/>\n<link rel=\"canonical\" href=\"https:\/\/www.erresse-shop.it\/fr\/shop\/table-fr-2\/plateaux\/taitu-joy-mood-assiette-plat-rond-31-cm\/\" \/>\n<meta property=\"og:locale\" content=\"fr_FR\" \/>\n<meta property=\"og:type\" content=\"article\" \/>\n<meta property=\"og:title\" content=\"TAIT\u00d9 Joy Mood Assiette Plat Rond 31 cm\" \/>\n<meta property=\"og:description\" content=\"Mat\u00e9riau\u00a0: Fine Porcelaine Le vert est la couleur de la vie qui se renouvelle, saison apr\u00e8s saison\u00a0: fra\u00eeche et joyeuse, JOY MOOD r\u00e9alise un accord\" \/>\n<meta property=\"og:url\" content=\"https:\/\/www.erresse-shop.it\/fr\/shop\/table-fr-2\/plateaux\/taitu-joy-mood-assiette-plat-rond-31-cm\/\" \/>\n<meta property=\"og:site_name\" content=\"Erresse Shop\" \/>\n<meta property=\"article:modified_time\" content=\"2023-11-30T07:02:28+00:00\" \/>\n<meta property=\"og:image\" content=\"https:\/\/www.erresse-shop.it\/wp-content\/uploads\/2023\/11\/TAITU-Joy-Mood-Piatto-Portata-Rotondo-31-cm.jpg\" \/>\n\t<meta property=\"og:image:width\" content=\"1200\" \/>\n\t<meta property=\"og:image:height\" content=\"1200\" \/>\n\t<meta property=\"og:image:type\" content=\"image\/jpeg\" \/>\n<meta name=\"twitter:card\" content=\"summary_large_image\" \/>\n<script type=\"application\/ld+json\" class=\"yoast-schema-graph\">{\"@context\":\"https:\/\/schema.org\",\"@graph\":[{\"@type\":\"WebPage\",\"@id\":\"https:\/\/www.erresse-shop.it\/fr\/shop\/table-fr-2\/plateaux\/taitu-joy-mood-assiette-plat-rond-31-cm\/\",\"url\":\"https:\/\/www.erresse-shop.it\/fr\/shop\/table-fr-2\/plateaux\/taitu-joy-mood-assiette-plat-rond-31-cm\/\",\"name\":\"TAIT\u00d9 Joy Mood Assiette Plat Rond 31 cm - Erresse Shop\",\"isPartOf\":{\"@id\":\"https:\/\/www.erresse-shop.it\/fr\/#website\"},\"datePublished\":\"2023-11-30T06:51:50+00:00\",\"dateModified\":\"2023-11-30T07:02:28+00:00\",\"description\":\"Mat\u00e9riau\u00a0: Fine Porcelaine Le vert est la couleur de la vie qui se renouvelle, saison apr\u00e8s saison\u00a0: fra\u00eeche et joyeuse, JOY MOOD r\u00e9alise un accord\",\"breadcrumb\":{\"@id\":\"https:\/\/www.erresse-shop.it\/fr\/shop\/table-fr-2\/plateaux\/taitu-joy-mood-assiette-plat-rond-31-cm\/#breadcrumb\"},\"inLanguage\":\"fr-FR\",\"potentialAction\":[{\"@type\":\"ReadAction\",\"target\":[\"https:\/\/www.erresse-shop.it\/fr\/shop\/table-fr-2\/plateaux\/taitu-joy-mood-assiette-plat-rond-31-cm\/\"]}]},{\"@type\":\"BreadcrumbList\",\"@id\":\"https:\/\/www.erresse-shop.it\/fr\/shop\/table-fr-2\/plateaux\/taitu-joy-mood-assiette-plat-rond-31-cm\/#breadcrumb\",\"itemListElement\":[{\"@type\":\"ListItem\",\"position\":1,\"name\":\"Home\",\"item\":\"https:\/\/www.erresse-shop.it\/fr\/\"},{\"@type\":\"ListItem\",\"position\":2,\"name\":\"Shop\",\"item\":\"https:\/\/www.erresse-shop.it\/fr\/shop\/\"},{\"@type\":\"ListItem\",\"position\":3,\"name\":\"TAIT\u00d9 Joy Mood Assiette Plat Rond 31 cm\"}]},{\"@type\":\"WebSite\",\"@id\":\"https:\/\/www.erresse-shop.it\/fr\/#website\",\"url\":\"https:\/\/www.erresse-shop.it\/fr\/\",\"name\":\"Erresse Shop\",\"description\":\"Articoli di qualit\u00e0 per la casa\",\"potentialAction\":[{\"@type\":\"SearchAction\",\"target\":{\"@type\":\"EntryPoint\",\"urlTemplate\":\"https:\/\/www.erresse-shop.it\/fr\/?s={search_term_string}\"},\"query-input\":\"required name=search_term_string\"}],\"inLanguage\":\"fr-FR\"}]}<\/script>\n<!-- \/ Yoast SEO Premium plugin. -->","yoast_head_json":{"title":"TAIT\u00d9 Joy Mood Assiette Plat Rond 31 cm - Erresse Shop","description":"Mat\u00e9riau\u00a0: Fine Porcelaine Le vert est la couleur de la vie qui se renouvelle, saison apr\u00e8s saison\u00a0: fra\u00eeche et joyeuse, JOY MOOD r\u00e9alise un accord","robots":{"index":"index","follow":"follow","max-snippet":"max-snippet:-1","max-image-preview":"max-image-preview:large","max-video-preview":"max-video-preview:-1"},"canonical":"https:\/\/www.erresse-shop.it\/fr\/shop\/table-fr-2\/plateaux\/taitu-joy-mood-assiette-plat-rond-31-cm\/","og_locale":"fr_FR","og_type":"article","og_title":"TAIT\u00d9 Joy Mood Assiette Plat Rond 31 cm","og_description":"Mat\u00e9riau\u00a0: Fine Porcelaine Le vert est la couleur de la vie qui se renouvelle, saison apr\u00e8s saison\u00a0: fra\u00eeche et joyeuse, JOY MOOD r\u00e9alise un accord","og_url":"https:\/\/www.erresse-shop.it\/fr\/shop\/table-fr-2\/plateaux\/taitu-joy-mood-assiette-plat-rond-31-cm\/","og_site_name":"Erresse Shop","article_modified_time":"2023-11-30T07:02:28+00:00","og_image":[{"width":1200,"height":1200,"url":"https:\/\/www.erresse-shop.it\/wp-content\/uploads\/2023\/11\/TAITU-Joy-Mood-Piatto-Portata-Rotondo-31-cm.jpg","type":"image\/jpeg"}],"twitter_card":"summary_large_image","schema":{"@context":"https:\/\/schema.org","@graph":[{"@type":"WebPage","@id":"https:\/\/www.erresse-shop.it\/fr\/shop\/table-fr-2\/plateaux\/taitu-joy-mood-assiette-plat-rond-31-cm\/","url":"https:\/\/www.erresse-shop.it\/fr\/shop\/table-fr-2\/plateaux\/taitu-joy-mood-assiette-plat-rond-31-cm\/","name":"TAIT\u00d9 Joy Mood Assiette Plat Rond 31 cm - Erresse Shop","isPartOf":{"@id":"https:\/\/www.erresse-shop.it\/fr\/#website"},"datePublished":"2023-11-30T06:51:50+00:00","dateModified":"2023-11-30T07:02:28+00:00","description":"Mat\u00e9riau\u00a0: Fine Porcelaine Le vert est la couleur de la vie qui se renouvelle, saison apr\u00e8s saison\u00a0: fra\u00eeche et joyeuse, JOY MOOD r\u00e9alise un accord","breadcrumb":{"@id":"https:\/\/www.erresse-shop.it\/fr\/shop\/table-fr-2\/plateaux\/taitu-joy-mood-assiette-plat-rond-31-cm\/#breadcrumb"},"inLanguage":"fr-FR","potentialAction":[{"@type":"ReadAction","target":["https:\/\/www.erresse-shop.it\/fr\/shop\/table-fr-2\/plateaux\/taitu-joy-mood-assiette-plat-rond-31-cm\/"]}]},{"@type":"BreadcrumbList","@id":"https:\/\/www.erresse-shop.it\/fr\/shop\/table-fr-2\/plateaux\/taitu-joy-mood-assiette-plat-rond-31-cm\/#breadcrumb","itemListElement":[{"@type":"ListItem","position":1,"name":"Home","item":"https:\/\/www.erresse-shop.it\/fr\/"},{"@type":"ListItem","position":2,"name":"Shop","item":"https:\/\/www.erresse-shop.it\/fr\/shop\/"},{"@type":"ListItem","position":3,"name":"TAIT\u00d9 Joy Mood Assiette Plat Rond 31 cm"}]},{"@type":"WebSite","@id":"https:\/\/www.erresse-shop.it\/fr\/#website","url":"https:\/\/www.erresse-shop.it\/fr\/","name":"Erresse Shop","description":"Articoli di qualit\u00e0 per la casa","potentialAction":[{"@type":"SearchAction","target":{"@type":"EntryPoint","urlTemplate":"https:\/\/www.erresse-shop.it\/fr\/?s={search_term_string}"},"query-input":"required name=search_term_string"}],"inLanguage":"fr-FR"}]}},"df_price":49.95,"df_sale_price":49.95,"df_regular_price":57,"df_image_link":"https:\/\/www.erresse-shop.it\/wp-content\/uploads\/2023\/11\/TAITU-Joy-Mood-Piatto-Portata-Rotondo-31-cm-300x300.jpg","_links":{"self":[{"href":"https:\/\/www.erresse-shop.it\/fr\/wp-json\/wp\/v2\/product\/359094"}],"collection":[{"href":"https:\/\/www.erresse-shop.it\/fr\/wp-json\/wp\/v2\/product"}],"about":[{"href":"https:\/\/www.erresse-shop.it\/fr\/wp-json\/wp\/v2\/types\/product"}],"wp:featuredmedia":[{"embeddable":true,"href":"https:\/\/www.erresse-shop.it\/fr\/wp-json\/wp\/v2\/media\/444117"}],"wp:attachment":[{"href":"https:\/\/www.erresse-shop.it\/fr\/wp-json\/wp\/v2\/media?parent=359094"}],"wp:term":[{"taxonomy":"product_cat","embeddable":true,"href":"https:\/\/www.erresse-shop.it\/fr\/wp-json\/wp\/v2\/product_cat?post=359094"},{"taxonomy":"product_tag","embeddable":true,"href":"https:\/\/www.erresse-shop.it\/fr\/wp-json\/wp\/v2\/product_tag?post=359094"}],"curies":[{"name":"wp","href":"https:\/\/api.w.org\/{rel}","templated":true}]}}