{"id":358643,"date":"2023-11-29T11:56:26","date_gmt":"2023-11-29T11:56:32","guid":{"rendered":"https:\/\/www.erresse-shop.it\/?post_type=product&#038;p=358643"},"modified":"2024-06-11T00:02:44","modified_gmt":"2024-06-11T00:02:44","slug":"yaxell-super-gou-kiritsuke-20-cm","status":"publish","type":"product","link":"https:\/\/www.erresse-shop.it\/fr\/shop\/cuisine\/couteaux\/yaxell-super-gou-kiritsuke-20-cm\/","title":{"rendered":"YAXELL Super Gou Kiritsuke 20 cm"},"content":{"rendered":"<p><strong>Le Yaxell Super Gou kiritsuke<\/strong> est un \u00e9l\u00e9gant couteau de cuisine japonais avec une lame martel\u00e9e. Le kiritsuke a \u00e9t\u00e9 con\u00e7u comme un couteau polyvalent pour pr\u00e9parer des plats asiatiques. Ils l\u2019ont fait en combinant la lame d\u2019un nakiri (couteau \u00e0 l\u00e9gumes) et d\u2019un sujihiki (couteau \u00e0 poisson). Cette combinaison garantit qu\u2019avec un seul couteau, vous pouvez couper de nombreux ingr\u00e9dients diff\u00e9rents.<\/p>\n<p><strong>Lame Yaxell Super Gou\u00a0: 161 couches d\u2019acier damass\u00e9<\/strong><br \/>\nLes couteaux de cuisine Yaxell Super Gou sont fabriqu\u00e9s avec 161 couches d\u2019acier Damas. Une quantit\u00e9 \u00e9trange? Pas du tout! C\u2019est parce que chaque c\u00f4t\u00e9 de la lame a 80 couches d\u2019acier inoxydable Damas, parmi lesquelles se trouve un noyau d\u2019acier en poudre SG2 dur comme la roche. Cette combinaison rend les couteaux aiguis\u00e9s comme des rasoirs, inoxydables et d\u2019une beaut\u00e9 \u00e9blouissante.<\/p>\n<p><strong>L\u2019acier Damas<\/strong> est compos\u00e9 de deux aciers inoxydables qui sont forg\u00e9s ensemble en couches. Ces deux types d\u2019acier ont une teneur en carbone diff\u00e9rente, ce qui fait que l\u2019acier change de couleur diff\u00e9remment selon la fa\u00e7on dont il est grav\u00e9. La gravure produit un motif dans l\u2019acier \u00e0 l\u2019aide d\u2019un acide. L\u2019acier inoxydable, que ce soit Damas ou non, n\u2019est g\u00e9n\u00e9ralement pas le type d\u2019acier le plus dur. C\u2019est pourquoi un noyau en acier pulv\u00e9ris\u00e9 SG2 a \u00e9t\u00e9 ajout\u00e9. Le r\u00e9sultat est un bord solide comme une roche avec une duret\u00e9 de 63 HRC! Le nom de la collection est grav\u00e9 \u00e0 la main sur le c\u00f4t\u00e9 de la lame et \u00e0 l\u2019arri\u00e8re de la poign\u00e9e.<\/p>\n<p><strong>Poign\u00e9e Yaxell Super Gou<\/strong><br \/>\nEn raison des formes rondes et des trois rivets, cette poign\u00e9e ressemble beaucoup \u00e0 celle d\u2019un couteau de cuisine europ\u00e9en. Cela garantit que la poign\u00e9e est non seulement solide mais aussi confortable. La poign\u00e9e est en micarta rouge et noir. Le micarta est un mat\u00e9riau compos\u00e9 de lin, impr\u00e9gn\u00e9 de r\u00e9sine \u00e9poxy. Ce qui en fait un mat\u00e9riau tr\u00e8s solide. Il peut r\u00e9sister \u00e0 presque tout et a une grande r\u00e9sistance \u00e0 l\u2019eau. Le micarta est connu pour offrir beaucoup de prise. M\u00eame lorsqu\u2019il est mouill\u00e9. La forme ovale et ronde de la poign\u00e9e offre une bonne adh\u00e9rence et est confortable \u00e0 saisir.<\/p>\n<p><strong>Fabriqu\u00e9 au Japon<\/strong><\/p>\n","protected":false},"excerpt":{"rendered":"<p>Le Yaxell Super Gou kiritsuke est un \u00e9l\u00e9gant couteau de cuisine japonais avec une lame martel\u00e9e. Le kiritsuke a \u00e9t\u00e9<\/p>\n","protected":false},"featured_media":358667,"template":"","meta":{"_acf_changed":false,"inline_featured_image":false},"product_cat":[12742,14452,12748],"product_tag":[12838,13284,12839,21261,15801,21623,24680],"acf":[],"yoast_head":"<!-- This site is optimized with the Yoast SEO Premium plugin v18.6 (Yoast SEO v19.13) - https:\/\/yoast.com\/wordpress\/plugins\/seo\/ -->\n<title>YAXELL Super Gou Kiritsuke 20 cm - Erresse Shop<\/title>\n<meta name=\"description\" content=\"Le Yaxell Super Gou kiritsuke est un \u00e9l\u00e9gant couteau de cuisine japonais avec une lame martel\u00e9e. Le kiritsuke a \u00e9t\u00e9 con\u00e7u comme un couteau polyvalent pour\" \/>\n<meta name=\"robots\" content=\"index, follow, max-snippet:-1, max-image-preview:large, max-video-preview:-1\" \/>\n<link rel=\"canonical\" href=\"https:\/\/www.erresse-shop.it\/fr\/shop\/cuisine\/couteaux\/yaxell-super-gou-kiritsuke-20-cm\/\" \/>\n<meta property=\"og:locale\" content=\"fr_FR\" \/>\n<meta property=\"og:type\" content=\"article\" \/>\n<meta property=\"og:title\" content=\"YAXELL Super Gou Kiritsuke 20 cm\" \/>\n<meta property=\"og:description\" content=\"Le Yaxell Super Gou kiritsuke est un \u00e9l\u00e9gant couteau de cuisine japonais avec une lame martel\u00e9e. Le kiritsuke a \u00e9t\u00e9 con\u00e7u comme un couteau polyvalent pour\" \/>\n<meta property=\"og:url\" content=\"https:\/\/www.erresse-shop.it\/fr\/shop\/cuisine\/couteaux\/yaxell-super-gou-kiritsuke-20-cm\/\" \/>\n<meta property=\"og:site_name\" content=\"Erresse Shop\" \/>\n<meta property=\"article:modified_time\" content=\"2024-06-11T00:02:44+00:00\" \/>\n<meta property=\"og:image\" content=\"https:\/\/www.erresse-shop.it\/wp-content\/uploads\/2023\/11\/Yaxell-37134-1.jpg\" \/>\n\t<meta property=\"og:image:width\" content=\"800\" \/>\n\t<meta property=\"og:image:height\" content=\"800\" \/>\n\t<meta property=\"og:image:type\" content=\"image\/jpeg\" \/>\n<meta name=\"twitter:card\" content=\"summary_large_image\" \/>\n<script type=\"application\/ld+json\" class=\"yoast-schema-graph\">{\"@context\":\"https:\/\/schema.org\",\"@graph\":[{\"@type\":\"WebPage\",\"@id\":\"https:\/\/www.erresse-shop.it\/fr\/shop\/cuisine\/couteaux\/yaxell-super-gou-kiritsuke-20-cm\/\",\"url\":\"https:\/\/www.erresse-shop.it\/fr\/shop\/cuisine\/couteaux\/yaxell-super-gou-kiritsuke-20-cm\/\",\"name\":\"YAXELL Super Gou Kiritsuke 20 cm - Erresse Shop\",\"isPartOf\":{\"@id\":\"https:\/\/www.erresse-shop.it\/fr\/#website\"},\"datePublished\":\"2023-11-29T11:56:32+00:00\",\"dateModified\":\"2024-06-11T00:02:44+00:00\",\"description\":\"Le Yaxell Super Gou kiritsuke est un \u00e9l\u00e9gant couteau de cuisine japonais avec une lame martel\u00e9e. Le kiritsuke a \u00e9t\u00e9 con\u00e7u comme un couteau polyvalent pour\",\"breadcrumb\":{\"@id\":\"https:\/\/www.erresse-shop.it\/fr\/shop\/cuisine\/couteaux\/yaxell-super-gou-kiritsuke-20-cm\/#breadcrumb\"},\"inLanguage\":\"fr-FR\",\"potentialAction\":[{\"@type\":\"ReadAction\",\"target\":[\"https:\/\/www.erresse-shop.it\/fr\/shop\/cuisine\/couteaux\/yaxell-super-gou-kiritsuke-20-cm\/\"]}]},{\"@type\":\"BreadcrumbList\",\"@id\":\"https:\/\/www.erresse-shop.it\/fr\/shop\/cuisine\/couteaux\/yaxell-super-gou-kiritsuke-20-cm\/#breadcrumb\",\"itemListElement\":[{\"@type\":\"ListItem\",\"position\":1,\"name\":\"Home\",\"item\":\"https:\/\/www.erresse-shop.it\/fr\/\"},{\"@type\":\"ListItem\",\"position\":2,\"name\":\"Shop\",\"item\":\"https:\/\/www.erresse-shop.it\/fr\/shop\/\"},{\"@type\":\"ListItem\",\"position\":3,\"name\":\"YAXELL Super Gou Kiritsuke 20 cm\"}]},{\"@type\":\"WebSite\",\"@id\":\"https:\/\/www.erresse-shop.it\/fr\/#website\",\"url\":\"https:\/\/www.erresse-shop.it\/fr\/\",\"name\":\"Erresse Shop\",\"description\":\"Articoli di qualit\u00e0 per la casa\",\"potentialAction\":[{\"@type\":\"SearchAction\",\"target\":{\"@type\":\"EntryPoint\",\"urlTemplate\":\"https:\/\/www.erresse-shop.it\/fr\/?s={search_term_string}\"},\"query-input\":\"required name=search_term_string\"}],\"inLanguage\":\"fr-FR\"}]}<\/script>\n<!-- \/ Yoast SEO Premium plugin. -->","yoast_head_json":{"title":"YAXELL Super Gou Kiritsuke 20 cm - Erresse Shop","description":"Le Yaxell Super Gou kiritsuke est un \u00e9l\u00e9gant couteau de cuisine japonais avec une lame martel\u00e9e. Le kiritsuke a \u00e9t\u00e9 con\u00e7u comme un couteau polyvalent pour","robots":{"index":"index","follow":"follow","max-snippet":"max-snippet:-1","max-image-preview":"max-image-preview:large","max-video-preview":"max-video-preview:-1"},"canonical":"https:\/\/www.erresse-shop.it\/fr\/shop\/cuisine\/couteaux\/yaxell-super-gou-kiritsuke-20-cm\/","og_locale":"fr_FR","og_type":"article","og_title":"YAXELL Super Gou Kiritsuke 20 cm","og_description":"Le Yaxell Super Gou kiritsuke est un \u00e9l\u00e9gant couteau de cuisine japonais avec une lame martel\u00e9e. Le kiritsuke a \u00e9t\u00e9 con\u00e7u comme un couteau polyvalent pour","og_url":"https:\/\/www.erresse-shop.it\/fr\/shop\/cuisine\/couteaux\/yaxell-super-gou-kiritsuke-20-cm\/","og_site_name":"Erresse Shop","article_modified_time":"2024-06-11T00:02:44+00:00","og_image":[{"width":800,"height":800,"url":"https:\/\/www.erresse-shop.it\/wp-content\/uploads\/2023\/11\/Yaxell-37134-1.jpg","type":"image\/jpeg"}],"twitter_card":"summary_large_image","schema":{"@context":"https:\/\/schema.org","@graph":[{"@type":"WebPage","@id":"https:\/\/www.erresse-shop.it\/fr\/shop\/cuisine\/couteaux\/yaxell-super-gou-kiritsuke-20-cm\/","url":"https:\/\/www.erresse-shop.it\/fr\/shop\/cuisine\/couteaux\/yaxell-super-gou-kiritsuke-20-cm\/","name":"YAXELL Super Gou Kiritsuke 20 cm - Erresse Shop","isPartOf":{"@id":"https:\/\/www.erresse-shop.it\/fr\/#website"},"datePublished":"2023-11-29T11:56:32+00:00","dateModified":"2024-06-11T00:02:44+00:00","description":"Le Yaxell Super Gou kiritsuke est un \u00e9l\u00e9gant couteau de cuisine japonais avec une lame martel\u00e9e. Le kiritsuke a \u00e9t\u00e9 con\u00e7u comme un couteau polyvalent pour","breadcrumb":{"@id":"https:\/\/www.erresse-shop.it\/fr\/shop\/cuisine\/couteaux\/yaxell-super-gou-kiritsuke-20-cm\/#breadcrumb"},"inLanguage":"fr-FR","potentialAction":[{"@type":"ReadAction","target":["https:\/\/www.erresse-shop.it\/fr\/shop\/cuisine\/couteaux\/yaxell-super-gou-kiritsuke-20-cm\/"]}]},{"@type":"BreadcrumbList","@id":"https:\/\/www.erresse-shop.it\/fr\/shop\/cuisine\/couteaux\/yaxell-super-gou-kiritsuke-20-cm\/#breadcrumb","itemListElement":[{"@type":"ListItem","position":1,"name":"Home","item":"https:\/\/www.erresse-shop.it\/fr\/"},{"@type":"ListItem","position":2,"name":"Shop","item":"https:\/\/www.erresse-shop.it\/fr\/shop\/"},{"@type":"ListItem","position":3,"name":"YAXELL Super Gou Kiritsuke 20 cm"}]},{"@type":"WebSite","@id":"https:\/\/www.erresse-shop.it\/fr\/#website","url":"https:\/\/www.erresse-shop.it\/fr\/","name":"Erresse Shop","description":"Articoli di qualit\u00e0 per la casa","potentialAction":[{"@type":"SearchAction","target":{"@type":"EntryPoint","urlTemplate":"https:\/\/www.erresse-shop.it\/fr\/?s={search_term_string}"},"query-input":"required name=search_term_string"}],"inLanguage":"fr-FR"}]}},"df_price":367.20000000000005,"df_sale_price":367.20000000000005,"df_regular_price":459,"df_image_link":"https:\/\/www.erresse-shop.it\/wp-content\/uploads\/2023\/11\/Yaxell-37134-1-300x300.jpg","_links":{"self":[{"href":"https:\/\/www.erresse-shop.it\/fr\/wp-json\/wp\/v2\/product\/358643"}],"collection":[{"href":"https:\/\/www.erresse-shop.it\/fr\/wp-json\/wp\/v2\/product"}],"about":[{"href":"https:\/\/www.erresse-shop.it\/fr\/wp-json\/wp\/v2\/types\/product"}],"wp:featuredmedia":[{"embeddable":true,"href":"https:\/\/www.erresse-shop.it\/fr\/wp-json\/wp\/v2\/media\/358667"}],"wp:attachment":[{"href":"https:\/\/www.erresse-shop.it\/fr\/wp-json\/wp\/v2\/media?parent=358643"}],"wp:term":[{"taxonomy":"product_cat","embeddable":true,"href":"https:\/\/www.erresse-shop.it\/fr\/wp-json\/wp\/v2\/product_cat?post=358643"},{"taxonomy":"product_tag","embeddable":true,"href":"https:\/\/www.erresse-shop.it\/fr\/wp-json\/wp\/v2\/product_tag?post=358643"}],"curies":[{"name":"wp","href":"https:\/\/api.w.org\/{rel}","templated":true}]}}