{"id":354451,"date":"2023-11-24T07:43:51","date_gmt":"2023-11-24T07:43:56","guid":{"rendered":"https:\/\/www.erresse-shop.it\/?post_type=product&#038;p=354451"},"modified":"2023-11-24T07:47:54","modified_gmt":"2023-11-24T07:47:54","slug":"seletti-toiletpaper-tapis-de-cuisine-roses-with-eyes","status":"publish","type":"product","link":"https:\/\/www.erresse-shop.it\/fr\/shop\/ameublement-maison\/objets-de-decoration\/seletti-toiletpaper-tapis-de-cuisine-roses-with-eyes\/","title":{"rendered":"SELETTI Toiletpaper Tapis de cuisine Roses With Eyes"},"content":{"rendered":"<p>S\u00e9rie de tapis d\u00e9cor\u00e9s avec certaines des images les plus irr\u00e9v\u00e9rencieuses sign\u00e9es TOILETPAPER.<\/p>\n<p><strong>Mat<\/strong><\/p>\n<p><strong>Design\u00a0<\/strong>: Toiletaper<br \/>\n<strong>Mat\u00e9riel\u00a0<\/strong>: Polyester, front fait \u00e0 100% de plastique recycl\u00e9<br \/>\n<strong>Mesures\u00a0<\/strong>: cm 200.00 x 60.00 | IN 78.7 x 23,6<\/p>\n","protected":false},"excerpt":{"rendered":"<p>S\u00e9rie de tapis d\u00e9cor\u00e9s avec certaines des images les plus irr\u00e9v\u00e9rencieuses sign\u00e9es TOILETPAPER. Mat Design\u00a0: Toiletaper Mat\u00e9riel\u00a0: Polyester, front fait<\/p>\n","protected":false},"featured_media":354455,"template":"","meta":{"_acf_changed":false,"inline_featured_image":false},"product_cat":[12738,14441],"product_tag":[25021,22578,13101,13102],"acf":[],"yoast_head":"<!-- This site is optimized with the Yoast SEO Premium plugin v18.6 (Yoast SEO v19.13) - https:\/\/yoast.com\/wordpress\/plugins\/seo\/ -->\n<title>SELETTI Toiletpaper Tapis de cuisine Roses With Eyes - Erresse Shop<\/title>\n<meta name=\"description\" content=\"S\u00e9rie de tapis d\u00e9cor\u00e9s avec certaines des images les plus irr\u00e9v\u00e9rencieuses sign\u00e9es TOILETPAPER. Mat Design\u00a0: Toiletaper Mat\u00e9riel\u00a0: Polyester, front fait \u00e0\" \/>\n<meta name=\"robots\" content=\"index, follow, max-snippet:-1, max-image-preview:large, max-video-preview:-1\" \/>\n<link rel=\"canonical\" href=\"https:\/\/www.erresse-shop.it\/fr\/shop\/ameublement-maison\/objets-de-decoration\/seletti-toiletpaper-tapis-de-cuisine-roses-with-eyes\/\" \/>\n<meta property=\"og:locale\" content=\"fr_FR\" \/>\n<meta property=\"og:type\" content=\"article\" \/>\n<meta property=\"og:title\" content=\"SELETTI Toiletpaper Tapis de cuisine Roses With Eyes\" \/>\n<meta property=\"og:description\" content=\"S\u00e9rie de tapis d\u00e9cor\u00e9s avec certaines des images les plus irr\u00e9v\u00e9rencieuses sign\u00e9es TOILETPAPER. Mat Design\u00a0: Toiletaper Mat\u00e9riel\u00a0: Polyester, front fait \u00e0\" \/>\n<meta property=\"og:url\" content=\"https:\/\/www.erresse-shop.it\/fr\/shop\/ameublement-maison\/objets-de-decoration\/seletti-toiletpaper-tapis-de-cuisine-roses-with-eyes\/\" \/>\n<meta property=\"og:site_name\" content=\"Erresse Shop\" \/>\n<meta property=\"article:modified_time\" content=\"2023-11-24T07:47:54+00:00\" \/>\n<meta property=\"og:image\" content=\"https:\/\/www.erresse-shop.it\/wp-content\/uploads\/2023\/11\/Seletti-Toiletpaper-Roses.jpg\" \/>\n\t<meta property=\"og:image:width\" content=\"800\" \/>\n\t<meta property=\"og:image:height\" content=\"800\" \/>\n\t<meta property=\"og:image:type\" content=\"image\/jpeg\" \/>\n<meta name=\"twitter:card\" content=\"summary_large_image\" \/>\n<script type=\"application\/ld+json\" class=\"yoast-schema-graph\">{\"@context\":\"https:\/\/schema.org\",\"@graph\":[{\"@type\":\"WebPage\",\"@id\":\"https:\/\/www.erresse-shop.it\/fr\/shop\/ameublement-maison\/objets-de-decoration\/seletti-toiletpaper-tapis-de-cuisine-roses-with-eyes\/\",\"url\":\"https:\/\/www.erresse-shop.it\/fr\/shop\/ameublement-maison\/objets-de-decoration\/seletti-toiletpaper-tapis-de-cuisine-roses-with-eyes\/\",\"name\":\"SELETTI Toiletpaper Tapis de cuisine Roses With Eyes - Erresse Shop\",\"isPartOf\":{\"@id\":\"https:\/\/www.erresse-shop.it\/fr\/#website\"},\"datePublished\":\"2023-11-24T07:43:56+00:00\",\"dateModified\":\"2023-11-24T07:47:54+00:00\",\"description\":\"S\u00e9rie de tapis d\u00e9cor\u00e9s avec certaines des images les plus irr\u00e9v\u00e9rencieuses sign\u00e9es TOILETPAPER. Mat Design\u00a0: Toiletaper Mat\u00e9riel\u00a0: Polyester, front fait \u00e0\",\"breadcrumb\":{\"@id\":\"https:\/\/www.erresse-shop.it\/fr\/shop\/ameublement-maison\/objets-de-decoration\/seletti-toiletpaper-tapis-de-cuisine-roses-with-eyes\/#breadcrumb\"},\"inLanguage\":\"fr-FR\",\"potentialAction\":[{\"@type\":\"ReadAction\",\"target\":[\"https:\/\/www.erresse-shop.it\/fr\/shop\/ameublement-maison\/objets-de-decoration\/seletti-toiletpaper-tapis-de-cuisine-roses-with-eyes\/\"]}]},{\"@type\":\"BreadcrumbList\",\"@id\":\"https:\/\/www.erresse-shop.it\/fr\/shop\/ameublement-maison\/objets-de-decoration\/seletti-toiletpaper-tapis-de-cuisine-roses-with-eyes\/#breadcrumb\",\"itemListElement\":[{\"@type\":\"ListItem\",\"position\":1,\"name\":\"Home\",\"item\":\"https:\/\/www.erresse-shop.it\/fr\/\"},{\"@type\":\"ListItem\",\"position\":2,\"name\":\"Shop\",\"item\":\"https:\/\/www.erresse-shop.it\/fr\/shop\/\"},{\"@type\":\"ListItem\",\"position\":3,\"name\":\"SELETTI Toiletpaper Tapis de cuisine Roses With Eyes\"}]},{\"@type\":\"WebSite\",\"@id\":\"https:\/\/www.erresse-shop.it\/fr\/#website\",\"url\":\"https:\/\/www.erresse-shop.it\/fr\/\",\"name\":\"Erresse Shop\",\"description\":\"Articoli di qualit\u00e0 per la casa\",\"potentialAction\":[{\"@type\":\"SearchAction\",\"target\":{\"@type\":\"EntryPoint\",\"urlTemplate\":\"https:\/\/www.erresse-shop.it\/fr\/?s={search_term_string}\"},\"query-input\":\"required name=search_term_string\"}],\"inLanguage\":\"fr-FR\"}]}<\/script>\n<!-- \/ Yoast SEO Premium plugin. -->","yoast_head_json":{"title":"SELETTI Toiletpaper Tapis de cuisine Roses With Eyes - Erresse Shop","description":"S\u00e9rie de tapis d\u00e9cor\u00e9s avec certaines des images les plus irr\u00e9v\u00e9rencieuses sign\u00e9es TOILETPAPER. Mat Design\u00a0: Toiletaper Mat\u00e9riel\u00a0: Polyester, front fait \u00e0","robots":{"index":"index","follow":"follow","max-snippet":"max-snippet:-1","max-image-preview":"max-image-preview:large","max-video-preview":"max-video-preview:-1"},"canonical":"https:\/\/www.erresse-shop.it\/fr\/shop\/ameublement-maison\/objets-de-decoration\/seletti-toiletpaper-tapis-de-cuisine-roses-with-eyes\/","og_locale":"fr_FR","og_type":"article","og_title":"SELETTI Toiletpaper Tapis de cuisine Roses With Eyes","og_description":"S\u00e9rie de tapis d\u00e9cor\u00e9s avec certaines des images les plus irr\u00e9v\u00e9rencieuses sign\u00e9es TOILETPAPER. Mat Design\u00a0: Toiletaper Mat\u00e9riel\u00a0: Polyester, front fait \u00e0","og_url":"https:\/\/www.erresse-shop.it\/fr\/shop\/ameublement-maison\/objets-de-decoration\/seletti-toiletpaper-tapis-de-cuisine-roses-with-eyes\/","og_site_name":"Erresse Shop","article_modified_time":"2023-11-24T07:47:54+00:00","og_image":[{"width":800,"height":800,"url":"https:\/\/www.erresse-shop.it\/wp-content\/uploads\/2023\/11\/Seletti-Toiletpaper-Roses.jpg","type":"image\/jpeg"}],"twitter_card":"summary_large_image","schema":{"@context":"https:\/\/schema.org","@graph":[{"@type":"WebPage","@id":"https:\/\/www.erresse-shop.it\/fr\/shop\/ameublement-maison\/objets-de-decoration\/seletti-toiletpaper-tapis-de-cuisine-roses-with-eyes\/","url":"https:\/\/www.erresse-shop.it\/fr\/shop\/ameublement-maison\/objets-de-decoration\/seletti-toiletpaper-tapis-de-cuisine-roses-with-eyes\/","name":"SELETTI Toiletpaper Tapis de cuisine Roses With Eyes - Erresse Shop","isPartOf":{"@id":"https:\/\/www.erresse-shop.it\/fr\/#website"},"datePublished":"2023-11-24T07:43:56+00:00","dateModified":"2023-11-24T07:47:54+00:00","description":"S\u00e9rie de tapis d\u00e9cor\u00e9s avec certaines des images les plus irr\u00e9v\u00e9rencieuses sign\u00e9es TOILETPAPER. Mat Design\u00a0: Toiletaper Mat\u00e9riel\u00a0: Polyester, front fait \u00e0","breadcrumb":{"@id":"https:\/\/www.erresse-shop.it\/fr\/shop\/ameublement-maison\/objets-de-decoration\/seletti-toiletpaper-tapis-de-cuisine-roses-with-eyes\/#breadcrumb"},"inLanguage":"fr-FR","potentialAction":[{"@type":"ReadAction","target":["https:\/\/www.erresse-shop.it\/fr\/shop\/ameublement-maison\/objets-de-decoration\/seletti-toiletpaper-tapis-de-cuisine-roses-with-eyes\/"]}]},{"@type":"BreadcrumbList","@id":"https:\/\/www.erresse-shop.it\/fr\/shop\/ameublement-maison\/objets-de-decoration\/seletti-toiletpaper-tapis-de-cuisine-roses-with-eyes\/#breadcrumb","itemListElement":[{"@type":"ListItem","position":1,"name":"Home","item":"https:\/\/www.erresse-shop.it\/fr\/"},{"@type":"ListItem","position":2,"name":"Shop","item":"https:\/\/www.erresse-shop.it\/fr\/shop\/"},{"@type":"ListItem","position":3,"name":"SELETTI Toiletpaper Tapis de cuisine Roses With Eyes"}]},{"@type":"WebSite","@id":"https:\/\/www.erresse-shop.it\/fr\/#website","url":"https:\/\/www.erresse-shop.it\/fr\/","name":"Erresse Shop","description":"Articoli di qualit\u00e0 per la casa","potentialAction":[{"@type":"SearchAction","target":{"@type":"EntryPoint","urlTemplate":"https:\/\/www.erresse-shop.it\/fr\/?s={search_term_string}"},"query-input":"required name=search_term_string"}],"inLanguage":"fr-FR"}]}},"df_price":31.05,"df_sale_price":31.05,"df_regular_price":69,"df_image_link":"https:\/\/www.erresse-shop.it\/wp-content\/uploads\/2023\/11\/Seletti-Toiletpaper-Roses-300x300.jpg","_links":{"self":[{"href":"https:\/\/www.erresse-shop.it\/fr\/wp-json\/wp\/v2\/product\/354451"}],"collection":[{"href":"https:\/\/www.erresse-shop.it\/fr\/wp-json\/wp\/v2\/product"}],"about":[{"href":"https:\/\/www.erresse-shop.it\/fr\/wp-json\/wp\/v2\/types\/product"}],"wp:featuredmedia":[{"embeddable":true,"href":"https:\/\/www.erresse-shop.it\/fr\/wp-json\/wp\/v2\/media\/354455"}],"wp:attachment":[{"href":"https:\/\/www.erresse-shop.it\/fr\/wp-json\/wp\/v2\/media?parent=354451"}],"wp:term":[{"taxonomy":"product_cat","embeddable":true,"href":"https:\/\/www.erresse-shop.it\/fr\/wp-json\/wp\/v2\/product_cat?post=354451"},{"taxonomy":"product_tag","embeddable":true,"href":"https:\/\/www.erresse-shop.it\/fr\/wp-json\/wp\/v2\/product_tag?post=354451"}],"curies":[{"name":"wp","href":"https:\/\/api.w.org\/{rel}","templated":true}]}}