{"id":353967,"date":"2023-11-23T10:07:04","date_gmt":"2023-11-23T10:07:09","guid":{"rendered":"https:\/\/www.erresse-shop.it\/?post_type=product&#038;p=353967"},"modified":"2023-11-23T10:27:23","modified_gmt":"2023-11-23T10:27:23","slug":"seletti-lampe-a-led-mensonge-blanc","status":"publish","type":"product","link":"https:\/\/www.erresse-shop.it\/fr\/shop\/ameublement-maison\/lampes\/seletti-lampe-a-led-mensonge-blanc\/","title":{"rendered":"SELETTI Lampe \u00e0 Led Mensonge Blanc"},"content":{"rendered":"<p>Un objet qui rappelle des souvenirs anciens, des d\u00eeners aux chandelles, des choses simples mais tr\u00e8s pr\u00e9cieuses. La lampe de mensonge vous fera revivre ces moments en un seul clic. Vous pouvez l\u2019emmener o\u00f9 vous voulez pour faire de chaque endroit magique.<\/p>\n<p>Lampe<\/p>\n<p>Design\u00a0: BLOW<\/p>\n<p>Mat\u00e9riau\u00a0: R\u00e9sine<\/p>\n<p>Dimensions\u00a0: cm. 22 x 28 h. 31 | 8.6&#8243; x 11&#8243; x h. 12,2&#8243;<\/p>\n<p>Batterie portable rechargeable<\/p>\n<p>Ampoule LED 3W \/ 180 Lumen \/ 2200 K \/ E 14<\/p>\n","protected":false},"excerpt":{"rendered":"<p>Un objet qui rappelle des souvenirs anciens, des d\u00eeners aux chandelles, des choses simples mais tr\u00e8s pr\u00e9cieuses. La lampe de<\/p>\n","protected":false},"featured_media":353975,"template":"","meta":{"_acf_changed":false,"inline_featured_image":false},"product_cat":[12738,12741],"product_tag":[],"acf":[],"yoast_head":"<!-- This site is optimized with the Yoast SEO Premium plugin v18.6 (Yoast SEO v19.13) - https:\/\/yoast.com\/wordpress\/plugins\/seo\/ -->\n<title>SELETTI Lampe \u00e0 Led Mensonge Blanc - Erresse Shop<\/title>\n<meta name=\"description\" content=\"Un objet qui rappelle des souvenirs anciens, des d\u00eeners aux chandelles, des choses simples mais tr\u00e8s pr\u00e9cieuses. La lampe de mensonge vous fera revivre\" \/>\n<meta name=\"robots\" content=\"index, follow, max-snippet:-1, max-image-preview:large, max-video-preview:-1\" \/>\n<link rel=\"canonical\" href=\"https:\/\/www.erresse-shop.it\/fr\/shop\/ameublement-maison\/lampes\/seletti-lampe-a-led-mensonge-blanc\/\" \/>\n<meta property=\"og:locale\" content=\"fr_FR\" \/>\n<meta property=\"og:type\" content=\"article\" \/>\n<meta property=\"og:title\" content=\"SELETTI Lampe \u00e0 Led Mensonge Blanc\" \/>\n<meta property=\"og:description\" content=\"Un objet qui rappelle des souvenirs anciens, des d\u00eeners aux chandelles, des choses simples mais tr\u00e8s pr\u00e9cieuses. La lampe de mensonge vous fera revivre\" \/>\n<meta property=\"og:url\" content=\"https:\/\/www.erresse-shop.it\/fr\/shop\/ameublement-maison\/lampes\/seletti-lampe-a-led-mensonge-blanc\/\" \/>\n<meta property=\"og:site_name\" content=\"Erresse Shop\" \/>\n<meta property=\"article:modified_time\" content=\"2023-11-23T10:27:23+00:00\" \/>\n<meta property=\"og:image\" content=\"https:\/\/www.erresse-shop.it\/wp-content\/uploads\/2023\/11\/seletti-lampada-led-grimm-13110.jpg\" \/>\n\t<meta property=\"og:image:width\" content=\"800\" \/>\n\t<meta property=\"og:image:height\" content=\"800\" \/>\n\t<meta property=\"og:image:type\" content=\"image\/jpeg\" \/>\n<meta name=\"twitter:card\" content=\"summary_large_image\" \/>\n<script type=\"application\/ld+json\" class=\"yoast-schema-graph\">{\"@context\":\"https:\/\/schema.org\",\"@graph\":[{\"@type\":\"WebPage\",\"@id\":\"https:\/\/www.erresse-shop.it\/fr\/shop\/ameublement-maison\/lampes\/seletti-lampe-a-led-mensonge-blanc\/\",\"url\":\"https:\/\/www.erresse-shop.it\/fr\/shop\/ameublement-maison\/lampes\/seletti-lampe-a-led-mensonge-blanc\/\",\"name\":\"SELETTI Lampe \u00e0 Led Mensonge Blanc - Erresse Shop\",\"isPartOf\":{\"@id\":\"https:\/\/www.erresse-shop.it\/fr\/#website\"},\"datePublished\":\"2023-11-23T10:07:09+00:00\",\"dateModified\":\"2023-11-23T10:27:23+00:00\",\"description\":\"Un objet qui rappelle des souvenirs anciens, des d\u00eeners aux chandelles, des choses simples mais tr\u00e8s pr\u00e9cieuses. La lampe de mensonge vous fera revivre\",\"breadcrumb\":{\"@id\":\"https:\/\/www.erresse-shop.it\/fr\/shop\/ameublement-maison\/lampes\/seletti-lampe-a-led-mensonge-blanc\/#breadcrumb\"},\"inLanguage\":\"fr-FR\",\"potentialAction\":[{\"@type\":\"ReadAction\",\"target\":[\"https:\/\/www.erresse-shop.it\/fr\/shop\/ameublement-maison\/lampes\/seletti-lampe-a-led-mensonge-blanc\/\"]}]},{\"@type\":\"BreadcrumbList\",\"@id\":\"https:\/\/www.erresse-shop.it\/fr\/shop\/ameublement-maison\/lampes\/seletti-lampe-a-led-mensonge-blanc\/#breadcrumb\",\"itemListElement\":[{\"@type\":\"ListItem\",\"position\":1,\"name\":\"Home\",\"item\":\"https:\/\/www.erresse-shop.it\/fr\/\"},{\"@type\":\"ListItem\",\"position\":2,\"name\":\"Shop\",\"item\":\"https:\/\/www.erresse-shop.it\/fr\/shop\/\"},{\"@type\":\"ListItem\",\"position\":3,\"name\":\"SELETTI Lampe \u00e0 Led Mensonge Blanc\"}]},{\"@type\":\"WebSite\",\"@id\":\"https:\/\/www.erresse-shop.it\/fr\/#website\",\"url\":\"https:\/\/www.erresse-shop.it\/fr\/\",\"name\":\"Erresse Shop\",\"description\":\"Articoli di qualit\u00e0 per la casa\",\"potentialAction\":[{\"@type\":\"SearchAction\",\"target\":{\"@type\":\"EntryPoint\",\"urlTemplate\":\"https:\/\/www.erresse-shop.it\/fr\/?s={search_term_string}\"},\"query-input\":\"required name=search_term_string\"}],\"inLanguage\":\"fr-FR\"}]}<\/script>\n<!-- \/ Yoast SEO Premium plugin. -->","yoast_head_json":{"title":"SELETTI Lampe \u00e0 Led Mensonge Blanc - Erresse Shop","description":"Un objet qui rappelle des souvenirs anciens, des d\u00eeners aux chandelles, des choses simples mais tr\u00e8s pr\u00e9cieuses. La lampe de mensonge vous fera revivre","robots":{"index":"index","follow":"follow","max-snippet":"max-snippet:-1","max-image-preview":"max-image-preview:large","max-video-preview":"max-video-preview:-1"},"canonical":"https:\/\/www.erresse-shop.it\/fr\/shop\/ameublement-maison\/lampes\/seletti-lampe-a-led-mensonge-blanc\/","og_locale":"fr_FR","og_type":"article","og_title":"SELETTI Lampe \u00e0 Led Mensonge Blanc","og_description":"Un objet qui rappelle des souvenirs anciens, des d\u00eeners aux chandelles, des choses simples mais tr\u00e8s pr\u00e9cieuses. La lampe de mensonge vous fera revivre","og_url":"https:\/\/www.erresse-shop.it\/fr\/shop\/ameublement-maison\/lampes\/seletti-lampe-a-led-mensonge-blanc\/","og_site_name":"Erresse Shop","article_modified_time":"2023-11-23T10:27:23+00:00","og_image":[{"width":800,"height":800,"url":"https:\/\/www.erresse-shop.it\/wp-content\/uploads\/2023\/11\/seletti-lampada-led-grimm-13110.jpg","type":"image\/jpeg"}],"twitter_card":"summary_large_image","schema":{"@context":"https:\/\/schema.org","@graph":[{"@type":"WebPage","@id":"https:\/\/www.erresse-shop.it\/fr\/shop\/ameublement-maison\/lampes\/seletti-lampe-a-led-mensonge-blanc\/","url":"https:\/\/www.erresse-shop.it\/fr\/shop\/ameublement-maison\/lampes\/seletti-lampe-a-led-mensonge-blanc\/","name":"SELETTI Lampe \u00e0 Led Mensonge Blanc - Erresse Shop","isPartOf":{"@id":"https:\/\/www.erresse-shop.it\/fr\/#website"},"datePublished":"2023-11-23T10:07:09+00:00","dateModified":"2023-11-23T10:27:23+00:00","description":"Un objet qui rappelle des souvenirs anciens, des d\u00eeners aux chandelles, des choses simples mais tr\u00e8s pr\u00e9cieuses. La lampe de mensonge vous fera revivre","breadcrumb":{"@id":"https:\/\/www.erresse-shop.it\/fr\/shop\/ameublement-maison\/lampes\/seletti-lampe-a-led-mensonge-blanc\/#breadcrumb"},"inLanguage":"fr-FR","potentialAction":[{"@type":"ReadAction","target":["https:\/\/www.erresse-shop.it\/fr\/shop\/ameublement-maison\/lampes\/seletti-lampe-a-led-mensonge-blanc\/"]}]},{"@type":"BreadcrumbList","@id":"https:\/\/www.erresse-shop.it\/fr\/shop\/ameublement-maison\/lampes\/seletti-lampe-a-led-mensonge-blanc\/#breadcrumb","itemListElement":[{"@type":"ListItem","position":1,"name":"Home","item":"https:\/\/www.erresse-shop.it\/fr\/"},{"@type":"ListItem","position":2,"name":"Shop","item":"https:\/\/www.erresse-shop.it\/fr\/shop\/"},{"@type":"ListItem","position":3,"name":"SELETTI Lampe \u00e0 Led Mensonge Blanc"}]},{"@type":"WebSite","@id":"https:\/\/www.erresse-shop.it\/fr\/#website","url":"https:\/\/www.erresse-shop.it\/fr\/","name":"Erresse Shop","description":"Articoli di qualit\u00e0 per la casa","potentialAction":[{"@type":"SearchAction","target":{"@type":"EntryPoint","urlTemplate":"https:\/\/www.erresse-shop.it\/fr\/?s={search_term_string}"},"query-input":"required name=search_term_string"}],"inLanguage":"fr-FR"}]}},"df_price":119.95,"df_sale_price":119.95,"df_regular_price":198,"df_image_link":"https:\/\/www.erresse-shop.it\/wp-content\/uploads\/2023\/11\/seletti-lampada-led-grimm-13110-300x300.jpg","_links":{"self":[{"href":"https:\/\/www.erresse-shop.it\/fr\/wp-json\/wp\/v2\/product\/353967"}],"collection":[{"href":"https:\/\/www.erresse-shop.it\/fr\/wp-json\/wp\/v2\/product"}],"about":[{"href":"https:\/\/www.erresse-shop.it\/fr\/wp-json\/wp\/v2\/types\/product"}],"wp:featuredmedia":[{"embeddable":true,"href":"https:\/\/www.erresse-shop.it\/fr\/wp-json\/wp\/v2\/media\/353975"}],"wp:attachment":[{"href":"https:\/\/www.erresse-shop.it\/fr\/wp-json\/wp\/v2\/media?parent=353967"}],"wp:term":[{"taxonomy":"product_cat","embeddable":true,"href":"https:\/\/www.erresse-shop.it\/fr\/wp-json\/wp\/v2\/product_cat?post=353967"},{"taxonomy":"product_tag","embeddable":true,"href":"https:\/\/www.erresse-shop.it\/fr\/wp-json\/wp\/v2\/product_tag?post=353967"}],"curies":[{"name":"wp","href":"https:\/\/api.w.org\/{rel}","templated":true}]}}