{"id":348874,"date":"2023-11-13T09:19:56","date_gmt":"2023-11-13T09:20:00","guid":{"rendered":"https:\/\/www.erresse-shop.it\/?post_type=product&#038;p=348874"},"modified":"2025-01-14T17:46:54","modified_gmt":"2025-01-14T17:46:54","slug":"giannini-set-2-pieces-joint-detancheite-cafetiere-giannina-3-1-tasses","status":"publish","type":"product","link":"https:\/\/www.erresse-shop.it\/fr\/shop\/cafe\/accessoires-fr-2\/giannini-set-2-pieces-joint-detancheite-cafetiere-giannina-3-1-tasses\/","title":{"rendered":"GIANNINI Set 2 pi\u00e8ces Joint d&#8217;\u00e9tanch\u00e9it\u00e9 Cafeti\u00e8re Giannina 9\/6 tasses"},"content":{"rendered":"<p><strong>GIANNINI<\/strong><\/p>\n<p>Jeu de 2 joints en caoutchouc bleu clair pour la cafeti\u00e8re 9\/6 tasses Giannina.<\/p>\n<p>Pi\u00e8ces de rechange originales fabriqu\u00e9es en Italie<\/p>\n","protected":false},"excerpt":{"rendered":"<p>GIANNINI Jeu de 2 joints en caoutchouc bleu clair pour la cafeti\u00e8re 9\/6 tasses Giannina. Pi\u00e8ces de rechange originales fabriqu\u00e9es<\/p>\n","protected":false},"featured_media":348885,"template":"","meta":{"_acf_changed":false,"inline_featured_image":false},"product_cat":[25355,25350],"product_tag":[25026,23608,12830,23563,25021,24397,12831,12832,13441,23984],"acf":[],"yoast_head":"<!-- This site is optimized with the Yoast SEO Premium plugin v18.6 (Yoast SEO v19.13) - https:\/\/yoast.com\/wordpress\/plugins\/seo\/ -->\n<title>GIANNINI Set 2 pi\u00e8ces Joint d&#039;\u00e9tanch\u00e9it\u00e9 Cafeti\u00e8re Giannina 9\/6 tasses<\/title>\n<meta name=\"description\" content=\"D\u00e9couvrez GIANNINI Set 2 pi\u00e8ces Joint d&#039;\u00e9tanch\u00e9it\u00e9 Cafeti\u00e8re Giannina 9\/6 tasses sur ErresseShop. Qualit\u00e9, prix r\u00e9duits et achat s\u00e9curis\u00e9 \u2013 commandez d\u00e8s maintenant en ligne !\" \/>\n<meta name=\"robots\" content=\"index, follow, max-snippet:-1, max-image-preview:large, max-video-preview:-1\" \/>\n<link rel=\"canonical\" href=\"https:\/\/www.erresse-shop.it\/fr\/shop\/cafe\/accessoires-fr-2\/giannini-set-2-pieces-joint-detancheite-cafetiere-giannina-3-1-tasses\/\" \/>\n<meta property=\"og:locale\" content=\"fr_FR\" \/>\n<meta property=\"og:type\" content=\"article\" \/>\n<meta property=\"og:title\" content=\"GIANNINI Set 2 pi\u00e8ces Joint d&#039;\u00e9tanch\u00e9it\u00e9 Cafeti\u00e8re Giannina 9\/6 tasses\" \/>\n<meta property=\"og:description\" content=\"D\u00e9couvrez GIANNINI Set 2 pi\u00e8ces Joint d&#039;\u00e9tanch\u00e9it\u00e9 Cafeti\u00e8re Giannina 9\/6 tasses sur ErresseShop. Qualit\u00e9, prix r\u00e9duits et achat s\u00e9curis\u00e9 \u2013 commandez d\u00e8s maintenant en ligne !\" \/>\n<meta property=\"og:url\" content=\"https:\/\/www.erresse-shop.it\/fr\/shop\/cafe\/accessoires-fr-2\/giannini-set-2-pieces-joint-detancheite-cafetiere-giannina-3-1-tasses\/\" \/>\n<meta property=\"og:site_name\" content=\"Erresse Shop\" \/>\n<meta property=\"article:modified_time\" content=\"2025-01-14T17:46:54+00:00\" \/>\n<meta property=\"og:image\" content=\"https:\/\/www.erresse-shop.it\/wp-content\/uploads\/2023\/11\/GIANNINI-Set-2-pz-Guarnizione-Caffettiera-Giannina-9-6-tazze.jpg\" \/>\n\t<meta property=\"og:image:width\" content=\"800\" \/>\n\t<meta property=\"og:image:height\" content=\"800\" \/>\n\t<meta property=\"og:image:type\" content=\"image\/jpeg\" \/>\n<meta name=\"twitter:card\" content=\"summary_large_image\" \/>\n<script type=\"application\/ld+json\" class=\"yoast-schema-graph\">{\"@context\":\"https:\/\/schema.org\",\"@graph\":[{\"@type\":\"WebPage\",\"@id\":\"https:\/\/www.erresse-shop.it\/fr\/shop\/cafe\/accessoires-fr-2\/giannini-set-2-pieces-joint-detancheite-cafetiere-giannina-3-1-tasses\/\",\"url\":\"https:\/\/www.erresse-shop.it\/fr\/shop\/cafe\/accessoires-fr-2\/giannini-set-2-pieces-joint-detancheite-cafetiere-giannina-3-1-tasses\/\",\"name\":\"GIANNINI Set 2 pi\u00e8ces Joint d'\u00e9tanch\u00e9it\u00e9 Cafeti\u00e8re Giannina 9\/6 tasses\",\"isPartOf\":{\"@id\":\"https:\/\/www.erresse-shop.it\/fr\/#website\"},\"datePublished\":\"2023-11-13T09:20:00+00:00\",\"dateModified\":\"2025-01-14T17:46:54+00:00\",\"description\":\"D\u00e9couvrez GIANNINI Set 2 pi\u00e8ces Joint d'\u00e9tanch\u00e9it\u00e9 Cafeti\u00e8re Giannina 9\/6 tasses sur ErresseShop. Qualit\u00e9, prix r\u00e9duits et achat s\u00e9curis\u00e9 \u2013 commandez d\u00e8s maintenant en ligne !\",\"breadcrumb\":{\"@id\":\"https:\/\/www.erresse-shop.it\/fr\/shop\/cafe\/accessoires-fr-2\/giannini-set-2-pieces-joint-detancheite-cafetiere-giannina-3-1-tasses\/#breadcrumb\"},\"inLanguage\":\"fr-FR\",\"potentialAction\":[{\"@type\":\"ReadAction\",\"target\":[\"https:\/\/www.erresse-shop.it\/fr\/shop\/cafe\/accessoires-fr-2\/giannini-set-2-pieces-joint-detancheite-cafetiere-giannina-3-1-tasses\/\"]}]},{\"@type\":\"BreadcrumbList\",\"@id\":\"https:\/\/www.erresse-shop.it\/fr\/shop\/cafe\/accessoires-fr-2\/giannini-set-2-pieces-joint-detancheite-cafetiere-giannina-3-1-tasses\/#breadcrumb\",\"itemListElement\":[{\"@type\":\"ListItem\",\"position\":1,\"name\":\"Home\",\"item\":\"https:\/\/www.erresse-shop.it\/fr\/\"},{\"@type\":\"ListItem\",\"position\":2,\"name\":\"Shop\",\"item\":\"https:\/\/www.erresse-shop.it\/fr\/shop\/\"},{\"@type\":\"ListItem\",\"position\":3,\"name\":\"GIANNINI Set 2 pi\u00e8ces Joint d&#8217;\u00e9tanch\u00e9it\u00e9 Cafeti\u00e8re Giannina 9\/6 tasses\"}]},{\"@type\":\"WebSite\",\"@id\":\"https:\/\/www.erresse-shop.it\/fr\/#website\",\"url\":\"https:\/\/www.erresse-shop.it\/fr\/\",\"name\":\"Erresse Shop\",\"description\":\"Articoli di qualit\u00e0 per la casa\",\"potentialAction\":[{\"@type\":\"SearchAction\",\"target\":{\"@type\":\"EntryPoint\",\"urlTemplate\":\"https:\/\/www.erresse-shop.it\/fr\/?s={search_term_string}\"},\"query-input\":\"required name=search_term_string\"}],\"inLanguage\":\"fr-FR\"}]}<\/script>\n<!-- \/ Yoast SEO Premium plugin. -->","yoast_head_json":{"title":"GIANNINI Set 2 pi\u00e8ces Joint d'\u00e9tanch\u00e9it\u00e9 Cafeti\u00e8re Giannina 9\/6 tasses","description":"D\u00e9couvrez GIANNINI Set 2 pi\u00e8ces Joint d'\u00e9tanch\u00e9it\u00e9 Cafeti\u00e8re Giannina 9\/6 tasses sur ErresseShop. Qualit\u00e9, prix r\u00e9duits et achat s\u00e9curis\u00e9 \u2013 commandez d\u00e8s maintenant en ligne !","robots":{"index":"index","follow":"follow","max-snippet":"max-snippet:-1","max-image-preview":"max-image-preview:large","max-video-preview":"max-video-preview:-1"},"canonical":"https:\/\/www.erresse-shop.it\/fr\/shop\/cafe\/accessoires-fr-2\/giannini-set-2-pieces-joint-detancheite-cafetiere-giannina-3-1-tasses\/","og_locale":"fr_FR","og_type":"article","og_title":"GIANNINI Set 2 pi\u00e8ces Joint d'\u00e9tanch\u00e9it\u00e9 Cafeti\u00e8re Giannina 9\/6 tasses","og_description":"D\u00e9couvrez GIANNINI Set 2 pi\u00e8ces Joint d'\u00e9tanch\u00e9it\u00e9 Cafeti\u00e8re Giannina 9\/6 tasses sur ErresseShop. Qualit\u00e9, prix r\u00e9duits et achat s\u00e9curis\u00e9 \u2013 commandez d\u00e8s maintenant en ligne !","og_url":"https:\/\/www.erresse-shop.it\/fr\/shop\/cafe\/accessoires-fr-2\/giannini-set-2-pieces-joint-detancheite-cafetiere-giannina-3-1-tasses\/","og_site_name":"Erresse Shop","article_modified_time":"2025-01-14T17:46:54+00:00","og_image":[{"width":800,"height":800,"url":"https:\/\/www.erresse-shop.it\/wp-content\/uploads\/2023\/11\/GIANNINI-Set-2-pz-Guarnizione-Caffettiera-Giannina-9-6-tazze.jpg","type":"image\/jpeg"}],"twitter_card":"summary_large_image","schema":{"@context":"https:\/\/schema.org","@graph":[{"@type":"WebPage","@id":"https:\/\/www.erresse-shop.it\/fr\/shop\/cafe\/accessoires-fr-2\/giannini-set-2-pieces-joint-detancheite-cafetiere-giannina-3-1-tasses\/","url":"https:\/\/www.erresse-shop.it\/fr\/shop\/cafe\/accessoires-fr-2\/giannini-set-2-pieces-joint-detancheite-cafetiere-giannina-3-1-tasses\/","name":"GIANNINI Set 2 pi\u00e8ces Joint d'\u00e9tanch\u00e9it\u00e9 Cafeti\u00e8re Giannina 9\/6 tasses","isPartOf":{"@id":"https:\/\/www.erresse-shop.it\/fr\/#website"},"datePublished":"2023-11-13T09:20:00+00:00","dateModified":"2025-01-14T17:46:54+00:00","description":"D\u00e9couvrez GIANNINI Set 2 pi\u00e8ces Joint d'\u00e9tanch\u00e9it\u00e9 Cafeti\u00e8re Giannina 9\/6 tasses sur ErresseShop. Qualit\u00e9, prix r\u00e9duits et achat s\u00e9curis\u00e9 \u2013 commandez d\u00e8s maintenant en ligne !","breadcrumb":{"@id":"https:\/\/www.erresse-shop.it\/fr\/shop\/cafe\/accessoires-fr-2\/giannini-set-2-pieces-joint-detancheite-cafetiere-giannina-3-1-tasses\/#breadcrumb"},"inLanguage":"fr-FR","potentialAction":[{"@type":"ReadAction","target":["https:\/\/www.erresse-shop.it\/fr\/shop\/cafe\/accessoires-fr-2\/giannini-set-2-pieces-joint-detancheite-cafetiere-giannina-3-1-tasses\/"]}]},{"@type":"BreadcrumbList","@id":"https:\/\/www.erresse-shop.it\/fr\/shop\/cafe\/accessoires-fr-2\/giannini-set-2-pieces-joint-detancheite-cafetiere-giannina-3-1-tasses\/#breadcrumb","itemListElement":[{"@type":"ListItem","position":1,"name":"Home","item":"https:\/\/www.erresse-shop.it\/fr\/"},{"@type":"ListItem","position":2,"name":"Shop","item":"https:\/\/www.erresse-shop.it\/fr\/shop\/"},{"@type":"ListItem","position":3,"name":"GIANNINI Set 2 pi\u00e8ces Joint d&#8217;\u00e9tanch\u00e9it\u00e9 Cafeti\u00e8re Giannina 9\/6 tasses"}]},{"@type":"WebSite","@id":"https:\/\/www.erresse-shop.it\/fr\/#website","url":"https:\/\/www.erresse-shop.it\/fr\/","name":"Erresse Shop","description":"Articoli di qualit\u00e0 per la casa","potentialAction":[{"@type":"SearchAction","target":{"@type":"EntryPoint","urlTemplate":"https:\/\/www.erresse-shop.it\/fr\/?s={search_term_string}"},"query-input":"required name=search_term_string"}],"inLanguage":"fr-FR"}]}},"df_price":13,"df_sale_price":13,"df_regular_price":13,"df_image_link":"https:\/\/www.erresse-shop.it\/wp-content\/uploads\/2023\/11\/GIANNINI-Set-2-pz-Guarnizione-Caffettiera-Giannina-9-6-tazze-300x300.jpg","_links":{"self":[{"href":"https:\/\/www.erresse-shop.it\/fr\/wp-json\/wp\/v2\/product\/348874"}],"collection":[{"href":"https:\/\/www.erresse-shop.it\/fr\/wp-json\/wp\/v2\/product"}],"about":[{"href":"https:\/\/www.erresse-shop.it\/fr\/wp-json\/wp\/v2\/types\/product"}],"wp:featuredmedia":[{"embeddable":true,"href":"https:\/\/www.erresse-shop.it\/fr\/wp-json\/wp\/v2\/media\/348885"}],"wp:attachment":[{"href":"https:\/\/www.erresse-shop.it\/fr\/wp-json\/wp\/v2\/media?parent=348874"}],"wp:term":[{"taxonomy":"product_cat","embeddable":true,"href":"https:\/\/www.erresse-shop.it\/fr\/wp-json\/wp\/v2\/product_cat?post=348874"},{"taxonomy":"product_tag","embeddable":true,"href":"https:\/\/www.erresse-shop.it\/fr\/wp-json\/wp\/v2\/product_tag?post=348874"}],"curies":[{"name":"wp","href":"https:\/\/api.w.org\/{rel}","templated":true}]}}