{"id":348805,"date":"2023-11-13T08:17:27","date_gmt":"2023-11-13T08:17:33","guid":{"rendered":"https:\/\/www.erresse-shop.it\/?post_type=product&#038;p=348805"},"modified":"2025-01-14T17:30:05","modified_gmt":"2025-01-14T17:30:05","slug":"bissell-crosswave-x7-plus-cordless-pet-select","status":"publish","type":"product","link":"https:\/\/www.erresse-shop.it\/fr\/shop\/petits-electromenagers\/aspirateurs\/bissell-crosswave-x7-plus-cordless-pet-select\/","title":{"rendered":"BISSELL Crosswave X7 Plus Cordless Pet Select"},"content":{"rendered":"<p>Le <strong>CrossWave X7 Plus Cordless Pet Select<\/strong> est id\u00e9al pour les foyers ayant des amis \u00e0 quatre pattes. Puissant et l\u00e9ger, cet appareil est la solution parfaite pour tous vos besoins de nettoyage : de l&#8217;aspiration rapide au nettoyage en profondeur. Le moteur num\u00e9rique est durable et performant. Avec ses 45 000 tr\/min, il offre une aspiration puissante et jusqu&#8217;\u00e0 30 minutes d&#8217;autonomie.<\/p>\n<p>Avec le nettoyage humide, il aspire et lave simultan\u00e9ment les sols durs et les tapis scell\u00e9s, combinant ainsi les \u00e9tapes de nettoyage et vous faisant gagner du temps. Contrairement \u00e0 l&#8217;utilisation d&#8217;une serpilli\u00e8re et d&#8217;un seau, la technologie \u00e0 double r\u00e9servoir s\u00e9pare l&#8217;eau propre de l&#8217;eau sale. Avec le CrossWave X7 Plus Cordless Pet Select, vous nettoyez toujours vos sols avec de l&#8217;eau propre. Trois modes de nettoyage int\u00e9gr\u00e9s diff\u00e9rents : sols durs, moquette et TURBO PET\u2122. Le nouveau mode TURBO PET\u2122 am\u00e9liore vos performances de nettoyage, notamment pour \u00e9liminer les r\u00e9sidus laiss\u00e9s par les animaux domestiques et les salet\u00e9s quotidiennes tenaces. La nouvelle solution naturelle de nettoyage multi-surfaces pour animaux de compagnie \u00e9limine les odeurs et laisse une odeur de fra\u00eecheur dans votre maison. Lorsque vous avez fini de nettoyer les sols, le cycle d&#8217;autonettoyage nettoie non seulement la brosse rotative, mais aussi l&#8217;int\u00e9rieur de l&#8217;appareil, ce qui vous \u00e9vite de le laver.<\/p>\n<p>Vous pouvez \u00e9galement utiliser le CrossWave X7 Plus Cordless Pet Select pour passer l&#8217;aspirateur occasionnellement. Gr\u00e2ce \u00e0 sa puissante aspiration, l&#8217;appareil ramasse facilement les poils d&#8217;animaux et les d\u00e9bris secs sur les sols durs. Il est \u00e9galement \u00e9quip\u00e9 de lampes LED qui \u00e9clairent les poils d&#8217;animaux, la salet\u00e9 et les d\u00e9bris lors du nettoyage le long des plinthes et dans les coins. Cet appareil ne se contente pas de nettoyer la salet\u00e9 des animaux de compagnie, il contribue \u00e9galement \u00e0 les sauver ! BISSELL\u00ae est fi\u00e8re de soutenir la BISSELL Pet Foundation\u00ae et sa mission d&#8217;aide aux animaux de compagnie sans abri. En achetant un produit BISSELL\u00ae, vous contribuez vous aussi \u00e0 sauver des animaux. Nous sommes fiers de concevoir des produits qui aident non seulement \u00e0 \u00e9liminer la salet\u00e9 et les odeurs des animaux de compagnie, mais aussi \u00e0 leur trouver un foyer.<\/p>\n<p><strong>Types de sols :<\/strong> Tapis et moquettes, Sols durs, Carrelage, Sols en bois, Multi-surfaces<br \/>\n<strong>Nombre de niveaux de nettoyage :<\/strong> 3 (moquettes, sols durs, mode TURBO PET\u2122)<br \/>\n<strong>Sans fil :<\/strong> oui<br \/>\n<strong>Capacit\u00e9 du r\u00e9servoir d&#8217;eau :<\/strong> 600 ml<br \/>\n<strong>R\u00e9servoir d&#8217;eau sale :<\/strong> 385 ml<br \/>\n<strong>Filtre :<\/strong> oui<br \/>\n<strong>Filtres lavables :<\/strong> oui<br \/>\n<strong>Puissance :<\/strong> 25 W<br \/>\n<strong>Airwatts :<\/strong> 61 AW<br \/>\n<strong>Temps de charge :<\/strong> 4 h<br \/>\n<strong>Dur\u00e9e de vie de la batterie :<\/strong> 30 min<br \/>\n<strong>Cycle de nettoyage automatique :<\/strong> oui<br \/>\n<strong>Poids :<\/strong> 4,54 kg<br \/>\n<strong>Autoportant :<\/strong> oui<br \/>\n<strong>Niveau sonore :<\/strong> 75 dB<br \/>\n<strong>Batterie :<\/strong> 25V Lithium Ion<br \/>\n<strong>R\u00e9servoir d&#8217;eau amovible :<\/strong> oui<br \/>\n<strong>Brosse amovible :<\/strong> oui<\/p>\n","protected":false},"excerpt":{"rendered":"<p><br data-mce-bogus=\"1\"><\/p>\n","protected":false},"featured_media":348834,"template":"","meta":{"_acf_changed":false,"inline_featured_image":false},"product_cat":[23770,12449],"product_tag":[23774,23981],"acf":[],"yoast_head":"<!-- This site is optimized with the Yoast SEO Premium plugin v18.6 (Yoast SEO v19.13) - https:\/\/yoast.com\/wordpress\/plugins\/seo\/ -->\n<title>BISSELL Crosswave X7 Plus Cordless Pet Select<\/title>\n<meta name=\"description\" content=\"D\u00e9couvrez BISSELL Crosswave X7 Plus Cordless Pet Select sur ErresseShop. Qualit\u00e9, prix r\u00e9duits et achat s\u00e9curis\u00e9 \u2013 commandez d\u00e8s maintenant en ligne !\" \/>\n<meta name=\"robots\" content=\"index, follow, max-snippet:-1, max-image-preview:large, max-video-preview:-1\" \/>\n<link rel=\"canonical\" href=\"https:\/\/www.erresse-shop.it\/fr\/shop\/petits-electromenagers\/aspirateurs\/bissell-crosswave-x7-plus-cordless-pet-select\/\" \/>\n<meta property=\"og:locale\" content=\"fr_FR\" \/>\n<meta property=\"og:type\" content=\"article\" \/>\n<meta property=\"og:title\" content=\"BISSELL Crosswave X7 Plus Cordless Pet Select\" \/>\n<meta property=\"og:description\" content=\"D\u00e9couvrez BISSELL Crosswave X7 Plus Cordless Pet Select sur ErresseShop. Qualit\u00e9, prix r\u00e9duits et achat s\u00e9curis\u00e9 \u2013 commandez d\u00e8s maintenant en ligne !\" \/>\n<meta property=\"og:url\" content=\"https:\/\/www.erresse-shop.it\/fr\/shop\/petits-electromenagers\/aspirateurs\/bissell-crosswave-x7-plus-cordless-pet-select\/\" \/>\n<meta property=\"og:site_name\" content=\"Erresse Shop\" \/>\n<meta property=\"article:modified_time\" content=\"2025-01-14T17:30:05+00:00\" \/>\n<meta property=\"og:image\" content=\"https:\/\/www.erresse-shop.it\/wp-content\/uploads\/2023\/11\/BISSELL-Crosswave-X7-Plus-Cordless-Pet-Select.jpg\" \/>\n\t<meta property=\"og:image:width\" content=\"800\" \/>\n\t<meta property=\"og:image:height\" content=\"800\" \/>\n\t<meta property=\"og:image:type\" content=\"image\/jpeg\" \/>\n<meta name=\"twitter:card\" content=\"summary_large_image\" \/>\n<script type=\"application\/ld+json\" class=\"yoast-schema-graph\">{\"@context\":\"https:\/\/schema.org\",\"@graph\":[{\"@type\":\"WebPage\",\"@id\":\"https:\/\/www.erresse-shop.it\/fr\/shop\/petits-electromenagers\/aspirateurs\/bissell-crosswave-x7-plus-cordless-pet-select\/\",\"url\":\"https:\/\/www.erresse-shop.it\/fr\/shop\/petits-electromenagers\/aspirateurs\/bissell-crosswave-x7-plus-cordless-pet-select\/\",\"name\":\"BISSELL Crosswave X7 Plus Cordless Pet Select\",\"isPartOf\":{\"@id\":\"https:\/\/www.erresse-shop.it\/fr\/#website\"},\"datePublished\":\"2023-11-13T08:17:33+00:00\",\"dateModified\":\"2025-01-14T17:30:05+00:00\",\"description\":\"D\u00e9couvrez BISSELL Crosswave X7 Plus Cordless Pet Select sur ErresseShop. Qualit\u00e9, prix r\u00e9duits et achat s\u00e9curis\u00e9 \u2013 commandez d\u00e8s maintenant en ligne !\",\"breadcrumb\":{\"@id\":\"https:\/\/www.erresse-shop.it\/fr\/shop\/petits-electromenagers\/aspirateurs\/bissell-crosswave-x7-plus-cordless-pet-select\/#breadcrumb\"},\"inLanguage\":\"fr-FR\",\"potentialAction\":[{\"@type\":\"ReadAction\",\"target\":[\"https:\/\/www.erresse-shop.it\/fr\/shop\/petits-electromenagers\/aspirateurs\/bissell-crosswave-x7-plus-cordless-pet-select\/\"]}]},{\"@type\":\"BreadcrumbList\",\"@id\":\"https:\/\/www.erresse-shop.it\/fr\/shop\/petits-electromenagers\/aspirateurs\/bissell-crosswave-x7-plus-cordless-pet-select\/#breadcrumb\",\"itemListElement\":[{\"@type\":\"ListItem\",\"position\":1,\"name\":\"Home\",\"item\":\"https:\/\/www.erresse-shop.it\/fr\/\"},{\"@type\":\"ListItem\",\"position\":2,\"name\":\"Shop\",\"item\":\"https:\/\/www.erresse-shop.it\/fr\/shop\/\"},{\"@type\":\"ListItem\",\"position\":3,\"name\":\"BISSELL Crosswave X7 Plus Cordless Pet Select\"}]},{\"@type\":\"WebSite\",\"@id\":\"https:\/\/www.erresse-shop.it\/fr\/#website\",\"url\":\"https:\/\/www.erresse-shop.it\/fr\/\",\"name\":\"Erresse Shop\",\"description\":\"Articoli di qualit\u00e0 per la casa\",\"potentialAction\":[{\"@type\":\"SearchAction\",\"target\":{\"@type\":\"EntryPoint\",\"urlTemplate\":\"https:\/\/www.erresse-shop.it\/fr\/?s={search_term_string}\"},\"query-input\":\"required name=search_term_string\"}],\"inLanguage\":\"fr-FR\"}]}<\/script>\n<!-- \/ Yoast SEO Premium plugin. -->","yoast_head_json":{"title":"BISSELL Crosswave X7 Plus Cordless Pet Select","description":"D\u00e9couvrez BISSELL Crosswave X7 Plus Cordless Pet Select sur ErresseShop. Qualit\u00e9, prix r\u00e9duits et achat s\u00e9curis\u00e9 \u2013 commandez d\u00e8s maintenant en ligne !","robots":{"index":"index","follow":"follow","max-snippet":"max-snippet:-1","max-image-preview":"max-image-preview:large","max-video-preview":"max-video-preview:-1"},"canonical":"https:\/\/www.erresse-shop.it\/fr\/shop\/petits-electromenagers\/aspirateurs\/bissell-crosswave-x7-plus-cordless-pet-select\/","og_locale":"fr_FR","og_type":"article","og_title":"BISSELL Crosswave X7 Plus Cordless Pet Select","og_description":"D\u00e9couvrez BISSELL Crosswave X7 Plus Cordless Pet Select sur ErresseShop. Qualit\u00e9, prix r\u00e9duits et achat s\u00e9curis\u00e9 \u2013 commandez d\u00e8s maintenant en ligne !","og_url":"https:\/\/www.erresse-shop.it\/fr\/shop\/petits-electromenagers\/aspirateurs\/bissell-crosswave-x7-plus-cordless-pet-select\/","og_site_name":"Erresse Shop","article_modified_time":"2025-01-14T17:30:05+00:00","og_image":[{"width":800,"height":800,"url":"https:\/\/www.erresse-shop.it\/wp-content\/uploads\/2023\/11\/BISSELL-Crosswave-X7-Plus-Cordless-Pet-Select.jpg","type":"image\/jpeg"}],"twitter_card":"summary_large_image","schema":{"@context":"https:\/\/schema.org","@graph":[{"@type":"WebPage","@id":"https:\/\/www.erresse-shop.it\/fr\/shop\/petits-electromenagers\/aspirateurs\/bissell-crosswave-x7-plus-cordless-pet-select\/","url":"https:\/\/www.erresse-shop.it\/fr\/shop\/petits-electromenagers\/aspirateurs\/bissell-crosswave-x7-plus-cordless-pet-select\/","name":"BISSELL Crosswave X7 Plus Cordless Pet Select","isPartOf":{"@id":"https:\/\/www.erresse-shop.it\/fr\/#website"},"datePublished":"2023-11-13T08:17:33+00:00","dateModified":"2025-01-14T17:30:05+00:00","description":"D\u00e9couvrez BISSELL Crosswave X7 Plus Cordless Pet Select sur ErresseShop. Qualit\u00e9, prix r\u00e9duits et achat s\u00e9curis\u00e9 \u2013 commandez d\u00e8s maintenant en ligne !","breadcrumb":{"@id":"https:\/\/www.erresse-shop.it\/fr\/shop\/petits-electromenagers\/aspirateurs\/bissell-crosswave-x7-plus-cordless-pet-select\/#breadcrumb"},"inLanguage":"fr-FR","potentialAction":[{"@type":"ReadAction","target":["https:\/\/www.erresse-shop.it\/fr\/shop\/petits-electromenagers\/aspirateurs\/bissell-crosswave-x7-plus-cordless-pet-select\/"]}]},{"@type":"BreadcrumbList","@id":"https:\/\/www.erresse-shop.it\/fr\/shop\/petits-electromenagers\/aspirateurs\/bissell-crosswave-x7-plus-cordless-pet-select\/#breadcrumb","itemListElement":[{"@type":"ListItem","position":1,"name":"Home","item":"https:\/\/www.erresse-shop.it\/fr\/"},{"@type":"ListItem","position":2,"name":"Shop","item":"https:\/\/www.erresse-shop.it\/fr\/shop\/"},{"@type":"ListItem","position":3,"name":"BISSELL Crosswave X7 Plus Cordless Pet Select"}]},{"@type":"WebSite","@id":"https:\/\/www.erresse-shop.it\/fr\/#website","url":"https:\/\/www.erresse-shop.it\/fr\/","name":"Erresse Shop","description":"Articoli di qualit\u00e0 per la casa","potentialAction":[{"@type":"SearchAction","target":{"@type":"EntryPoint","urlTemplate":"https:\/\/www.erresse-shop.it\/fr\/?s={search_term_string}"},"query-input":"required name=search_term_string"}],"inLanguage":"fr-FR"}]}},"df_price":579.9,"df_sale_price":579.9,"df_regular_price":579.9,"df_image_link":"https:\/\/www.erresse-shop.it\/wp-content\/uploads\/2023\/11\/BISSELL-Crosswave-X7-Plus-Cordless-Pet-Select-300x300.jpg","_links":{"self":[{"href":"https:\/\/www.erresse-shop.it\/fr\/wp-json\/wp\/v2\/product\/348805"}],"collection":[{"href":"https:\/\/www.erresse-shop.it\/fr\/wp-json\/wp\/v2\/product"}],"about":[{"href":"https:\/\/www.erresse-shop.it\/fr\/wp-json\/wp\/v2\/types\/product"}],"wp:featuredmedia":[{"embeddable":true,"href":"https:\/\/www.erresse-shop.it\/fr\/wp-json\/wp\/v2\/media\/348834"}],"wp:attachment":[{"href":"https:\/\/www.erresse-shop.it\/fr\/wp-json\/wp\/v2\/media?parent=348805"}],"wp:term":[{"taxonomy":"product_cat","embeddable":true,"href":"https:\/\/www.erresse-shop.it\/fr\/wp-json\/wp\/v2\/product_cat?post=348805"},{"taxonomy":"product_tag","embeddable":true,"href":"https:\/\/www.erresse-shop.it\/fr\/wp-json\/wp\/v2\/product_tag?post=348805"}],"curies":[{"name":"wp","href":"https:\/\/api.w.org\/{rel}","templated":true}]}}