{"id":347555,"date":"2023-11-10T09:50:41","date_gmt":"2023-11-10T09:50:46","guid":{"rendered":"https:\/\/www.erresse-shop.it\/?post_type=product&#038;p=347555"},"modified":"2023-11-10T09:56:27","modified_gmt":"2023-11-10T09:56:27","slug":"seletti-kintsuji-cochon","status":"publish","type":"product","link":"https:\/\/www.erresse-shop.it\/fr\/shop\/ameublement-maison\/objets-de-decoration\/seletti-kintsuji-cochon\/","title":{"rendered":"SELETTI Kintsuji Cochon"},"content":{"rendered":"<p>D\u00e9couvrez la beaut\u00e9 des produits kintsugi, fabriqu\u00e9s en porcelaine fine et rehauss\u00e9s d&#8217;or v\u00e9ritable 24k.<\/p>\n<p>Chaque pi\u00e8ce est une \u0153uvre d&#8217;art, inspir\u00e9e de l&#8217;ancienne tradition japonaise qui consiste \u00e0 r\u00e9parer les poteries cass\u00e9es avec des m\u00e9taux pr\u00e9cieux.<\/p>\n<p><strong>Mod\u00e8le :<\/strong> MARCANTONIO<br \/>\n<strong>Mat\u00e9riau :<\/strong> Porcelaine, or<br \/>\n<strong>Dimensions :<\/strong> Cm. 31-5&#215;13 h.14.5<\/p>\n","protected":false},"excerpt":{"rendered":"<p>D\u00e9couvrez la beaut\u00e9 des produits kintsugi, fabriqu\u00e9s en porcelaine fine et rehauss\u00e9s d&#8217;or v\u00e9ritable 24k. Chaque pi\u00e8ce est une \u0153uvre<\/p>\n","protected":false},"featured_media":347568,"template":"","meta":{"_acf_changed":false,"inline_featured_image":false},"product_cat":[12738,14441],"product_tag":[15681,25021,18246,13013],"acf":[],"yoast_head":"<!-- This site is optimized with the Yoast SEO Premium plugin v18.6 (Yoast SEO v19.13) - https:\/\/yoast.com\/wordpress\/plugins\/seo\/ -->\n<title>SELETTI Kintsuji Cochon - Erresse Shop<\/title>\n<meta name=\"description\" content=\"D\u00e9couvrez la beaut\u00e9 des produits kintsugi, fabriqu\u00e9s en porcelaine fine et rehauss\u00e9s d&#039;or v\u00e9ritable 24k. Chaque pi\u00e8ce est une \u0153uvre d&#039;art, inspir\u00e9e de\" \/>\n<meta name=\"robots\" content=\"index, follow, max-snippet:-1, max-image-preview:large, max-video-preview:-1\" \/>\n<link rel=\"canonical\" href=\"https:\/\/www.erresse-shop.it\/fr\/shop\/ameublement-maison\/objets-de-decoration\/seletti-kintsuji-cochon\/\" \/>\n<meta property=\"og:locale\" content=\"fr_FR\" \/>\n<meta property=\"og:type\" content=\"article\" \/>\n<meta property=\"og:title\" content=\"SELETTI Kintsuji Cochon\" \/>\n<meta property=\"og:description\" content=\"D\u00e9couvrez la beaut\u00e9 des produits kintsugi, fabriqu\u00e9s en porcelaine fine et rehauss\u00e9s d&#039;or v\u00e9ritable 24k. Chaque pi\u00e8ce est une \u0153uvre d&#039;art, inspir\u00e9e de\" \/>\n<meta property=\"og:url\" content=\"https:\/\/www.erresse-shop.it\/fr\/shop\/ameublement-maison\/objets-de-decoration\/seletti-kintsuji-cochon\/\" \/>\n<meta property=\"og:site_name\" content=\"Erresse Shop\" \/>\n<meta property=\"article:modified_time\" content=\"2023-11-10T09:56:27+00:00\" \/>\n<meta property=\"og:image\" content=\"https:\/\/www.erresse-shop.it\/wp-content\/uploads\/2023\/11\/SELETTI-Maiale-Kintsuji.jpg\" \/>\n\t<meta property=\"og:image:width\" content=\"800\" \/>\n\t<meta property=\"og:image:height\" content=\"800\" \/>\n\t<meta property=\"og:image:type\" content=\"image\/jpeg\" \/>\n<meta name=\"twitter:card\" content=\"summary_large_image\" \/>\n<script type=\"application\/ld+json\" class=\"yoast-schema-graph\">{\"@context\":\"https:\/\/schema.org\",\"@graph\":[{\"@type\":\"WebPage\",\"@id\":\"https:\/\/www.erresse-shop.it\/fr\/shop\/ameublement-maison\/objets-de-decoration\/seletti-kintsuji-cochon\/\",\"url\":\"https:\/\/www.erresse-shop.it\/fr\/shop\/ameublement-maison\/objets-de-decoration\/seletti-kintsuji-cochon\/\",\"name\":\"SELETTI Kintsuji Cochon - Erresse Shop\",\"isPartOf\":{\"@id\":\"https:\/\/www.erresse-shop.it\/fr\/#website\"},\"datePublished\":\"2023-11-10T09:50:46+00:00\",\"dateModified\":\"2023-11-10T09:56:27+00:00\",\"description\":\"D\u00e9couvrez la beaut\u00e9 des produits kintsugi, fabriqu\u00e9s en porcelaine fine et rehauss\u00e9s d'or v\u00e9ritable 24k. Chaque pi\u00e8ce est une \u0153uvre d'art, inspir\u00e9e de\",\"breadcrumb\":{\"@id\":\"https:\/\/www.erresse-shop.it\/fr\/shop\/ameublement-maison\/objets-de-decoration\/seletti-kintsuji-cochon\/#breadcrumb\"},\"inLanguage\":\"fr-FR\",\"potentialAction\":[{\"@type\":\"ReadAction\",\"target\":[\"https:\/\/www.erresse-shop.it\/fr\/shop\/ameublement-maison\/objets-de-decoration\/seletti-kintsuji-cochon\/\"]}]},{\"@type\":\"BreadcrumbList\",\"@id\":\"https:\/\/www.erresse-shop.it\/fr\/shop\/ameublement-maison\/objets-de-decoration\/seletti-kintsuji-cochon\/#breadcrumb\",\"itemListElement\":[{\"@type\":\"ListItem\",\"position\":1,\"name\":\"Home\",\"item\":\"https:\/\/www.erresse-shop.it\/fr\/\"},{\"@type\":\"ListItem\",\"position\":2,\"name\":\"Shop\",\"item\":\"https:\/\/www.erresse-shop.it\/fr\/shop\/\"},{\"@type\":\"ListItem\",\"position\":3,\"name\":\"SELETTI Kintsuji Cochon\"}]},{\"@type\":\"WebSite\",\"@id\":\"https:\/\/www.erresse-shop.it\/fr\/#website\",\"url\":\"https:\/\/www.erresse-shop.it\/fr\/\",\"name\":\"Erresse Shop\",\"description\":\"Articoli di qualit\u00e0 per la casa\",\"potentialAction\":[{\"@type\":\"SearchAction\",\"target\":{\"@type\":\"EntryPoint\",\"urlTemplate\":\"https:\/\/www.erresse-shop.it\/fr\/?s={search_term_string}\"},\"query-input\":\"required name=search_term_string\"}],\"inLanguage\":\"fr-FR\"}]}<\/script>\n<!-- \/ Yoast SEO Premium plugin. -->","yoast_head_json":{"title":"SELETTI Kintsuji Cochon - Erresse Shop","description":"D\u00e9couvrez la beaut\u00e9 des produits kintsugi, fabriqu\u00e9s en porcelaine fine et rehauss\u00e9s d'or v\u00e9ritable 24k. Chaque pi\u00e8ce est une \u0153uvre d'art, inspir\u00e9e de","robots":{"index":"index","follow":"follow","max-snippet":"max-snippet:-1","max-image-preview":"max-image-preview:large","max-video-preview":"max-video-preview:-1"},"canonical":"https:\/\/www.erresse-shop.it\/fr\/shop\/ameublement-maison\/objets-de-decoration\/seletti-kintsuji-cochon\/","og_locale":"fr_FR","og_type":"article","og_title":"SELETTI Kintsuji Cochon","og_description":"D\u00e9couvrez la beaut\u00e9 des produits kintsugi, fabriqu\u00e9s en porcelaine fine et rehauss\u00e9s d'or v\u00e9ritable 24k. Chaque pi\u00e8ce est une \u0153uvre d'art, inspir\u00e9e de","og_url":"https:\/\/www.erresse-shop.it\/fr\/shop\/ameublement-maison\/objets-de-decoration\/seletti-kintsuji-cochon\/","og_site_name":"Erresse Shop","article_modified_time":"2023-11-10T09:56:27+00:00","og_image":[{"width":800,"height":800,"url":"https:\/\/www.erresse-shop.it\/wp-content\/uploads\/2023\/11\/SELETTI-Maiale-Kintsuji.jpg","type":"image\/jpeg"}],"twitter_card":"summary_large_image","schema":{"@context":"https:\/\/schema.org","@graph":[{"@type":"WebPage","@id":"https:\/\/www.erresse-shop.it\/fr\/shop\/ameublement-maison\/objets-de-decoration\/seletti-kintsuji-cochon\/","url":"https:\/\/www.erresse-shop.it\/fr\/shop\/ameublement-maison\/objets-de-decoration\/seletti-kintsuji-cochon\/","name":"SELETTI Kintsuji Cochon - Erresse Shop","isPartOf":{"@id":"https:\/\/www.erresse-shop.it\/fr\/#website"},"datePublished":"2023-11-10T09:50:46+00:00","dateModified":"2023-11-10T09:56:27+00:00","description":"D\u00e9couvrez la beaut\u00e9 des produits kintsugi, fabriqu\u00e9s en porcelaine fine et rehauss\u00e9s d'or v\u00e9ritable 24k. Chaque pi\u00e8ce est une \u0153uvre d'art, inspir\u00e9e de","breadcrumb":{"@id":"https:\/\/www.erresse-shop.it\/fr\/shop\/ameublement-maison\/objets-de-decoration\/seletti-kintsuji-cochon\/#breadcrumb"},"inLanguage":"fr-FR","potentialAction":[{"@type":"ReadAction","target":["https:\/\/www.erresse-shop.it\/fr\/shop\/ameublement-maison\/objets-de-decoration\/seletti-kintsuji-cochon\/"]}]},{"@type":"BreadcrumbList","@id":"https:\/\/www.erresse-shop.it\/fr\/shop\/ameublement-maison\/objets-de-decoration\/seletti-kintsuji-cochon\/#breadcrumb","itemListElement":[{"@type":"ListItem","position":1,"name":"Home","item":"https:\/\/www.erresse-shop.it\/fr\/"},{"@type":"ListItem","position":2,"name":"Shop","item":"https:\/\/www.erresse-shop.it\/fr\/shop\/"},{"@type":"ListItem","position":3,"name":"SELETTI Kintsuji Cochon"}]},{"@type":"WebSite","@id":"https:\/\/www.erresse-shop.it\/fr\/#website","url":"https:\/\/www.erresse-shop.it\/fr\/","name":"Erresse Shop","description":"Articoli di qualit\u00e0 per la casa","potentialAction":[{"@type":"SearchAction","target":{"@type":"EntryPoint","urlTemplate":"https:\/\/www.erresse-shop.it\/fr\/?s={search_term_string}"},"query-input":"required name=search_term_string"}],"inLanguage":"fr-FR"}]}},"df_price":80.55,"df_sale_price":80.55,"df_regular_price":179,"df_image_link":"https:\/\/www.erresse-shop.it\/wp-content\/uploads\/2023\/11\/SELETTI-Maiale-Kintsuji-300x300.jpg","_links":{"self":[{"href":"https:\/\/www.erresse-shop.it\/fr\/wp-json\/wp\/v2\/product\/347555"}],"collection":[{"href":"https:\/\/www.erresse-shop.it\/fr\/wp-json\/wp\/v2\/product"}],"about":[{"href":"https:\/\/www.erresse-shop.it\/fr\/wp-json\/wp\/v2\/types\/product"}],"wp:featuredmedia":[{"embeddable":true,"href":"https:\/\/www.erresse-shop.it\/fr\/wp-json\/wp\/v2\/media\/347568"}],"wp:attachment":[{"href":"https:\/\/www.erresse-shop.it\/fr\/wp-json\/wp\/v2\/media?parent=347555"}],"wp:term":[{"taxonomy":"product_cat","embeddable":true,"href":"https:\/\/www.erresse-shop.it\/fr\/wp-json\/wp\/v2\/product_cat?post=347555"},{"taxonomy":"product_tag","embeddable":true,"href":"https:\/\/www.erresse-shop.it\/fr\/wp-json\/wp\/v2\/product_tag?post=347555"}],"curies":[{"name":"wp","href":"https:\/\/api.w.org\/{rel}","templated":true}]}}