{"id":344392,"date":"2023-10-31T10:13:27","date_gmt":"2023-10-31T10:13:31","guid":{"rendered":"https:\/\/www.erresse-shop.it\/?post_type=product&#038;p=344392"},"modified":"2025-01-14T17:47:16","modified_gmt":"2025-01-14T17:47:16","slug":"guzzini-feeling-set-de-couverts-24-pieces-azur-mer","status":"publish","type":"product","link":"https:\/\/www.erresse-shop.it\/fr\/shop\/table-fr-2\/couverts\/guzzini-feeling-set-de-couverts-24-pieces-azur-mer\/","title":{"rendered":"GUZZINI Feeling Set de Couverts 24 pi\u00e8ces Azur Mer"},"content":{"rendered":"<p>La combinaison parfaite de l&#8217;acier et du plastique est repr\u00e9sent\u00e9e dans cet ensemble de couverts. L&#8217;acier inoxydable, de la plus haute qualit\u00e9, parcourt toute la longueur des couverts sur le manche desquels sont appliqu\u00e9s les pr\u00e9cieux \u00e9l\u00e9ments en plastique bicolore. Il est con\u00e7u pour r\u00e9sister \u00e0 des milliers de lavages au lave-vaisselle et garantit une hygi\u00e8ne mat\u00e9rielle maximale.<\/p>\n<p>Dimensions : 11,5 x 18,5 x h25,5 cm<br \/>\nMat\u00e9riau : ABS, SAN, ACIER INOXYDABLE AISI 304 (18\/10), ACIER INOXYDABLE AISI 420 (COUTEAU)<br \/>\nDesigner : Robion Levien<br \/>\nFabriqu\u00e9s en Italie<\/p>\n","protected":false},"excerpt":{"rendered":"<p>La combinaison parfaite de l&#8217;acier et du plastique est repr\u00e9sent\u00e9e dans cet ensemble de couverts. L&#8217;acier inoxydable, de la plus<\/p>\n","protected":false},"featured_media":344396,"template":"","meta":{"_acf_changed":false,"inline_featured_image":false},"product_cat":[12790,12782],"product_tag":[25026,23910,17193,23660,25021,24428,16723,17194,21821],"acf":[],"yoast_head":"<!-- This site is optimized with the Yoast SEO Premium plugin v18.6 (Yoast SEO v19.13) - https:\/\/yoast.com\/wordpress\/plugins\/seo\/ -->\n<title>GUZZINI Feeling Set de Couverts 24 pi\u00e8ces Azur Mer<\/title>\n<meta name=\"description\" content=\"D\u00e9couvrez GUZZINI Feeling Set de Couverts 24 pi\u00e8ces Azur Mer sur ErresseShop. Qualit\u00e9, prix r\u00e9duits et achat s\u00e9curis\u00e9 \u2013 commandez d\u00e8s maintenant en ligne !\" \/>\n<meta name=\"robots\" content=\"index, follow, max-snippet:-1, max-image-preview:large, max-video-preview:-1\" \/>\n<link rel=\"canonical\" href=\"https:\/\/www.erresse-shop.it\/fr\/shop\/table-fr-2\/couverts\/guzzini-feeling-set-de-couverts-24-pieces-azur-mer\/\" \/>\n<meta property=\"og:locale\" content=\"fr_FR\" \/>\n<meta property=\"og:type\" content=\"article\" \/>\n<meta property=\"og:title\" content=\"GUZZINI Feeling Set de Couverts 24 pi\u00e8ces Azur Mer\" \/>\n<meta property=\"og:description\" content=\"D\u00e9couvrez GUZZINI Feeling Set de Couverts 24 pi\u00e8ces Azur Mer sur ErresseShop. Qualit\u00e9, prix r\u00e9duits et achat s\u00e9curis\u00e9 \u2013 commandez d\u00e8s maintenant en ligne !\" \/>\n<meta property=\"og:url\" content=\"https:\/\/www.erresse-shop.it\/fr\/shop\/table-fr-2\/couverts\/guzzini-feeling-set-de-couverts-24-pieces-azur-mer\/\" \/>\n<meta property=\"og:site_name\" content=\"Erresse Shop\" \/>\n<meta property=\"article:modified_time\" content=\"2025-01-14T17:47:16+00:00\" \/>\n<meta property=\"og:image\" content=\"https:\/\/www.erresse-shop.it\/wp-content\/uploads\/2023\/10\/GUZZINI-Feeling-Set-Posate-24-pezzi-Azzurro-Mare.jpg\" \/>\n\t<meta property=\"og:image:width\" content=\"800\" \/>\n\t<meta property=\"og:image:height\" content=\"800\" \/>\n\t<meta property=\"og:image:type\" content=\"image\/jpeg\" \/>\n<meta name=\"twitter:card\" content=\"summary_large_image\" \/>\n<script type=\"application\/ld+json\" class=\"yoast-schema-graph\">{\"@context\":\"https:\/\/schema.org\",\"@graph\":[{\"@type\":\"WebPage\",\"@id\":\"https:\/\/www.erresse-shop.it\/fr\/shop\/table-fr-2\/couverts\/guzzini-feeling-set-de-couverts-24-pieces-azur-mer\/\",\"url\":\"https:\/\/www.erresse-shop.it\/fr\/shop\/table-fr-2\/couverts\/guzzini-feeling-set-de-couverts-24-pieces-azur-mer\/\",\"name\":\"GUZZINI Feeling Set de Couverts 24 pi\u00e8ces Azur Mer\",\"isPartOf\":{\"@id\":\"https:\/\/www.erresse-shop.it\/fr\/#website\"},\"datePublished\":\"2023-10-31T10:13:31+00:00\",\"dateModified\":\"2025-01-14T17:47:16+00:00\",\"description\":\"D\u00e9couvrez GUZZINI Feeling Set de Couverts 24 pi\u00e8ces Azur Mer sur ErresseShop. Qualit\u00e9, prix r\u00e9duits et achat s\u00e9curis\u00e9 \u2013 commandez d\u00e8s maintenant en ligne !\",\"breadcrumb\":{\"@id\":\"https:\/\/www.erresse-shop.it\/fr\/shop\/table-fr-2\/couverts\/guzzini-feeling-set-de-couverts-24-pieces-azur-mer\/#breadcrumb\"},\"inLanguage\":\"fr-FR\",\"potentialAction\":[{\"@type\":\"ReadAction\",\"target\":[\"https:\/\/www.erresse-shop.it\/fr\/shop\/table-fr-2\/couverts\/guzzini-feeling-set-de-couverts-24-pieces-azur-mer\/\"]}]},{\"@type\":\"BreadcrumbList\",\"@id\":\"https:\/\/www.erresse-shop.it\/fr\/shop\/table-fr-2\/couverts\/guzzini-feeling-set-de-couverts-24-pieces-azur-mer\/#breadcrumb\",\"itemListElement\":[{\"@type\":\"ListItem\",\"position\":1,\"name\":\"Home\",\"item\":\"https:\/\/www.erresse-shop.it\/fr\/\"},{\"@type\":\"ListItem\",\"position\":2,\"name\":\"Shop\",\"item\":\"https:\/\/www.erresse-shop.it\/fr\/shop\/\"},{\"@type\":\"ListItem\",\"position\":3,\"name\":\"GUZZINI Feeling Set de Couverts 24 pi\u00e8ces Azur Mer\"}]},{\"@type\":\"WebSite\",\"@id\":\"https:\/\/www.erresse-shop.it\/fr\/#website\",\"url\":\"https:\/\/www.erresse-shop.it\/fr\/\",\"name\":\"Erresse Shop\",\"description\":\"Articoli di qualit\u00e0 per la casa\",\"potentialAction\":[{\"@type\":\"SearchAction\",\"target\":{\"@type\":\"EntryPoint\",\"urlTemplate\":\"https:\/\/www.erresse-shop.it\/fr\/?s={search_term_string}\"},\"query-input\":\"required name=search_term_string\"}],\"inLanguage\":\"fr-FR\"}]}<\/script>\n<!-- \/ Yoast SEO Premium plugin. -->","yoast_head_json":{"title":"GUZZINI Feeling Set de Couverts 24 pi\u00e8ces Azur Mer","description":"D\u00e9couvrez GUZZINI Feeling Set de Couverts 24 pi\u00e8ces Azur Mer sur ErresseShop. Qualit\u00e9, prix r\u00e9duits et achat s\u00e9curis\u00e9 \u2013 commandez d\u00e8s maintenant en ligne !","robots":{"index":"index","follow":"follow","max-snippet":"max-snippet:-1","max-image-preview":"max-image-preview:large","max-video-preview":"max-video-preview:-1"},"canonical":"https:\/\/www.erresse-shop.it\/fr\/shop\/table-fr-2\/couverts\/guzzini-feeling-set-de-couverts-24-pieces-azur-mer\/","og_locale":"fr_FR","og_type":"article","og_title":"GUZZINI Feeling Set de Couverts 24 pi\u00e8ces Azur Mer","og_description":"D\u00e9couvrez GUZZINI Feeling Set de Couverts 24 pi\u00e8ces Azur Mer sur ErresseShop. Qualit\u00e9, prix r\u00e9duits et achat s\u00e9curis\u00e9 \u2013 commandez d\u00e8s maintenant en ligne !","og_url":"https:\/\/www.erresse-shop.it\/fr\/shop\/table-fr-2\/couverts\/guzzini-feeling-set-de-couverts-24-pieces-azur-mer\/","og_site_name":"Erresse Shop","article_modified_time":"2025-01-14T17:47:16+00:00","og_image":[{"width":800,"height":800,"url":"https:\/\/www.erresse-shop.it\/wp-content\/uploads\/2023\/10\/GUZZINI-Feeling-Set-Posate-24-pezzi-Azzurro-Mare.jpg","type":"image\/jpeg"}],"twitter_card":"summary_large_image","schema":{"@context":"https:\/\/schema.org","@graph":[{"@type":"WebPage","@id":"https:\/\/www.erresse-shop.it\/fr\/shop\/table-fr-2\/couverts\/guzzini-feeling-set-de-couverts-24-pieces-azur-mer\/","url":"https:\/\/www.erresse-shop.it\/fr\/shop\/table-fr-2\/couverts\/guzzini-feeling-set-de-couverts-24-pieces-azur-mer\/","name":"GUZZINI Feeling Set de Couverts 24 pi\u00e8ces Azur Mer","isPartOf":{"@id":"https:\/\/www.erresse-shop.it\/fr\/#website"},"datePublished":"2023-10-31T10:13:31+00:00","dateModified":"2025-01-14T17:47:16+00:00","description":"D\u00e9couvrez GUZZINI Feeling Set de Couverts 24 pi\u00e8ces Azur Mer sur ErresseShop. Qualit\u00e9, prix r\u00e9duits et achat s\u00e9curis\u00e9 \u2013 commandez d\u00e8s maintenant en ligne !","breadcrumb":{"@id":"https:\/\/www.erresse-shop.it\/fr\/shop\/table-fr-2\/couverts\/guzzini-feeling-set-de-couverts-24-pieces-azur-mer\/#breadcrumb"},"inLanguage":"fr-FR","potentialAction":[{"@type":"ReadAction","target":["https:\/\/www.erresse-shop.it\/fr\/shop\/table-fr-2\/couverts\/guzzini-feeling-set-de-couverts-24-pieces-azur-mer\/"]}]},{"@type":"BreadcrumbList","@id":"https:\/\/www.erresse-shop.it\/fr\/shop\/table-fr-2\/couverts\/guzzini-feeling-set-de-couverts-24-pieces-azur-mer\/#breadcrumb","itemListElement":[{"@type":"ListItem","position":1,"name":"Home","item":"https:\/\/www.erresse-shop.it\/fr\/"},{"@type":"ListItem","position":2,"name":"Shop","item":"https:\/\/www.erresse-shop.it\/fr\/shop\/"},{"@type":"ListItem","position":3,"name":"GUZZINI Feeling Set de Couverts 24 pi\u00e8ces Azur Mer"}]},{"@type":"WebSite","@id":"https:\/\/www.erresse-shop.it\/fr\/#website","url":"https:\/\/www.erresse-shop.it\/fr\/","name":"Erresse Shop","description":"Articoli di qualit\u00e0 per la casa","potentialAction":[{"@type":"SearchAction","target":{"@type":"EntryPoint","urlTemplate":"https:\/\/www.erresse-shop.it\/fr\/?s={search_term_string}"},"query-input":"required name=search_term_string"}],"inLanguage":"fr-FR"}]}},"df_price":70.5,"df_sale_price":70.5,"df_regular_price":141,"df_image_link":"https:\/\/www.erresse-shop.it\/wp-content\/uploads\/2023\/10\/GUZZINI-Feeling-Set-Posate-24-pezzi-Azzurro-Mare-300x300.jpg","_links":{"self":[{"href":"https:\/\/www.erresse-shop.it\/fr\/wp-json\/wp\/v2\/product\/344392"}],"collection":[{"href":"https:\/\/www.erresse-shop.it\/fr\/wp-json\/wp\/v2\/product"}],"about":[{"href":"https:\/\/www.erresse-shop.it\/fr\/wp-json\/wp\/v2\/types\/product"}],"wp:featuredmedia":[{"embeddable":true,"href":"https:\/\/www.erresse-shop.it\/fr\/wp-json\/wp\/v2\/media\/344396"}],"wp:attachment":[{"href":"https:\/\/www.erresse-shop.it\/fr\/wp-json\/wp\/v2\/media?parent=344392"}],"wp:term":[{"taxonomy":"product_cat","embeddable":true,"href":"https:\/\/www.erresse-shop.it\/fr\/wp-json\/wp\/v2\/product_cat?post=344392"},{"taxonomy":"product_tag","embeddable":true,"href":"https:\/\/www.erresse-shop.it\/fr\/wp-json\/wp\/v2\/product_tag?post=344392"}],"curies":[{"name":"wp","href":"https:\/\/api.w.org\/{rel}","templated":true}]}}