{"id":344099,"date":"2023-10-31T07:41:23","date_gmt":"2023-10-31T07:41:27","guid":{"rendered":"https:\/\/www.erresse-shop.it\/?post_type=product&#038;p=344099"},"modified":"2025-01-15T06:26:27","modified_gmt":"2025-01-15T06:26:27","slug":"guzzini-tiffany-set-de-moules-a-gateaux-petit","status":"publish","type":"product","link":"https:\/\/www.erresse-shop.it\/fr\/shop\/table-fr-2\/presentoirs-a-gateau\/guzzini-tiffany-set-de-moules-a-gateaux-petit\/","title":{"rendered":"GUZZINI Tiffany Set de Moules \u00e0 G\u00e2teaux Petit"},"content":{"rendered":"<p>Les moules \u00e0 g\u00e2teaux et les pr\u00e9sentoirs \u00e0 cloches, objets pr\u00e9cieux par leur simplicit\u00e9 et leur fonctionnalit\u00e9, sont parfaits pour servir de d\u00e9licieux g\u00e2teaux, chocolats, petites p\u00e2tisseries, mais aussi des amuse-gueules et des finger food pour des ap\u00e9ritifs \u00e9l\u00e9gants et sophistiqu\u00e9s.<\/p>\n<p>Dimensions : \u00d830 x h16 cm<br \/>\nMat\u00e9riau : SMMA<br \/>\nDesigner : Pio&amp;Tito Toso<br \/>\nFabriqu\u00e9s en Italie<\/p>\n","protected":false},"excerpt":{"rendered":"<p>Les moules \u00e0 g\u00e2teaux et les pr\u00e9sentoirs \u00e0 cloches, objets pr\u00e9cieux par leur simplicit\u00e9 et leur fonctionnalit\u00e9, sont parfaits pour<\/p>\n","protected":false},"featured_media":344117,"template":"","meta":{"_acf_changed":false,"inline_featured_image":false},"product_cat":[12783,12782],"product_tag":[22045,20534,24603,21821],"acf":[],"yoast_head":"<!-- This site is optimized with the Yoast SEO Premium plugin v18.6 (Yoast SEO v19.13) - https:\/\/yoast.com\/wordpress\/plugins\/seo\/ -->\n<title>GUZZINI Tiffany Set de Moules \u00e0 G\u00e2teaux Petit<\/title>\n<meta name=\"description\" content=\"D\u00e9couvrez GUZZINI Tiffany Set de Moules \u00e0 G\u00e2teaux Petit sur ErresseShop. Qualit\u00e9, prix r\u00e9duits et achat s\u00e9curis\u00e9 \u2013 commandez d\u00e8s maintenant en ligne !\" \/>\n<meta name=\"robots\" content=\"index, follow, max-snippet:-1, max-image-preview:large, max-video-preview:-1\" \/>\n<link rel=\"canonical\" href=\"https:\/\/www.erresse-shop.it\/fr\/shop\/table-fr-2\/presentoirs-a-gateau\/guzzini-tiffany-set-de-moules-a-gateaux-petit\/\" \/>\n<meta property=\"og:locale\" content=\"fr_FR\" \/>\n<meta property=\"og:type\" content=\"article\" \/>\n<meta property=\"og:title\" content=\"GUZZINI Tiffany Set de Moules \u00e0 G\u00e2teaux Petit\" \/>\n<meta property=\"og:description\" content=\"D\u00e9couvrez GUZZINI Tiffany Set de Moules \u00e0 G\u00e2teaux Petit sur ErresseShop. Qualit\u00e9, prix r\u00e9duits et achat s\u00e9curis\u00e9 \u2013 commandez d\u00e8s maintenant en ligne !\" \/>\n<meta property=\"og:url\" content=\"https:\/\/www.erresse-shop.it\/fr\/shop\/table-fr-2\/presentoirs-a-gateau\/guzzini-tiffany-set-de-moules-a-gateaux-petit\/\" \/>\n<meta property=\"og:site_name\" content=\"Erresse Shop\" \/>\n<meta property=\"article:modified_time\" content=\"2025-01-15T06:26:27+00:00\" \/>\n<meta property=\"og:image\" content=\"https:\/\/www.erresse-shop.it\/wp-content\/uploads\/2023\/10\/GUZZINI-Tiffany-Set-Tortiera-Piccola.jpg\" \/>\n\t<meta property=\"og:image:width\" content=\"800\" \/>\n\t<meta property=\"og:image:height\" content=\"800\" \/>\n\t<meta property=\"og:image:type\" content=\"image\/jpeg\" \/>\n<meta name=\"twitter:card\" content=\"summary_large_image\" \/>\n<script type=\"application\/ld+json\" class=\"yoast-schema-graph\">{\"@context\":\"https:\/\/schema.org\",\"@graph\":[{\"@type\":\"WebPage\",\"@id\":\"https:\/\/www.erresse-shop.it\/fr\/shop\/table-fr-2\/presentoirs-a-gateau\/guzzini-tiffany-set-de-moules-a-gateaux-petit\/\",\"url\":\"https:\/\/www.erresse-shop.it\/fr\/shop\/table-fr-2\/presentoirs-a-gateau\/guzzini-tiffany-set-de-moules-a-gateaux-petit\/\",\"name\":\"GUZZINI Tiffany Set de Moules \u00e0 G\u00e2teaux Petit\",\"isPartOf\":{\"@id\":\"https:\/\/www.erresse-shop.it\/fr\/#website\"},\"datePublished\":\"2023-10-31T07:41:27+00:00\",\"dateModified\":\"2025-01-15T06:26:27+00:00\",\"description\":\"D\u00e9couvrez GUZZINI Tiffany Set de Moules \u00e0 G\u00e2teaux Petit sur ErresseShop. Qualit\u00e9, prix r\u00e9duits et achat s\u00e9curis\u00e9 \u2013 commandez d\u00e8s maintenant en ligne !\",\"breadcrumb\":{\"@id\":\"https:\/\/www.erresse-shop.it\/fr\/shop\/table-fr-2\/presentoirs-a-gateau\/guzzini-tiffany-set-de-moules-a-gateaux-petit\/#breadcrumb\"},\"inLanguage\":\"fr-FR\",\"potentialAction\":[{\"@type\":\"ReadAction\",\"target\":[\"https:\/\/www.erresse-shop.it\/fr\/shop\/table-fr-2\/presentoirs-a-gateau\/guzzini-tiffany-set-de-moules-a-gateaux-petit\/\"]}]},{\"@type\":\"BreadcrumbList\",\"@id\":\"https:\/\/www.erresse-shop.it\/fr\/shop\/table-fr-2\/presentoirs-a-gateau\/guzzini-tiffany-set-de-moules-a-gateaux-petit\/#breadcrumb\",\"itemListElement\":[{\"@type\":\"ListItem\",\"position\":1,\"name\":\"Home\",\"item\":\"https:\/\/www.erresse-shop.it\/fr\/\"},{\"@type\":\"ListItem\",\"position\":2,\"name\":\"Shop\",\"item\":\"https:\/\/www.erresse-shop.it\/fr\/shop\/\"},{\"@type\":\"ListItem\",\"position\":3,\"name\":\"GUZZINI Tiffany Set de Moules \u00e0 G\u00e2teaux Petit\"}]},{\"@type\":\"WebSite\",\"@id\":\"https:\/\/www.erresse-shop.it\/fr\/#website\",\"url\":\"https:\/\/www.erresse-shop.it\/fr\/\",\"name\":\"Erresse Shop\",\"description\":\"Articoli di qualit\u00e0 per la casa\",\"potentialAction\":[{\"@type\":\"SearchAction\",\"target\":{\"@type\":\"EntryPoint\",\"urlTemplate\":\"https:\/\/www.erresse-shop.it\/fr\/?s={search_term_string}\"},\"query-input\":\"required name=search_term_string\"}],\"inLanguage\":\"fr-FR\"}]}<\/script>\n<!-- \/ Yoast SEO Premium plugin. -->","yoast_head_json":{"title":"GUZZINI Tiffany Set de Moules \u00e0 G\u00e2teaux Petit","description":"D\u00e9couvrez GUZZINI Tiffany Set de Moules \u00e0 G\u00e2teaux Petit sur ErresseShop. Qualit\u00e9, prix r\u00e9duits et achat s\u00e9curis\u00e9 \u2013 commandez d\u00e8s maintenant en ligne !","robots":{"index":"index","follow":"follow","max-snippet":"max-snippet:-1","max-image-preview":"max-image-preview:large","max-video-preview":"max-video-preview:-1"},"canonical":"https:\/\/www.erresse-shop.it\/fr\/shop\/table-fr-2\/presentoirs-a-gateau\/guzzini-tiffany-set-de-moules-a-gateaux-petit\/","og_locale":"fr_FR","og_type":"article","og_title":"GUZZINI Tiffany Set de Moules \u00e0 G\u00e2teaux Petit","og_description":"D\u00e9couvrez GUZZINI Tiffany Set de Moules \u00e0 G\u00e2teaux Petit sur ErresseShop. Qualit\u00e9, prix r\u00e9duits et achat s\u00e9curis\u00e9 \u2013 commandez d\u00e8s maintenant en ligne !","og_url":"https:\/\/www.erresse-shop.it\/fr\/shop\/table-fr-2\/presentoirs-a-gateau\/guzzini-tiffany-set-de-moules-a-gateaux-petit\/","og_site_name":"Erresse Shop","article_modified_time":"2025-01-15T06:26:27+00:00","og_image":[{"width":800,"height":800,"url":"https:\/\/www.erresse-shop.it\/wp-content\/uploads\/2023\/10\/GUZZINI-Tiffany-Set-Tortiera-Piccola.jpg","type":"image\/jpeg"}],"twitter_card":"summary_large_image","schema":{"@context":"https:\/\/schema.org","@graph":[{"@type":"WebPage","@id":"https:\/\/www.erresse-shop.it\/fr\/shop\/table-fr-2\/presentoirs-a-gateau\/guzzini-tiffany-set-de-moules-a-gateaux-petit\/","url":"https:\/\/www.erresse-shop.it\/fr\/shop\/table-fr-2\/presentoirs-a-gateau\/guzzini-tiffany-set-de-moules-a-gateaux-petit\/","name":"GUZZINI Tiffany Set de Moules \u00e0 G\u00e2teaux Petit","isPartOf":{"@id":"https:\/\/www.erresse-shop.it\/fr\/#website"},"datePublished":"2023-10-31T07:41:27+00:00","dateModified":"2025-01-15T06:26:27+00:00","description":"D\u00e9couvrez GUZZINI Tiffany Set de Moules \u00e0 G\u00e2teaux Petit sur ErresseShop. Qualit\u00e9, prix r\u00e9duits et achat s\u00e9curis\u00e9 \u2013 commandez d\u00e8s maintenant en ligne !","breadcrumb":{"@id":"https:\/\/www.erresse-shop.it\/fr\/shop\/table-fr-2\/presentoirs-a-gateau\/guzzini-tiffany-set-de-moules-a-gateaux-petit\/#breadcrumb"},"inLanguage":"fr-FR","potentialAction":[{"@type":"ReadAction","target":["https:\/\/www.erresse-shop.it\/fr\/shop\/table-fr-2\/presentoirs-a-gateau\/guzzini-tiffany-set-de-moules-a-gateaux-petit\/"]}]},{"@type":"BreadcrumbList","@id":"https:\/\/www.erresse-shop.it\/fr\/shop\/table-fr-2\/presentoirs-a-gateau\/guzzini-tiffany-set-de-moules-a-gateaux-petit\/#breadcrumb","itemListElement":[{"@type":"ListItem","position":1,"name":"Home","item":"https:\/\/www.erresse-shop.it\/fr\/"},{"@type":"ListItem","position":2,"name":"Shop","item":"https:\/\/www.erresse-shop.it\/fr\/shop\/"},{"@type":"ListItem","position":3,"name":"GUZZINI Tiffany Set de Moules \u00e0 G\u00e2teaux Petit"}]},{"@type":"WebSite","@id":"https:\/\/www.erresse-shop.it\/fr\/#website","url":"https:\/\/www.erresse-shop.it\/fr\/","name":"Erresse Shop","description":"Articoli di qualit\u00e0 per la casa","potentialAction":[{"@type":"SearchAction","target":{"@type":"EntryPoint","urlTemplate":"https:\/\/www.erresse-shop.it\/fr\/?s={search_term_string}"},"query-input":"required name=search_term_string"}],"inLanguage":"fr-FR"}]}},"df_price":14.75,"df_sale_price":14.75,"df_regular_price":29.5,"df_image_link":"https:\/\/www.erresse-shop.it\/wp-content\/uploads\/2023\/10\/GUZZINI-Tiffany-Set-Tortiera-Piccola-300x300.jpg","_links":{"self":[{"href":"https:\/\/www.erresse-shop.it\/fr\/wp-json\/wp\/v2\/product\/344099"}],"collection":[{"href":"https:\/\/www.erresse-shop.it\/fr\/wp-json\/wp\/v2\/product"}],"about":[{"href":"https:\/\/www.erresse-shop.it\/fr\/wp-json\/wp\/v2\/types\/product"}],"wp:featuredmedia":[{"embeddable":true,"href":"https:\/\/www.erresse-shop.it\/fr\/wp-json\/wp\/v2\/media\/344117"}],"wp:attachment":[{"href":"https:\/\/www.erresse-shop.it\/fr\/wp-json\/wp\/v2\/media?parent=344099"}],"wp:term":[{"taxonomy":"product_cat","embeddable":true,"href":"https:\/\/www.erresse-shop.it\/fr\/wp-json\/wp\/v2\/product_cat?post=344099"},{"taxonomy":"product_tag","embeddable":true,"href":"https:\/\/www.erresse-shop.it\/fr\/wp-json\/wp\/v2\/product_tag?post=344099"}],"curies":[{"name":"wp","href":"https:\/\/api.w.org\/{rel}","templated":true}]}}