{"id":342691,"date":"2023-10-27T08:56:22","date_gmt":"2023-10-27T08:56:26","guid":{"rendered":"https:\/\/www.erresse-shop.it\/?post_type=product&#038;p=342691"},"modified":"2023-11-03T09:10:18","modified_gmt":"2023-11-03T09:10:18","slug":"leonardo-milano-vase-28-cm-gris","status":"publish","type":"product","link":"https:\/\/www.erresse-shop.it\/fr\/shop\/ameublement-maison\/vases-fr\/leonardo-milano-vase-28-cm-gris\/","title":{"rendered":"LEONARDO Milano Vase 28 cm Gris"},"content":{"rendered":"<p>Cr\u00e9ez une oasis de bien-\u00eatre depuis votre maison\u00a0: avec le vase fait \u00e0 la main de la s\u00e9rie MILANO, rien de plus facile. Laissez-vous transporter dans un monde moderne par ce vase, caract\u00e9ris\u00e9 par une belle nuance de gris qui souligne son aspect moderne et raffin\u00e9. Montrez votre regard pour les belles choses avec ce vase Leonardo fait \u00e0 la main. Avec chaque produit fait \u00e0 la main, vous obtenez une pi\u00e8ce unique. Harmonieux, moderne et \u00e9l\u00e9gant, Leonardo vous inspire dans la conception de votre maison &#8211; jouez avec votre cr\u00e9ativit\u00e9 et cr\u00e9ez un environnement fantastique et individuel. D\u00e9coration pour tomber amoureux, ne pensez pas trop. Achetez aujourd\u2019hui et rendez votre d\u00e9cor encore plus vari\u00e9\u00a0: avec le vase gris.<\/p>\n<p><strong>D\u00e9tails<\/strong>:<\/p>\n<p>Mat\u00e9riau\u00a0: verre<\/p>\n<p>Pays de production\u00a0: Europe<\/p>\n","protected":false},"excerpt":{"rendered":"<p>Cr\u00e9ez une oasis de bien-\u00eatre depuis votre maison\u00a0: avec le vase fait \u00e0 la main de la s\u00e9rie MILANO, rien<\/p>\n","protected":false},"featured_media":342696,"template":"","meta":{"_acf_changed":false,"inline_featured_image":false},"product_cat":[12738,14422],"product_tag":[19356,24428,23873,23886],"acf":[],"yoast_head":"<!-- This site is optimized with the Yoast SEO Premium plugin v18.6 (Yoast SEO v19.13) - https:\/\/yoast.com\/wordpress\/plugins\/seo\/ -->\n<title>LEONARDO Milano Vase 28 cm Gris - Erresse Shop<\/title>\n<meta name=\"description\" content=\"Cr\u00e9ez une oasis de bien-\u00eatre depuis votre maison\u00a0: avec le vase fait \u00e0 la main de la s\u00e9rie MILANO, rien de plus facile. Laissez-vous transporter dans un\" \/>\n<meta name=\"robots\" content=\"index, follow, max-snippet:-1, max-image-preview:large, max-video-preview:-1\" \/>\n<link rel=\"canonical\" href=\"https:\/\/www.erresse-shop.it\/fr\/shop\/ameublement-maison\/vases-fr\/leonardo-milano-vase-28-cm-gris\/\" \/>\n<meta property=\"og:locale\" content=\"fr_FR\" \/>\n<meta property=\"og:type\" content=\"article\" \/>\n<meta property=\"og:title\" content=\"LEONARDO Milano Vase 28 cm Gris\" \/>\n<meta property=\"og:description\" content=\"Cr\u00e9ez une oasis de bien-\u00eatre depuis votre maison\u00a0: avec le vase fait \u00e0 la main de la s\u00e9rie MILANO, rien de plus facile. Laissez-vous transporter dans un\" \/>\n<meta property=\"og:url\" content=\"https:\/\/www.erresse-shop.it\/fr\/shop\/ameublement-maison\/vases-fr\/leonardo-milano-vase-28-cm-gris\/\" \/>\n<meta property=\"og:site_name\" content=\"Erresse Shop\" \/>\n<meta property=\"article:modified_time\" content=\"2023-11-03T09:10:18+00:00\" \/>\n<meta property=\"og:image\" content=\"https:\/\/www.erresse-shop.it\/wp-content\/uploads\/2023\/10\/Leonardo-milano-nero-28-cm.jpg\" \/>\n\t<meta property=\"og:image:width\" content=\"800\" \/>\n\t<meta property=\"og:image:height\" content=\"800\" \/>\n\t<meta property=\"og:image:type\" content=\"image\/jpeg\" \/>\n<meta name=\"twitter:card\" content=\"summary_large_image\" \/>\n<script type=\"application\/ld+json\" class=\"yoast-schema-graph\">{\"@context\":\"https:\/\/schema.org\",\"@graph\":[{\"@type\":\"WebPage\",\"@id\":\"https:\/\/www.erresse-shop.it\/fr\/shop\/ameublement-maison\/vases-fr\/leonardo-milano-vase-28-cm-gris\/\",\"url\":\"https:\/\/www.erresse-shop.it\/fr\/shop\/ameublement-maison\/vases-fr\/leonardo-milano-vase-28-cm-gris\/\",\"name\":\"LEONARDO Milano Vase 28 cm Gris - Erresse Shop\",\"isPartOf\":{\"@id\":\"https:\/\/www.erresse-shop.it\/fr\/#website\"},\"datePublished\":\"2023-10-27T08:56:26+00:00\",\"dateModified\":\"2023-11-03T09:10:18+00:00\",\"description\":\"Cr\u00e9ez une oasis de bien-\u00eatre depuis votre maison\u00a0: avec le vase fait \u00e0 la main de la s\u00e9rie MILANO, rien de plus facile. Laissez-vous transporter dans un\",\"breadcrumb\":{\"@id\":\"https:\/\/www.erresse-shop.it\/fr\/shop\/ameublement-maison\/vases-fr\/leonardo-milano-vase-28-cm-gris\/#breadcrumb\"},\"inLanguage\":\"fr-FR\",\"potentialAction\":[{\"@type\":\"ReadAction\",\"target\":[\"https:\/\/www.erresse-shop.it\/fr\/shop\/ameublement-maison\/vases-fr\/leonardo-milano-vase-28-cm-gris\/\"]}]},{\"@type\":\"BreadcrumbList\",\"@id\":\"https:\/\/www.erresse-shop.it\/fr\/shop\/ameublement-maison\/vases-fr\/leonardo-milano-vase-28-cm-gris\/#breadcrumb\",\"itemListElement\":[{\"@type\":\"ListItem\",\"position\":1,\"name\":\"Home\",\"item\":\"https:\/\/www.erresse-shop.it\/fr\/\"},{\"@type\":\"ListItem\",\"position\":2,\"name\":\"Shop\",\"item\":\"https:\/\/www.erresse-shop.it\/fr\/shop\/\"},{\"@type\":\"ListItem\",\"position\":3,\"name\":\"LEONARDO Milano Vase 28 cm Gris\"}]},{\"@type\":\"WebSite\",\"@id\":\"https:\/\/www.erresse-shop.it\/fr\/#website\",\"url\":\"https:\/\/www.erresse-shop.it\/fr\/\",\"name\":\"Erresse Shop\",\"description\":\"Articoli di qualit\u00e0 per la casa\",\"potentialAction\":[{\"@type\":\"SearchAction\",\"target\":{\"@type\":\"EntryPoint\",\"urlTemplate\":\"https:\/\/www.erresse-shop.it\/fr\/?s={search_term_string}\"},\"query-input\":\"required name=search_term_string\"}],\"inLanguage\":\"fr-FR\"}]}<\/script>\n<!-- \/ Yoast SEO Premium plugin. -->","yoast_head_json":{"title":"LEONARDO Milano Vase 28 cm Gris - Erresse Shop","description":"Cr\u00e9ez une oasis de bien-\u00eatre depuis votre maison\u00a0: avec le vase fait \u00e0 la main de la s\u00e9rie MILANO, rien de plus facile. Laissez-vous transporter dans un","robots":{"index":"index","follow":"follow","max-snippet":"max-snippet:-1","max-image-preview":"max-image-preview:large","max-video-preview":"max-video-preview:-1"},"canonical":"https:\/\/www.erresse-shop.it\/fr\/shop\/ameublement-maison\/vases-fr\/leonardo-milano-vase-28-cm-gris\/","og_locale":"fr_FR","og_type":"article","og_title":"LEONARDO Milano Vase 28 cm Gris","og_description":"Cr\u00e9ez une oasis de bien-\u00eatre depuis votre maison\u00a0: avec le vase fait \u00e0 la main de la s\u00e9rie MILANO, rien de plus facile. Laissez-vous transporter dans un","og_url":"https:\/\/www.erresse-shop.it\/fr\/shop\/ameublement-maison\/vases-fr\/leonardo-milano-vase-28-cm-gris\/","og_site_name":"Erresse Shop","article_modified_time":"2023-11-03T09:10:18+00:00","og_image":[{"width":800,"height":800,"url":"https:\/\/www.erresse-shop.it\/wp-content\/uploads\/2023\/10\/Leonardo-milano-nero-28-cm.jpg","type":"image\/jpeg"}],"twitter_card":"summary_large_image","schema":{"@context":"https:\/\/schema.org","@graph":[{"@type":"WebPage","@id":"https:\/\/www.erresse-shop.it\/fr\/shop\/ameublement-maison\/vases-fr\/leonardo-milano-vase-28-cm-gris\/","url":"https:\/\/www.erresse-shop.it\/fr\/shop\/ameublement-maison\/vases-fr\/leonardo-milano-vase-28-cm-gris\/","name":"LEONARDO Milano Vase 28 cm Gris - Erresse Shop","isPartOf":{"@id":"https:\/\/www.erresse-shop.it\/fr\/#website"},"datePublished":"2023-10-27T08:56:26+00:00","dateModified":"2023-11-03T09:10:18+00:00","description":"Cr\u00e9ez une oasis de bien-\u00eatre depuis votre maison\u00a0: avec le vase fait \u00e0 la main de la s\u00e9rie MILANO, rien de plus facile. Laissez-vous transporter dans un","breadcrumb":{"@id":"https:\/\/www.erresse-shop.it\/fr\/shop\/ameublement-maison\/vases-fr\/leonardo-milano-vase-28-cm-gris\/#breadcrumb"},"inLanguage":"fr-FR","potentialAction":[{"@type":"ReadAction","target":["https:\/\/www.erresse-shop.it\/fr\/shop\/ameublement-maison\/vases-fr\/leonardo-milano-vase-28-cm-gris\/"]}]},{"@type":"BreadcrumbList","@id":"https:\/\/www.erresse-shop.it\/fr\/shop\/ameublement-maison\/vases-fr\/leonardo-milano-vase-28-cm-gris\/#breadcrumb","itemListElement":[{"@type":"ListItem","position":1,"name":"Home","item":"https:\/\/www.erresse-shop.it\/fr\/"},{"@type":"ListItem","position":2,"name":"Shop","item":"https:\/\/www.erresse-shop.it\/fr\/shop\/"},{"@type":"ListItem","position":3,"name":"LEONARDO Milano Vase 28 cm Gris"}]},{"@type":"WebSite","@id":"https:\/\/www.erresse-shop.it\/fr\/#website","url":"https:\/\/www.erresse-shop.it\/fr\/","name":"Erresse Shop","description":"Articoli di qualit\u00e0 per la casa","potentialAction":[{"@type":"SearchAction","target":{"@type":"EntryPoint","urlTemplate":"https:\/\/www.erresse-shop.it\/fr\/?s={search_term_string}"},"query-input":"required name=search_term_string"}],"inLanguage":"fr-FR"}]}},"df_price":24.95,"df_sale_price":24.95,"df_regular_price":49.95,"df_image_link":"https:\/\/www.erresse-shop.it\/wp-content\/uploads\/2023\/10\/Leonardo-milano-nero-28-cm-300x300.jpg","_links":{"self":[{"href":"https:\/\/www.erresse-shop.it\/fr\/wp-json\/wp\/v2\/product\/342691"}],"collection":[{"href":"https:\/\/www.erresse-shop.it\/fr\/wp-json\/wp\/v2\/product"}],"about":[{"href":"https:\/\/www.erresse-shop.it\/fr\/wp-json\/wp\/v2\/types\/product"}],"wp:featuredmedia":[{"embeddable":true,"href":"https:\/\/www.erresse-shop.it\/fr\/wp-json\/wp\/v2\/media\/342696"}],"wp:attachment":[{"href":"https:\/\/www.erresse-shop.it\/fr\/wp-json\/wp\/v2\/media?parent=342691"}],"wp:term":[{"taxonomy":"product_cat","embeddable":true,"href":"https:\/\/www.erresse-shop.it\/fr\/wp-json\/wp\/v2\/product_cat?post=342691"},{"taxonomy":"product_tag","embeddable":true,"href":"https:\/\/www.erresse-shop.it\/fr\/wp-json\/wp\/v2\/product_tag?post=342691"}],"curies":[{"name":"wp","href":"https:\/\/api.w.org\/{rel}","templated":true}]}}