{"id":342360,"date":"2023-10-26T12:54:28","date_gmt":"2023-10-26T12:54:34","guid":{"rendered":"https:\/\/www.erresse-shop.it\/?post_type=product&#038;p=342360"},"modified":"2024-07-05T14:22:05","modified_gmt":"2024-07-05T14:22:05","slug":"le-creuset-brosse-a-grillades-cerise","status":"publish","type":"product","link":"https:\/\/www.erresse-shop.it\/fr\/shop\/poeles-pots\/accessoires-fr-3\/le-creuset-brosse-a-grillades-cerise\/","title":{"rendered":"LE CREUSET Brosse \u00e0 Grillades Cerise"},"content":{"rendered":"<p>Prenez soin de vos produits en fonte vitrifi\u00e9e Le Creuset gr\u00e2ce \u00e0 cette brosse sp\u00e9cialement con\u00e7ue pour \u00e9liminer facilement les r\u00e9sidus alimentaires tenaces. Gagnez du temps et de l&#8217;\u00e9nergie et faites briller vos pr\u00e9cieuses casseroles et po\u00eales. Les poils souples en nylon n&#8217;endommagent pas la vitrification et sont \u00e9galement parfaits pour les grils.<\/p>\n","protected":false},"excerpt":{"rendered":"<p>Prenez soin de vos produits en fonte vitrifi\u00e9e Le Creuset gr\u00e2ce \u00e0 cette brosse sp\u00e9cialement con\u00e7ue pour \u00e9liminer facilement les<\/p>\n","protected":false},"featured_media":342369,"template":"","meta":{"_acf_changed":false,"inline_featured_image":false},"product_cat":[12458,12772],"product_tag":[25086,25021,13192,13269,22346,21327],"acf":[],"yoast_head":"<!-- This site is optimized with the Yoast SEO Premium plugin v18.6 (Yoast SEO v19.13) - https:\/\/yoast.com\/wordpress\/plugins\/seo\/ -->\n<title>LE CREUSET Brosse \u00e0 Grillades Cerise - Erresse Shop<\/title>\n<meta name=\"description\" content=\"Prenez soin de vos produits en fonte vitrifi\u00e9e Le Creuset gr\u00e2ce \u00e0 cette brosse sp\u00e9cialement con\u00e7ue pour \u00e9liminer facilement les r\u00e9sidus alimentaires\" \/>\n<meta name=\"robots\" content=\"index, follow, max-snippet:-1, max-image-preview:large, max-video-preview:-1\" \/>\n<link rel=\"canonical\" href=\"https:\/\/www.erresse-shop.it\/fr\/shop\/poeles-pots\/accessoires-fr-3\/le-creuset-brosse-a-grillades-cerise\/\" \/>\n<meta property=\"og:locale\" content=\"fr_FR\" \/>\n<meta property=\"og:type\" content=\"article\" \/>\n<meta property=\"og:title\" content=\"LE CREUSET Brosse \u00e0 Grillades Cerise\" \/>\n<meta property=\"og:description\" content=\"Prenez soin de vos produits en fonte vitrifi\u00e9e Le Creuset gr\u00e2ce \u00e0 cette brosse sp\u00e9cialement con\u00e7ue pour \u00e9liminer facilement les r\u00e9sidus alimentaires\" \/>\n<meta property=\"og:url\" content=\"https:\/\/www.erresse-shop.it\/fr\/shop\/poeles-pots\/accessoires-fr-3\/le-creuset-brosse-a-grillades-cerise\/\" \/>\n<meta property=\"og:site_name\" content=\"Erresse Shop\" \/>\n<meta property=\"article:modified_time\" content=\"2024-07-05T14:22:05+00:00\" \/>\n<meta property=\"og:image\" content=\"https:\/\/www.erresse-shop.it\/wp-content\/uploads\/2023\/10\/LE-CREUSET-Spazzola-per-Grill-Ciliegia.jpg\" \/>\n\t<meta property=\"og:image:width\" content=\"800\" \/>\n\t<meta property=\"og:image:height\" content=\"800\" \/>\n\t<meta property=\"og:image:type\" content=\"image\/jpeg\" \/>\n<meta name=\"twitter:card\" content=\"summary_large_image\" \/>\n<script type=\"application\/ld+json\" class=\"yoast-schema-graph\">{\"@context\":\"https:\/\/schema.org\",\"@graph\":[{\"@type\":\"WebPage\",\"@id\":\"https:\/\/www.erresse-shop.it\/fr\/shop\/poeles-pots\/accessoires-fr-3\/le-creuset-brosse-a-grillades-cerise\/\",\"url\":\"https:\/\/www.erresse-shop.it\/fr\/shop\/poeles-pots\/accessoires-fr-3\/le-creuset-brosse-a-grillades-cerise\/\",\"name\":\"LE CREUSET Brosse \u00e0 Grillades Cerise - Erresse Shop\",\"isPartOf\":{\"@id\":\"https:\/\/www.erresse-shop.it\/fr\/#website\"},\"datePublished\":\"2023-10-26T12:54:34+00:00\",\"dateModified\":\"2024-07-05T14:22:05+00:00\",\"description\":\"Prenez soin de vos produits en fonte vitrifi\u00e9e Le Creuset gr\u00e2ce \u00e0 cette brosse sp\u00e9cialement con\u00e7ue pour \u00e9liminer facilement les r\u00e9sidus alimentaires\",\"breadcrumb\":{\"@id\":\"https:\/\/www.erresse-shop.it\/fr\/shop\/poeles-pots\/accessoires-fr-3\/le-creuset-brosse-a-grillades-cerise\/#breadcrumb\"},\"inLanguage\":\"fr-FR\",\"potentialAction\":[{\"@type\":\"ReadAction\",\"target\":[\"https:\/\/www.erresse-shop.it\/fr\/shop\/poeles-pots\/accessoires-fr-3\/le-creuset-brosse-a-grillades-cerise\/\"]}]},{\"@type\":\"BreadcrumbList\",\"@id\":\"https:\/\/www.erresse-shop.it\/fr\/shop\/poeles-pots\/accessoires-fr-3\/le-creuset-brosse-a-grillades-cerise\/#breadcrumb\",\"itemListElement\":[{\"@type\":\"ListItem\",\"position\":1,\"name\":\"Home\",\"item\":\"https:\/\/www.erresse-shop.it\/fr\/\"},{\"@type\":\"ListItem\",\"position\":2,\"name\":\"Shop\",\"item\":\"https:\/\/www.erresse-shop.it\/fr\/shop\/\"},{\"@type\":\"ListItem\",\"position\":3,\"name\":\"LE CREUSET Brosse \u00e0 Grillades Cerise\"}]},{\"@type\":\"WebSite\",\"@id\":\"https:\/\/www.erresse-shop.it\/fr\/#website\",\"url\":\"https:\/\/www.erresse-shop.it\/fr\/\",\"name\":\"Erresse Shop\",\"description\":\"Articoli di qualit\u00e0 per la casa\",\"potentialAction\":[{\"@type\":\"SearchAction\",\"target\":{\"@type\":\"EntryPoint\",\"urlTemplate\":\"https:\/\/www.erresse-shop.it\/fr\/?s={search_term_string}\"},\"query-input\":\"required name=search_term_string\"}],\"inLanguage\":\"fr-FR\"}]}<\/script>\n<!-- \/ Yoast SEO Premium plugin. -->","yoast_head_json":{"title":"LE CREUSET Brosse \u00e0 Grillades Cerise - Erresse Shop","description":"Prenez soin de vos produits en fonte vitrifi\u00e9e Le Creuset gr\u00e2ce \u00e0 cette brosse sp\u00e9cialement con\u00e7ue pour \u00e9liminer facilement les r\u00e9sidus alimentaires","robots":{"index":"index","follow":"follow","max-snippet":"max-snippet:-1","max-image-preview":"max-image-preview:large","max-video-preview":"max-video-preview:-1"},"canonical":"https:\/\/www.erresse-shop.it\/fr\/shop\/poeles-pots\/accessoires-fr-3\/le-creuset-brosse-a-grillades-cerise\/","og_locale":"fr_FR","og_type":"article","og_title":"LE CREUSET Brosse \u00e0 Grillades Cerise","og_description":"Prenez soin de vos produits en fonte vitrifi\u00e9e Le Creuset gr\u00e2ce \u00e0 cette brosse sp\u00e9cialement con\u00e7ue pour \u00e9liminer facilement les r\u00e9sidus alimentaires","og_url":"https:\/\/www.erresse-shop.it\/fr\/shop\/poeles-pots\/accessoires-fr-3\/le-creuset-brosse-a-grillades-cerise\/","og_site_name":"Erresse Shop","article_modified_time":"2024-07-05T14:22:05+00:00","og_image":[{"width":800,"height":800,"url":"https:\/\/www.erresse-shop.it\/wp-content\/uploads\/2023\/10\/LE-CREUSET-Spazzola-per-Grill-Ciliegia.jpg","type":"image\/jpeg"}],"twitter_card":"summary_large_image","schema":{"@context":"https:\/\/schema.org","@graph":[{"@type":"WebPage","@id":"https:\/\/www.erresse-shop.it\/fr\/shop\/poeles-pots\/accessoires-fr-3\/le-creuset-brosse-a-grillades-cerise\/","url":"https:\/\/www.erresse-shop.it\/fr\/shop\/poeles-pots\/accessoires-fr-3\/le-creuset-brosse-a-grillades-cerise\/","name":"LE CREUSET Brosse \u00e0 Grillades Cerise - Erresse Shop","isPartOf":{"@id":"https:\/\/www.erresse-shop.it\/fr\/#website"},"datePublished":"2023-10-26T12:54:34+00:00","dateModified":"2024-07-05T14:22:05+00:00","description":"Prenez soin de vos produits en fonte vitrifi\u00e9e Le Creuset gr\u00e2ce \u00e0 cette brosse sp\u00e9cialement con\u00e7ue pour \u00e9liminer facilement les r\u00e9sidus alimentaires","breadcrumb":{"@id":"https:\/\/www.erresse-shop.it\/fr\/shop\/poeles-pots\/accessoires-fr-3\/le-creuset-brosse-a-grillades-cerise\/#breadcrumb"},"inLanguage":"fr-FR","potentialAction":[{"@type":"ReadAction","target":["https:\/\/www.erresse-shop.it\/fr\/shop\/poeles-pots\/accessoires-fr-3\/le-creuset-brosse-a-grillades-cerise\/"]}]},{"@type":"BreadcrumbList","@id":"https:\/\/www.erresse-shop.it\/fr\/shop\/poeles-pots\/accessoires-fr-3\/le-creuset-brosse-a-grillades-cerise\/#breadcrumb","itemListElement":[{"@type":"ListItem","position":1,"name":"Home","item":"https:\/\/www.erresse-shop.it\/fr\/"},{"@type":"ListItem","position":2,"name":"Shop","item":"https:\/\/www.erresse-shop.it\/fr\/shop\/"},{"@type":"ListItem","position":3,"name":"LE CREUSET Brosse \u00e0 Grillades Cerise"}]},{"@type":"WebSite","@id":"https:\/\/www.erresse-shop.it\/fr\/#website","url":"https:\/\/www.erresse-shop.it\/fr\/","name":"Erresse Shop","description":"Articoli di qualit\u00e0 per la casa","potentialAction":[{"@type":"SearchAction","target":{"@type":"EntryPoint","urlTemplate":"https:\/\/www.erresse-shop.it\/fr\/?s={search_term_string}"},"query-input":"required name=search_term_string"}],"inLanguage":"fr-FR"}]}},"df_price":9.9,"df_sale_price":9.9,"df_regular_price":22,"df_image_link":"https:\/\/www.erresse-shop.it\/wp-content\/uploads\/2023\/10\/LE-CREUSET-Spazzola-per-Grill-Ciliegia-300x300.jpg","_links":{"self":[{"href":"https:\/\/www.erresse-shop.it\/fr\/wp-json\/wp\/v2\/product\/342360"}],"collection":[{"href":"https:\/\/www.erresse-shop.it\/fr\/wp-json\/wp\/v2\/product"}],"about":[{"href":"https:\/\/www.erresse-shop.it\/fr\/wp-json\/wp\/v2\/types\/product"}],"wp:featuredmedia":[{"embeddable":true,"href":"https:\/\/www.erresse-shop.it\/fr\/wp-json\/wp\/v2\/media\/342369"}],"wp:attachment":[{"href":"https:\/\/www.erresse-shop.it\/fr\/wp-json\/wp\/v2\/media?parent=342360"}],"wp:term":[{"taxonomy":"product_cat","embeddable":true,"href":"https:\/\/www.erresse-shop.it\/fr\/wp-json\/wp\/v2\/product_cat?post=342360"},{"taxonomy":"product_tag","embeddable":true,"href":"https:\/\/www.erresse-shop.it\/fr\/wp-json\/wp\/v2\/product_tag?post=342360"}],"curies":[{"name":"wp","href":"https:\/\/api.w.org\/{rel}","templated":true}]}}