{"id":341387,"date":"2023-10-24T14:10:55","date_gmt":"2023-10-24T14:10:59","guid":{"rendered":"https:\/\/www.erresse-shop.it\/?post_type=product&#038;p=341387"},"modified":"2025-01-14T17:47:13","modified_gmt":"2025-01-14T17:47:13","slug":"guzzini-eco-packly-poubelle-pour-la-collecte-selective-jaune","status":"publish","type":"product","link":"https:\/\/www.erresse-shop.it\/fr\/shop\/ameublement-maison\/poubelles\/guzzini-eco-packly-poubelle-pour-la-collecte-selective-jaune\/","title":{"rendered":"GUZZINI Eco-Packly Poubelle pour la Collecte S\u00e9lective Jaune"},"content":{"rendered":"<p>EcoPackly, la poubelle innovante et peu encombrante avec son design pliable, est id\u00e9ale pour la collecte s\u00e9lective du papier, du plastique, du verre et du m\u00e9tal \u00e0 la maison. Lorsqu&#8217;elle n&#8217;est pas utilis\u00e9e, elle peut \u00eatre facilement pli\u00e9e et rang\u00e9e dans un espace r\u00e9duit. Lorsqu&#8217;elle n&#8217;est pas utilis\u00e9e, elle peut \u00eatre pli\u00e9e et rang\u00e9e dans un espace r\u00e9duit. Elle a une capacit\u00e9 de 25 litres et le design du bord sup\u00e9rieur permet d&#8217;attacher le sac et de le ranger. Disponible en diff\u00e9rentes couleurs, il est facile \u00e0 nettoyer et les deux poign\u00e9es pratiques permettent de le transporter et de le vider confortablement. Il est fabriqu\u00e9 en plastique recycl\u00e9 apr\u00e8s consommation et 100 % recyclable. Son impact sur l&#8217;environnement est r\u00e9duit m\u00eame pendant le transport et le stockage gr\u00e2ce \u00e0 sa structure pliable innovante qui r\u00e9duit son volume de 80 %.<\/p>\n<p>D\u00e9tail Couleur : Jaune<br \/>\nDimensions : 30x25xh45 cm (ouvert) | 30x5xh45 cm (ferm\u00e9)<br \/>\nCapacit\u00e9 : 25 litres<br \/>\nMat\u00e9riau : 100% plastique recycl\u00e9<br \/>\nDesigner : Roberto Giacomucci<\/p>\n","protected":false},"excerpt":{"rendered":"<p>EcoPackly, la poubelle innovante et peu encombrante avec son design pliable, est id\u00e9ale pour la collecte s\u00e9lective du papier, du<\/p>\n","protected":false},"featured_media":341396,"template":"","meta":{"_acf_changed":false,"inline_featured_image":false},"product_cat":[12738,14033],"product_tag":[25026,25021,13485,21224,23838],"acf":[],"yoast_head":"<!-- This site is optimized with the Yoast SEO Premium plugin v18.6 (Yoast SEO v19.13) - https:\/\/yoast.com\/wordpress\/plugins\/seo\/ -->\n<title>GUZZINI Eco-Packly Poubelle pour la Collecte S\u00e9lective Jaune<\/title>\n<meta name=\"description\" content=\"D\u00e9couvrez GUZZINI Eco-Packly Poubelle pour la Collecte S\u00e9lective Jaune sur ErresseShop. Qualit\u00e9, prix r\u00e9duits et achat s\u00e9curis\u00e9 \u2013 commandez d\u00e8s maintenant en ligne !\" \/>\n<meta name=\"robots\" content=\"index, follow, max-snippet:-1, max-image-preview:large, max-video-preview:-1\" \/>\n<link rel=\"canonical\" href=\"https:\/\/www.erresse-shop.it\/fr\/shop\/ameublement-maison\/poubelles\/guzzini-eco-packly-poubelle-pour-la-collecte-selective-jaune\/\" \/>\n<meta property=\"og:locale\" content=\"fr_FR\" \/>\n<meta property=\"og:type\" content=\"article\" \/>\n<meta property=\"og:title\" content=\"GUZZINI Eco-Packly Poubelle pour la Collecte S\u00e9lective Jaune\" \/>\n<meta property=\"og:description\" content=\"D\u00e9couvrez GUZZINI Eco-Packly Poubelle pour la Collecte S\u00e9lective Jaune sur ErresseShop. Qualit\u00e9, prix r\u00e9duits et achat s\u00e9curis\u00e9 \u2013 commandez d\u00e8s maintenant en ligne !\" \/>\n<meta property=\"og:url\" content=\"https:\/\/www.erresse-shop.it\/fr\/shop\/ameublement-maison\/poubelles\/guzzini-eco-packly-poubelle-pour-la-collecte-selective-jaune\/\" \/>\n<meta property=\"og:site_name\" content=\"Erresse Shop\" \/>\n<meta property=\"article:modified_time\" content=\"2025-01-14T17:47:13+00:00\" \/>\n<meta property=\"og:image\" content=\"https:\/\/www.erresse-shop.it\/wp-content\/uploads\/2023\/10\/GUZZINI-Eco-Packly-Pattumiera-per-Raccolta-Differenziata-Giallo.jpg\" \/>\n\t<meta property=\"og:image:width\" content=\"800\" \/>\n\t<meta property=\"og:image:height\" content=\"800\" \/>\n\t<meta property=\"og:image:type\" content=\"image\/jpeg\" \/>\n<meta name=\"twitter:card\" content=\"summary_large_image\" \/>\n<script type=\"application\/ld+json\" class=\"yoast-schema-graph\">{\"@context\":\"https:\/\/schema.org\",\"@graph\":[{\"@type\":\"WebPage\",\"@id\":\"https:\/\/www.erresse-shop.it\/fr\/shop\/ameublement-maison\/poubelles\/guzzini-eco-packly-poubelle-pour-la-collecte-selective-jaune\/\",\"url\":\"https:\/\/www.erresse-shop.it\/fr\/shop\/ameublement-maison\/poubelles\/guzzini-eco-packly-poubelle-pour-la-collecte-selective-jaune\/\",\"name\":\"GUZZINI Eco-Packly Poubelle pour la Collecte S\u00e9lective Jaune\",\"isPartOf\":{\"@id\":\"https:\/\/www.erresse-shop.it\/fr\/#website\"},\"datePublished\":\"2023-10-24T14:10:59+00:00\",\"dateModified\":\"2025-01-14T17:47:13+00:00\",\"description\":\"D\u00e9couvrez GUZZINI Eco-Packly Poubelle pour la Collecte S\u00e9lective Jaune sur ErresseShop. Qualit\u00e9, prix r\u00e9duits et achat s\u00e9curis\u00e9 \u2013 commandez d\u00e8s maintenant en ligne !\",\"breadcrumb\":{\"@id\":\"https:\/\/www.erresse-shop.it\/fr\/shop\/ameublement-maison\/poubelles\/guzzini-eco-packly-poubelle-pour-la-collecte-selective-jaune\/#breadcrumb\"},\"inLanguage\":\"fr-FR\",\"potentialAction\":[{\"@type\":\"ReadAction\",\"target\":[\"https:\/\/www.erresse-shop.it\/fr\/shop\/ameublement-maison\/poubelles\/guzzini-eco-packly-poubelle-pour-la-collecte-selective-jaune\/\"]}]},{\"@type\":\"BreadcrumbList\",\"@id\":\"https:\/\/www.erresse-shop.it\/fr\/shop\/ameublement-maison\/poubelles\/guzzini-eco-packly-poubelle-pour-la-collecte-selective-jaune\/#breadcrumb\",\"itemListElement\":[{\"@type\":\"ListItem\",\"position\":1,\"name\":\"Home\",\"item\":\"https:\/\/www.erresse-shop.it\/fr\/\"},{\"@type\":\"ListItem\",\"position\":2,\"name\":\"Shop\",\"item\":\"https:\/\/www.erresse-shop.it\/fr\/shop\/\"},{\"@type\":\"ListItem\",\"position\":3,\"name\":\"GUZZINI Eco-Packly Poubelle pour la Collecte S\u00e9lective Jaune\"}]},{\"@type\":\"WebSite\",\"@id\":\"https:\/\/www.erresse-shop.it\/fr\/#website\",\"url\":\"https:\/\/www.erresse-shop.it\/fr\/\",\"name\":\"Erresse Shop\",\"description\":\"Articoli di qualit\u00e0 per la casa\",\"potentialAction\":[{\"@type\":\"SearchAction\",\"target\":{\"@type\":\"EntryPoint\",\"urlTemplate\":\"https:\/\/www.erresse-shop.it\/fr\/?s={search_term_string}\"},\"query-input\":\"required name=search_term_string\"}],\"inLanguage\":\"fr-FR\"}]}<\/script>\n<!-- \/ Yoast SEO Premium plugin. -->","yoast_head_json":{"title":"GUZZINI Eco-Packly Poubelle pour la Collecte S\u00e9lective Jaune","description":"D\u00e9couvrez GUZZINI Eco-Packly Poubelle pour la Collecte S\u00e9lective Jaune sur ErresseShop. Qualit\u00e9, prix r\u00e9duits et achat s\u00e9curis\u00e9 \u2013 commandez d\u00e8s maintenant en ligne !","robots":{"index":"index","follow":"follow","max-snippet":"max-snippet:-1","max-image-preview":"max-image-preview:large","max-video-preview":"max-video-preview:-1"},"canonical":"https:\/\/www.erresse-shop.it\/fr\/shop\/ameublement-maison\/poubelles\/guzzini-eco-packly-poubelle-pour-la-collecte-selective-jaune\/","og_locale":"fr_FR","og_type":"article","og_title":"GUZZINI Eco-Packly Poubelle pour la Collecte S\u00e9lective Jaune","og_description":"D\u00e9couvrez GUZZINI Eco-Packly Poubelle pour la Collecte S\u00e9lective Jaune sur ErresseShop. Qualit\u00e9, prix r\u00e9duits et achat s\u00e9curis\u00e9 \u2013 commandez d\u00e8s maintenant en ligne !","og_url":"https:\/\/www.erresse-shop.it\/fr\/shop\/ameublement-maison\/poubelles\/guzzini-eco-packly-poubelle-pour-la-collecte-selective-jaune\/","og_site_name":"Erresse Shop","article_modified_time":"2025-01-14T17:47:13+00:00","og_image":[{"width":800,"height":800,"url":"https:\/\/www.erresse-shop.it\/wp-content\/uploads\/2023\/10\/GUZZINI-Eco-Packly-Pattumiera-per-Raccolta-Differenziata-Giallo.jpg","type":"image\/jpeg"}],"twitter_card":"summary_large_image","schema":{"@context":"https:\/\/schema.org","@graph":[{"@type":"WebPage","@id":"https:\/\/www.erresse-shop.it\/fr\/shop\/ameublement-maison\/poubelles\/guzzini-eco-packly-poubelle-pour-la-collecte-selective-jaune\/","url":"https:\/\/www.erresse-shop.it\/fr\/shop\/ameublement-maison\/poubelles\/guzzini-eco-packly-poubelle-pour-la-collecte-selective-jaune\/","name":"GUZZINI Eco-Packly Poubelle pour la Collecte S\u00e9lective Jaune","isPartOf":{"@id":"https:\/\/www.erresse-shop.it\/fr\/#website"},"datePublished":"2023-10-24T14:10:59+00:00","dateModified":"2025-01-14T17:47:13+00:00","description":"D\u00e9couvrez GUZZINI Eco-Packly Poubelle pour la Collecte S\u00e9lective Jaune sur ErresseShop. Qualit\u00e9, prix r\u00e9duits et achat s\u00e9curis\u00e9 \u2013 commandez d\u00e8s maintenant en ligne !","breadcrumb":{"@id":"https:\/\/www.erresse-shop.it\/fr\/shop\/ameublement-maison\/poubelles\/guzzini-eco-packly-poubelle-pour-la-collecte-selective-jaune\/#breadcrumb"},"inLanguage":"fr-FR","potentialAction":[{"@type":"ReadAction","target":["https:\/\/www.erresse-shop.it\/fr\/shop\/ameublement-maison\/poubelles\/guzzini-eco-packly-poubelle-pour-la-collecte-selective-jaune\/"]}]},{"@type":"BreadcrumbList","@id":"https:\/\/www.erresse-shop.it\/fr\/shop\/ameublement-maison\/poubelles\/guzzini-eco-packly-poubelle-pour-la-collecte-selective-jaune\/#breadcrumb","itemListElement":[{"@type":"ListItem","position":1,"name":"Home","item":"https:\/\/www.erresse-shop.it\/fr\/"},{"@type":"ListItem","position":2,"name":"Shop","item":"https:\/\/www.erresse-shop.it\/fr\/shop\/"},{"@type":"ListItem","position":3,"name":"GUZZINI Eco-Packly Poubelle pour la Collecte S\u00e9lective Jaune"}]},{"@type":"WebSite","@id":"https:\/\/www.erresse-shop.it\/fr\/#website","url":"https:\/\/www.erresse-shop.it\/fr\/","name":"Erresse Shop","description":"Articoli di qualit\u00e0 per la casa","potentialAction":[{"@type":"SearchAction","target":{"@type":"EntryPoint","urlTemplate":"https:\/\/www.erresse-shop.it\/fr\/?s={search_term_string}"},"query-input":"required name=search_term_string"}],"inLanguage":"fr-FR"}]}},"df_price":12.45,"df_sale_price":12.45,"df_regular_price":24.9,"df_image_link":"https:\/\/www.erresse-shop.it\/wp-content\/uploads\/2023\/10\/GUZZINI-Eco-Packly-Pattumiera-per-Raccolta-Differenziata-Giallo-300x300.jpg","_links":{"self":[{"href":"https:\/\/www.erresse-shop.it\/fr\/wp-json\/wp\/v2\/product\/341387"}],"collection":[{"href":"https:\/\/www.erresse-shop.it\/fr\/wp-json\/wp\/v2\/product"}],"about":[{"href":"https:\/\/www.erresse-shop.it\/fr\/wp-json\/wp\/v2\/types\/product"}],"wp:featuredmedia":[{"embeddable":true,"href":"https:\/\/www.erresse-shop.it\/fr\/wp-json\/wp\/v2\/media\/341396"}],"wp:attachment":[{"href":"https:\/\/www.erresse-shop.it\/fr\/wp-json\/wp\/v2\/media?parent=341387"}],"wp:term":[{"taxonomy":"product_cat","embeddable":true,"href":"https:\/\/www.erresse-shop.it\/fr\/wp-json\/wp\/v2\/product_cat?post=341387"},{"taxonomy":"product_tag","embeddable":true,"href":"https:\/\/www.erresse-shop.it\/fr\/wp-json\/wp\/v2\/product_tag?post=341387"}],"curies":[{"name":"wp","href":"https:\/\/api.w.org\/{rel}","templated":true}]}}