{"id":339881,"date":"2023-10-20T14:15:01","date_gmt":"2023-10-20T14:15:06","guid":{"rendered":"https:\/\/www.erresse-shop.it\/?post_type=product&#038;p=339881"},"modified":"2024-11-24T10:17:36","modified_gmt":"2024-11-24T10:17:36","slug":"le-creuset-gril-rectangulaire-en-fonte-emaillee-32x22-cm-nectar","status":"publish","type":"product","link":"https:\/\/www.erresse-shop.it\/fr\/shop\/poeles-pots\/grils-a-steak\/le-creuset-gril-rectangulaire-en-fonte-emaillee-32x22-cm-nectar\/","title":{"rendered":"LE CREUSET Gril Rectangulaire en Fonte \u00c9maill\u00e9e 32&#215;22 cm Nectar"},"content":{"rendered":"<p><strong>UN BARBECUE IMPECCABLE<\/strong><\/p>\n<p>Savourez tous les ar\u00f4mes et les saveurs des grillades en plein air dans votre cuisine. Avec cette grille en fonte vitrifi\u00e9e, il est facile de griller poulet, steaks, poissons, l\u00e9gumes et autres, en pr\u00e9servant les saveurs et les ar\u00f4mes et en obtenant un effet de grillade parfait. Gr\u00e2ce \u00e0 sa forme, il prend peu de place.<\/p>\n<ul>\n<li>Polyvalence : ce produit est adapt\u00e9 au mode four, cuisini\u00e8re et gril.<\/li>\n<li>Des aliments savoureux : la fonte vitrifi\u00e9e retient la chaleur pour une cuisson et un brunissement homog\u00e8nes. Vos d\u00e9licieuses cr\u00e9ations resteront chaudes plus longtemps \u00e0 table.<\/li>\n<li>Rainures de gril : cr\u00e9ez d&#8217;authentiques rangs \u00e0 effet barbecue pour des aliments d&#8217;une grande qualit\u00e9.<\/li>\n<li>Pas trop chaud : cuisinez avec une chaleur constante faible \u00e0 moyenne pour prendre soin de votre produit en fonte vitrifi\u00e9e et obtenir de d\u00e9licieux r\u00e9sultats.<\/li>\n<li>S&#8217;am\u00e9liore avec le temps : l&#8217;int\u00e9rieur vitrifi\u00e9 d\u00e9veloppe une patine naturelle qui agit presque comme une surface antiadh\u00e9sive. Sa finition poss\u00e8de des propri\u00e9t\u00e9s qui emp\u00eachent<\/li>\n<li>les aliments de coller, m\u00eame avec de petites quantit\u00e9s d&#8217;huile. Lavez le produit uniquement \u00e0 l&#8217;eau pour permettre \u00e0 la patine de se d\u00e9velopper.<\/li>\n<li>Nos produits sont fabriqu\u00e9s \u00e0 partir des meilleurs mat\u00e9riaux dans des usines du monde entier pour garantir la qualit\u00e9 que vous attendez de Le Creuset.<\/li>\n<\/ul>\n<p>Mat\u00e9riau : fonte vitrifi\u00e9e<br \/>\nFabriqu\u00e9 en : France<br \/>\nGarantie : \u00e0 vie<\/p>\n<p><strong>Source de chaleur :<\/strong><\/p>\n<ul>\n<li>Four<\/li>\n<li>Mode gril du four<\/li>\n<li>Table de cuisson \u00e9lectrique<\/li>\n<li>C\u00e9ramique Verre<\/li>\n<li>Table de cuisson \u00e0 gaz<\/li>\n<li>Table de cuisson \u00e0 induction<\/li>\n<\/ul>\n<p><strong>Nettoyage et entretien :<\/strong><\/p>\n<ul>\n<li>Attendez que le produit refroidisse avant de commencer \u00e0 le nettoyer.<\/li>\n<li>Nettoyez les restes de nourriture sur la base et les c\u00f4t\u00e9s de l&#8217;appareil. Si des aliments y sont coll\u00e9s, remplissez le produit d&#8217;eau chaude savonneuse et laissez-le tremper pendant 15 \u00e0 20 minutes avant de le laver comme d&#8217;habitude.<\/li>\n<li>N&#8217;utilisez pas de nettoyants abrasifs ni d&#8217;\u00e9ponges ou de brosses m\u00e9talliques tr\u00e8s rigides sur aucune des surfaces.<\/li>\n<li>Bien s\u00e9cher apr\u00e8s le lavage et stocker dans un endroit sec.<\/li>\n<\/ul>\n<div class=\"su-youtube su-u-responsive-media-yes\"><iframe loading=\"lazy\" width=\"500\" height=\"200\" src=\"https:\/\/www.youtube.com\/embed\/WNBWpKCm0Zc?\" frameborder=\"0\" allowfullscreen allow=\"autoplay; encrypted-media; picture-in-picture\" title=\"\"><\/iframe><\/div>\n","protected":false},"excerpt":{"rendered":"<p>UN BARBECUE IMPECCABLE Savourez tous les ar\u00f4mes et les saveurs des grillades en plein air dans votre cuisine. Avec cette<\/p>\n","protected":false},"featured_media":339902,"template":"","meta":{"_acf_changed":false,"inline_featured_image":false},"product_cat":[12458,12775],"product_tag":[25086,23910,25021,14826,12994,12460,12461,12465,12466,23784,12468,12469],"acf":[],"yoast_head":"<!-- This site is optimized with the Yoast SEO Premium plugin v18.6 (Yoast SEO v19.13) - https:\/\/yoast.com\/wordpress\/plugins\/seo\/ -->\n<title>LE CREUSET Gril Rectangulaire en Fonte \u00c9maill\u00e9e 32x22 cm Nectar - Erresse Shop<\/title>\n<meta name=\"description\" content=\"UN BARBECUE IMPECCABLE Savourez tous les ar\u00f4mes et les saveurs des grillades en plein air dans votre cuisine. Avec cette grille en fonte vitrifi\u00e9e, il est\" \/>\n<meta name=\"robots\" content=\"index, follow, max-snippet:-1, max-image-preview:large, max-video-preview:-1\" \/>\n<link rel=\"canonical\" href=\"https:\/\/www.erresse-shop.it\/fr\/shop\/poeles-pots\/grils-a-steak\/le-creuset-gril-rectangulaire-en-fonte-emaillee-32x22-cm-nectar\/\" \/>\n<meta property=\"og:locale\" content=\"fr_FR\" \/>\n<meta property=\"og:type\" content=\"article\" \/>\n<meta property=\"og:title\" content=\"LE CREUSET Gril Rectangulaire en Fonte \u00c9maill\u00e9e 32x22 cm Nectar\" \/>\n<meta property=\"og:description\" content=\"UN BARBECUE IMPECCABLE Savourez tous les ar\u00f4mes et les saveurs des grillades en plein air dans votre cuisine. Avec cette grille en fonte vitrifi\u00e9e, il est\" \/>\n<meta property=\"og:url\" content=\"https:\/\/www.erresse-shop.it\/fr\/shop\/poeles-pots\/grils-a-steak\/le-creuset-gril-rectangulaire-en-fonte-emaillee-32x22-cm-nectar\/\" \/>\n<meta property=\"og:site_name\" content=\"Erresse Shop\" \/>\n<meta property=\"article:modified_time\" content=\"2024-11-24T10:17:36+00:00\" \/>\n<meta property=\"og:image\" content=\"https:\/\/www.erresse-shop.it\/wp-content\/uploads\/2023\/10\/LE-CREUSET-Griglia-Rettangolare-in-Ghisa-32x22-cm-Nectar.jpg\" \/>\n\t<meta property=\"og:image:width\" content=\"800\" \/>\n\t<meta property=\"og:image:height\" content=\"800\" \/>\n\t<meta property=\"og:image:type\" content=\"image\/jpeg\" \/>\n<meta name=\"twitter:card\" content=\"summary_large_image\" \/>\n<script type=\"application\/ld+json\" class=\"yoast-schema-graph\">{\"@context\":\"https:\/\/schema.org\",\"@graph\":[{\"@type\":\"WebPage\",\"@id\":\"https:\/\/www.erresse-shop.it\/fr\/shop\/poeles-pots\/grils-a-steak\/le-creuset-gril-rectangulaire-en-fonte-emaillee-32x22-cm-nectar\/\",\"url\":\"https:\/\/www.erresse-shop.it\/fr\/shop\/poeles-pots\/grils-a-steak\/le-creuset-gril-rectangulaire-en-fonte-emaillee-32x22-cm-nectar\/\",\"name\":\"LE CREUSET Gril Rectangulaire en Fonte \u00c9maill\u00e9e 32x22 cm Nectar - Erresse Shop\",\"isPartOf\":{\"@id\":\"https:\/\/www.erresse-shop.it\/fr\/#website\"},\"datePublished\":\"2023-10-20T14:15:06+00:00\",\"dateModified\":\"2024-11-24T10:17:36+00:00\",\"description\":\"UN BARBECUE IMPECCABLE Savourez tous les ar\u00f4mes et les saveurs des grillades en plein air dans votre cuisine. Avec cette grille en fonte vitrifi\u00e9e, il est\",\"breadcrumb\":{\"@id\":\"https:\/\/www.erresse-shop.it\/fr\/shop\/poeles-pots\/grils-a-steak\/le-creuset-gril-rectangulaire-en-fonte-emaillee-32x22-cm-nectar\/#breadcrumb\"},\"inLanguage\":\"fr-FR\",\"potentialAction\":[{\"@type\":\"ReadAction\",\"target\":[\"https:\/\/www.erresse-shop.it\/fr\/shop\/poeles-pots\/grils-a-steak\/le-creuset-gril-rectangulaire-en-fonte-emaillee-32x22-cm-nectar\/\"]}]},{\"@type\":\"BreadcrumbList\",\"@id\":\"https:\/\/www.erresse-shop.it\/fr\/shop\/poeles-pots\/grils-a-steak\/le-creuset-gril-rectangulaire-en-fonte-emaillee-32x22-cm-nectar\/#breadcrumb\",\"itemListElement\":[{\"@type\":\"ListItem\",\"position\":1,\"name\":\"Home\",\"item\":\"https:\/\/www.erresse-shop.it\/fr\/\"},{\"@type\":\"ListItem\",\"position\":2,\"name\":\"Shop\",\"item\":\"https:\/\/www.erresse-shop.it\/fr\/shop\/\"},{\"@type\":\"ListItem\",\"position\":3,\"name\":\"LE CREUSET Gril Rectangulaire en Fonte \u00c9maill\u00e9e 32&#215;22 cm Nectar\"}]},{\"@type\":\"WebSite\",\"@id\":\"https:\/\/www.erresse-shop.it\/fr\/#website\",\"url\":\"https:\/\/www.erresse-shop.it\/fr\/\",\"name\":\"Erresse Shop\",\"description\":\"Articoli di qualit\u00e0 per la casa\",\"potentialAction\":[{\"@type\":\"SearchAction\",\"target\":{\"@type\":\"EntryPoint\",\"urlTemplate\":\"https:\/\/www.erresse-shop.it\/fr\/?s={search_term_string}\"},\"query-input\":\"required name=search_term_string\"}],\"inLanguage\":\"fr-FR\"}]}<\/script>\n<!-- \/ Yoast SEO Premium plugin. -->","yoast_head_json":{"title":"LE CREUSET Gril Rectangulaire en Fonte \u00c9maill\u00e9e 32x22 cm Nectar - Erresse Shop","description":"UN BARBECUE IMPECCABLE Savourez tous les ar\u00f4mes et les saveurs des grillades en plein air dans votre cuisine. Avec cette grille en fonte vitrifi\u00e9e, il est","robots":{"index":"index","follow":"follow","max-snippet":"max-snippet:-1","max-image-preview":"max-image-preview:large","max-video-preview":"max-video-preview:-1"},"canonical":"https:\/\/www.erresse-shop.it\/fr\/shop\/poeles-pots\/grils-a-steak\/le-creuset-gril-rectangulaire-en-fonte-emaillee-32x22-cm-nectar\/","og_locale":"fr_FR","og_type":"article","og_title":"LE CREUSET Gril Rectangulaire en Fonte \u00c9maill\u00e9e 32x22 cm Nectar","og_description":"UN BARBECUE IMPECCABLE Savourez tous les ar\u00f4mes et les saveurs des grillades en plein air dans votre cuisine. Avec cette grille en fonte vitrifi\u00e9e, il est","og_url":"https:\/\/www.erresse-shop.it\/fr\/shop\/poeles-pots\/grils-a-steak\/le-creuset-gril-rectangulaire-en-fonte-emaillee-32x22-cm-nectar\/","og_site_name":"Erresse Shop","article_modified_time":"2024-11-24T10:17:36+00:00","og_image":[{"width":800,"height":800,"url":"https:\/\/www.erresse-shop.it\/wp-content\/uploads\/2023\/10\/LE-CREUSET-Griglia-Rettangolare-in-Ghisa-32x22-cm-Nectar.jpg","type":"image\/jpeg"}],"twitter_card":"summary_large_image","schema":{"@context":"https:\/\/schema.org","@graph":[{"@type":"WebPage","@id":"https:\/\/www.erresse-shop.it\/fr\/shop\/poeles-pots\/grils-a-steak\/le-creuset-gril-rectangulaire-en-fonte-emaillee-32x22-cm-nectar\/","url":"https:\/\/www.erresse-shop.it\/fr\/shop\/poeles-pots\/grils-a-steak\/le-creuset-gril-rectangulaire-en-fonte-emaillee-32x22-cm-nectar\/","name":"LE CREUSET Gril Rectangulaire en Fonte \u00c9maill\u00e9e 32x22 cm Nectar - Erresse Shop","isPartOf":{"@id":"https:\/\/www.erresse-shop.it\/fr\/#website"},"datePublished":"2023-10-20T14:15:06+00:00","dateModified":"2024-11-24T10:17:36+00:00","description":"UN BARBECUE IMPECCABLE Savourez tous les ar\u00f4mes et les saveurs des grillades en plein air dans votre cuisine. Avec cette grille en fonte vitrifi\u00e9e, il est","breadcrumb":{"@id":"https:\/\/www.erresse-shop.it\/fr\/shop\/poeles-pots\/grils-a-steak\/le-creuset-gril-rectangulaire-en-fonte-emaillee-32x22-cm-nectar\/#breadcrumb"},"inLanguage":"fr-FR","potentialAction":[{"@type":"ReadAction","target":["https:\/\/www.erresse-shop.it\/fr\/shop\/poeles-pots\/grils-a-steak\/le-creuset-gril-rectangulaire-en-fonte-emaillee-32x22-cm-nectar\/"]}]},{"@type":"BreadcrumbList","@id":"https:\/\/www.erresse-shop.it\/fr\/shop\/poeles-pots\/grils-a-steak\/le-creuset-gril-rectangulaire-en-fonte-emaillee-32x22-cm-nectar\/#breadcrumb","itemListElement":[{"@type":"ListItem","position":1,"name":"Home","item":"https:\/\/www.erresse-shop.it\/fr\/"},{"@type":"ListItem","position":2,"name":"Shop","item":"https:\/\/www.erresse-shop.it\/fr\/shop\/"},{"@type":"ListItem","position":3,"name":"LE CREUSET Gril Rectangulaire en Fonte \u00c9maill\u00e9e 32&#215;22 cm Nectar"}]},{"@type":"WebSite","@id":"https:\/\/www.erresse-shop.it\/fr\/#website","url":"https:\/\/www.erresse-shop.it\/fr\/","name":"Erresse Shop","description":"Articoli di qualit\u00e0 per la casa","potentialAction":[{"@type":"SearchAction","target":{"@type":"EntryPoint","urlTemplate":"https:\/\/www.erresse-shop.it\/fr\/?s={search_term_string}"},"query-input":"required name=search_term_string"}],"inLanguage":"fr-FR"}]}},"df_price":58.050000000000004,"df_sale_price":58.050000000000004,"df_regular_price":129,"df_image_link":"https:\/\/www.erresse-shop.it\/wp-content\/uploads\/2023\/10\/LE-CREUSET-Griglia-Rettangolare-in-Ghisa-32x22-cm-Nectar-300x300.jpg","_links":{"self":[{"href":"https:\/\/www.erresse-shop.it\/fr\/wp-json\/wp\/v2\/product\/339881"}],"collection":[{"href":"https:\/\/www.erresse-shop.it\/fr\/wp-json\/wp\/v2\/product"}],"about":[{"href":"https:\/\/www.erresse-shop.it\/fr\/wp-json\/wp\/v2\/types\/product"}],"wp:featuredmedia":[{"embeddable":true,"href":"https:\/\/www.erresse-shop.it\/fr\/wp-json\/wp\/v2\/media\/339902"}],"wp:attachment":[{"href":"https:\/\/www.erresse-shop.it\/fr\/wp-json\/wp\/v2\/media?parent=339881"}],"wp:term":[{"taxonomy":"product_cat","embeddable":true,"href":"https:\/\/www.erresse-shop.it\/fr\/wp-json\/wp\/v2\/product_cat?post=339881"},{"taxonomy":"product_tag","embeddable":true,"href":"https:\/\/www.erresse-shop.it\/fr\/wp-json\/wp\/v2\/product_tag?post=339881"}],"curies":[{"name":"wp","href":"https:\/\/api.w.org\/{rel}","templated":true}]}}