{"id":339428,"date":"2023-10-19T10:26:41","date_gmt":"2023-10-19T10:26:47","guid":{"rendered":"https:\/\/www.erresse-shop.it\/?post_type=product&#038;p=339428"},"modified":"2023-10-19T10:39:21","modified_gmt":"2023-10-19T10:39:21","slug":"joseph-joseph-tota-panier-a-linge-60-litres-vert","status":"publish","type":"product","link":"https:\/\/www.erresse-shop.it\/fr\/shop\/ameublement-maison\/salle-de-bain\/joseph-joseph-tota-panier-a-linge-60-litres-vert\/","title":{"rendered":"JOSEPH JOSEPH Tota Panier \u00e0 linge 60 litres Vert"},"content":{"rendered":"<p><strong>Joseph Joseph<\/strong>, le premier fabricant mondial de produits pour la cuisine et la maison. Fond\u00e9 en 2003, Joseph Joseph fusionne un design innovant avec un style moderne. L&#8217;utilisation de la couleur caract\u00e9rise ind\u00e9niablement les produits et le design soign\u00e9. les rend absolument fonctionnels et pratiques.<\/p>\n<p><strong>Caract\u00e9ristiques:<\/strong><br \/>\nR\u00e9duisez les corv\u00e9es de lessive en s\u00e9parant les articles clairs des articles fonc\u00e9s ou color\u00e9s, gr\u00e2ce aux deux compartiments de cet \u00e9l\u00e9gant panier \u00e0 linge.<br \/>\nDeux compartiments de 30 litres pour une s\u00e9paration facile des tissus<br \/>\nSacs en toile d\u00e9tachables avec poign\u00e9es faciles \u00e0 transporter<br \/>\nLa poign\u00e9e situ\u00e9e au bas des sacs facilite le vidage.<br \/>\nRetour rapide : les sacs sont automatiquement remis dans le panier.<br \/>\nParfait pour les chambres, les salles de bains ou les buanderies.<br \/>\nLivr\u00e9 emball\u00e9 avec des instructions de montage compl\u00e8tes<\/p>\n<p><strong>Pr\u00e9cautions et utilisation<\/strong><br \/>\nSacs en toile lavables en machine, v\u00e9rifiez l&#8217;\u00e9tiquette de l&#8217;article, retirez la doublure en plastique avant le lavage.<br \/>\nExt\u00e9rieur en tissu, lavage \u00e0 la main recommand\u00e9<br \/>\nCouvercle, ourlets et cadre : nettoyer avec un chiffon humide.<br \/>\n\u00c9vitez de vous asseoir ou de poser des objets lourds sur le panier<br \/>\nGardez le panier hors de port\u00e9e des enfants<br \/>\nL&#8217;assemblage est requis par l&#8217;utilisateur<\/p>\n<p><strong>Dimensions :<\/strong><br \/>\nH71 x L39,5 x P39,5 cm (H28 x L15\u00be x P15\u00be pouces)<br \/>\nComposition du tissu<br \/>\nSac en toile &#8211; 100% coton<br \/>\nExt\u00e9rieur &#8211; 100% polyester<\/p>\n","protected":false},"excerpt":{"rendered":"<p><\/p>\n","protected":false},"featured_media":460805,"template":"","meta":{"_acf_changed":false,"inline_featured_image":false},"product_cat":[12738,19011],"product_tag":[25026,21223,25021,18472,21366,13485,21368,21365],"acf":[],"yoast_head":"<!-- This site is optimized with the Yoast SEO Premium plugin v18.6 (Yoast SEO v19.13) - https:\/\/yoast.com\/wordpress\/plugins\/seo\/ -->\n<title>JOSEPH JOSEPH Tota Panier \u00e0 linge 60 litres Vert - Erresse Shop<\/title>\n<meta name=\"robots\" content=\"index, follow, max-snippet:-1, max-image-preview:large, max-video-preview:-1\" \/>\n<link rel=\"canonical\" href=\"https:\/\/www.erresse-shop.it\/fr\/shop\/ameublement-maison\/salle-de-bain\/joseph-joseph-tota-panier-a-linge-60-litres-vert\/\" \/>\n<meta property=\"og:locale\" content=\"fr_FR\" \/>\n<meta property=\"og:type\" content=\"article\" \/>\n<meta property=\"og:title\" content=\"JOSEPH JOSEPH Tota Panier \u00e0 linge 60 litres Vert\" \/>\n<meta property=\"og:url\" content=\"https:\/\/www.erresse-shop.it\/fr\/shop\/ameublement-maison\/salle-de-bain\/joseph-joseph-tota-panier-a-linge-60-litres-vert\/\" \/>\n<meta property=\"og:site_name\" content=\"Erresse Shop\" \/>\n<meta property=\"article:modified_time\" content=\"2023-10-19T10:39:21+00:00\" \/>\n<meta property=\"og:image\" content=\"https:\/\/www.erresse-shop.it\/wp-content\/uploads\/2023\/10\/JOSEPH-JOSEPH-Tota-Cesto-da-Biancheria-60-litri-Verde.jpg\" \/>\n\t<meta property=\"og:image:width\" content=\"800\" \/>\n\t<meta property=\"og:image:height\" content=\"800\" \/>\n\t<meta property=\"og:image:type\" content=\"image\/jpeg\" \/>\n<meta name=\"twitter:card\" content=\"summary_large_image\" \/>\n<script type=\"application\/ld+json\" class=\"yoast-schema-graph\">{\"@context\":\"https:\/\/schema.org\",\"@graph\":[{\"@type\":\"WebPage\",\"@id\":\"https:\/\/www.erresse-shop.it\/fr\/shop\/ameublement-maison\/salle-de-bain\/joseph-joseph-tota-panier-a-linge-60-litres-vert\/\",\"url\":\"https:\/\/www.erresse-shop.it\/fr\/shop\/ameublement-maison\/salle-de-bain\/joseph-joseph-tota-panier-a-linge-60-litres-vert\/\",\"name\":\"JOSEPH JOSEPH Tota Panier \u00e0 linge 60 litres Vert - Erresse Shop\",\"isPartOf\":{\"@id\":\"https:\/\/www.erresse-shop.it\/fr\/#website\"},\"datePublished\":\"2023-10-19T10:26:47+00:00\",\"dateModified\":\"2023-10-19T10:39:21+00:00\",\"breadcrumb\":{\"@id\":\"https:\/\/www.erresse-shop.it\/fr\/shop\/ameublement-maison\/salle-de-bain\/joseph-joseph-tota-panier-a-linge-60-litres-vert\/#breadcrumb\"},\"inLanguage\":\"fr-FR\",\"potentialAction\":[{\"@type\":\"ReadAction\",\"target\":[\"https:\/\/www.erresse-shop.it\/fr\/shop\/ameublement-maison\/salle-de-bain\/joseph-joseph-tota-panier-a-linge-60-litres-vert\/\"]}]},{\"@type\":\"BreadcrumbList\",\"@id\":\"https:\/\/www.erresse-shop.it\/fr\/shop\/ameublement-maison\/salle-de-bain\/joseph-joseph-tota-panier-a-linge-60-litres-vert\/#breadcrumb\",\"itemListElement\":[{\"@type\":\"ListItem\",\"position\":1,\"name\":\"Home\",\"item\":\"https:\/\/www.erresse-shop.it\/fr\/\"},{\"@type\":\"ListItem\",\"position\":2,\"name\":\"Shop\",\"item\":\"https:\/\/www.erresse-shop.it\/fr\/shop\/\"},{\"@type\":\"ListItem\",\"position\":3,\"name\":\"JOSEPH JOSEPH Tota Panier \u00e0 linge 60 litres Vert\"}]},{\"@type\":\"WebSite\",\"@id\":\"https:\/\/www.erresse-shop.it\/fr\/#website\",\"url\":\"https:\/\/www.erresse-shop.it\/fr\/\",\"name\":\"Erresse Shop\",\"description\":\"Articoli di qualit\u00e0 per la casa\",\"potentialAction\":[{\"@type\":\"SearchAction\",\"target\":{\"@type\":\"EntryPoint\",\"urlTemplate\":\"https:\/\/www.erresse-shop.it\/fr\/?s={search_term_string}\"},\"query-input\":\"required name=search_term_string\"}],\"inLanguage\":\"fr-FR\"}]}<\/script>\n<!-- \/ Yoast SEO Premium plugin. -->","yoast_head_json":{"title":"JOSEPH JOSEPH Tota Panier \u00e0 linge 60 litres Vert - Erresse Shop","robots":{"index":"index","follow":"follow","max-snippet":"max-snippet:-1","max-image-preview":"max-image-preview:large","max-video-preview":"max-video-preview:-1"},"canonical":"https:\/\/www.erresse-shop.it\/fr\/shop\/ameublement-maison\/salle-de-bain\/joseph-joseph-tota-panier-a-linge-60-litres-vert\/","og_locale":"fr_FR","og_type":"article","og_title":"JOSEPH JOSEPH Tota Panier \u00e0 linge 60 litres Vert","og_url":"https:\/\/www.erresse-shop.it\/fr\/shop\/ameublement-maison\/salle-de-bain\/joseph-joseph-tota-panier-a-linge-60-litres-vert\/","og_site_name":"Erresse Shop","article_modified_time":"2023-10-19T10:39:21+00:00","og_image":[{"width":800,"height":800,"url":"https:\/\/www.erresse-shop.it\/wp-content\/uploads\/2023\/10\/JOSEPH-JOSEPH-Tota-Cesto-da-Biancheria-60-litri-Verde.jpg","type":"image\/jpeg"}],"twitter_card":"summary_large_image","schema":{"@context":"https:\/\/schema.org","@graph":[{"@type":"WebPage","@id":"https:\/\/www.erresse-shop.it\/fr\/shop\/ameublement-maison\/salle-de-bain\/joseph-joseph-tota-panier-a-linge-60-litres-vert\/","url":"https:\/\/www.erresse-shop.it\/fr\/shop\/ameublement-maison\/salle-de-bain\/joseph-joseph-tota-panier-a-linge-60-litres-vert\/","name":"JOSEPH JOSEPH Tota Panier \u00e0 linge 60 litres Vert - Erresse Shop","isPartOf":{"@id":"https:\/\/www.erresse-shop.it\/fr\/#website"},"datePublished":"2023-10-19T10:26:47+00:00","dateModified":"2023-10-19T10:39:21+00:00","breadcrumb":{"@id":"https:\/\/www.erresse-shop.it\/fr\/shop\/ameublement-maison\/salle-de-bain\/joseph-joseph-tota-panier-a-linge-60-litres-vert\/#breadcrumb"},"inLanguage":"fr-FR","potentialAction":[{"@type":"ReadAction","target":["https:\/\/www.erresse-shop.it\/fr\/shop\/ameublement-maison\/salle-de-bain\/joseph-joseph-tota-panier-a-linge-60-litres-vert\/"]}]},{"@type":"BreadcrumbList","@id":"https:\/\/www.erresse-shop.it\/fr\/shop\/ameublement-maison\/salle-de-bain\/joseph-joseph-tota-panier-a-linge-60-litres-vert\/#breadcrumb","itemListElement":[{"@type":"ListItem","position":1,"name":"Home","item":"https:\/\/www.erresse-shop.it\/fr\/"},{"@type":"ListItem","position":2,"name":"Shop","item":"https:\/\/www.erresse-shop.it\/fr\/shop\/"},{"@type":"ListItem","position":3,"name":"JOSEPH JOSEPH Tota Panier \u00e0 linge 60 litres Vert"}]},{"@type":"WebSite","@id":"https:\/\/www.erresse-shop.it\/fr\/#website","url":"https:\/\/www.erresse-shop.it\/fr\/","name":"Erresse Shop","description":"Articoli di qualit\u00e0 per la casa","potentialAction":[{"@type":"SearchAction","target":{"@type":"EntryPoint","urlTemplate":"https:\/\/www.erresse-shop.it\/fr\/?s={search_term_string}"},"query-input":"required name=search_term_string"}],"inLanguage":"fr-FR"}]}},"df_price":49.995,"df_sale_price":49.995,"df_regular_price":99.99,"df_image_link":"https:\/\/www.erresse-shop.it\/wp-content\/uploads\/2023\/10\/JOSEPH-JOSEPH-Tota-Cesto-da-Biancheria-60-litri-Verde-1-300x300.jpg","_links":{"self":[{"href":"https:\/\/www.erresse-shop.it\/fr\/wp-json\/wp\/v2\/product\/339428"}],"collection":[{"href":"https:\/\/www.erresse-shop.it\/fr\/wp-json\/wp\/v2\/product"}],"about":[{"href":"https:\/\/www.erresse-shop.it\/fr\/wp-json\/wp\/v2\/types\/product"}],"wp:featuredmedia":[{"embeddable":true,"href":"https:\/\/www.erresse-shop.it\/fr\/wp-json\/wp\/v2\/media\/460805"}],"wp:attachment":[{"href":"https:\/\/www.erresse-shop.it\/fr\/wp-json\/wp\/v2\/media?parent=339428"}],"wp:term":[{"taxonomy":"product_cat","embeddable":true,"href":"https:\/\/www.erresse-shop.it\/fr\/wp-json\/wp\/v2\/product_cat?post=339428"},{"taxonomy":"product_tag","embeddable":true,"href":"https:\/\/www.erresse-shop.it\/fr\/wp-json\/wp\/v2\/product_tag?post=339428"}],"curies":[{"name":"wp","href":"https:\/\/api.w.org\/{rel}","templated":true}]}}