{"id":339337,"date":"2023-10-19T07:41:42","date_gmt":"2023-10-19T07:41:47","guid":{"rendered":"https:\/\/www.erresse-shop.it\/?post_type=product&#038;p=339337"},"modified":"2025-07-11T22:37:57","modified_gmt":"2025-07-11T22:37:57","slug":"joseph-joseph-tota-trio-panier-a-linge-90-litres-ecru","status":"publish","type":"product","link":"https:\/\/www.erresse-shop.it\/fr\/shop\/ameublement-maison\/salle-de-bain\/joseph-joseph-tota-trio-panier-a-linge-90-litres-ecru\/","title":{"rendered":"JOSEPH JOSEPH Tota Trio Panier \u00e0 linge 90 litres Ecru"},"content":{"rendered":"<p>Joseph Joseph, le plus grand fabricant mondial de produits de cuisine et de m\u00e9nage.<br \/>\nFond\u00e9 en 2003, Joseph Joseph associe un design innovant \u00e0 un style moderne.<br \/>\nL&#8217;utilisation de la couleur caract\u00e9rise ind\u00e9niablement les produits et le design soign\u00e9.<br \/>\nles rend absolument fonctionnels et pratiques.<\/p>\n<p><strong>Caract\u00e9ristiques :<\/strong><br \/>\nTrois compartiments de 30 litres permettent de s\u00e9parer facilement les tissus clairs, fonc\u00e9s et color\u00e9s.<br \/>\nSacs en toile d\u00e9tachables avec poign\u00e9es faciles \u00e0 transporter<br \/>\nLa poign\u00e9e au fond des sacs facilite le vidage.<br \/>\nRetour rapide : les sacs sont automatiquement remis dans le panier.<br \/>\nParfait pour les chambres, les salles de bains ou les buanderies.<br \/>\nLivr\u00e9 avec des instructions de montage compl\u00e8tes<\/p>\n<p><strong>Pr\u00e9cautions et utilisation<\/strong><br \/>\nSacs en tissu &#8211; lavables en machine, voir les instructions de lavage sur l&#8217;\u00e9tiquette, retirer la protection plastique avant le lavage.<br \/>\nTissu ext\u00e9rieur : nettoyer uniquement avec un chiffon, ne pas laver en machine.<br \/>\nCouvercle, bords et cadre : nettoyer avec un chiffon humide.<br \/>\nAttention : ne vous asseyez pas sur le panier et ne posez pas d&#8217;objets lourds dessus.<br \/>\nTenir hors de port\u00e9e des enfants<\/p>\n<p><strong>Dimensions :<\/strong><br \/>\nH71 x L56 x D39.5 cm (H28 x L22\u00bc x D15\u00be pouces).<br \/>\nComposition du tissu :<br \/>\nSacs en toile &#8211; 100% coton<br \/>\nExt\u00e9rieur &#8211; 100% Polyester<br \/>\nCon\u00e7u par Joseph Joseph<\/p>\n","protected":false},"excerpt":{"rendered":"<p><\/p>\n","protected":false},"featured_media":489404,"template":"","meta":{"_acf_changed":false,"inline_featured_image":false},"product_cat":[12738,19011],"product_tag":[21223,18472,21366,13485,21368,21365,21367],"acf":[],"yoast_head":"<!-- This site is optimized with the Yoast SEO Premium plugin v18.6 (Yoast SEO v19.13) - https:\/\/yoast.com\/wordpress\/plugins\/seo\/ -->\n<title>JOSEPH JOSEPH Tota Trio Panier \u00e0 linge 90 litres Ecru - Erresse Shop<\/title>\n<meta name=\"robots\" content=\"index, follow, max-snippet:-1, max-image-preview:large, max-video-preview:-1\" \/>\n<link rel=\"canonical\" href=\"https:\/\/www.erresse-shop.it\/fr\/shop\/ameublement-maison\/salle-de-bain\/joseph-joseph-tota-trio-panier-a-linge-90-litres-ecru\/\" \/>\n<meta property=\"og:locale\" content=\"fr_FR\" \/>\n<meta property=\"og:type\" content=\"article\" \/>\n<meta property=\"og:title\" content=\"JOSEPH JOSEPH Tota Trio Panier \u00e0 linge 90 litres Ecru\" \/>\n<meta property=\"og:url\" content=\"https:\/\/www.erresse-shop.it\/fr\/shop\/ameublement-maison\/salle-de-bain\/joseph-joseph-tota-trio-panier-a-linge-90-litres-ecru\/\" \/>\n<meta property=\"og:site_name\" content=\"Erresse Shop\" \/>\n<meta property=\"article:modified_time\" content=\"2025-07-11T22:37:57+00:00\" \/>\n<meta property=\"og:image\" content=\"https:\/\/www.erresse-shop.it\/wp-content\/uploads\/2023\/10\/JOSEPH-JOSEPH-Tota-Trio-Cesto-da-Biancheria-90-litri-Ecru.jpg\" \/>\n\t<meta property=\"og:image:width\" content=\"800\" \/>\n\t<meta property=\"og:image:height\" content=\"800\" \/>\n\t<meta property=\"og:image:type\" content=\"image\/jpeg\" \/>\n<meta name=\"twitter:card\" content=\"summary_large_image\" \/>\n<script type=\"application\/ld+json\" class=\"yoast-schema-graph\">{\"@context\":\"https:\/\/schema.org\",\"@graph\":[{\"@type\":\"WebPage\",\"@id\":\"https:\/\/www.erresse-shop.it\/fr\/shop\/ameublement-maison\/salle-de-bain\/joseph-joseph-tota-trio-panier-a-linge-90-litres-ecru\/\",\"url\":\"https:\/\/www.erresse-shop.it\/fr\/shop\/ameublement-maison\/salle-de-bain\/joseph-joseph-tota-trio-panier-a-linge-90-litres-ecru\/\",\"name\":\"JOSEPH JOSEPH Tota Trio Panier \u00e0 linge 90 litres Ecru - Erresse Shop\",\"isPartOf\":{\"@id\":\"https:\/\/www.erresse-shop.it\/fr\/#website\"},\"datePublished\":\"2023-10-19T07:41:47+00:00\",\"dateModified\":\"2025-07-11T22:37:57+00:00\",\"breadcrumb\":{\"@id\":\"https:\/\/www.erresse-shop.it\/fr\/shop\/ameublement-maison\/salle-de-bain\/joseph-joseph-tota-trio-panier-a-linge-90-litres-ecru\/#breadcrumb\"},\"inLanguage\":\"fr-FR\",\"potentialAction\":[{\"@type\":\"ReadAction\",\"target\":[\"https:\/\/www.erresse-shop.it\/fr\/shop\/ameublement-maison\/salle-de-bain\/joseph-joseph-tota-trio-panier-a-linge-90-litres-ecru\/\"]}]},{\"@type\":\"BreadcrumbList\",\"@id\":\"https:\/\/www.erresse-shop.it\/fr\/shop\/ameublement-maison\/salle-de-bain\/joseph-joseph-tota-trio-panier-a-linge-90-litres-ecru\/#breadcrumb\",\"itemListElement\":[{\"@type\":\"ListItem\",\"position\":1,\"name\":\"Home\",\"item\":\"https:\/\/www.erresse-shop.it\/fr\/\"},{\"@type\":\"ListItem\",\"position\":2,\"name\":\"Shop\",\"item\":\"https:\/\/www.erresse-shop.it\/fr\/shop\/\"},{\"@type\":\"ListItem\",\"position\":3,\"name\":\"JOSEPH JOSEPH Tota Trio Panier \u00e0 linge 90 litres Ecru\"}]},{\"@type\":\"WebSite\",\"@id\":\"https:\/\/www.erresse-shop.it\/fr\/#website\",\"url\":\"https:\/\/www.erresse-shop.it\/fr\/\",\"name\":\"Erresse Shop\",\"description\":\"Articoli di qualit\u00e0 per la casa\",\"potentialAction\":[{\"@type\":\"SearchAction\",\"target\":{\"@type\":\"EntryPoint\",\"urlTemplate\":\"https:\/\/www.erresse-shop.it\/fr\/?s={search_term_string}\"},\"query-input\":\"required name=search_term_string\"}],\"inLanguage\":\"fr-FR\"}]}<\/script>\n<!-- \/ Yoast SEO Premium plugin. -->","yoast_head_json":{"title":"JOSEPH JOSEPH Tota Trio Panier \u00e0 linge 90 litres Ecru - Erresse Shop","robots":{"index":"index","follow":"follow","max-snippet":"max-snippet:-1","max-image-preview":"max-image-preview:large","max-video-preview":"max-video-preview:-1"},"canonical":"https:\/\/www.erresse-shop.it\/fr\/shop\/ameublement-maison\/salle-de-bain\/joseph-joseph-tota-trio-panier-a-linge-90-litres-ecru\/","og_locale":"fr_FR","og_type":"article","og_title":"JOSEPH JOSEPH Tota Trio Panier \u00e0 linge 90 litres Ecru","og_url":"https:\/\/www.erresse-shop.it\/fr\/shop\/ameublement-maison\/salle-de-bain\/joseph-joseph-tota-trio-panier-a-linge-90-litres-ecru\/","og_site_name":"Erresse Shop","article_modified_time":"2025-07-11T22:37:57+00:00","og_image":[{"width":800,"height":800,"url":"https:\/\/www.erresse-shop.it\/wp-content\/uploads\/2023\/10\/JOSEPH-JOSEPH-Tota-Trio-Cesto-da-Biancheria-90-litri-Ecru.jpg","type":"image\/jpeg"}],"twitter_card":"summary_large_image","schema":{"@context":"https:\/\/schema.org","@graph":[{"@type":"WebPage","@id":"https:\/\/www.erresse-shop.it\/fr\/shop\/ameublement-maison\/salle-de-bain\/joseph-joseph-tota-trio-panier-a-linge-90-litres-ecru\/","url":"https:\/\/www.erresse-shop.it\/fr\/shop\/ameublement-maison\/salle-de-bain\/joseph-joseph-tota-trio-panier-a-linge-90-litres-ecru\/","name":"JOSEPH JOSEPH Tota Trio Panier \u00e0 linge 90 litres Ecru - Erresse Shop","isPartOf":{"@id":"https:\/\/www.erresse-shop.it\/fr\/#website"},"datePublished":"2023-10-19T07:41:47+00:00","dateModified":"2025-07-11T22:37:57+00:00","breadcrumb":{"@id":"https:\/\/www.erresse-shop.it\/fr\/shop\/ameublement-maison\/salle-de-bain\/joseph-joseph-tota-trio-panier-a-linge-90-litres-ecru\/#breadcrumb"},"inLanguage":"fr-FR","potentialAction":[{"@type":"ReadAction","target":["https:\/\/www.erresse-shop.it\/fr\/shop\/ameublement-maison\/salle-de-bain\/joseph-joseph-tota-trio-panier-a-linge-90-litres-ecru\/"]}]},{"@type":"BreadcrumbList","@id":"https:\/\/www.erresse-shop.it\/fr\/shop\/ameublement-maison\/salle-de-bain\/joseph-joseph-tota-trio-panier-a-linge-90-litres-ecru\/#breadcrumb","itemListElement":[{"@type":"ListItem","position":1,"name":"Home","item":"https:\/\/www.erresse-shop.it\/fr\/"},{"@type":"ListItem","position":2,"name":"Shop","item":"https:\/\/www.erresse-shop.it\/fr\/shop\/"},{"@type":"ListItem","position":3,"name":"JOSEPH JOSEPH Tota Trio Panier \u00e0 linge 90 litres Ecru"}]},{"@type":"WebSite","@id":"https:\/\/www.erresse-shop.it\/fr\/#website","url":"https:\/\/www.erresse-shop.it\/fr\/","name":"Erresse Shop","description":"Articoli di qualit\u00e0 per la casa","potentialAction":[{"@type":"SearchAction","target":{"@type":"EntryPoint","urlTemplate":"https:\/\/www.erresse-shop.it\/fr\/?s={search_term_string}"},"query-input":"required name=search_term_string"}],"inLanguage":"fr-FR"}]}},"df_price":124.95,"df_sale_price":124.95,"df_regular_price":149.9,"df_image_link":"https:\/\/www.erresse-shop.it\/wp-content\/uploads\/2023\/10\/JOSEPH-JOSEPH-Tota-Trio-Cesto-da-Biancheria-90-litri-Ecru-1-300x300.jpg","_links":{"self":[{"href":"https:\/\/www.erresse-shop.it\/fr\/wp-json\/wp\/v2\/product\/339337"}],"collection":[{"href":"https:\/\/www.erresse-shop.it\/fr\/wp-json\/wp\/v2\/product"}],"about":[{"href":"https:\/\/www.erresse-shop.it\/fr\/wp-json\/wp\/v2\/types\/product"}],"wp:featuredmedia":[{"embeddable":true,"href":"https:\/\/www.erresse-shop.it\/fr\/wp-json\/wp\/v2\/media\/489404"}],"wp:attachment":[{"href":"https:\/\/www.erresse-shop.it\/fr\/wp-json\/wp\/v2\/media?parent=339337"}],"wp:term":[{"taxonomy":"product_cat","embeddable":true,"href":"https:\/\/www.erresse-shop.it\/fr\/wp-json\/wp\/v2\/product_cat?post=339337"},{"taxonomy":"product_tag","embeddable":true,"href":"https:\/\/www.erresse-shop.it\/fr\/wp-json\/wp\/v2\/product_tag?post=339337"}],"curies":[{"name":"wp","href":"https:\/\/api.w.org\/{rel}","templated":true}]}}