{"id":338325,"date":"2023-10-17T10:39:33","date_gmt":"2023-10-17T10:39:37","guid":{"rendered":"https:\/\/www.erresse-shop.it\/?post_type=product&#038;p=338325"},"modified":"2025-01-09T08:18:10","modified_gmt":"2025-01-09T08:18:10","slug":"le-creuset-cocotte-ronde-evolution-en-fonte-emaillee-20-cm-nectar","status":"publish","type":"product","link":"https:\/\/www.erresse-shop.it\/fr\/shop\/poeles-pots\/marmites-et-cocottes-poeles-pots\/le-creuset-cocotte-ronde-evolution-en-fonte-emaillee-20-cm-nectar\/","title":{"rendered":"LE CREUSET Cocotte Ronde Evolution en Fonte \u00c9maill\u00e9e 20 cm Nectar"},"content":{"rendered":"<p style=\"text-align: justify;\"><strong>LA REINE DE LA CUISINE<\/strong><br \/>\nIndispensable dans une cuisine, la cocotte Le Creuset est appr\u00e9ci\u00e9e des cuisiniers du monde entier depuis pr\u00e8s d\u2019un si\u00e8cle. Parfaitement con\u00e7u pour les rago\u00fbts, les r\u00f4tis, les soupes, la cuisson mijot\u00e9e ou au four, cet ustensile embl\u00e9matique est votre outil \u00e0 tout faire pour des repas exceptionnels avec une profondeur intense et des saveurs all\u00e9chantes.<\/p>\n<p style=\"text-align: justify;\">La <strong>cocotte ronde Le Creuset Evolution<\/strong> est indispensable dans toutes les cuisines pour pr\u00e9parer des plats savoureux et sains ! Gr\u00e2ce \u00e0 sa polyvalence, la cocotte ronde Le Creuset deviendra votre alli\u00e9e de tous les jours pour cuisiner des l\u00e9gumes, des risottos, des sauces, du pain et mille autres recettes pour surprendre tous vos invit\u00e9s.<br \/>\nLa fonte \u00e9maill\u00e9e, \u00e9tant un excellent conducteur de chaleur, est l&#8217;un des meilleurs mat\u00e9riaux \u00e0 utiliser dans la cuisine. En outre, la base, les parois et le couvercle ont la m\u00eame \u00e9paisseur, ce qui garantit une absorption et une distribution uniformes de la chaleur, sans cr\u00e9er de zones surchauff\u00e9es. Par cons\u00e9quent, les aliments ne br\u00fblent pas et ne restent pas crus \u00e0 l&#8217;int\u00e9rieur. De plus, ils ne perdent pas leur liquide \u00e0 la cuisson, ce qui signifie que leurs nutriments et leurs vitamines sont pr\u00e9serv\u00e9s.<\/p>\n<p style=\"text-align: justify;\">G\u00e9n\u00e9ration apr\u00e8s g\u00e9n\u00e9ration, la cocotte en fonte \u00e9maill\u00e9e Le Creuset est devenue synonyme de bonne nourriture et de grande qualit\u00e9, apportant une cuisine saine sur les tables et dans les cuisines du monde entier, \u00e0 la hauteur des meilleures recettes.<\/p>\n<p style=\"text-align: justify;\"><strong>Propri\u00e9t\u00e9s de la cocotte en fonte \u00e9maill\u00e9e :<\/strong><\/p>\n<p style=\"text-align: justify;\">&#8211; Distribution uniforme de la chaleur sans zones de surchauffe.<br \/>\n&#8211; Excellente r\u00e9tention de la chaleur.<br \/>\n&#8211; Bouton en acier inoxydable r\u00e9sistant \u00e0 toutes les temp\u00e9ratures.<br \/>\n&#8211; Poign\u00e9es con\u00e7ues pour une excellente prise en main.<br \/>\n&#8211; Surfaces int\u00e9rieure et ext\u00e9rieure vitrifi\u00e9es. N&#8217;absorbe pas l&#8217;humidit\u00e9, le go\u00fbt ou l&#8217;odeur des aliments.<br \/>\n&#8211; Compatible avec toutes les sources de chaleur : four, gaz, \u00e9lectrique, induction.<br \/>\n&#8211; Recommand\u00e9 par les grands chefs et les blogueurs pour la cuisson du pain au four.<br \/>\n&#8211; Facile \u00e0 nettoyer.<br \/>\n&#8211; Durabilit\u00e9 exceptionnelle.<\/p>\n<p>Mat\u00e9riau : fonte vitrifi\u00e9e<br \/>\nFabriqu\u00e9 en : France<br \/>\nGarantie : \u00e0 vie<\/p>\n<p>Capacit\u00e9 : 2,4 L<\/p>\n<p><strong>Source de chaleur :<\/strong><\/p>\n<ul>\n<li>Four<\/li>\n<li>Four Mode gril<\/li>\n<li>Table de cuisson \u00e9lectrique<\/li>\n<li>vitroc\u00e9ramique<\/li>\n<li>Table de cuisson \u00e0 gaz<\/li>\n<li>Plaque \u00e0 induction<\/li>\n<\/ul>\n<p><strong>Nettoyage et entretien :<\/strong><\/p>\n<ul>\n<li>Attendez que le produit refroidisse avant de commencer \u00e0 le nettoyer.<\/li>\n<li>\u00a0Nettoyez les restes de nourriture sur la base et les c\u00f4t\u00e9s de l&#8217;appareil. Si des aliments sont coll\u00e9s, remplissez l&#8217;appareil d&#8217;eau chaude savonneuse et laissez-le tremper pendant 15 \u00e0 20 minutes avant de le laver comme d&#8217;habitude.<\/li>\n<li>N&#8217;utilisez pas de nettoyants abrasifs ni d&#8217;\u00e9ponges ou de brosses m\u00e9talliques tr\u00e8s rigides sur les surfaces.<\/li>\n<li>S\u00e9chez bien le produit apr\u00e8s l&#8217;avoir lav\u00e9 et conservez-le dans un endroit sec.<\/li>\n<\/ul>\n","protected":false},"excerpt":{"rendered":"<p>LA REINE DE LA CUISINE Indispensable dans une cuisine, la cocotte Le Creuset est appr\u00e9ci\u00e9e des cuisiniers du monde entier<\/p>\n","protected":false},"featured_media":338350,"template":"","meta":{"_acf_changed":false,"inline_featured_image":false},"product_cat":[12458,14792],"product_tag":[25086,23910,25021,14826,12460,12461,12465,12466,23784,12468,12469],"acf":[],"yoast_head":"<!-- This site is optimized with the Yoast SEO Premium plugin v18.6 (Yoast SEO v19.13) - https:\/\/yoast.com\/wordpress\/plugins\/seo\/ -->\n<title>LE CREUSET Cocotte Ronde Evolution en Fonte \u00c9maill\u00e9e 20 cm Nectar - Erresse Shop<\/title>\n<meta name=\"description\" content=\"LA REINE DE LA CUISINE Indispensable dans une cuisine, la cocotte Le Creuset est appr\u00e9ci\u00e9e des cuisiniers du monde entier depuis pr\u00e8s d\u2019un si\u00e8cle.\" \/>\n<meta name=\"robots\" content=\"index, follow, max-snippet:-1, max-image-preview:large, max-video-preview:-1\" \/>\n<link rel=\"canonical\" href=\"https:\/\/www.erresse-shop.it\/fr\/shop\/poeles-pots\/marmites-et-cocottes-poeles-pots\/le-creuset-cocotte-ronde-evolution-en-fonte-emaillee-20-cm-nectar\/\" \/>\n<meta property=\"og:locale\" content=\"fr_FR\" \/>\n<meta property=\"og:type\" content=\"article\" \/>\n<meta property=\"og:title\" content=\"LE CREUSET Cocotte Ronde Evolution en Fonte \u00c9maill\u00e9e 20 cm Nectar\" \/>\n<meta property=\"og:description\" content=\"LA REINE DE LA CUISINE Indispensable dans une cuisine, la cocotte Le Creuset est appr\u00e9ci\u00e9e des cuisiniers du monde entier depuis pr\u00e8s d\u2019un si\u00e8cle.\" \/>\n<meta property=\"og:url\" content=\"https:\/\/www.erresse-shop.it\/fr\/shop\/poeles-pots\/marmites-et-cocottes-poeles-pots\/le-creuset-cocotte-ronde-evolution-en-fonte-emaillee-20-cm-nectar\/\" \/>\n<meta property=\"og:site_name\" content=\"Erresse Shop\" \/>\n<meta property=\"article:modified_time\" content=\"2025-01-09T08:18:10+00:00\" \/>\n<meta property=\"og:image\" content=\"https:\/\/www.erresse-shop.it\/wp-content\/uploads\/2023\/10\/LE-CREUSET-Cocotte-Rotonda-Evolution-in-Ghisa-20-cm-Nectar.jpg\" \/>\n\t<meta property=\"og:image:width\" content=\"800\" \/>\n\t<meta property=\"og:image:height\" content=\"800\" \/>\n\t<meta property=\"og:image:type\" content=\"image\/jpeg\" \/>\n<meta name=\"twitter:card\" content=\"summary_large_image\" \/>\n<script type=\"application\/ld+json\" class=\"yoast-schema-graph\">{\"@context\":\"https:\/\/schema.org\",\"@graph\":[{\"@type\":\"WebPage\",\"@id\":\"https:\/\/www.erresse-shop.it\/fr\/shop\/poeles-pots\/marmites-et-cocottes-poeles-pots\/le-creuset-cocotte-ronde-evolution-en-fonte-emaillee-20-cm-nectar\/\",\"url\":\"https:\/\/www.erresse-shop.it\/fr\/shop\/poeles-pots\/marmites-et-cocottes-poeles-pots\/le-creuset-cocotte-ronde-evolution-en-fonte-emaillee-20-cm-nectar\/\",\"name\":\"LE CREUSET Cocotte Ronde Evolution en Fonte \u00c9maill\u00e9e 20 cm Nectar - Erresse Shop\",\"isPartOf\":{\"@id\":\"https:\/\/www.erresse-shop.it\/fr\/#website\"},\"datePublished\":\"2023-10-17T10:39:37+00:00\",\"dateModified\":\"2025-01-09T08:18:10+00:00\",\"description\":\"LA REINE DE LA CUISINE Indispensable dans une cuisine, la cocotte Le Creuset est appr\u00e9ci\u00e9e des cuisiniers du monde entier depuis pr\u00e8s d\u2019un si\u00e8cle.\",\"breadcrumb\":{\"@id\":\"https:\/\/www.erresse-shop.it\/fr\/shop\/poeles-pots\/marmites-et-cocottes-poeles-pots\/le-creuset-cocotte-ronde-evolution-en-fonte-emaillee-20-cm-nectar\/#breadcrumb\"},\"inLanguage\":\"fr-FR\",\"potentialAction\":[{\"@type\":\"ReadAction\",\"target\":[\"https:\/\/www.erresse-shop.it\/fr\/shop\/poeles-pots\/marmites-et-cocottes-poeles-pots\/le-creuset-cocotte-ronde-evolution-en-fonte-emaillee-20-cm-nectar\/\"]}]},{\"@type\":\"BreadcrumbList\",\"@id\":\"https:\/\/www.erresse-shop.it\/fr\/shop\/poeles-pots\/marmites-et-cocottes-poeles-pots\/le-creuset-cocotte-ronde-evolution-en-fonte-emaillee-20-cm-nectar\/#breadcrumb\",\"itemListElement\":[{\"@type\":\"ListItem\",\"position\":1,\"name\":\"Home\",\"item\":\"https:\/\/www.erresse-shop.it\/fr\/\"},{\"@type\":\"ListItem\",\"position\":2,\"name\":\"Shop\",\"item\":\"https:\/\/www.erresse-shop.it\/fr\/shop\/\"},{\"@type\":\"ListItem\",\"position\":3,\"name\":\"LE CREUSET Cocotte Ronde Evolution en Fonte \u00c9maill\u00e9e 20 cm Nectar\"}]},{\"@type\":\"WebSite\",\"@id\":\"https:\/\/www.erresse-shop.it\/fr\/#website\",\"url\":\"https:\/\/www.erresse-shop.it\/fr\/\",\"name\":\"Erresse Shop\",\"description\":\"Articoli di qualit\u00e0 per la casa\",\"potentialAction\":[{\"@type\":\"SearchAction\",\"target\":{\"@type\":\"EntryPoint\",\"urlTemplate\":\"https:\/\/www.erresse-shop.it\/fr\/?s={search_term_string}\"},\"query-input\":\"required name=search_term_string\"}],\"inLanguage\":\"fr-FR\"}]}<\/script>\n<!-- \/ Yoast SEO Premium plugin. -->","yoast_head_json":{"title":"LE CREUSET Cocotte Ronde Evolution en Fonte \u00c9maill\u00e9e 20 cm Nectar - Erresse Shop","description":"LA REINE DE LA CUISINE Indispensable dans une cuisine, la cocotte Le Creuset est appr\u00e9ci\u00e9e des cuisiniers du monde entier depuis pr\u00e8s d\u2019un si\u00e8cle.","robots":{"index":"index","follow":"follow","max-snippet":"max-snippet:-1","max-image-preview":"max-image-preview:large","max-video-preview":"max-video-preview:-1"},"canonical":"https:\/\/www.erresse-shop.it\/fr\/shop\/poeles-pots\/marmites-et-cocottes-poeles-pots\/le-creuset-cocotte-ronde-evolution-en-fonte-emaillee-20-cm-nectar\/","og_locale":"fr_FR","og_type":"article","og_title":"LE CREUSET Cocotte Ronde Evolution en Fonte \u00c9maill\u00e9e 20 cm Nectar","og_description":"LA REINE DE LA CUISINE Indispensable dans une cuisine, la cocotte Le Creuset est appr\u00e9ci\u00e9e des cuisiniers du monde entier depuis pr\u00e8s d\u2019un si\u00e8cle.","og_url":"https:\/\/www.erresse-shop.it\/fr\/shop\/poeles-pots\/marmites-et-cocottes-poeles-pots\/le-creuset-cocotte-ronde-evolution-en-fonte-emaillee-20-cm-nectar\/","og_site_name":"Erresse Shop","article_modified_time":"2025-01-09T08:18:10+00:00","og_image":[{"width":800,"height":800,"url":"https:\/\/www.erresse-shop.it\/wp-content\/uploads\/2023\/10\/LE-CREUSET-Cocotte-Rotonda-Evolution-in-Ghisa-20-cm-Nectar.jpg","type":"image\/jpeg"}],"twitter_card":"summary_large_image","schema":{"@context":"https:\/\/schema.org","@graph":[{"@type":"WebPage","@id":"https:\/\/www.erresse-shop.it\/fr\/shop\/poeles-pots\/marmites-et-cocottes-poeles-pots\/le-creuset-cocotte-ronde-evolution-en-fonte-emaillee-20-cm-nectar\/","url":"https:\/\/www.erresse-shop.it\/fr\/shop\/poeles-pots\/marmites-et-cocottes-poeles-pots\/le-creuset-cocotte-ronde-evolution-en-fonte-emaillee-20-cm-nectar\/","name":"LE CREUSET Cocotte Ronde Evolution en Fonte \u00c9maill\u00e9e 20 cm Nectar - Erresse Shop","isPartOf":{"@id":"https:\/\/www.erresse-shop.it\/fr\/#website"},"datePublished":"2023-10-17T10:39:37+00:00","dateModified":"2025-01-09T08:18:10+00:00","description":"LA REINE DE LA CUISINE Indispensable dans une cuisine, la cocotte Le Creuset est appr\u00e9ci\u00e9e des cuisiniers du monde entier depuis pr\u00e8s d\u2019un si\u00e8cle.","breadcrumb":{"@id":"https:\/\/www.erresse-shop.it\/fr\/shop\/poeles-pots\/marmites-et-cocottes-poeles-pots\/le-creuset-cocotte-ronde-evolution-en-fonte-emaillee-20-cm-nectar\/#breadcrumb"},"inLanguage":"fr-FR","potentialAction":[{"@type":"ReadAction","target":["https:\/\/www.erresse-shop.it\/fr\/shop\/poeles-pots\/marmites-et-cocottes-poeles-pots\/le-creuset-cocotte-ronde-evolution-en-fonte-emaillee-20-cm-nectar\/"]}]},{"@type":"BreadcrumbList","@id":"https:\/\/www.erresse-shop.it\/fr\/shop\/poeles-pots\/marmites-et-cocottes-poeles-pots\/le-creuset-cocotte-ronde-evolution-en-fonte-emaillee-20-cm-nectar\/#breadcrumb","itemListElement":[{"@type":"ListItem","position":1,"name":"Home","item":"https:\/\/www.erresse-shop.it\/fr\/"},{"@type":"ListItem","position":2,"name":"Shop","item":"https:\/\/www.erresse-shop.it\/fr\/shop\/"},{"@type":"ListItem","position":3,"name":"LE CREUSET Cocotte Ronde Evolution en Fonte \u00c9maill\u00e9e 20 cm Nectar"}]},{"@type":"WebSite","@id":"https:\/\/www.erresse-shop.it\/fr\/#website","url":"https:\/\/www.erresse-shop.it\/fr\/","name":"Erresse Shop","description":"Articoli di qualit\u00e0 per la casa","potentialAction":[{"@type":"SearchAction","target":{"@type":"EntryPoint","urlTemplate":"https:\/\/www.erresse-shop.it\/fr\/?s={search_term_string}"},"query-input":"required name=search_term_string"}],"inLanguage":"fr-FR"}]}},"df_price":123.75,"df_sale_price":123.75,"df_regular_price":275,"df_image_link":"https:\/\/www.erresse-shop.it\/wp-content\/uploads\/2023\/10\/LE-CREUSET-Cocotte-Rotonda-Evolution-in-Ghisa-20-cm-Nectar-300x300.jpg","_links":{"self":[{"href":"https:\/\/www.erresse-shop.it\/fr\/wp-json\/wp\/v2\/product\/338325"}],"collection":[{"href":"https:\/\/www.erresse-shop.it\/fr\/wp-json\/wp\/v2\/product"}],"about":[{"href":"https:\/\/www.erresse-shop.it\/fr\/wp-json\/wp\/v2\/types\/product"}],"wp:featuredmedia":[{"embeddable":true,"href":"https:\/\/www.erresse-shop.it\/fr\/wp-json\/wp\/v2\/media\/338350"}],"wp:attachment":[{"href":"https:\/\/www.erresse-shop.it\/fr\/wp-json\/wp\/v2\/media?parent=338325"}],"wp:term":[{"taxonomy":"product_cat","embeddable":true,"href":"https:\/\/www.erresse-shop.it\/fr\/wp-json\/wp\/v2\/product_cat?post=338325"},{"taxonomy":"product_tag","embeddable":true,"href":"https:\/\/www.erresse-shop.it\/fr\/wp-json\/wp\/v2\/product_tag?post=338325"}],"curies":[{"name":"wp","href":"https:\/\/api.w.org\/{rel}","templated":true}]}}