{"id":336777,"date":"2023-10-13T09:20:13","date_gmt":"2023-10-13T09:20:20","guid":{"rendered":"https:\/\/www.erresse-shop.it\/?post_type=product&#038;p=336777"},"modified":"2025-01-14T13:59:12","modified_gmt":"2025-01-14T13:59:12","slug":"baci-milano-sagrada-familia-tete-lirreverencieux-ocre","status":"publish","type":"product","link":"https:\/\/www.erresse-shop.it\/fr\/shop\/ameublement-maison\/objets-de-decoration\/baci-milano-sagrada-familia-tete-lirreverencieux-ocre\/","title":{"rendered":"BACI MILANO Sagrada Familia T\u00eate L&#8217;irr\u00e9v\u00e9rencieux Ocre"},"content":{"rendered":"<p>T\u00eate d\u00e9corative en polyr\u00e9sine de la collection exub\u00e9rante et embl\u00e9matique Sagrada Familia.<\/p>\n<p><strong>L&#8217;Irr\u00e9v\u00e9rencieux<\/strong><\/p>\n<p>L&#8217;Irriverente incarne la personnalit\u00e9 de ceux qui d\u00e9fient les conventions et embrassent leur individualit\u00e9 de mani\u00e8re vivante et incisive. D\u00e9di\u00e9 aux penseurs cr\u00e9atifs, aux esprits libres et \u00e0 ceux qui osent briser les r\u00e8gles pour poursuivre leur vision unique du monde.<\/p>\n<p>Dimensions : \u00d8 27 cm \/ h 25,5 cm<\/p>\n","protected":false},"excerpt":{"rendered":"<p><br data-mce-bogus=\"1\"><\/p>\n","protected":false},"featured_media":336787,"template":"","meta":{"_acf_changed":false,"inline_featured_image":false},"product_cat":[12738,14441],"product_tag":[19376,21821],"acf":[],"yoast_head":"<!-- This site is optimized with the Yoast SEO Premium plugin v18.6 (Yoast SEO v19.13) - https:\/\/yoast.com\/wordpress\/plugins\/seo\/ -->\n<title>BACI MILANO Sagrada Familia T\u00eate L&#039;irr\u00e9v\u00e9rencieux Ocre<\/title>\n<meta name=\"description\" content=\"D\u00e9couvrez BACI MILANO Sagrada Familia T\u00eate L&#039;irr\u00e9v\u00e9rencieux Ocre sur ErresseShop. Qualit\u00e9, prix r\u00e9duits et achat s\u00e9curis\u00e9 \u2013 commandez d\u00e8s maintenant en ligne !\" \/>\n<meta name=\"robots\" content=\"index, follow, max-snippet:-1, max-image-preview:large, max-video-preview:-1\" \/>\n<link rel=\"canonical\" href=\"https:\/\/www.erresse-shop.it\/fr\/shop\/ameublement-maison\/objets-de-decoration\/baci-milano-sagrada-familia-tete-lirreverencieux-ocre\/\" \/>\n<meta property=\"og:locale\" content=\"fr_FR\" \/>\n<meta property=\"og:type\" content=\"article\" \/>\n<meta property=\"og:title\" content=\"BACI MILANO Sagrada Familia T\u00eate L&#039;irr\u00e9v\u00e9rencieux Ocre\" \/>\n<meta property=\"og:description\" content=\"D\u00e9couvrez BACI MILANO Sagrada Familia T\u00eate L&#039;irr\u00e9v\u00e9rencieux Ocre sur ErresseShop. Qualit\u00e9, prix r\u00e9duits et achat s\u00e9curis\u00e9 \u2013 commandez d\u00e8s maintenant en ligne !\" \/>\n<meta property=\"og:url\" content=\"https:\/\/www.erresse-shop.it\/fr\/shop\/ameublement-maison\/objets-de-decoration\/baci-milano-sagrada-familia-tete-lirreverencieux-ocre\/\" \/>\n<meta property=\"og:site_name\" content=\"Erresse Shop\" \/>\n<meta property=\"article:modified_time\" content=\"2025-01-14T13:59:12+00:00\" \/>\n<meta property=\"og:image\" content=\"https:\/\/www.erresse-shop.it\/wp-content\/uploads\/2023\/10\/BACI-MILANO-Sagrada-Familia-Testa-LIrriverente-Ocra.jpg\" \/>\n\t<meta property=\"og:image:width\" content=\"800\" \/>\n\t<meta property=\"og:image:height\" content=\"800\" \/>\n\t<meta property=\"og:image:type\" content=\"image\/jpeg\" \/>\n<meta name=\"twitter:card\" content=\"summary_large_image\" \/>\n<script type=\"application\/ld+json\" class=\"yoast-schema-graph\">{\"@context\":\"https:\/\/schema.org\",\"@graph\":[{\"@type\":\"WebPage\",\"@id\":\"https:\/\/www.erresse-shop.it\/fr\/shop\/ameublement-maison\/objets-de-decoration\/baci-milano-sagrada-familia-tete-lirreverencieux-ocre\/\",\"url\":\"https:\/\/www.erresse-shop.it\/fr\/shop\/ameublement-maison\/objets-de-decoration\/baci-milano-sagrada-familia-tete-lirreverencieux-ocre\/\",\"name\":\"BACI MILANO Sagrada Familia T\u00eate L'irr\u00e9v\u00e9rencieux Ocre\",\"isPartOf\":{\"@id\":\"https:\/\/www.erresse-shop.it\/fr\/#website\"},\"datePublished\":\"2023-10-13T09:20:20+00:00\",\"dateModified\":\"2025-01-14T13:59:12+00:00\",\"description\":\"D\u00e9couvrez BACI MILANO Sagrada Familia T\u00eate L'irr\u00e9v\u00e9rencieux Ocre sur ErresseShop. Qualit\u00e9, prix r\u00e9duits et achat s\u00e9curis\u00e9 \u2013 commandez d\u00e8s maintenant en ligne !\",\"breadcrumb\":{\"@id\":\"https:\/\/www.erresse-shop.it\/fr\/shop\/ameublement-maison\/objets-de-decoration\/baci-milano-sagrada-familia-tete-lirreverencieux-ocre\/#breadcrumb\"},\"inLanguage\":\"fr-FR\",\"potentialAction\":[{\"@type\":\"ReadAction\",\"target\":[\"https:\/\/www.erresse-shop.it\/fr\/shop\/ameublement-maison\/objets-de-decoration\/baci-milano-sagrada-familia-tete-lirreverencieux-ocre\/\"]}]},{\"@type\":\"BreadcrumbList\",\"@id\":\"https:\/\/www.erresse-shop.it\/fr\/shop\/ameublement-maison\/objets-de-decoration\/baci-milano-sagrada-familia-tete-lirreverencieux-ocre\/#breadcrumb\",\"itemListElement\":[{\"@type\":\"ListItem\",\"position\":1,\"name\":\"Home\",\"item\":\"https:\/\/www.erresse-shop.it\/fr\/\"},{\"@type\":\"ListItem\",\"position\":2,\"name\":\"Shop\",\"item\":\"https:\/\/www.erresse-shop.it\/fr\/shop\/\"},{\"@type\":\"ListItem\",\"position\":3,\"name\":\"BACI MILANO Sagrada Familia T\u00eate L&#8217;irr\u00e9v\u00e9rencieux Ocre\"}]},{\"@type\":\"WebSite\",\"@id\":\"https:\/\/www.erresse-shop.it\/fr\/#website\",\"url\":\"https:\/\/www.erresse-shop.it\/fr\/\",\"name\":\"Erresse Shop\",\"description\":\"Articoli di qualit\u00e0 per la casa\",\"potentialAction\":[{\"@type\":\"SearchAction\",\"target\":{\"@type\":\"EntryPoint\",\"urlTemplate\":\"https:\/\/www.erresse-shop.it\/fr\/?s={search_term_string}\"},\"query-input\":\"required name=search_term_string\"}],\"inLanguage\":\"fr-FR\"}]}<\/script>\n<!-- \/ Yoast SEO Premium plugin. -->","yoast_head_json":{"title":"BACI MILANO Sagrada Familia T\u00eate L'irr\u00e9v\u00e9rencieux Ocre","description":"D\u00e9couvrez BACI MILANO Sagrada Familia T\u00eate L'irr\u00e9v\u00e9rencieux Ocre sur ErresseShop. Qualit\u00e9, prix r\u00e9duits et achat s\u00e9curis\u00e9 \u2013 commandez d\u00e8s maintenant en ligne !","robots":{"index":"index","follow":"follow","max-snippet":"max-snippet:-1","max-image-preview":"max-image-preview:large","max-video-preview":"max-video-preview:-1"},"canonical":"https:\/\/www.erresse-shop.it\/fr\/shop\/ameublement-maison\/objets-de-decoration\/baci-milano-sagrada-familia-tete-lirreverencieux-ocre\/","og_locale":"fr_FR","og_type":"article","og_title":"BACI MILANO Sagrada Familia T\u00eate L'irr\u00e9v\u00e9rencieux Ocre","og_description":"D\u00e9couvrez BACI MILANO Sagrada Familia T\u00eate L'irr\u00e9v\u00e9rencieux Ocre sur ErresseShop. Qualit\u00e9, prix r\u00e9duits et achat s\u00e9curis\u00e9 \u2013 commandez d\u00e8s maintenant en ligne !","og_url":"https:\/\/www.erresse-shop.it\/fr\/shop\/ameublement-maison\/objets-de-decoration\/baci-milano-sagrada-familia-tete-lirreverencieux-ocre\/","og_site_name":"Erresse Shop","article_modified_time":"2025-01-14T13:59:12+00:00","og_image":[{"width":800,"height":800,"url":"https:\/\/www.erresse-shop.it\/wp-content\/uploads\/2023\/10\/BACI-MILANO-Sagrada-Familia-Testa-LIrriverente-Ocra.jpg","type":"image\/jpeg"}],"twitter_card":"summary_large_image","schema":{"@context":"https:\/\/schema.org","@graph":[{"@type":"WebPage","@id":"https:\/\/www.erresse-shop.it\/fr\/shop\/ameublement-maison\/objets-de-decoration\/baci-milano-sagrada-familia-tete-lirreverencieux-ocre\/","url":"https:\/\/www.erresse-shop.it\/fr\/shop\/ameublement-maison\/objets-de-decoration\/baci-milano-sagrada-familia-tete-lirreverencieux-ocre\/","name":"BACI MILANO Sagrada Familia T\u00eate L'irr\u00e9v\u00e9rencieux Ocre","isPartOf":{"@id":"https:\/\/www.erresse-shop.it\/fr\/#website"},"datePublished":"2023-10-13T09:20:20+00:00","dateModified":"2025-01-14T13:59:12+00:00","description":"D\u00e9couvrez BACI MILANO Sagrada Familia T\u00eate L'irr\u00e9v\u00e9rencieux Ocre sur ErresseShop. Qualit\u00e9, prix r\u00e9duits et achat s\u00e9curis\u00e9 \u2013 commandez d\u00e8s maintenant en ligne !","breadcrumb":{"@id":"https:\/\/www.erresse-shop.it\/fr\/shop\/ameublement-maison\/objets-de-decoration\/baci-milano-sagrada-familia-tete-lirreverencieux-ocre\/#breadcrumb"},"inLanguage":"fr-FR","potentialAction":[{"@type":"ReadAction","target":["https:\/\/www.erresse-shop.it\/fr\/shop\/ameublement-maison\/objets-de-decoration\/baci-milano-sagrada-familia-tete-lirreverencieux-ocre\/"]}]},{"@type":"BreadcrumbList","@id":"https:\/\/www.erresse-shop.it\/fr\/shop\/ameublement-maison\/objets-de-decoration\/baci-milano-sagrada-familia-tete-lirreverencieux-ocre\/#breadcrumb","itemListElement":[{"@type":"ListItem","position":1,"name":"Home","item":"https:\/\/www.erresse-shop.it\/fr\/"},{"@type":"ListItem","position":2,"name":"Shop","item":"https:\/\/www.erresse-shop.it\/fr\/shop\/"},{"@type":"ListItem","position":3,"name":"BACI MILANO Sagrada Familia T\u00eate L&#8217;irr\u00e9v\u00e9rencieux Ocre"}]},{"@type":"WebSite","@id":"https:\/\/www.erresse-shop.it\/fr\/#website","url":"https:\/\/www.erresse-shop.it\/fr\/","name":"Erresse Shop","description":"Articoli di qualit\u00e0 per la casa","potentialAction":[{"@type":"SearchAction","target":{"@type":"EntryPoint","urlTemplate":"https:\/\/www.erresse-shop.it\/fr\/?s={search_term_string}"},"query-input":"required name=search_term_string"}],"inLanguage":"fr-FR"}]}},"df_price":48.5,"df_sale_price":48.5,"df_regular_price":97,"df_image_link":"https:\/\/www.erresse-shop.it\/wp-content\/uploads\/2023\/10\/BACI-MILANO-Sagrada-Familia-Testa-LIrriverente-Ocra-300x300.jpg","_links":{"self":[{"href":"https:\/\/www.erresse-shop.it\/fr\/wp-json\/wp\/v2\/product\/336777"}],"collection":[{"href":"https:\/\/www.erresse-shop.it\/fr\/wp-json\/wp\/v2\/product"}],"about":[{"href":"https:\/\/www.erresse-shop.it\/fr\/wp-json\/wp\/v2\/types\/product"}],"wp:featuredmedia":[{"embeddable":true,"href":"https:\/\/www.erresse-shop.it\/fr\/wp-json\/wp\/v2\/media\/336787"}],"wp:attachment":[{"href":"https:\/\/www.erresse-shop.it\/fr\/wp-json\/wp\/v2\/media?parent=336777"}],"wp:term":[{"taxonomy":"product_cat","embeddable":true,"href":"https:\/\/www.erresse-shop.it\/fr\/wp-json\/wp\/v2\/product_cat?post=336777"},{"taxonomy":"product_tag","embeddable":true,"href":"https:\/\/www.erresse-shop.it\/fr\/wp-json\/wp\/v2\/product_tag?post=336777"}],"curies":[{"name":"wp","href":"https:\/\/api.w.org\/{rel}","templated":true}]}}