{"id":336593,"date":"2023-10-13T06:36:46","date_gmt":"2023-10-13T06:36:52","guid":{"rendered":"https:\/\/www.erresse-shop.it\/?post_type=product&#038;p=336593"},"modified":"2023-10-13T06:46:56","modified_gmt":"2023-10-13T06:46:56","slug":"villeroy-boch-winter-bakery-delight-plaque-deveil-a-letoile","status":"publish","type":"product","link":"https:\/\/www.erresse-shop.it\/fr\/shop\/table-fr-2\/presentoirs-a-gateau\/villeroy-boch-winter-bakery-delight-plaque-deveil-a-letoile\/","title":{"rendered":"VILLEROY &#038;amp ; BOCH Winter Bakery Delight Plaque d&#8217;\u00e9veil \u00e0 l&#8217;\u00e9toile"},"content":{"rendered":"<p><strong>Bol d\u00e9coratif pour No\u00ebl<\/strong><\/p>\n<p>Winter Bakery Delight donne envie d&#8217;\u00e9toiles \u00e0 la cannelle, de lait de poule et de pommes au four. La porcelaine d\u00e9cor\u00e9e de mani\u00e8re festive est assortie aux ornements lumineux de l&#8217;Avent et des mois d&#8217;hiver. Le bol en forme d&#8217;\u00e9toile sur un pi\u00e9destal attire tous les regards sur votre table de No\u00ebl. Impressionnez avec une table parfaitement dress\u00e9e \u00e0 No\u00ebl.<\/p>\n<p>Mat\u00e9riau : Porcelaine de qualit\u00e9 sup\u00e9rieure<br \/>\nVolume : 1000 ml<br \/>\nLavable au lave-vaisselle : Non<br \/>\nPasse au micro-ondes : Oui<\/p>\n","protected":false},"excerpt":{"rendered":"<p>Bol d\u00e9coratif pour No\u00ebl Winter Bakery Delight donne envie d&#8217;\u00e9toiles \u00e0 la cannelle, de lait de poule et de pommes<\/p>\n","protected":false},"featured_media":444032,"template":"","meta":{"_acf_changed":false,"inline_featured_image":false},"product_cat":[12783,12782],"product_tag":[23910,20499,20501,20500,21327],"acf":[],"yoast_head":"<!-- This site is optimized with the Yoast SEO Premium plugin v18.6 (Yoast SEO v19.13) - https:\/\/yoast.com\/wordpress\/plugins\/seo\/ -->\n<title>VILLEROY &amp;amp ; BOCH Winter Bakery Delight Plaque d&#039;\u00e9veil \u00e0 l&#039;\u00e9toile - Erresse Shop<\/title>\n<meta name=\"description\" content=\"Bol d\u00e9coratif pour No\u00ebl Winter Bakery Delight donne envie d&#039;\u00e9toiles \u00e0 la cannelle, de lait de poule et de pommes au four. La porcelaine d\u00e9cor\u00e9e de mani\u00e8re\" \/>\n<meta name=\"robots\" content=\"index, follow, max-snippet:-1, max-image-preview:large, max-video-preview:-1\" \/>\n<link rel=\"canonical\" href=\"https:\/\/www.erresse-shop.it\/fr\/shop\/table-fr-2\/presentoirs-a-gateau\/villeroy-boch-winter-bakery-delight-plaque-deveil-a-letoile\/\" \/>\n<meta property=\"og:locale\" content=\"fr_FR\" \/>\n<meta property=\"og:type\" content=\"article\" \/>\n<meta property=\"og:title\" content=\"VILLEROY &amp;amp ; BOCH Winter Bakery Delight Plaque d&#039;\u00e9veil \u00e0 l&#039;\u00e9toile\" \/>\n<meta property=\"og:description\" content=\"Bol d\u00e9coratif pour No\u00ebl Winter Bakery Delight donne envie d&#039;\u00e9toiles \u00e0 la cannelle, de lait de poule et de pommes au four. La porcelaine d\u00e9cor\u00e9e de mani\u00e8re\" \/>\n<meta property=\"og:url\" content=\"https:\/\/www.erresse-shop.it\/fr\/shop\/table-fr-2\/presentoirs-a-gateau\/villeroy-boch-winter-bakery-delight-plaque-deveil-a-letoile\/\" \/>\n<meta property=\"og:site_name\" content=\"Erresse Shop\" \/>\n<meta property=\"article:modified_time\" content=\"2023-10-13T06:46:56+00:00\" \/>\n<meta property=\"og:image\" content=\"https:\/\/www.erresse-shop.it\/wp-content\/uploads\/2023\/10\/VILLEROY-BOCH-Winter-Bakery-Delight-Coppa-a-Stella-su-Piede.jpg\" \/>\n\t<meta property=\"og:image:width\" content=\"1200\" \/>\n\t<meta property=\"og:image:height\" content=\"1200\" \/>\n\t<meta property=\"og:image:type\" content=\"image\/jpeg\" \/>\n<meta name=\"twitter:card\" content=\"summary_large_image\" \/>\n<script type=\"application\/ld+json\" class=\"yoast-schema-graph\">{\"@context\":\"https:\/\/schema.org\",\"@graph\":[{\"@type\":\"WebPage\",\"@id\":\"https:\/\/www.erresse-shop.it\/fr\/shop\/table-fr-2\/presentoirs-a-gateau\/villeroy-boch-winter-bakery-delight-plaque-deveil-a-letoile\/\",\"url\":\"https:\/\/www.erresse-shop.it\/fr\/shop\/table-fr-2\/presentoirs-a-gateau\/villeroy-boch-winter-bakery-delight-plaque-deveil-a-letoile\/\",\"name\":\"VILLEROY &amp ; BOCH Winter Bakery Delight Plaque d'\u00e9veil \u00e0 l'\u00e9toile - Erresse Shop\",\"isPartOf\":{\"@id\":\"https:\/\/www.erresse-shop.it\/fr\/#website\"},\"datePublished\":\"2023-10-13T06:36:52+00:00\",\"dateModified\":\"2023-10-13T06:46:56+00:00\",\"description\":\"Bol d\u00e9coratif pour No\u00ebl Winter Bakery Delight donne envie d'\u00e9toiles \u00e0 la cannelle, de lait de poule et de pommes au four. La porcelaine d\u00e9cor\u00e9e de mani\u00e8re\",\"breadcrumb\":{\"@id\":\"https:\/\/www.erresse-shop.it\/fr\/shop\/table-fr-2\/presentoirs-a-gateau\/villeroy-boch-winter-bakery-delight-plaque-deveil-a-letoile\/#breadcrumb\"},\"inLanguage\":\"fr-FR\",\"potentialAction\":[{\"@type\":\"ReadAction\",\"target\":[\"https:\/\/www.erresse-shop.it\/fr\/shop\/table-fr-2\/presentoirs-a-gateau\/villeroy-boch-winter-bakery-delight-plaque-deveil-a-letoile\/\"]}]},{\"@type\":\"BreadcrumbList\",\"@id\":\"https:\/\/www.erresse-shop.it\/fr\/shop\/table-fr-2\/presentoirs-a-gateau\/villeroy-boch-winter-bakery-delight-plaque-deveil-a-letoile\/#breadcrumb\",\"itemListElement\":[{\"@type\":\"ListItem\",\"position\":1,\"name\":\"Home\",\"item\":\"https:\/\/www.erresse-shop.it\/fr\/\"},{\"@type\":\"ListItem\",\"position\":2,\"name\":\"Shop\",\"item\":\"https:\/\/www.erresse-shop.it\/fr\/shop\/\"},{\"@type\":\"ListItem\",\"position\":3,\"name\":\"VILLEROY &#038;amp ; BOCH Winter Bakery Delight Plaque d&#8217;\u00e9veil \u00e0 l&#8217;\u00e9toile\"}]},{\"@type\":\"WebSite\",\"@id\":\"https:\/\/www.erresse-shop.it\/fr\/#website\",\"url\":\"https:\/\/www.erresse-shop.it\/fr\/\",\"name\":\"Erresse Shop\",\"description\":\"Articoli di qualit\u00e0 per la casa\",\"potentialAction\":[{\"@type\":\"SearchAction\",\"target\":{\"@type\":\"EntryPoint\",\"urlTemplate\":\"https:\/\/www.erresse-shop.it\/fr\/?s={search_term_string}\"},\"query-input\":\"required name=search_term_string\"}],\"inLanguage\":\"fr-FR\"}]}<\/script>\n<!-- \/ Yoast SEO Premium plugin. -->","yoast_head_json":{"title":"VILLEROY &amp ; BOCH Winter Bakery Delight Plaque d'\u00e9veil \u00e0 l'\u00e9toile - Erresse Shop","description":"Bol d\u00e9coratif pour No\u00ebl Winter Bakery Delight donne envie d'\u00e9toiles \u00e0 la cannelle, de lait de poule et de pommes au four. La porcelaine d\u00e9cor\u00e9e de mani\u00e8re","robots":{"index":"index","follow":"follow","max-snippet":"max-snippet:-1","max-image-preview":"max-image-preview:large","max-video-preview":"max-video-preview:-1"},"canonical":"https:\/\/www.erresse-shop.it\/fr\/shop\/table-fr-2\/presentoirs-a-gateau\/villeroy-boch-winter-bakery-delight-plaque-deveil-a-letoile\/","og_locale":"fr_FR","og_type":"article","og_title":"VILLEROY &amp ; BOCH Winter Bakery Delight Plaque d'\u00e9veil \u00e0 l'\u00e9toile","og_description":"Bol d\u00e9coratif pour No\u00ebl Winter Bakery Delight donne envie d'\u00e9toiles \u00e0 la cannelle, de lait de poule et de pommes au four. La porcelaine d\u00e9cor\u00e9e de mani\u00e8re","og_url":"https:\/\/www.erresse-shop.it\/fr\/shop\/table-fr-2\/presentoirs-a-gateau\/villeroy-boch-winter-bakery-delight-plaque-deveil-a-letoile\/","og_site_name":"Erresse Shop","article_modified_time":"2023-10-13T06:46:56+00:00","og_image":[{"width":1200,"height":1200,"url":"https:\/\/www.erresse-shop.it\/wp-content\/uploads\/2023\/10\/VILLEROY-BOCH-Winter-Bakery-Delight-Coppa-a-Stella-su-Piede.jpg","type":"image\/jpeg"}],"twitter_card":"summary_large_image","schema":{"@context":"https:\/\/schema.org","@graph":[{"@type":"WebPage","@id":"https:\/\/www.erresse-shop.it\/fr\/shop\/table-fr-2\/presentoirs-a-gateau\/villeroy-boch-winter-bakery-delight-plaque-deveil-a-letoile\/","url":"https:\/\/www.erresse-shop.it\/fr\/shop\/table-fr-2\/presentoirs-a-gateau\/villeroy-boch-winter-bakery-delight-plaque-deveil-a-letoile\/","name":"VILLEROY &amp ; BOCH Winter Bakery Delight Plaque d'\u00e9veil \u00e0 l'\u00e9toile - Erresse Shop","isPartOf":{"@id":"https:\/\/www.erresse-shop.it\/fr\/#website"},"datePublished":"2023-10-13T06:36:52+00:00","dateModified":"2023-10-13T06:46:56+00:00","description":"Bol d\u00e9coratif pour No\u00ebl Winter Bakery Delight donne envie d'\u00e9toiles \u00e0 la cannelle, de lait de poule et de pommes au four. La porcelaine d\u00e9cor\u00e9e de mani\u00e8re","breadcrumb":{"@id":"https:\/\/www.erresse-shop.it\/fr\/shop\/table-fr-2\/presentoirs-a-gateau\/villeroy-boch-winter-bakery-delight-plaque-deveil-a-letoile\/#breadcrumb"},"inLanguage":"fr-FR","potentialAction":[{"@type":"ReadAction","target":["https:\/\/www.erresse-shop.it\/fr\/shop\/table-fr-2\/presentoirs-a-gateau\/villeroy-boch-winter-bakery-delight-plaque-deveil-a-letoile\/"]}]},{"@type":"BreadcrumbList","@id":"https:\/\/www.erresse-shop.it\/fr\/shop\/table-fr-2\/presentoirs-a-gateau\/villeroy-boch-winter-bakery-delight-plaque-deveil-a-letoile\/#breadcrumb","itemListElement":[{"@type":"ListItem","position":1,"name":"Home","item":"https:\/\/www.erresse-shop.it\/fr\/"},{"@type":"ListItem","position":2,"name":"Shop","item":"https:\/\/www.erresse-shop.it\/fr\/shop\/"},{"@type":"ListItem","position":3,"name":"VILLEROY &#038;amp ; BOCH Winter Bakery Delight Plaque d&#8217;\u00e9veil \u00e0 l&#8217;\u00e9toile"}]},{"@type":"WebSite","@id":"https:\/\/www.erresse-shop.it\/fr\/#website","url":"https:\/\/www.erresse-shop.it\/fr\/","name":"Erresse Shop","description":"Articoli di qualit\u00e0 per la casa","potentialAction":[{"@type":"SearchAction","target":{"@type":"EntryPoint","urlTemplate":"https:\/\/www.erresse-shop.it\/fr\/?s={search_term_string}"},"query-input":"required name=search_term_string"}],"inLanguage":"fr-FR"}]}},"df_price":39.95,"df_sale_price":39.95,"df_regular_price":79.9,"df_image_link":"https:\/\/www.erresse-shop.it\/wp-content\/uploads\/2023\/10\/VILLEROY-BOCH-Winter-Bakery-Delight-Coppa-a-Stella-su-Piede-300x300.jpg","_links":{"self":[{"href":"https:\/\/www.erresse-shop.it\/fr\/wp-json\/wp\/v2\/product\/336593"}],"collection":[{"href":"https:\/\/www.erresse-shop.it\/fr\/wp-json\/wp\/v2\/product"}],"about":[{"href":"https:\/\/www.erresse-shop.it\/fr\/wp-json\/wp\/v2\/types\/product"}],"wp:featuredmedia":[{"embeddable":true,"href":"https:\/\/www.erresse-shop.it\/fr\/wp-json\/wp\/v2\/media\/444032"}],"wp:attachment":[{"href":"https:\/\/www.erresse-shop.it\/fr\/wp-json\/wp\/v2\/media?parent=336593"}],"wp:term":[{"taxonomy":"product_cat","embeddable":true,"href":"https:\/\/www.erresse-shop.it\/fr\/wp-json\/wp\/v2\/product_cat?post=336593"},{"taxonomy":"product_tag","embeddable":true,"href":"https:\/\/www.erresse-shop.it\/fr\/wp-json\/wp\/v2\/product_tag?post=336593"}],"curies":[{"name":"wp","href":"https:\/\/api.w.org\/{rel}","templated":true}]}}