{"id":335372,"date":"2023-10-09T09:14:01","date_gmt":"2023-10-09T09:14:03","guid":{"rendered":"https:\/\/www.erresse-shop.it\/shop\/senza-categoria\/smeg-grille-pain-4-tranches-esthetique-annees-50\/"},"modified":"2025-03-09T10:10:11","modified_gmt":"2025-03-09T10:10:11","slug":"smeg-grille-pain-4-tranches-esthetique-annees-50","status":"publish","type":"product","link":"https:\/\/www.erresse-shop.it\/fr\/shop\/petits-electromenagers\/grille-pains\/smeg-grille-pain-4-tranches-esthetique-annees-50\/","title":{"rendered":"SMEG Grille-Pain 4 Tranches Esth\u00e9tique Ann\u00e9es &#8217;50"},"content":{"rendered":"<ul>\n<li><strong>Good Design Awards<\/strong><\/li>\n<li><strong>Red Dot Design Awards<\/strong><\/li>\n<\/ul>\n<p>TYPE<br \/>\nNombre de panneaux de commande: 2<br \/>\nNombre de fentes: 4<br \/>\nNombre de tranches: 4<br \/>\nNombre de tiroirs ramasse-miettes: 2<\/p>\n<p>ESTH\u00c9TIQUE<br \/>\nEsth\u00e9tique: Ann\u00e9es 50<br \/>\nCouleur de la base: Chrom\u00e9 mat<br \/>\nCouleur du top: Chrom\u00e9 mat<br \/>\nMat\u00e9riau du corps: Inox<br \/>\nMat\u00e9riau de la base: Plastique<br \/>\nMat\u00e9riau du top: Plastique<\/p>\n<p>COMMANDES<br \/>\nType de commandes: Levier, Touches, Manette<br \/>\nMat\u00e9riau du levier: Inox<br \/>\nMat\u00e9riau de la manette: Plastique<br \/>\nMat\u00e9riau des touches: Plastique<\/p>\n<p>PROGRAMMES \/ FONCTIONS<br \/>\nNombre de niveaux de brunissement: 6<br \/>\nFonction r\u00e9chauffage: Oui<br \/>\nFonction d\u00e9cong\u00e9lation: Oui<br \/>\nFonction bagel: Oui<\/p>\n<p>CARACT\u00c9RISTIQUES TECHNIQUES<br \/>\nActivation du cycle: Levier de contr\u00f4le<br \/>\nActivation des fonctions: Touches r\u00e9tro-\u00e9clair\u00e9es<br \/>\nR\u00e9glage niveau de brunissement: Manette r\u00e9tro-\u00e9clair\u00e9e<br \/>\nFentes ind\u00e9pendantes: 2 sets<br \/>\nLargeur des fentes: 36 mm<br \/>\nEjection automatique en fin de cuisson: Oui<br \/>\nSignal sonore fin de cuisson: No<br \/>\nTiroir ramasse-miettes: Oui<br \/>\nMat\u00e9riau du tiroir: Inox brillant<br \/>\nBase antid\u00e9rapante: Oui<br \/>\nRange-cordon int\u00e9gr\u00e9: Oui<\/p>\n<p>RACCORDEMENT \u00c9LECTRIQUE<br \/>\nPuissance: 2000 W<br \/>\nTension: 220-240 V<br \/>\nFr\u00e9quence: 50\/60 Hz<br \/>\nType de prise: Schuko<br \/>\nLongueur du c\u00e2ble d\u2019alimentation: 1 m<\/p>\n<p>INFORMATIONS LOGISTIQUES<br \/>\nDimensions externes (H x L x P): 200 x 300 (320 avec manette de commande) x 330 mm<br \/>\nPoids net: 3.800 kg<br \/>\nPoids brut: 5.550 kg<br \/>\nLargeur du produit emball\u00e9 (mm): 375 mm<br \/>\nProfondeur du produit emball\u00e9 (mm): 375 mm<br \/>\nHauteur du produit emball\u00e9 (mm): 270 mm<\/p>\n","protected":false},"excerpt":{"rendered":"<p>Good Design Awards Red Dot Design Awards TYPE Nombre de panneaux de commande: 2 Nombre de fentes: 4 Nombre de<\/p>\n","protected":false},"featured_media":509041,"template":"","meta":{"_acf_changed":false,"inline_featured_image":false},"product_cat":[12770,12449],"product_tag":[25181,23910,13253,25021,12856,19952,19953,12822],"acf":[],"yoast_head":"<!-- This site is optimized with the Yoast SEO Premium plugin v18.6 (Yoast SEO v19.13) - https:\/\/yoast.com\/wordpress\/plugins\/seo\/ -->\n<title>SMEG Grille-Pain 4 Tranches Esth\u00e9tique Ann\u00e9es &#039;50 - Erresse Shop<\/title>\n<meta name=\"description\" content=\"Good Design Awards Red Dot Design Awards TYPE Nombre de panneaux de commande: 2 Nombre de fentes: 4 Nombre de tranches: 4 Nombre de tiroirs\" \/>\n<meta name=\"robots\" content=\"index, follow, max-snippet:-1, max-image-preview:large, max-video-preview:-1\" \/>\n<link rel=\"canonical\" href=\"https:\/\/www.erresse-shop.it\/fr\/shop\/petits-electromenagers\/grille-pains\/smeg-grille-pain-4-tranches-esthetique-annees-50\/\" \/>\n<meta property=\"og:locale\" content=\"fr_FR\" \/>\n<meta property=\"og:type\" content=\"article\" \/>\n<meta property=\"og:title\" content=\"SMEG Grille-Pain 4 Tranches Esth\u00e9tique Ann\u00e9es &#039;50\" \/>\n<meta property=\"og:description\" content=\"Good Design Awards Red Dot Design Awards TYPE Nombre de panneaux de commande: 2 Nombre de fentes: 4 Nombre de tranches: 4 Nombre de tiroirs\" \/>\n<meta property=\"og:url\" content=\"https:\/\/www.erresse-shop.it\/fr\/shop\/petits-electromenagers\/grille-pains\/smeg-grille-pain-4-tranches-esthetique-annees-50\/\" \/>\n<meta property=\"og:site_name\" content=\"Erresse Shop\" \/>\n<meta property=\"article:modified_time\" content=\"2025-03-09T10:10:11+00:00\" \/>\n<meta property=\"og:image\" content=\"https:\/\/www.erresse-shop.it\/wp-content\/uploads\/2023\/10\/SMEG-Estetica-Anni-50-Tostapane-4x4-1.png\" \/>\n\t<meta property=\"og:image:width\" content=\"800\" \/>\n\t<meta property=\"og:image:height\" content=\"800\" \/>\n\t<meta property=\"og:image:type\" content=\"image\/png\" \/>\n<meta name=\"twitter:card\" content=\"summary_large_image\" \/>\n<script type=\"application\/ld+json\" class=\"yoast-schema-graph\">{\"@context\":\"https:\/\/schema.org\",\"@graph\":[{\"@type\":\"WebPage\",\"@id\":\"https:\/\/www.erresse-shop.it\/fr\/shop\/petits-electromenagers\/grille-pains\/smeg-grille-pain-4-tranches-esthetique-annees-50\/\",\"url\":\"https:\/\/www.erresse-shop.it\/fr\/shop\/petits-electromenagers\/grille-pains\/smeg-grille-pain-4-tranches-esthetique-annees-50\/\",\"name\":\"SMEG Grille-Pain 4 Tranches Esth\u00e9tique Ann\u00e9es '50 - Erresse Shop\",\"isPartOf\":{\"@id\":\"https:\/\/www.erresse-shop.it\/fr\/#website\"},\"datePublished\":\"2023-10-09T09:14:03+00:00\",\"dateModified\":\"2025-03-09T10:10:11+00:00\",\"description\":\"Good Design Awards Red Dot Design Awards TYPE Nombre de panneaux de commande: 2 Nombre de fentes: 4 Nombre de tranches: 4 Nombre de tiroirs\",\"breadcrumb\":{\"@id\":\"https:\/\/www.erresse-shop.it\/fr\/shop\/petits-electromenagers\/grille-pains\/smeg-grille-pain-4-tranches-esthetique-annees-50\/#breadcrumb\"},\"inLanguage\":\"fr-FR\",\"potentialAction\":[{\"@type\":\"ReadAction\",\"target\":[\"https:\/\/www.erresse-shop.it\/fr\/shop\/petits-electromenagers\/grille-pains\/smeg-grille-pain-4-tranches-esthetique-annees-50\/\"]}]},{\"@type\":\"BreadcrumbList\",\"@id\":\"https:\/\/www.erresse-shop.it\/fr\/shop\/petits-electromenagers\/grille-pains\/smeg-grille-pain-4-tranches-esthetique-annees-50\/#breadcrumb\",\"itemListElement\":[{\"@type\":\"ListItem\",\"position\":1,\"name\":\"Home\",\"item\":\"https:\/\/www.erresse-shop.it\/fr\/\"},{\"@type\":\"ListItem\",\"position\":2,\"name\":\"Shop\",\"item\":\"https:\/\/www.erresse-shop.it\/fr\/shop\/\"},{\"@type\":\"ListItem\",\"position\":3,\"name\":\"SMEG Grille-Pain 4 Tranches Esth\u00e9tique Ann\u00e9es &#8217;50\"}]},{\"@type\":\"WebSite\",\"@id\":\"https:\/\/www.erresse-shop.it\/fr\/#website\",\"url\":\"https:\/\/www.erresse-shop.it\/fr\/\",\"name\":\"Erresse Shop\",\"description\":\"Articoli di qualit\u00e0 per la casa\",\"potentialAction\":[{\"@type\":\"SearchAction\",\"target\":{\"@type\":\"EntryPoint\",\"urlTemplate\":\"https:\/\/www.erresse-shop.it\/fr\/?s={search_term_string}\"},\"query-input\":\"required name=search_term_string\"}],\"inLanguage\":\"fr-FR\"}]}<\/script>\n<!-- \/ Yoast SEO Premium plugin. -->","yoast_head_json":{"title":"SMEG Grille-Pain 4 Tranches Esth\u00e9tique Ann\u00e9es '50 - Erresse Shop","description":"Good Design Awards Red Dot Design Awards TYPE Nombre de panneaux de commande: 2 Nombre de fentes: 4 Nombre de tranches: 4 Nombre de tiroirs","robots":{"index":"index","follow":"follow","max-snippet":"max-snippet:-1","max-image-preview":"max-image-preview:large","max-video-preview":"max-video-preview:-1"},"canonical":"https:\/\/www.erresse-shop.it\/fr\/shop\/petits-electromenagers\/grille-pains\/smeg-grille-pain-4-tranches-esthetique-annees-50\/","og_locale":"fr_FR","og_type":"article","og_title":"SMEG Grille-Pain 4 Tranches Esth\u00e9tique Ann\u00e9es '50","og_description":"Good Design Awards Red Dot Design Awards TYPE Nombre de panneaux de commande: 2 Nombre de fentes: 4 Nombre de tranches: 4 Nombre de tiroirs","og_url":"https:\/\/www.erresse-shop.it\/fr\/shop\/petits-electromenagers\/grille-pains\/smeg-grille-pain-4-tranches-esthetique-annees-50\/","og_site_name":"Erresse Shop","article_modified_time":"2025-03-09T10:10:11+00:00","og_image":[{"width":800,"height":800,"url":"https:\/\/www.erresse-shop.it\/wp-content\/uploads\/2023\/10\/SMEG-Estetica-Anni-50-Tostapane-4x4-1.png","type":"image\/png"}],"twitter_card":"summary_large_image","schema":{"@context":"https:\/\/schema.org","@graph":[{"@type":"WebPage","@id":"https:\/\/www.erresse-shop.it\/fr\/shop\/petits-electromenagers\/grille-pains\/smeg-grille-pain-4-tranches-esthetique-annees-50\/","url":"https:\/\/www.erresse-shop.it\/fr\/shop\/petits-electromenagers\/grille-pains\/smeg-grille-pain-4-tranches-esthetique-annees-50\/","name":"SMEG Grille-Pain 4 Tranches Esth\u00e9tique Ann\u00e9es '50 - Erresse Shop","isPartOf":{"@id":"https:\/\/www.erresse-shop.it\/fr\/#website"},"datePublished":"2023-10-09T09:14:03+00:00","dateModified":"2025-03-09T10:10:11+00:00","description":"Good Design Awards Red Dot Design Awards TYPE Nombre de panneaux de commande: 2 Nombre de fentes: 4 Nombre de tranches: 4 Nombre de tiroirs","breadcrumb":{"@id":"https:\/\/www.erresse-shop.it\/fr\/shop\/petits-electromenagers\/grille-pains\/smeg-grille-pain-4-tranches-esthetique-annees-50\/#breadcrumb"},"inLanguage":"fr-FR","potentialAction":[{"@type":"ReadAction","target":["https:\/\/www.erresse-shop.it\/fr\/shop\/petits-electromenagers\/grille-pains\/smeg-grille-pain-4-tranches-esthetique-annees-50\/"]}]},{"@type":"BreadcrumbList","@id":"https:\/\/www.erresse-shop.it\/fr\/shop\/petits-electromenagers\/grille-pains\/smeg-grille-pain-4-tranches-esthetique-annees-50\/#breadcrumb","itemListElement":[{"@type":"ListItem","position":1,"name":"Home","item":"https:\/\/www.erresse-shop.it\/fr\/"},{"@type":"ListItem","position":2,"name":"Shop","item":"https:\/\/www.erresse-shop.it\/fr\/shop\/"},{"@type":"ListItem","position":3,"name":"SMEG Grille-Pain 4 Tranches Esth\u00e9tique Ann\u00e9es &#8217;50"}]},{"@type":"WebSite","@id":"https:\/\/www.erresse-shop.it\/fr\/#website","url":"https:\/\/www.erresse-shop.it\/fr\/","name":"Erresse Shop","description":"Articoli di qualit\u00e0 per la casa","potentialAction":[{"@type":"SearchAction","target":{"@type":"EntryPoint","urlTemplate":"https:\/\/www.erresse-shop.it\/fr\/?s={search_term_string}"},"query-input":"required name=search_term_string"}],"inLanguage":"fr-FR"}]}},"df_price":199.85,"df_sale_price":"","df_regular_price":199.85,"df_image_link":"https:\/\/www.erresse-shop.it\/wp-content\/uploads\/2023\/10\/SMEG-Estetica-Anni-50-Tostapane-4-Fette-300x300.jpg","_links":{"self":[{"href":"https:\/\/www.erresse-shop.it\/fr\/wp-json\/wp\/v2\/product\/335372"}],"collection":[{"href":"https:\/\/www.erresse-shop.it\/fr\/wp-json\/wp\/v2\/product"}],"about":[{"href":"https:\/\/www.erresse-shop.it\/fr\/wp-json\/wp\/v2\/types\/product"}],"wp:featuredmedia":[{"embeddable":true,"href":"https:\/\/www.erresse-shop.it\/fr\/wp-json\/wp\/v2\/media\/509041"}],"wp:attachment":[{"href":"https:\/\/www.erresse-shop.it\/fr\/wp-json\/wp\/v2\/media?parent=335372"}],"wp:term":[{"taxonomy":"product_cat","embeddable":true,"href":"https:\/\/www.erresse-shop.it\/fr\/wp-json\/wp\/v2\/product_cat?post=335372"},{"taxonomy":"product_tag","embeddable":true,"href":"https:\/\/www.erresse-shop.it\/fr\/wp-json\/wp\/v2\/product_tag?post=335372"}],"curies":[{"name":"wp","href":"https:\/\/api.w.org\/{rel}","templated":true}]}}