{"id":334926,"date":"2023-10-09T07:53:58","date_gmt":"2023-10-09T07:54:00","guid":{"rendered":"https:\/\/www.erresse-shop.it\/shop\/senza-categoria\/smeg-presse-agrumes-esthetique-annees-50\/"},"modified":"2024-07-12T22:37:43","modified_gmt":"2024-07-12T22:37:43","slug":"smeg-presse-agrumes-esthetique-annees-50","status":"publish","type":"product","link":"https:\/\/www.erresse-shop.it\/fr\/shop\/petits-electromenagers\/presse-agrumes\/smeg-presse-agrumes-esthetique-annees-50\/","title":{"rendered":"SMEG Presse-Agrumes Esth\u00e9tique Ann\u00e9es &#8217;50"},"content":{"rendered":"<ul>\n<li><strong>Good Design Awards<\/strong><\/li>\n<li><strong>Red Dot Design Awards<\/strong><\/li>\n<\/ul>\n<p>ESTH\u00c9TIQUE<br \/>\nEsth\u00e9tique: Ann\u00e9es 50<br \/>\nCouleur de la base: Chrom\u00e9 brillant<br \/>\nMat\u00e9riau du corps: Aluminium coul\u00e9<br \/>\nMat\u00e9riau de la base: Plastique<br \/>\nMat\u00e9riau bec verseur: Inox<br \/>\nMat\u00e9riau filtre: Inox<br \/>\nMat\u00e9riau c\u00f4ne: Inox<br \/>\nMat\u00e9riau couvercle: Tritan\u2122<br \/>\nMat\u00e9riau r\u00e9servoir \u00e0 jus: Tritan\u2122<br \/>\nType de logo: Appliqu\u00e9<\/p>\n<p>CARACT\u00c9RISTIQUES TECHNIQUES<br \/>\nSyst\u00e8me de pressage: Avec mise en marche automatique<br \/>\nBec verseur anti-goutte: Oui<br \/>\nBase antid\u00e9rapante: Oui<br \/>\nRotation c\u00f4ne: 1 sens anti-horaire<br \/>\nC\u00f4ne universel: Oui<br \/>\nRange cordon int\u00e9gr\u00e9: Oui<\/p>\n<p>RACCORDEMENT \u00c9LECTRIQUE<br \/>\nTension (V): 220-240 V<br \/>\nPuissance: 70 W<br \/>\nFr\u00e9quence (Hz): 50\/60 Hz<br \/>\nType de prise: Schuko<br \/>\nLongueur du c\u00e2ble: 1 m<\/p>\n<p>INFORMATIONS LOGISTIQUES<br \/>\nDimensions externes (H x L x P): 281x166x166 mm<br \/>\nPoids net (kg): 2.560 kg<br \/>\nPoids brut (kg): 3.700 kg<br \/>\nLargeur du produit emball\u00e9 (mm): 242 mm<br \/>\nProfondeur du produit emball\u00e9 (mm): 220 mm<br \/>\nHauteur du produit emball\u00e9 (mm): 348 mm<\/p>\n","protected":false},"excerpt":{"rendered":"<p>Good Design Awards Red Dot Design Awards ESTH\u00c9TIQUE Esth\u00e9tique: Ann\u00e9es 50 Couleur de la base: Chrom\u00e9 brillant Mat\u00e9riau du corps:<\/p>\n","protected":false},"featured_media":184270,"template":"","meta":{"_acf_changed":false,"inline_featured_image":false},"product_cat":[12449,12769],"product_tag":[25181,23910,13253,12856,19952,19953],"acf":[],"yoast_head":"<!-- This site is optimized with the Yoast SEO Premium plugin v18.6 (Yoast SEO v19.13) - https:\/\/yoast.com\/wordpress\/plugins\/seo\/ -->\n<title>SMEG Presse-Agrumes Esth\u00e9tique Ann\u00e9es &#039;50 - Erresse Shop<\/title>\n<meta name=\"description\" content=\"Good Design Awards Red Dot Design Awards ESTH\u00c9TIQUE Esth\u00e9tique: Ann\u00e9es 50 Couleur de la base: Chrom\u00e9 brillant Mat\u00e9riau du corps: Aluminium coul\u00e9 Mat\u00e9riau\" \/>\n<meta name=\"robots\" content=\"index, follow, max-snippet:-1, max-image-preview:large, max-video-preview:-1\" \/>\n<link rel=\"canonical\" href=\"https:\/\/www.erresse-shop.it\/fr\/shop\/petits-electromenagers\/presse-agrumes\/smeg-presse-agrumes-esthetique-annees-50\/\" \/>\n<meta property=\"og:locale\" content=\"fr_FR\" \/>\n<meta property=\"og:type\" content=\"article\" \/>\n<meta property=\"og:title\" content=\"SMEG Presse-Agrumes Esth\u00e9tique Ann\u00e9es &#039;50\" \/>\n<meta property=\"og:description\" content=\"Good Design Awards Red Dot Design Awards ESTH\u00c9TIQUE Esth\u00e9tique: Ann\u00e9es 50 Couleur de la base: Chrom\u00e9 brillant Mat\u00e9riau du corps: Aluminium coul\u00e9 Mat\u00e9riau\" \/>\n<meta property=\"og:url\" content=\"https:\/\/www.erresse-shop.it\/fr\/shop\/petits-electromenagers\/presse-agrumes\/smeg-presse-agrumes-esthetique-annees-50\/\" \/>\n<meta property=\"og:site_name\" content=\"Erresse Shop\" \/>\n<meta property=\"article:modified_time\" content=\"2024-07-12T22:37:43+00:00\" \/>\n<meta property=\"og:image\" content=\"https:\/\/www.erresse-shop.it\/wp-content\/uploads\/2018\/09\/SMEG-Spremiagrumi-Nero-3-1.jpg\" \/>\n\t<meta property=\"og:image:width\" content=\"800\" \/>\n\t<meta property=\"og:image:height\" content=\"800\" \/>\n\t<meta property=\"og:image:type\" content=\"image\/jpeg\" \/>\n<meta name=\"twitter:card\" content=\"summary_large_image\" \/>\n<script type=\"application\/ld+json\" class=\"yoast-schema-graph\">{\"@context\":\"https:\/\/schema.org\",\"@graph\":[{\"@type\":\"WebPage\",\"@id\":\"https:\/\/www.erresse-shop.it\/fr\/shop\/petits-electromenagers\/presse-agrumes\/smeg-presse-agrumes-esthetique-annees-50\/\",\"url\":\"https:\/\/www.erresse-shop.it\/fr\/shop\/petits-electromenagers\/presse-agrumes\/smeg-presse-agrumes-esthetique-annees-50\/\",\"name\":\"SMEG Presse-Agrumes Esth\u00e9tique Ann\u00e9es '50 - Erresse Shop\",\"isPartOf\":{\"@id\":\"https:\/\/www.erresse-shop.it\/fr\/#website\"},\"datePublished\":\"2023-10-09T07:54:00+00:00\",\"dateModified\":\"2024-07-12T22:37:43+00:00\",\"description\":\"Good Design Awards Red Dot Design Awards ESTH\u00c9TIQUE Esth\u00e9tique: Ann\u00e9es 50 Couleur de la base: Chrom\u00e9 brillant Mat\u00e9riau du corps: Aluminium coul\u00e9 Mat\u00e9riau\",\"breadcrumb\":{\"@id\":\"https:\/\/www.erresse-shop.it\/fr\/shop\/petits-electromenagers\/presse-agrumes\/smeg-presse-agrumes-esthetique-annees-50\/#breadcrumb\"},\"inLanguage\":\"fr-FR\",\"potentialAction\":[{\"@type\":\"ReadAction\",\"target\":[\"https:\/\/www.erresse-shop.it\/fr\/shop\/petits-electromenagers\/presse-agrumes\/smeg-presse-agrumes-esthetique-annees-50\/\"]}]},{\"@type\":\"BreadcrumbList\",\"@id\":\"https:\/\/www.erresse-shop.it\/fr\/shop\/petits-electromenagers\/presse-agrumes\/smeg-presse-agrumes-esthetique-annees-50\/#breadcrumb\",\"itemListElement\":[{\"@type\":\"ListItem\",\"position\":1,\"name\":\"Home\",\"item\":\"https:\/\/www.erresse-shop.it\/fr\/\"},{\"@type\":\"ListItem\",\"position\":2,\"name\":\"Shop\",\"item\":\"https:\/\/www.erresse-shop.it\/fr\/shop\/\"},{\"@type\":\"ListItem\",\"position\":3,\"name\":\"SMEG Presse-Agrumes Esth\u00e9tique Ann\u00e9es &#8217;50\"}]},{\"@type\":\"WebSite\",\"@id\":\"https:\/\/www.erresse-shop.it\/fr\/#website\",\"url\":\"https:\/\/www.erresse-shop.it\/fr\/\",\"name\":\"Erresse Shop\",\"description\":\"Articoli di qualit\u00e0 per la casa\",\"potentialAction\":[{\"@type\":\"SearchAction\",\"target\":{\"@type\":\"EntryPoint\",\"urlTemplate\":\"https:\/\/www.erresse-shop.it\/fr\/?s={search_term_string}\"},\"query-input\":\"required name=search_term_string\"}],\"inLanguage\":\"fr-FR\"}]}<\/script>\n<!-- \/ Yoast SEO Premium plugin. -->","yoast_head_json":{"title":"SMEG Presse-Agrumes Esth\u00e9tique Ann\u00e9es '50 - Erresse Shop","description":"Good Design Awards Red Dot Design Awards ESTH\u00c9TIQUE Esth\u00e9tique: Ann\u00e9es 50 Couleur de la base: Chrom\u00e9 brillant Mat\u00e9riau du corps: Aluminium coul\u00e9 Mat\u00e9riau","robots":{"index":"index","follow":"follow","max-snippet":"max-snippet:-1","max-image-preview":"max-image-preview:large","max-video-preview":"max-video-preview:-1"},"canonical":"https:\/\/www.erresse-shop.it\/fr\/shop\/petits-electromenagers\/presse-agrumes\/smeg-presse-agrumes-esthetique-annees-50\/","og_locale":"fr_FR","og_type":"article","og_title":"SMEG Presse-Agrumes Esth\u00e9tique Ann\u00e9es '50","og_description":"Good Design Awards Red Dot Design Awards ESTH\u00c9TIQUE Esth\u00e9tique: Ann\u00e9es 50 Couleur de la base: Chrom\u00e9 brillant Mat\u00e9riau du corps: Aluminium coul\u00e9 Mat\u00e9riau","og_url":"https:\/\/www.erresse-shop.it\/fr\/shop\/petits-electromenagers\/presse-agrumes\/smeg-presse-agrumes-esthetique-annees-50\/","og_site_name":"Erresse Shop","article_modified_time":"2024-07-12T22:37:43+00:00","og_image":[{"width":800,"height":800,"url":"https:\/\/www.erresse-shop.it\/wp-content\/uploads\/2018\/09\/SMEG-Spremiagrumi-Nero-3-1.jpg","type":"image\/jpeg"}],"twitter_card":"summary_large_image","schema":{"@context":"https:\/\/schema.org","@graph":[{"@type":"WebPage","@id":"https:\/\/www.erresse-shop.it\/fr\/shop\/petits-electromenagers\/presse-agrumes\/smeg-presse-agrumes-esthetique-annees-50\/","url":"https:\/\/www.erresse-shop.it\/fr\/shop\/petits-electromenagers\/presse-agrumes\/smeg-presse-agrumes-esthetique-annees-50\/","name":"SMEG Presse-Agrumes Esth\u00e9tique Ann\u00e9es '50 - Erresse Shop","isPartOf":{"@id":"https:\/\/www.erresse-shop.it\/fr\/#website"},"datePublished":"2023-10-09T07:54:00+00:00","dateModified":"2024-07-12T22:37:43+00:00","description":"Good Design Awards Red Dot Design Awards ESTH\u00c9TIQUE Esth\u00e9tique: Ann\u00e9es 50 Couleur de la base: Chrom\u00e9 brillant Mat\u00e9riau du corps: Aluminium coul\u00e9 Mat\u00e9riau","breadcrumb":{"@id":"https:\/\/www.erresse-shop.it\/fr\/shop\/petits-electromenagers\/presse-agrumes\/smeg-presse-agrumes-esthetique-annees-50\/#breadcrumb"},"inLanguage":"fr-FR","potentialAction":[{"@type":"ReadAction","target":["https:\/\/www.erresse-shop.it\/fr\/shop\/petits-electromenagers\/presse-agrumes\/smeg-presse-agrumes-esthetique-annees-50\/"]}]},{"@type":"BreadcrumbList","@id":"https:\/\/www.erresse-shop.it\/fr\/shop\/petits-electromenagers\/presse-agrumes\/smeg-presse-agrumes-esthetique-annees-50\/#breadcrumb","itemListElement":[{"@type":"ListItem","position":1,"name":"Home","item":"https:\/\/www.erresse-shop.it\/fr\/"},{"@type":"ListItem","position":2,"name":"Shop","item":"https:\/\/www.erresse-shop.it\/fr\/shop\/"},{"@type":"ListItem","position":3,"name":"SMEG Presse-Agrumes Esth\u00e9tique Ann\u00e9es &#8217;50"}]},{"@type":"WebSite","@id":"https:\/\/www.erresse-shop.it\/fr\/#website","url":"https:\/\/www.erresse-shop.it\/fr\/","name":"Erresse Shop","description":"Articoli di qualit\u00e0 per la casa","potentialAction":[{"@type":"SearchAction","target":{"@type":"EntryPoint","urlTemplate":"https:\/\/www.erresse-shop.it\/fr\/?s={search_term_string}"},"query-input":"required name=search_term_string"}],"inLanguage":"fr-FR"}]}},"df_price":179,"df_sale_price":"","df_regular_price":179,"df_image_link":"https:\/\/www.erresse-shop.it\/wp-content\/uploads\/2018\/09\/SMEG-Spremiagrumi-Nero-3-1-300x300.jpg","_links":{"self":[{"href":"https:\/\/www.erresse-shop.it\/fr\/wp-json\/wp\/v2\/product\/334926"}],"collection":[{"href":"https:\/\/www.erresse-shop.it\/fr\/wp-json\/wp\/v2\/product"}],"about":[{"href":"https:\/\/www.erresse-shop.it\/fr\/wp-json\/wp\/v2\/types\/product"}],"wp:featuredmedia":[{"embeddable":true,"href":"https:\/\/www.erresse-shop.it\/fr\/wp-json\/wp\/v2\/media\/184270"}],"wp:attachment":[{"href":"https:\/\/www.erresse-shop.it\/fr\/wp-json\/wp\/v2\/media?parent=334926"}],"wp:term":[{"taxonomy":"product_cat","embeddable":true,"href":"https:\/\/www.erresse-shop.it\/fr\/wp-json\/wp\/v2\/product_cat?post=334926"},{"taxonomy":"product_tag","embeddable":true,"href":"https:\/\/www.erresse-shop.it\/fr\/wp-json\/wp\/v2\/product_tag?post=334926"}],"curies":[{"name":"wp","href":"https:\/\/api.w.org\/{rel}","templated":true}]}}