{"id":334885,"date":"2023-10-09T07:53:23","date_gmt":"2023-10-09T07:53:26","guid":{"rendered":"https:\/\/www.erresse-shop.it\/shop\/senza-categoria\/smeg-mixeur-plongeant-esthetique-annees-50\/"},"modified":"2023-11-24T08:30:44","modified_gmt":"2023-11-24T08:30:44","slug":"smeg-mixeur-plongeant-esthetique-annees-50","status":"publish","type":"product","link":"https:\/\/www.erresse-shop.it\/fr\/shop\/petits-electromenagers\/mixeurs\/smeg-mixeur-plongeant-esthetique-annees-50\/","title":{"rendered":"SMEG Mixeur plongeant Esth\u00e9tique Ann\u00e9es &#8217;50"},"content":{"rendered":"<p>ESTH\u00c9TIQUE<br \/>\nEsth\u00e9tique: Ann\u00e9es 50<br \/>\nMat\u00e9riau du corps: Plastique<br \/>\nMat\u00e9riau pied: Inox<br \/>\nMat\u00e9riau lames: Inox<br \/>\nCouleur poign\u00e9e post\u00e9rieure: Gris<br \/>\nMat\u00e9riau poign\u00e9 post\u00e9rieur: Plastique douche<br \/>\nType de logo: En relief<br \/>\nCouleur logo: Chrom\u00e9 brillant<br \/>\nCouleur c\u00e2ble: Gris<\/p>\n<p>COMMANDES<br \/>\nType de commandes: Touches, bague de support<br \/>\nTouche ON\/OFF: Oui<br \/>\nMat\u00e9riau touches: Plastique<br \/>\nCouleur anneau touches: Chrom\u00e9 brillant<br \/>\nMat\u00e9riau anneau touches: Plastique<\/p>\n<p>PROGRAMMES \/ FONCTIONS<br \/>\nVitesse variable: Oui<br \/>\nFonction Turbo: Oui<\/p>\n<p>CARACT\u00c9RISTIQUES TECHNIQUES<br \/>\nSyst\u00e8me de d\u00e9coupe: Flowblend<br \/>\nMAX tours\/min: 14850 rpm<br \/>\nMIN tours\/min: 8150 rpm<br \/>\nSyst\u00e8me de fixation accessoires: A ba\u00efonnette<br \/>\nPoign\u00e9e antid\u00e9rapante: Oui<br \/>\nRange cordon int\u00e9gr\u00e9: Oui<br \/>\nDimensions mixeur plongeant: 6,5 x 6,5 x 41,3 cm<\/p>\n<p>RACCORDEMENT \u00c9LECTRIQUE<br \/>\nTension: 220-240 V<br \/>\nFr\u00e9quence: 50\/60 Hz<br \/>\nType de prise: Schuko<br \/>\nPuissance: 700 W<br \/>\nLongueur du c\u00e2ble d&#8217;alimentation \u00e9lectrique: 1,5 m<\/p>\n<p>INFORMATIONS LOGISTIQUES<br \/>\nLargeur du produit: 65 mm<br \/>\nProfondeur du produit: 65 mm<br \/>\nHauteur du produit: 414 mm<br \/>\nPoids net: 0.850 kg<br \/>\nPoids brut: 2.050 kg<br \/>\nLargeur du produit emball\u00e9: 120 mm<br \/>\nProfondeur du produit emball\u00e9: 130 mm<br \/>\nHauteur du produit emball\u00e9: 480 mm<\/p>\n","protected":false},"excerpt":{"rendered":"<p>ESTH\u00c9TIQUE Esth\u00e9tique: Ann\u00e9es 50 Mat\u00e9riau du corps: Plastique Mat\u00e9riau pied: Inox Mat\u00e9riau lames: Inox Couleur poign\u00e9e post\u00e9rieure: Gris Mat\u00e9riau poign\u00e9<\/p>\n","protected":false},"featured_media":494238,"template":"","meta":{"_acf_changed":false,"inline_featured_image":false},"product_cat":[12766,12449],"product_tag":[25181,23910,13253,12948,25021,12856,24588,13260,13261,21327],"acf":[],"yoast_head":"<!-- This site is optimized with the Yoast SEO Premium plugin v18.6 (Yoast SEO v19.13) - https:\/\/yoast.com\/wordpress\/plugins\/seo\/ -->\n<title>SMEG Mixeur plongeant Esth\u00e9tique Ann\u00e9es &#039;50 - Erresse Shop<\/title>\n<meta name=\"description\" content=\"ESTH\u00c9TIQUE Esth\u00e9tique: Ann\u00e9es 50 Mat\u00e9riau du corps: Plastique Mat\u00e9riau pied: Inox Mat\u00e9riau lames: Inox Couleur poign\u00e9e post\u00e9rieure: Gris Mat\u00e9riau poign\u00e9\" \/>\n<meta name=\"robots\" content=\"index, follow, max-snippet:-1, max-image-preview:large, max-video-preview:-1\" \/>\n<link rel=\"canonical\" href=\"https:\/\/www.erresse-shop.it\/fr\/shop\/petits-electromenagers\/mixeurs\/smeg-mixeur-plongeant-esthetique-annees-50\/\" \/>\n<meta property=\"og:locale\" content=\"fr_FR\" \/>\n<meta property=\"og:type\" content=\"article\" \/>\n<meta property=\"og:title\" content=\"SMEG Mixeur plongeant Esth\u00e9tique Ann\u00e9es &#039;50\" \/>\n<meta property=\"og:description\" content=\"ESTH\u00c9TIQUE Esth\u00e9tique: Ann\u00e9es 50 Mat\u00e9riau du corps: Plastique Mat\u00e9riau pied: Inox Mat\u00e9riau lames: Inox Couleur poign\u00e9e post\u00e9rieure: Gris Mat\u00e9riau poign\u00e9\" \/>\n<meta property=\"og:url\" content=\"https:\/\/www.erresse-shop.it\/fr\/shop\/petits-electromenagers\/mixeurs\/smeg-mixeur-plongeant-esthetique-annees-50\/\" \/>\n<meta property=\"og:site_name\" content=\"Erresse Shop\" \/>\n<meta property=\"article:modified_time\" content=\"2023-11-24T08:30:44+00:00\" \/>\n<meta property=\"og:image\" content=\"https:\/\/www.erresse-shop.it\/wp-content\/uploads\/2023\/10\/SMEG-Estetica-Anni-50-Frullatore-a-Immersione-Rosso.png\" \/>\n\t<meta property=\"og:image:width\" content=\"800\" \/>\n\t<meta property=\"og:image:height\" content=\"800\" \/>\n\t<meta property=\"og:image:type\" content=\"image\/png\" \/>\n<meta name=\"twitter:card\" content=\"summary_large_image\" \/>\n<script type=\"application\/ld+json\" class=\"yoast-schema-graph\">{\"@context\":\"https:\/\/schema.org\",\"@graph\":[{\"@type\":\"WebPage\",\"@id\":\"https:\/\/www.erresse-shop.it\/fr\/shop\/petits-electromenagers\/mixeurs\/smeg-mixeur-plongeant-esthetique-annees-50\/\",\"url\":\"https:\/\/www.erresse-shop.it\/fr\/shop\/petits-electromenagers\/mixeurs\/smeg-mixeur-plongeant-esthetique-annees-50\/\",\"name\":\"SMEG Mixeur plongeant Esth\u00e9tique Ann\u00e9es '50 - Erresse Shop\",\"isPartOf\":{\"@id\":\"https:\/\/www.erresse-shop.it\/fr\/#website\"},\"datePublished\":\"2023-10-09T07:53:26+00:00\",\"dateModified\":\"2023-11-24T08:30:44+00:00\",\"description\":\"ESTH\u00c9TIQUE Esth\u00e9tique: Ann\u00e9es 50 Mat\u00e9riau du corps: Plastique Mat\u00e9riau pied: Inox Mat\u00e9riau lames: Inox Couleur poign\u00e9e post\u00e9rieure: Gris Mat\u00e9riau poign\u00e9\",\"breadcrumb\":{\"@id\":\"https:\/\/www.erresse-shop.it\/fr\/shop\/petits-electromenagers\/mixeurs\/smeg-mixeur-plongeant-esthetique-annees-50\/#breadcrumb\"},\"inLanguage\":\"fr-FR\",\"potentialAction\":[{\"@type\":\"ReadAction\",\"target\":[\"https:\/\/www.erresse-shop.it\/fr\/shop\/petits-electromenagers\/mixeurs\/smeg-mixeur-plongeant-esthetique-annees-50\/\"]}]},{\"@type\":\"BreadcrumbList\",\"@id\":\"https:\/\/www.erresse-shop.it\/fr\/shop\/petits-electromenagers\/mixeurs\/smeg-mixeur-plongeant-esthetique-annees-50\/#breadcrumb\",\"itemListElement\":[{\"@type\":\"ListItem\",\"position\":1,\"name\":\"Home\",\"item\":\"https:\/\/www.erresse-shop.it\/fr\/\"},{\"@type\":\"ListItem\",\"position\":2,\"name\":\"Shop\",\"item\":\"https:\/\/www.erresse-shop.it\/fr\/shop\/\"},{\"@type\":\"ListItem\",\"position\":3,\"name\":\"SMEG Mixeur plongeant Esth\u00e9tique Ann\u00e9es &#8217;50\"}]},{\"@type\":\"WebSite\",\"@id\":\"https:\/\/www.erresse-shop.it\/fr\/#website\",\"url\":\"https:\/\/www.erresse-shop.it\/fr\/\",\"name\":\"Erresse Shop\",\"description\":\"Articoli di qualit\u00e0 per la casa\",\"potentialAction\":[{\"@type\":\"SearchAction\",\"target\":{\"@type\":\"EntryPoint\",\"urlTemplate\":\"https:\/\/www.erresse-shop.it\/fr\/?s={search_term_string}\"},\"query-input\":\"required name=search_term_string\"}],\"inLanguage\":\"fr-FR\"}]}<\/script>\n<!-- \/ Yoast SEO Premium plugin. -->","yoast_head_json":{"title":"SMEG Mixeur plongeant Esth\u00e9tique Ann\u00e9es '50 - Erresse Shop","description":"ESTH\u00c9TIQUE Esth\u00e9tique: Ann\u00e9es 50 Mat\u00e9riau du corps: Plastique Mat\u00e9riau pied: Inox Mat\u00e9riau lames: Inox Couleur poign\u00e9e post\u00e9rieure: Gris Mat\u00e9riau poign\u00e9","robots":{"index":"index","follow":"follow","max-snippet":"max-snippet:-1","max-image-preview":"max-image-preview:large","max-video-preview":"max-video-preview:-1"},"canonical":"https:\/\/www.erresse-shop.it\/fr\/shop\/petits-electromenagers\/mixeurs\/smeg-mixeur-plongeant-esthetique-annees-50\/","og_locale":"fr_FR","og_type":"article","og_title":"SMEG Mixeur plongeant Esth\u00e9tique Ann\u00e9es '50","og_description":"ESTH\u00c9TIQUE Esth\u00e9tique: Ann\u00e9es 50 Mat\u00e9riau du corps: Plastique Mat\u00e9riau pied: Inox Mat\u00e9riau lames: Inox Couleur poign\u00e9e post\u00e9rieure: Gris Mat\u00e9riau poign\u00e9","og_url":"https:\/\/www.erresse-shop.it\/fr\/shop\/petits-electromenagers\/mixeurs\/smeg-mixeur-plongeant-esthetique-annees-50\/","og_site_name":"Erresse Shop","article_modified_time":"2023-11-24T08:30:44+00:00","og_image":[{"width":800,"height":800,"url":"https:\/\/www.erresse-shop.it\/wp-content\/uploads\/2023\/10\/SMEG-Estetica-Anni-50-Frullatore-a-Immersione-Rosso.png","type":"image\/png"}],"twitter_card":"summary_large_image","schema":{"@context":"https:\/\/schema.org","@graph":[{"@type":"WebPage","@id":"https:\/\/www.erresse-shop.it\/fr\/shop\/petits-electromenagers\/mixeurs\/smeg-mixeur-plongeant-esthetique-annees-50\/","url":"https:\/\/www.erresse-shop.it\/fr\/shop\/petits-electromenagers\/mixeurs\/smeg-mixeur-plongeant-esthetique-annees-50\/","name":"SMEG Mixeur plongeant Esth\u00e9tique Ann\u00e9es '50 - Erresse Shop","isPartOf":{"@id":"https:\/\/www.erresse-shop.it\/fr\/#website"},"datePublished":"2023-10-09T07:53:26+00:00","dateModified":"2023-11-24T08:30:44+00:00","description":"ESTH\u00c9TIQUE Esth\u00e9tique: Ann\u00e9es 50 Mat\u00e9riau du corps: Plastique Mat\u00e9riau pied: Inox Mat\u00e9riau lames: Inox Couleur poign\u00e9e post\u00e9rieure: Gris Mat\u00e9riau poign\u00e9","breadcrumb":{"@id":"https:\/\/www.erresse-shop.it\/fr\/shop\/petits-electromenagers\/mixeurs\/smeg-mixeur-plongeant-esthetique-annees-50\/#breadcrumb"},"inLanguage":"fr-FR","potentialAction":[{"@type":"ReadAction","target":["https:\/\/www.erresse-shop.it\/fr\/shop\/petits-electromenagers\/mixeurs\/smeg-mixeur-plongeant-esthetique-annees-50\/"]}]},{"@type":"BreadcrumbList","@id":"https:\/\/www.erresse-shop.it\/fr\/shop\/petits-electromenagers\/mixeurs\/smeg-mixeur-plongeant-esthetique-annees-50\/#breadcrumb","itemListElement":[{"@type":"ListItem","position":1,"name":"Home","item":"https:\/\/www.erresse-shop.it\/fr\/"},{"@type":"ListItem","position":2,"name":"Shop","item":"https:\/\/www.erresse-shop.it\/fr\/shop\/"},{"@type":"ListItem","position":3,"name":"SMEG Mixeur plongeant Esth\u00e9tique Ann\u00e9es &#8217;50"}]},{"@type":"WebSite","@id":"https:\/\/www.erresse-shop.it\/fr\/#website","url":"https:\/\/www.erresse-shop.it\/fr\/","name":"Erresse Shop","description":"Articoli di qualit\u00e0 per la casa","potentialAction":[{"@type":"SearchAction","target":{"@type":"EntryPoint","urlTemplate":"https:\/\/www.erresse-shop.it\/fr\/?s={search_term_string}"},"query-input":"required name=search_term_string"}],"inLanguage":"fr-FR"}]}},"df_price":99,"df_sale_price":"","df_regular_price":99,"df_image_link":"https:\/\/www.erresse-shop.it\/wp-content\/uploads\/2023\/10\/SMEG-Estetica-Anni-50-Frullatore-a-Immersione-Rosso-300x300.jpg","_links":{"self":[{"href":"https:\/\/www.erresse-shop.it\/fr\/wp-json\/wp\/v2\/product\/334885"}],"collection":[{"href":"https:\/\/www.erresse-shop.it\/fr\/wp-json\/wp\/v2\/product"}],"about":[{"href":"https:\/\/www.erresse-shop.it\/fr\/wp-json\/wp\/v2\/types\/product"}],"wp:featuredmedia":[{"embeddable":true,"href":"https:\/\/www.erresse-shop.it\/fr\/wp-json\/wp\/v2\/media\/494238"}],"wp:attachment":[{"href":"https:\/\/www.erresse-shop.it\/fr\/wp-json\/wp\/v2\/media?parent=334885"}],"wp:term":[{"taxonomy":"product_cat","embeddable":true,"href":"https:\/\/www.erresse-shop.it\/fr\/wp-json\/wp\/v2\/product_cat?post=334885"},{"taxonomy":"product_tag","embeddable":true,"href":"https:\/\/www.erresse-shop.it\/fr\/wp-json\/wp\/v2\/product_tag?post=334885"}],"curies":[{"name":"wp","href":"https:\/\/api.w.org\/{rel}","templated":true}]}}