{"id":333492,"date":"2023-10-04T07:12:39","date_gmt":"2023-10-04T07:12:44","guid":{"rendered":"https:\/\/www.erresse-shop.it\/?post_type=product&#038;p=333492"},"modified":"2023-10-04T07:21:51","modified_gmt":"2023-10-04T07:21:51","slug":"villeroy-boch-winter-bakery-delight-assiette-a-gateau-rectangulaire","status":"publish","type":"product","link":"https:\/\/www.erresse-shop.it\/fr\/shop\/table-fr-2\/plateaux\/villeroy-boch-winter-bakery-delight-assiette-a-gateau-rectangulaire\/","title":{"rendered":"VILLEROY &#038; BOCH Winter Bakery Delight Assiette \u00e0 G\u00e2teau Rectangulaire"},"content":{"rendered":"<p><strong>Pour servir de d\u00e9licieux g\u00e2teaux avec \u00e9l\u00e9gance<\/strong><\/p>\n<p>Winter Bakery Delight vous donne envie d&#8217;\u00e9toiles \u00e0 la cannelle, de lait de poule et de pommes au four. La porcelaine d\u00e9cor\u00e9e de mani\u00e8re festive est assortie aux ornements lumineux de l&#8217;Avent et des mois d&#8217;hiver. Avec cette assiette \u00e0 g\u00e2teau rectangulaire, cr\u00e9ez un d\u00e9cor de No\u00ebl sur votre table. Offrez de la joie.<\/p>\n<p>Mat\u00e9riau : Porcelaine de qualit\u00e9 sup\u00e9rieure<br \/>\nPasse au lave-vaisselle : Non<br \/>\nPasse au micro-ondes : Oui<\/p>\n","protected":false},"excerpt":{"rendered":"<p>Pour servir de d\u00e9licieux g\u00e2teaux avec \u00e9l\u00e9gance Winter Bakery Delight vous donne envie d&#8217;\u00e9toiles \u00e0 la cannelle, de lait de<\/p>\n","protected":false},"featured_media":443999,"template":"","meta":{"_acf_changed":false,"inline_featured_image":false},"product_cat":[12792,12782],"product_tag":[23910,20499,20501,20500,21327,21821],"acf":[],"yoast_head":"<!-- This site is optimized with the Yoast SEO Premium plugin v18.6 (Yoast SEO v19.13) - https:\/\/yoast.com\/wordpress\/plugins\/seo\/ -->\n<title>VILLEROY &amp; BOCH Winter Bakery Delight Assiette \u00e0 G\u00e2teau Rectangulaire - Erresse Shop<\/title>\n<meta name=\"description\" content=\"Pour servir de d\u00e9licieux g\u00e2teaux avec \u00e9l\u00e9gance Winter Bakery Delight vous donne envie d&#039;\u00e9toiles \u00e0 la cannelle, de lait de poule et de pommes au four. La\" \/>\n<meta name=\"robots\" content=\"index, follow, max-snippet:-1, max-image-preview:large, max-video-preview:-1\" \/>\n<link rel=\"canonical\" href=\"https:\/\/www.erresse-shop.it\/fr\/shop\/table-fr-2\/plateaux\/villeroy-boch-winter-bakery-delight-assiette-a-gateau-rectangulaire\/\" \/>\n<meta property=\"og:locale\" content=\"fr_FR\" \/>\n<meta property=\"og:type\" content=\"article\" \/>\n<meta property=\"og:title\" content=\"VILLEROY &amp; BOCH Winter Bakery Delight Assiette \u00e0 G\u00e2teau Rectangulaire\" \/>\n<meta property=\"og:description\" content=\"Pour servir de d\u00e9licieux g\u00e2teaux avec \u00e9l\u00e9gance Winter Bakery Delight vous donne envie d&#039;\u00e9toiles \u00e0 la cannelle, de lait de poule et de pommes au four. La\" \/>\n<meta property=\"og:url\" content=\"https:\/\/www.erresse-shop.it\/fr\/shop\/table-fr-2\/plateaux\/villeroy-boch-winter-bakery-delight-assiette-a-gateau-rectangulaire\/\" \/>\n<meta property=\"og:site_name\" content=\"Erresse Shop\" \/>\n<meta property=\"article:modified_time\" content=\"2023-10-04T07:21:51+00:00\" \/>\n<meta property=\"og:image\" content=\"https:\/\/www.erresse-shop.it\/wp-content\/uploads\/2023\/10\/VILLEROY-BOCH-Winter-Bakery-Delight-Piatto-Dolci-Rettangolare-1.jpg\" \/>\n\t<meta property=\"og:image:width\" content=\"1200\" \/>\n\t<meta property=\"og:image:height\" content=\"1200\" \/>\n\t<meta property=\"og:image:type\" content=\"image\/jpeg\" \/>\n<meta name=\"twitter:card\" content=\"summary_large_image\" \/>\n<script type=\"application\/ld+json\" class=\"yoast-schema-graph\">{\"@context\":\"https:\/\/schema.org\",\"@graph\":[{\"@type\":\"WebPage\",\"@id\":\"https:\/\/www.erresse-shop.it\/fr\/shop\/table-fr-2\/plateaux\/villeroy-boch-winter-bakery-delight-assiette-a-gateau-rectangulaire\/\",\"url\":\"https:\/\/www.erresse-shop.it\/fr\/shop\/table-fr-2\/plateaux\/villeroy-boch-winter-bakery-delight-assiette-a-gateau-rectangulaire\/\",\"name\":\"VILLEROY & BOCH Winter Bakery Delight Assiette \u00e0 G\u00e2teau Rectangulaire - Erresse Shop\",\"isPartOf\":{\"@id\":\"https:\/\/www.erresse-shop.it\/fr\/#website\"},\"datePublished\":\"2023-10-04T07:12:44+00:00\",\"dateModified\":\"2023-10-04T07:21:51+00:00\",\"description\":\"Pour servir de d\u00e9licieux g\u00e2teaux avec \u00e9l\u00e9gance Winter Bakery Delight vous donne envie d'\u00e9toiles \u00e0 la cannelle, de lait de poule et de pommes au four. La\",\"breadcrumb\":{\"@id\":\"https:\/\/www.erresse-shop.it\/fr\/shop\/table-fr-2\/plateaux\/villeroy-boch-winter-bakery-delight-assiette-a-gateau-rectangulaire\/#breadcrumb\"},\"inLanguage\":\"fr-FR\",\"potentialAction\":[{\"@type\":\"ReadAction\",\"target\":[\"https:\/\/www.erresse-shop.it\/fr\/shop\/table-fr-2\/plateaux\/villeroy-boch-winter-bakery-delight-assiette-a-gateau-rectangulaire\/\"]}]},{\"@type\":\"BreadcrumbList\",\"@id\":\"https:\/\/www.erresse-shop.it\/fr\/shop\/table-fr-2\/plateaux\/villeroy-boch-winter-bakery-delight-assiette-a-gateau-rectangulaire\/#breadcrumb\",\"itemListElement\":[{\"@type\":\"ListItem\",\"position\":1,\"name\":\"Home\",\"item\":\"https:\/\/www.erresse-shop.it\/fr\/\"},{\"@type\":\"ListItem\",\"position\":2,\"name\":\"Shop\",\"item\":\"https:\/\/www.erresse-shop.it\/fr\/shop\/\"},{\"@type\":\"ListItem\",\"position\":3,\"name\":\"VILLEROY &#038; BOCH Winter Bakery Delight Assiette \u00e0 G\u00e2teau Rectangulaire\"}]},{\"@type\":\"WebSite\",\"@id\":\"https:\/\/www.erresse-shop.it\/fr\/#website\",\"url\":\"https:\/\/www.erresse-shop.it\/fr\/\",\"name\":\"Erresse Shop\",\"description\":\"Articoli di qualit\u00e0 per la casa\",\"potentialAction\":[{\"@type\":\"SearchAction\",\"target\":{\"@type\":\"EntryPoint\",\"urlTemplate\":\"https:\/\/www.erresse-shop.it\/fr\/?s={search_term_string}\"},\"query-input\":\"required name=search_term_string\"}],\"inLanguage\":\"fr-FR\"}]}<\/script>\n<!-- \/ Yoast SEO Premium plugin. -->","yoast_head_json":{"title":"VILLEROY & BOCH Winter Bakery Delight Assiette \u00e0 G\u00e2teau Rectangulaire - Erresse Shop","description":"Pour servir de d\u00e9licieux g\u00e2teaux avec \u00e9l\u00e9gance Winter Bakery Delight vous donne envie d'\u00e9toiles \u00e0 la cannelle, de lait de poule et de pommes au four. La","robots":{"index":"index","follow":"follow","max-snippet":"max-snippet:-1","max-image-preview":"max-image-preview:large","max-video-preview":"max-video-preview:-1"},"canonical":"https:\/\/www.erresse-shop.it\/fr\/shop\/table-fr-2\/plateaux\/villeroy-boch-winter-bakery-delight-assiette-a-gateau-rectangulaire\/","og_locale":"fr_FR","og_type":"article","og_title":"VILLEROY & BOCH Winter Bakery Delight Assiette \u00e0 G\u00e2teau Rectangulaire","og_description":"Pour servir de d\u00e9licieux g\u00e2teaux avec \u00e9l\u00e9gance Winter Bakery Delight vous donne envie d'\u00e9toiles \u00e0 la cannelle, de lait de poule et de pommes au four. La","og_url":"https:\/\/www.erresse-shop.it\/fr\/shop\/table-fr-2\/plateaux\/villeroy-boch-winter-bakery-delight-assiette-a-gateau-rectangulaire\/","og_site_name":"Erresse Shop","article_modified_time":"2023-10-04T07:21:51+00:00","og_image":[{"width":1200,"height":1200,"url":"https:\/\/www.erresse-shop.it\/wp-content\/uploads\/2023\/10\/VILLEROY-BOCH-Winter-Bakery-Delight-Piatto-Dolci-Rettangolare-1.jpg","type":"image\/jpeg"}],"twitter_card":"summary_large_image","schema":{"@context":"https:\/\/schema.org","@graph":[{"@type":"WebPage","@id":"https:\/\/www.erresse-shop.it\/fr\/shop\/table-fr-2\/plateaux\/villeroy-boch-winter-bakery-delight-assiette-a-gateau-rectangulaire\/","url":"https:\/\/www.erresse-shop.it\/fr\/shop\/table-fr-2\/plateaux\/villeroy-boch-winter-bakery-delight-assiette-a-gateau-rectangulaire\/","name":"VILLEROY & BOCH Winter Bakery Delight Assiette \u00e0 G\u00e2teau Rectangulaire - Erresse Shop","isPartOf":{"@id":"https:\/\/www.erresse-shop.it\/fr\/#website"},"datePublished":"2023-10-04T07:12:44+00:00","dateModified":"2023-10-04T07:21:51+00:00","description":"Pour servir de d\u00e9licieux g\u00e2teaux avec \u00e9l\u00e9gance Winter Bakery Delight vous donne envie d'\u00e9toiles \u00e0 la cannelle, de lait de poule et de pommes au four. La","breadcrumb":{"@id":"https:\/\/www.erresse-shop.it\/fr\/shop\/table-fr-2\/plateaux\/villeroy-boch-winter-bakery-delight-assiette-a-gateau-rectangulaire\/#breadcrumb"},"inLanguage":"fr-FR","potentialAction":[{"@type":"ReadAction","target":["https:\/\/www.erresse-shop.it\/fr\/shop\/table-fr-2\/plateaux\/villeroy-boch-winter-bakery-delight-assiette-a-gateau-rectangulaire\/"]}]},{"@type":"BreadcrumbList","@id":"https:\/\/www.erresse-shop.it\/fr\/shop\/table-fr-2\/plateaux\/villeroy-boch-winter-bakery-delight-assiette-a-gateau-rectangulaire\/#breadcrumb","itemListElement":[{"@type":"ListItem","position":1,"name":"Home","item":"https:\/\/www.erresse-shop.it\/fr\/"},{"@type":"ListItem","position":2,"name":"Shop","item":"https:\/\/www.erresse-shop.it\/fr\/shop\/"},{"@type":"ListItem","position":3,"name":"VILLEROY &#038; BOCH Winter Bakery Delight Assiette \u00e0 G\u00e2teau Rectangulaire"}]},{"@type":"WebSite","@id":"https:\/\/www.erresse-shop.it\/fr\/#website","url":"https:\/\/www.erresse-shop.it\/fr\/","name":"Erresse Shop","description":"Articoli di qualit\u00e0 per la casa","potentialAction":[{"@type":"SearchAction","target":{"@type":"EntryPoint","urlTemplate":"https:\/\/www.erresse-shop.it\/fr\/?s={search_term_string}"},"query-input":"required name=search_term_string"}],"inLanguage":"fr-FR"}]}},"df_price":39,"df_sale_price":39,"df_regular_price":69.9,"df_image_link":"https:\/\/www.erresse-shop.it\/wp-content\/uploads\/2023\/10\/VILLEROY-BOCH-Winter-Bakery-Delight-Piatto-Dolci-Rettangolare-1-300x300.jpg","_links":{"self":[{"href":"https:\/\/www.erresse-shop.it\/fr\/wp-json\/wp\/v2\/product\/333492"}],"collection":[{"href":"https:\/\/www.erresse-shop.it\/fr\/wp-json\/wp\/v2\/product"}],"about":[{"href":"https:\/\/www.erresse-shop.it\/fr\/wp-json\/wp\/v2\/types\/product"}],"wp:featuredmedia":[{"embeddable":true,"href":"https:\/\/www.erresse-shop.it\/fr\/wp-json\/wp\/v2\/media\/443999"}],"wp:attachment":[{"href":"https:\/\/www.erresse-shop.it\/fr\/wp-json\/wp\/v2\/media?parent=333492"}],"wp:term":[{"taxonomy":"product_cat","embeddable":true,"href":"https:\/\/www.erresse-shop.it\/fr\/wp-json\/wp\/v2\/product_cat?post=333492"},{"taxonomy":"product_tag","embeddable":true,"href":"https:\/\/www.erresse-shop.it\/fr\/wp-json\/wp\/v2\/product_tag?post=333492"}],"curies":[{"name":"wp","href":"https:\/\/api.w.org\/{rel}","templated":true}]}}