{"id":333298,"date":"2023-10-03T13:51:11","date_gmt":"2023-10-03T13:51:17","guid":{"rendered":"https:\/\/www.erresse-shop.it\/?post_type=product&#038;p=333298"},"modified":"2023-10-03T14:33:02","modified_gmt":"2023-10-03T14:33:02","slug":"villeroy-boch-christmas-toys-arbre-de-noel-avec-animaux-des-bois","status":"publish","type":"product","link":"https:\/\/www.erresse-shop.it\/fr\/shop\/ameublement-maison\/objets-de-decoration\/villeroy-boch-christmas-toys-arbre-de-noel-avec-animaux-des-bois\/","title":{"rendered":"VILLEROY &#038; BOCH Christmas Toys Arbre de No\u00ebl avec animaux des bois"},"content":{"rendered":"<p><strong>Belle d\u00e9coration de No\u00ebl<\/strong><\/p>\n<p>La collection de jouets de No\u00ebl allie moments nostalgiques et design moderne dans un monde merveilleux et festif avec des march\u00e9s de No\u00ebl, des bonhommes de neige et le P\u00e8re No\u00ebl. Id\u00e9ale pour compl\u00e9ter votre d\u00e9coration festive, pour collectionner et assortir, et pour offrir en cadeau. Les animaux de la for\u00eat se sont rassembl\u00e9s autour du sapin de No\u00ebl d\u00e9cor\u00e9 pour l&#8217;occasion. Vous pouvez placer une bougie \u00e0 l&#8217;int\u00e9rieur et cr\u00e9er ainsi une atmosph\u00e8re enchanteresse de lumi\u00e8res douces. Offrez-vous ou offrez \u00e0 vos proches des accessoires joyeux et festifs.<\/p>\n<p>Mat\u00e9riau : Porcelaine de qualit\u00e9 sup\u00e9rieure<\/p>\n","protected":false},"excerpt":{"rendered":"<p>Belle d\u00e9coration de No\u00ebl La collection de jouets de No\u00ebl allie moments nostalgiques et design moderne dans un monde merveilleux<\/p>\n","protected":false},"featured_media":333307,"template":"","meta":{"_acf_changed":false,"inline_featured_image":false},"product_cat":[12738,14441],"product_tag":[23910,20499,20501,20500,21327],"acf":[],"yoast_head":"<!-- This site is optimized with the Yoast SEO Premium plugin v18.6 (Yoast SEO v19.13) - https:\/\/yoast.com\/wordpress\/plugins\/seo\/ -->\n<title>VILLEROY &amp; BOCH Christmas Toys Arbre de No\u00ebl avec animaux des bois - Erresse Shop<\/title>\n<meta name=\"description\" content=\"Belle d\u00e9coration de No\u00ebl La collection de jouets de No\u00ebl allie moments nostalgiques et design moderne dans un monde merveilleux et festif avec des march\u00e9s\" \/>\n<meta name=\"robots\" content=\"index, follow, max-snippet:-1, max-image-preview:large, max-video-preview:-1\" \/>\n<link rel=\"canonical\" href=\"https:\/\/www.erresse-shop.it\/fr\/shop\/ameublement-maison\/objets-de-decoration\/villeroy-boch-christmas-toys-arbre-de-noel-avec-animaux-des-bois\/\" \/>\n<meta property=\"og:locale\" content=\"fr_FR\" \/>\n<meta property=\"og:type\" content=\"article\" \/>\n<meta property=\"og:title\" content=\"VILLEROY &amp; BOCH Christmas Toys Arbre de No\u00ebl avec animaux des bois\" \/>\n<meta property=\"og:description\" content=\"Belle d\u00e9coration de No\u00ebl La collection de jouets de No\u00ebl allie moments nostalgiques et design moderne dans un monde merveilleux et festif avec des march\u00e9s\" \/>\n<meta property=\"og:url\" content=\"https:\/\/www.erresse-shop.it\/fr\/shop\/ameublement-maison\/objets-de-decoration\/villeroy-boch-christmas-toys-arbre-de-noel-avec-animaux-des-bois\/\" \/>\n<meta property=\"og:site_name\" content=\"Erresse Shop\" \/>\n<meta property=\"article:modified_time\" content=\"2023-10-03T14:33:02+00:00\" \/>\n<meta property=\"og:image\" content=\"https:\/\/www.erresse-shop.it\/wp-content\/uploads\/2023\/10\/VILLEROY-BOCH-Christmas-Toys-Albero-di-Natale-con-Animali-del-Bosco.jpg\" \/>\n\t<meta property=\"og:image:width\" content=\"800\" \/>\n\t<meta property=\"og:image:height\" content=\"800\" \/>\n\t<meta property=\"og:image:type\" content=\"image\/jpeg\" \/>\n<meta name=\"twitter:card\" content=\"summary_large_image\" \/>\n<script type=\"application\/ld+json\" class=\"yoast-schema-graph\">{\"@context\":\"https:\/\/schema.org\",\"@graph\":[{\"@type\":\"WebPage\",\"@id\":\"https:\/\/www.erresse-shop.it\/fr\/shop\/ameublement-maison\/objets-de-decoration\/villeroy-boch-christmas-toys-arbre-de-noel-avec-animaux-des-bois\/\",\"url\":\"https:\/\/www.erresse-shop.it\/fr\/shop\/ameublement-maison\/objets-de-decoration\/villeroy-boch-christmas-toys-arbre-de-noel-avec-animaux-des-bois\/\",\"name\":\"VILLEROY & BOCH Christmas Toys Arbre de No\u00ebl avec animaux des bois - Erresse Shop\",\"isPartOf\":{\"@id\":\"https:\/\/www.erresse-shop.it\/fr\/#website\"},\"datePublished\":\"2023-10-03T13:51:17+00:00\",\"dateModified\":\"2023-10-03T14:33:02+00:00\",\"description\":\"Belle d\u00e9coration de No\u00ebl La collection de jouets de No\u00ebl allie moments nostalgiques et design moderne dans un monde merveilleux et festif avec des march\u00e9s\",\"breadcrumb\":{\"@id\":\"https:\/\/www.erresse-shop.it\/fr\/shop\/ameublement-maison\/objets-de-decoration\/villeroy-boch-christmas-toys-arbre-de-noel-avec-animaux-des-bois\/#breadcrumb\"},\"inLanguage\":\"fr-FR\",\"potentialAction\":[{\"@type\":\"ReadAction\",\"target\":[\"https:\/\/www.erresse-shop.it\/fr\/shop\/ameublement-maison\/objets-de-decoration\/villeroy-boch-christmas-toys-arbre-de-noel-avec-animaux-des-bois\/\"]}]},{\"@type\":\"BreadcrumbList\",\"@id\":\"https:\/\/www.erresse-shop.it\/fr\/shop\/ameublement-maison\/objets-de-decoration\/villeroy-boch-christmas-toys-arbre-de-noel-avec-animaux-des-bois\/#breadcrumb\",\"itemListElement\":[{\"@type\":\"ListItem\",\"position\":1,\"name\":\"Home\",\"item\":\"https:\/\/www.erresse-shop.it\/fr\/\"},{\"@type\":\"ListItem\",\"position\":2,\"name\":\"Shop\",\"item\":\"https:\/\/www.erresse-shop.it\/fr\/shop\/\"},{\"@type\":\"ListItem\",\"position\":3,\"name\":\"VILLEROY &#038; BOCH Christmas Toys Arbre de No\u00ebl avec animaux des bois\"}]},{\"@type\":\"WebSite\",\"@id\":\"https:\/\/www.erresse-shop.it\/fr\/#website\",\"url\":\"https:\/\/www.erresse-shop.it\/fr\/\",\"name\":\"Erresse Shop\",\"description\":\"Articoli di qualit\u00e0 per la casa\",\"potentialAction\":[{\"@type\":\"SearchAction\",\"target\":{\"@type\":\"EntryPoint\",\"urlTemplate\":\"https:\/\/www.erresse-shop.it\/fr\/?s={search_term_string}\"},\"query-input\":\"required name=search_term_string\"}],\"inLanguage\":\"fr-FR\"}]}<\/script>\n<!-- \/ Yoast SEO Premium plugin. -->","yoast_head_json":{"title":"VILLEROY & BOCH Christmas Toys Arbre de No\u00ebl avec animaux des bois - Erresse Shop","description":"Belle d\u00e9coration de No\u00ebl La collection de jouets de No\u00ebl allie moments nostalgiques et design moderne dans un monde merveilleux et festif avec des march\u00e9s","robots":{"index":"index","follow":"follow","max-snippet":"max-snippet:-1","max-image-preview":"max-image-preview:large","max-video-preview":"max-video-preview:-1"},"canonical":"https:\/\/www.erresse-shop.it\/fr\/shop\/ameublement-maison\/objets-de-decoration\/villeroy-boch-christmas-toys-arbre-de-noel-avec-animaux-des-bois\/","og_locale":"fr_FR","og_type":"article","og_title":"VILLEROY & BOCH Christmas Toys Arbre de No\u00ebl avec animaux des bois","og_description":"Belle d\u00e9coration de No\u00ebl La collection de jouets de No\u00ebl allie moments nostalgiques et design moderne dans un monde merveilleux et festif avec des march\u00e9s","og_url":"https:\/\/www.erresse-shop.it\/fr\/shop\/ameublement-maison\/objets-de-decoration\/villeroy-boch-christmas-toys-arbre-de-noel-avec-animaux-des-bois\/","og_site_name":"Erresse Shop","article_modified_time":"2023-10-03T14:33:02+00:00","og_image":[{"width":800,"height":800,"url":"https:\/\/www.erresse-shop.it\/wp-content\/uploads\/2023\/10\/VILLEROY-BOCH-Christmas-Toys-Albero-di-Natale-con-Animali-del-Bosco.jpg","type":"image\/jpeg"}],"twitter_card":"summary_large_image","schema":{"@context":"https:\/\/schema.org","@graph":[{"@type":"WebPage","@id":"https:\/\/www.erresse-shop.it\/fr\/shop\/ameublement-maison\/objets-de-decoration\/villeroy-boch-christmas-toys-arbre-de-noel-avec-animaux-des-bois\/","url":"https:\/\/www.erresse-shop.it\/fr\/shop\/ameublement-maison\/objets-de-decoration\/villeroy-boch-christmas-toys-arbre-de-noel-avec-animaux-des-bois\/","name":"VILLEROY & BOCH Christmas Toys Arbre de No\u00ebl avec animaux des bois - Erresse Shop","isPartOf":{"@id":"https:\/\/www.erresse-shop.it\/fr\/#website"},"datePublished":"2023-10-03T13:51:17+00:00","dateModified":"2023-10-03T14:33:02+00:00","description":"Belle d\u00e9coration de No\u00ebl La collection de jouets de No\u00ebl allie moments nostalgiques et design moderne dans un monde merveilleux et festif avec des march\u00e9s","breadcrumb":{"@id":"https:\/\/www.erresse-shop.it\/fr\/shop\/ameublement-maison\/objets-de-decoration\/villeroy-boch-christmas-toys-arbre-de-noel-avec-animaux-des-bois\/#breadcrumb"},"inLanguage":"fr-FR","potentialAction":[{"@type":"ReadAction","target":["https:\/\/www.erresse-shop.it\/fr\/shop\/ameublement-maison\/objets-de-decoration\/villeroy-boch-christmas-toys-arbre-de-noel-avec-animaux-des-bois\/"]}]},{"@type":"BreadcrumbList","@id":"https:\/\/www.erresse-shop.it\/fr\/shop\/ameublement-maison\/objets-de-decoration\/villeroy-boch-christmas-toys-arbre-de-noel-avec-animaux-des-bois\/#breadcrumb","itemListElement":[{"@type":"ListItem","position":1,"name":"Home","item":"https:\/\/www.erresse-shop.it\/fr\/"},{"@type":"ListItem","position":2,"name":"Shop","item":"https:\/\/www.erresse-shop.it\/fr\/shop\/"},{"@type":"ListItem","position":3,"name":"VILLEROY &#038; BOCH Christmas Toys Arbre de No\u00ebl avec animaux des bois"}]},{"@type":"WebSite","@id":"https:\/\/www.erresse-shop.it\/fr\/#website","url":"https:\/\/www.erresse-shop.it\/fr\/","name":"Erresse Shop","description":"Articoli di qualit\u00e0 per la casa","potentialAction":[{"@type":"SearchAction","target":{"@type":"EntryPoint","urlTemplate":"https:\/\/www.erresse-shop.it\/fr\/?s={search_term_string}"},"query-input":"required name=search_term_string"}],"inLanguage":"fr-FR"}]}},"df_price":43.45,"df_sale_price":43.45,"df_regular_price":86.9,"df_image_link":"https:\/\/www.erresse-shop.it\/wp-content\/uploads\/2023\/10\/VILLEROY-BOCH-Christmas-Toys-Albero-di-Natale-con-Animali-del-Bosco-300x300.jpg","_links":{"self":[{"href":"https:\/\/www.erresse-shop.it\/fr\/wp-json\/wp\/v2\/product\/333298"}],"collection":[{"href":"https:\/\/www.erresse-shop.it\/fr\/wp-json\/wp\/v2\/product"}],"about":[{"href":"https:\/\/www.erresse-shop.it\/fr\/wp-json\/wp\/v2\/types\/product"}],"wp:featuredmedia":[{"embeddable":true,"href":"https:\/\/www.erresse-shop.it\/fr\/wp-json\/wp\/v2\/media\/333307"}],"wp:attachment":[{"href":"https:\/\/www.erresse-shop.it\/fr\/wp-json\/wp\/v2\/media?parent=333298"}],"wp:term":[{"taxonomy":"product_cat","embeddable":true,"href":"https:\/\/www.erresse-shop.it\/fr\/wp-json\/wp\/v2\/product_cat?post=333298"},{"taxonomy":"product_tag","embeddable":true,"href":"https:\/\/www.erresse-shop.it\/fr\/wp-json\/wp\/v2\/product_tag?post=333298"}],"curies":[{"name":"wp","href":"https:\/\/api.w.org\/{rel}","templated":true}]}}