{"id":333243,"date":"2023-10-03T13:34:01","date_gmt":"2023-10-03T13:34:06","guid":{"rendered":"https:\/\/www.erresse-shop.it\/?post_type=product&#038;p=333243"},"modified":"2023-11-25T11:00:34","modified_gmt":"2023-11-25T11:00:34","slug":"villeroy-boch-christmas-toys-cheval-a-bascule","status":"publish","type":"product","link":"https:\/\/www.erresse-shop.it\/fr\/shop\/ameublement-maison\/objets-de-decoration\/villeroy-boch-christmas-toys-cheval-a-bascule\/","title":{"rendered":"VILLEROY &#038; BOCH Christmas Toys Cheval \u00e0 Bascule"},"content":{"rendered":"<p><strong>Bougeoir de No\u00ebl en porcelaine au look de cheval \u00e0 bascule<\/strong><\/p>\n<p>La collection Christmas Toys se compose de nombreuses pi\u00e8ces uniques en porcelaine qui, gr\u00e2ce \u00e0 leur design particulier, \u00e9voquent des souvenirs d&#8217;enfance et donnent \u00e0 la maison un air de No\u00ebl. D\u00e9coration de No\u00ebl avec un m\u00e9lange de motifs color\u00e9s : le cheval \u00e0 bascule Christmas Toys habilement d\u00e9cor\u00e9 sert de bougeoir nostalgique pour les bougies en forme de b\u00e2tonnets et fera briller votre maison d&#8217;un \u00e9clat festif. L&#8217;objet d\u00e9coratif ne se balance pas. Achetez d\u00e8s maintenant un bougeoir \u00e0 cheval \u00e0 bascule.<\/p>\n<p>Mat\u00e9riau : Porcelaine de qualit\u00e9 sup\u00e9rieure<\/p>\n","protected":false},"excerpt":{"rendered":"<p>Bougeoir de No\u00ebl en porcelaine au look de cheval \u00e0 bascule La collection Christmas Toys se compose de nombreuses pi\u00e8ces<\/p>\n","protected":false},"featured_media":333262,"template":"","meta":{"_acf_changed":false,"inline_featured_image":false},"product_cat":[12738,14441],"product_tag":[23910,20499,20501,20500,21327],"acf":[],"yoast_head":"<!-- This site is optimized with the Yoast SEO Premium plugin v18.6 (Yoast SEO v19.13) - https:\/\/yoast.com\/wordpress\/plugins\/seo\/ -->\n<title>VILLEROY &amp; BOCH Christmas Toys Cheval \u00e0 Bascule - Erresse Shop<\/title>\n<meta name=\"description\" content=\"Bougeoir de No\u00ebl en porcelaine au look de cheval \u00e0 bascule La collection Christmas Toys se compose de nombreuses pi\u00e8ces uniques en porcelaine qui, gr\u00e2ce \u00e0\" \/>\n<meta name=\"robots\" content=\"index, follow, max-snippet:-1, max-image-preview:large, max-video-preview:-1\" \/>\n<link rel=\"canonical\" href=\"https:\/\/www.erresse-shop.it\/fr\/shop\/ameublement-maison\/objets-de-decoration\/villeroy-boch-christmas-toys-cheval-a-bascule\/\" \/>\n<meta property=\"og:locale\" content=\"fr_FR\" \/>\n<meta property=\"og:type\" content=\"article\" \/>\n<meta property=\"og:title\" content=\"VILLEROY &amp; BOCH Christmas Toys Cheval \u00e0 Bascule\" \/>\n<meta property=\"og:description\" content=\"Bougeoir de No\u00ebl en porcelaine au look de cheval \u00e0 bascule La collection Christmas Toys se compose de nombreuses pi\u00e8ces uniques en porcelaine qui, gr\u00e2ce \u00e0\" \/>\n<meta property=\"og:url\" content=\"https:\/\/www.erresse-shop.it\/fr\/shop\/ameublement-maison\/objets-de-decoration\/villeroy-boch-christmas-toys-cheval-a-bascule\/\" \/>\n<meta property=\"og:site_name\" content=\"Erresse Shop\" \/>\n<meta property=\"article:modified_time\" content=\"2023-11-25T11:00:34+00:00\" \/>\n<meta property=\"og:image\" content=\"https:\/\/www.erresse-shop.it\/wp-content\/uploads\/2023\/10\/VILLEROY-BOCH-Christmas-Toys-Cavallo-a-Dondolo.jpg\" \/>\n\t<meta property=\"og:image:width\" content=\"800\" \/>\n\t<meta property=\"og:image:height\" content=\"800\" \/>\n\t<meta property=\"og:image:type\" content=\"image\/jpeg\" \/>\n<meta name=\"twitter:card\" content=\"summary_large_image\" \/>\n<script type=\"application\/ld+json\" class=\"yoast-schema-graph\">{\"@context\":\"https:\/\/schema.org\",\"@graph\":[{\"@type\":\"WebPage\",\"@id\":\"https:\/\/www.erresse-shop.it\/fr\/shop\/ameublement-maison\/objets-de-decoration\/villeroy-boch-christmas-toys-cheval-a-bascule\/\",\"url\":\"https:\/\/www.erresse-shop.it\/fr\/shop\/ameublement-maison\/objets-de-decoration\/villeroy-boch-christmas-toys-cheval-a-bascule\/\",\"name\":\"VILLEROY & BOCH Christmas Toys Cheval \u00e0 Bascule - Erresse Shop\",\"isPartOf\":{\"@id\":\"https:\/\/www.erresse-shop.it\/fr\/#website\"},\"datePublished\":\"2023-10-03T13:34:06+00:00\",\"dateModified\":\"2023-11-25T11:00:34+00:00\",\"description\":\"Bougeoir de No\u00ebl en porcelaine au look de cheval \u00e0 bascule La collection Christmas Toys se compose de nombreuses pi\u00e8ces uniques en porcelaine qui, gr\u00e2ce \u00e0\",\"breadcrumb\":{\"@id\":\"https:\/\/www.erresse-shop.it\/fr\/shop\/ameublement-maison\/objets-de-decoration\/villeroy-boch-christmas-toys-cheval-a-bascule\/#breadcrumb\"},\"inLanguage\":\"fr-FR\",\"potentialAction\":[{\"@type\":\"ReadAction\",\"target\":[\"https:\/\/www.erresse-shop.it\/fr\/shop\/ameublement-maison\/objets-de-decoration\/villeroy-boch-christmas-toys-cheval-a-bascule\/\"]}]},{\"@type\":\"BreadcrumbList\",\"@id\":\"https:\/\/www.erresse-shop.it\/fr\/shop\/ameublement-maison\/objets-de-decoration\/villeroy-boch-christmas-toys-cheval-a-bascule\/#breadcrumb\",\"itemListElement\":[{\"@type\":\"ListItem\",\"position\":1,\"name\":\"Home\",\"item\":\"https:\/\/www.erresse-shop.it\/fr\/\"},{\"@type\":\"ListItem\",\"position\":2,\"name\":\"Shop\",\"item\":\"https:\/\/www.erresse-shop.it\/fr\/shop\/\"},{\"@type\":\"ListItem\",\"position\":3,\"name\":\"VILLEROY &#038; BOCH Christmas Toys Cheval \u00e0 Bascule\"}]},{\"@type\":\"WebSite\",\"@id\":\"https:\/\/www.erresse-shop.it\/fr\/#website\",\"url\":\"https:\/\/www.erresse-shop.it\/fr\/\",\"name\":\"Erresse Shop\",\"description\":\"Articoli di qualit\u00e0 per la casa\",\"potentialAction\":[{\"@type\":\"SearchAction\",\"target\":{\"@type\":\"EntryPoint\",\"urlTemplate\":\"https:\/\/www.erresse-shop.it\/fr\/?s={search_term_string}\"},\"query-input\":\"required name=search_term_string\"}],\"inLanguage\":\"fr-FR\"}]}<\/script>\n<!-- \/ Yoast SEO Premium plugin. -->","yoast_head_json":{"title":"VILLEROY & BOCH Christmas Toys Cheval \u00e0 Bascule - Erresse Shop","description":"Bougeoir de No\u00ebl en porcelaine au look de cheval \u00e0 bascule La collection Christmas Toys se compose de nombreuses pi\u00e8ces uniques en porcelaine qui, gr\u00e2ce \u00e0","robots":{"index":"index","follow":"follow","max-snippet":"max-snippet:-1","max-image-preview":"max-image-preview:large","max-video-preview":"max-video-preview:-1"},"canonical":"https:\/\/www.erresse-shop.it\/fr\/shop\/ameublement-maison\/objets-de-decoration\/villeroy-boch-christmas-toys-cheval-a-bascule\/","og_locale":"fr_FR","og_type":"article","og_title":"VILLEROY & BOCH Christmas Toys Cheval \u00e0 Bascule","og_description":"Bougeoir de No\u00ebl en porcelaine au look de cheval \u00e0 bascule La collection Christmas Toys se compose de nombreuses pi\u00e8ces uniques en porcelaine qui, gr\u00e2ce \u00e0","og_url":"https:\/\/www.erresse-shop.it\/fr\/shop\/ameublement-maison\/objets-de-decoration\/villeroy-boch-christmas-toys-cheval-a-bascule\/","og_site_name":"Erresse Shop","article_modified_time":"2023-11-25T11:00:34+00:00","og_image":[{"width":800,"height":800,"url":"https:\/\/www.erresse-shop.it\/wp-content\/uploads\/2023\/10\/VILLEROY-BOCH-Christmas-Toys-Cavallo-a-Dondolo.jpg","type":"image\/jpeg"}],"twitter_card":"summary_large_image","schema":{"@context":"https:\/\/schema.org","@graph":[{"@type":"WebPage","@id":"https:\/\/www.erresse-shop.it\/fr\/shop\/ameublement-maison\/objets-de-decoration\/villeroy-boch-christmas-toys-cheval-a-bascule\/","url":"https:\/\/www.erresse-shop.it\/fr\/shop\/ameublement-maison\/objets-de-decoration\/villeroy-boch-christmas-toys-cheval-a-bascule\/","name":"VILLEROY & BOCH Christmas Toys Cheval \u00e0 Bascule - Erresse Shop","isPartOf":{"@id":"https:\/\/www.erresse-shop.it\/fr\/#website"},"datePublished":"2023-10-03T13:34:06+00:00","dateModified":"2023-11-25T11:00:34+00:00","description":"Bougeoir de No\u00ebl en porcelaine au look de cheval \u00e0 bascule La collection Christmas Toys se compose de nombreuses pi\u00e8ces uniques en porcelaine qui, gr\u00e2ce \u00e0","breadcrumb":{"@id":"https:\/\/www.erresse-shop.it\/fr\/shop\/ameublement-maison\/objets-de-decoration\/villeroy-boch-christmas-toys-cheval-a-bascule\/#breadcrumb"},"inLanguage":"fr-FR","potentialAction":[{"@type":"ReadAction","target":["https:\/\/www.erresse-shop.it\/fr\/shop\/ameublement-maison\/objets-de-decoration\/villeroy-boch-christmas-toys-cheval-a-bascule\/"]}]},{"@type":"BreadcrumbList","@id":"https:\/\/www.erresse-shop.it\/fr\/shop\/ameublement-maison\/objets-de-decoration\/villeroy-boch-christmas-toys-cheval-a-bascule\/#breadcrumb","itemListElement":[{"@type":"ListItem","position":1,"name":"Home","item":"https:\/\/www.erresse-shop.it\/fr\/"},{"@type":"ListItem","position":2,"name":"Shop","item":"https:\/\/www.erresse-shop.it\/fr\/shop\/"},{"@type":"ListItem","position":3,"name":"VILLEROY &#038; BOCH Christmas Toys Cheval \u00e0 Bascule"}]},{"@type":"WebSite","@id":"https:\/\/www.erresse-shop.it\/fr\/#website","url":"https:\/\/www.erresse-shop.it\/fr\/","name":"Erresse Shop","description":"Articoli di qualit\u00e0 per la casa","potentialAction":[{"@type":"SearchAction","target":{"@type":"EntryPoint","urlTemplate":"https:\/\/www.erresse-shop.it\/fr\/?s={search_term_string}"},"query-input":"required name=search_term_string"}],"inLanguage":"fr-FR"}]}},"df_price":24.95,"df_sale_price":24.95,"df_regular_price":49.9,"df_image_link":"https:\/\/www.erresse-shop.it\/wp-content\/uploads\/2023\/10\/VILLEROY-BOCH-Christmas-Toys-Cavallo-a-Dondolo-300x300.jpg","_links":{"self":[{"href":"https:\/\/www.erresse-shop.it\/fr\/wp-json\/wp\/v2\/product\/333243"}],"collection":[{"href":"https:\/\/www.erresse-shop.it\/fr\/wp-json\/wp\/v2\/product"}],"about":[{"href":"https:\/\/www.erresse-shop.it\/fr\/wp-json\/wp\/v2\/types\/product"}],"wp:featuredmedia":[{"embeddable":true,"href":"https:\/\/www.erresse-shop.it\/fr\/wp-json\/wp\/v2\/media\/333262"}],"wp:attachment":[{"href":"https:\/\/www.erresse-shop.it\/fr\/wp-json\/wp\/v2\/media?parent=333243"}],"wp:term":[{"taxonomy":"product_cat","embeddable":true,"href":"https:\/\/www.erresse-shop.it\/fr\/wp-json\/wp\/v2\/product_cat?post=333243"},{"taxonomy":"product_tag","embeddable":true,"href":"https:\/\/www.erresse-shop.it\/fr\/wp-json\/wp\/v2\/product_tag?post=333243"}],"curies":[{"name":"wp","href":"https:\/\/api.w.org\/{rel}","templated":true}]}}