{"id":333214,"date":"2023-10-03T13:25:53","date_gmt":"2023-10-03T13:25:59","guid":{"rendered":"https:\/\/www.erresse-shop.it\/?post_type=product&#038;p=333214"},"modified":"2023-11-28T00:01:33","modified_gmt":"2023-11-28T00:01:33","slug":"villeroy-boch-christmas-toys-maison-en-pain-depices-avec-carillon","status":"publish","type":"product","link":"https:\/\/www.erresse-shop.it\/fr\/shop\/ameublement-maison\/objets-de-decoration\/villeroy-boch-christmas-toys-maison-en-pain-depices-avec-carillon\/","title":{"rendered":"VILLEROY &#038; BOCH Christmas Toys Maison en Pain d&#8217;\u00e9pices avec Carillon"},"content":{"rendered":"<p><strong>Le carillon avec la bougie joue &#8220;Let it snow&#8221;.<\/strong><\/p>\n<p>La collection de jouets de No\u00ebl combine des moments nostalgiques et un design moderne dans un monde merveilleux et festif avec des march\u00e9s de No\u00ebl, des bonshommes de neige et le P\u00e8re No\u00ebl. La bo\u00eete \u00e0 musique partiellement peinte \u00e0 la main en forme de maison en pain d&#8217;\u00e9pices cr\u00e9e une atmosph\u00e8re de No\u00ebl. La bo\u00eete \u00e0 musique joue le classique &#8220;Let It Snow&#8221; et la bougie apporte une touche festive et lumineuse. Compl\u00e9tez vos d\u00e9corations de No\u00ebl avec une attention particuli\u00e8re au style.<\/p>\n<p>Mat\u00e9riau : porcelaine<\/p>\n","protected":false},"excerpt":{"rendered":"<p>Le carillon avec la bougie joue &#8220;Let it snow&#8221;. La collection de jouets de No\u00ebl combine des moments nostalgiques et<\/p>\n","protected":false},"featured_media":333233,"template":"","meta":{"_acf_changed":false,"inline_featured_image":false},"product_cat":[12738,14441],"product_tag":[23910,20499,20501,20500,21327],"acf":[],"yoast_head":"<!-- This site is optimized with the Yoast SEO Premium plugin v18.6 (Yoast SEO v19.13) - https:\/\/yoast.com\/wordpress\/plugins\/seo\/ -->\n<title>VILLEROY &amp; BOCH Christmas Toys Maison en Pain d&#039;\u00e9pices avec Carillon - Erresse Shop<\/title>\n<meta name=\"description\" content=\"Le carillon avec la bougie joue &quot;Let it snow&quot;. La collection de jouets de No\u00ebl combine des moments nostalgiques et un design moderne dans un monde\" \/>\n<meta name=\"robots\" content=\"index, follow, max-snippet:-1, max-image-preview:large, max-video-preview:-1\" \/>\n<link rel=\"canonical\" href=\"https:\/\/www.erresse-shop.it\/fr\/shop\/ameublement-maison\/objets-de-decoration\/villeroy-boch-christmas-toys-maison-en-pain-depices-avec-carillon\/\" \/>\n<meta property=\"og:locale\" content=\"fr_FR\" \/>\n<meta property=\"og:type\" content=\"article\" \/>\n<meta property=\"og:title\" content=\"VILLEROY &amp; BOCH Christmas Toys Maison en Pain d&#039;\u00e9pices avec Carillon\" \/>\n<meta property=\"og:description\" content=\"Le carillon avec la bougie joue &quot;Let it snow&quot;. La collection de jouets de No\u00ebl combine des moments nostalgiques et un design moderne dans un monde\" \/>\n<meta property=\"og:url\" content=\"https:\/\/www.erresse-shop.it\/fr\/shop\/ameublement-maison\/objets-de-decoration\/villeroy-boch-christmas-toys-maison-en-pain-depices-avec-carillon\/\" \/>\n<meta property=\"og:site_name\" content=\"Erresse Shop\" \/>\n<meta property=\"article:modified_time\" content=\"2023-11-28T00:01:33+00:00\" \/>\n<meta property=\"og:image\" content=\"https:\/\/www.erresse-shop.it\/wp-content\/uploads\/2023\/10\/VILLEROY-BOCH-Christmas-Toys-Casa-di-Panpepato-con-Carillon.jpg\" \/>\n\t<meta property=\"og:image:width\" content=\"800\" \/>\n\t<meta property=\"og:image:height\" content=\"800\" \/>\n\t<meta property=\"og:image:type\" content=\"image\/jpeg\" \/>\n<meta name=\"twitter:card\" content=\"summary_large_image\" \/>\n<script type=\"application\/ld+json\" class=\"yoast-schema-graph\">{\"@context\":\"https:\/\/schema.org\",\"@graph\":[{\"@type\":\"WebPage\",\"@id\":\"https:\/\/www.erresse-shop.it\/fr\/shop\/ameublement-maison\/objets-de-decoration\/villeroy-boch-christmas-toys-maison-en-pain-depices-avec-carillon\/\",\"url\":\"https:\/\/www.erresse-shop.it\/fr\/shop\/ameublement-maison\/objets-de-decoration\/villeroy-boch-christmas-toys-maison-en-pain-depices-avec-carillon\/\",\"name\":\"VILLEROY & BOCH Christmas Toys Maison en Pain d'\u00e9pices avec Carillon - Erresse Shop\",\"isPartOf\":{\"@id\":\"https:\/\/www.erresse-shop.it\/fr\/#website\"},\"datePublished\":\"2023-10-03T13:25:59+00:00\",\"dateModified\":\"2023-11-28T00:01:33+00:00\",\"description\":\"Le carillon avec la bougie joue \\\"Let it snow\\\". La collection de jouets de No\u00ebl combine des moments nostalgiques et un design moderne dans un monde\",\"breadcrumb\":{\"@id\":\"https:\/\/www.erresse-shop.it\/fr\/shop\/ameublement-maison\/objets-de-decoration\/villeroy-boch-christmas-toys-maison-en-pain-depices-avec-carillon\/#breadcrumb\"},\"inLanguage\":\"fr-FR\",\"potentialAction\":[{\"@type\":\"ReadAction\",\"target\":[\"https:\/\/www.erresse-shop.it\/fr\/shop\/ameublement-maison\/objets-de-decoration\/villeroy-boch-christmas-toys-maison-en-pain-depices-avec-carillon\/\"]}]},{\"@type\":\"BreadcrumbList\",\"@id\":\"https:\/\/www.erresse-shop.it\/fr\/shop\/ameublement-maison\/objets-de-decoration\/villeroy-boch-christmas-toys-maison-en-pain-depices-avec-carillon\/#breadcrumb\",\"itemListElement\":[{\"@type\":\"ListItem\",\"position\":1,\"name\":\"Home\",\"item\":\"https:\/\/www.erresse-shop.it\/fr\/\"},{\"@type\":\"ListItem\",\"position\":2,\"name\":\"Shop\",\"item\":\"https:\/\/www.erresse-shop.it\/fr\/shop\/\"},{\"@type\":\"ListItem\",\"position\":3,\"name\":\"VILLEROY &#038; BOCH Christmas Toys Maison en Pain d&#8217;\u00e9pices avec Carillon\"}]},{\"@type\":\"WebSite\",\"@id\":\"https:\/\/www.erresse-shop.it\/fr\/#website\",\"url\":\"https:\/\/www.erresse-shop.it\/fr\/\",\"name\":\"Erresse Shop\",\"description\":\"Articoli di qualit\u00e0 per la casa\",\"potentialAction\":[{\"@type\":\"SearchAction\",\"target\":{\"@type\":\"EntryPoint\",\"urlTemplate\":\"https:\/\/www.erresse-shop.it\/fr\/?s={search_term_string}\"},\"query-input\":\"required name=search_term_string\"}],\"inLanguage\":\"fr-FR\"}]}<\/script>\n<!-- \/ Yoast SEO Premium plugin. -->","yoast_head_json":{"title":"VILLEROY & BOCH Christmas Toys Maison en Pain d'\u00e9pices avec Carillon - Erresse Shop","description":"Le carillon avec la bougie joue \"Let it snow\". La collection de jouets de No\u00ebl combine des moments nostalgiques et un design moderne dans un monde","robots":{"index":"index","follow":"follow","max-snippet":"max-snippet:-1","max-image-preview":"max-image-preview:large","max-video-preview":"max-video-preview:-1"},"canonical":"https:\/\/www.erresse-shop.it\/fr\/shop\/ameublement-maison\/objets-de-decoration\/villeroy-boch-christmas-toys-maison-en-pain-depices-avec-carillon\/","og_locale":"fr_FR","og_type":"article","og_title":"VILLEROY & BOCH Christmas Toys Maison en Pain d'\u00e9pices avec Carillon","og_description":"Le carillon avec la bougie joue \"Let it snow\". La collection de jouets de No\u00ebl combine des moments nostalgiques et un design moderne dans un monde","og_url":"https:\/\/www.erresse-shop.it\/fr\/shop\/ameublement-maison\/objets-de-decoration\/villeroy-boch-christmas-toys-maison-en-pain-depices-avec-carillon\/","og_site_name":"Erresse Shop","article_modified_time":"2023-11-28T00:01:33+00:00","og_image":[{"width":800,"height":800,"url":"https:\/\/www.erresse-shop.it\/wp-content\/uploads\/2023\/10\/VILLEROY-BOCH-Christmas-Toys-Casa-di-Panpepato-con-Carillon.jpg","type":"image\/jpeg"}],"twitter_card":"summary_large_image","schema":{"@context":"https:\/\/schema.org","@graph":[{"@type":"WebPage","@id":"https:\/\/www.erresse-shop.it\/fr\/shop\/ameublement-maison\/objets-de-decoration\/villeroy-boch-christmas-toys-maison-en-pain-depices-avec-carillon\/","url":"https:\/\/www.erresse-shop.it\/fr\/shop\/ameublement-maison\/objets-de-decoration\/villeroy-boch-christmas-toys-maison-en-pain-depices-avec-carillon\/","name":"VILLEROY & BOCH Christmas Toys Maison en Pain d'\u00e9pices avec Carillon - Erresse Shop","isPartOf":{"@id":"https:\/\/www.erresse-shop.it\/fr\/#website"},"datePublished":"2023-10-03T13:25:59+00:00","dateModified":"2023-11-28T00:01:33+00:00","description":"Le carillon avec la bougie joue \"Let it snow\". La collection de jouets de No\u00ebl combine des moments nostalgiques et un design moderne dans un monde","breadcrumb":{"@id":"https:\/\/www.erresse-shop.it\/fr\/shop\/ameublement-maison\/objets-de-decoration\/villeroy-boch-christmas-toys-maison-en-pain-depices-avec-carillon\/#breadcrumb"},"inLanguage":"fr-FR","potentialAction":[{"@type":"ReadAction","target":["https:\/\/www.erresse-shop.it\/fr\/shop\/ameublement-maison\/objets-de-decoration\/villeroy-boch-christmas-toys-maison-en-pain-depices-avec-carillon\/"]}]},{"@type":"BreadcrumbList","@id":"https:\/\/www.erresse-shop.it\/fr\/shop\/ameublement-maison\/objets-de-decoration\/villeroy-boch-christmas-toys-maison-en-pain-depices-avec-carillon\/#breadcrumb","itemListElement":[{"@type":"ListItem","position":1,"name":"Home","item":"https:\/\/www.erresse-shop.it\/fr\/"},{"@type":"ListItem","position":2,"name":"Shop","item":"https:\/\/www.erresse-shop.it\/fr\/shop\/"},{"@type":"ListItem","position":3,"name":"VILLEROY &#038; BOCH Christmas Toys Maison en Pain d&#8217;\u00e9pices avec Carillon"}]},{"@type":"WebSite","@id":"https:\/\/www.erresse-shop.it\/fr\/#website","url":"https:\/\/www.erresse-shop.it\/fr\/","name":"Erresse Shop","description":"Articoli di qualit\u00e0 per la casa","potentialAction":[{"@type":"SearchAction","target":{"@type":"EntryPoint","urlTemplate":"https:\/\/www.erresse-shop.it\/fr\/?s={search_term_string}"},"query-input":"required name=search_term_string"}],"inLanguage":"fr-FR"}]}},"df_price":49.95,"df_sale_price":49.95,"df_regular_price":99.9,"df_image_link":"https:\/\/www.erresse-shop.it\/wp-content\/uploads\/2023\/10\/VILLEROY-BOCH-Christmas-Toys-Casa-di-Panpepato-con-Carillon-300x300.jpg","_links":{"self":[{"href":"https:\/\/www.erresse-shop.it\/fr\/wp-json\/wp\/v2\/product\/333214"}],"collection":[{"href":"https:\/\/www.erresse-shop.it\/fr\/wp-json\/wp\/v2\/product"}],"about":[{"href":"https:\/\/www.erresse-shop.it\/fr\/wp-json\/wp\/v2\/types\/product"}],"wp:featuredmedia":[{"embeddable":true,"href":"https:\/\/www.erresse-shop.it\/fr\/wp-json\/wp\/v2\/media\/333233"}],"wp:attachment":[{"href":"https:\/\/www.erresse-shop.it\/fr\/wp-json\/wp\/v2\/media?parent=333214"}],"wp:term":[{"taxonomy":"product_cat","embeddable":true,"href":"https:\/\/www.erresse-shop.it\/fr\/wp-json\/wp\/v2\/product_cat?post=333214"},{"taxonomy":"product_tag","embeddable":true,"href":"https:\/\/www.erresse-shop.it\/fr\/wp-json\/wp\/v2\/product_tag?post=333214"}],"curies":[{"name":"wp","href":"https:\/\/api.w.org\/{rel}","templated":true}]}}