{"id":333140,"date":"2023-10-03T12:42:31","date_gmt":"2023-10-03T12:42:36","guid":{"rendered":"https:\/\/www.erresse-shop.it\/?post_type=product&#038;p=333140"},"modified":"2023-10-03T13:04:35","modified_gmt":"2023-10-03T13:04:35","slug":"villeroy-boch-christmas-toys-traineau-nostalgie","status":"publish","type":"product","link":"https:\/\/www.erresse-shop.it\/fr\/shop\/ameublement-maison\/objets-de-decoration\/villeroy-boch-christmas-toys-traineau-nostalgie\/","title":{"rendered":"VILLEROY &#038; BOCH Christmas Toys Tra\u00eeneau Nostalgie"},"content":{"rendered":"<p><strong>Une belle d\u00e9coration de No\u00ebl<\/strong><\/p>\n<p>La collection de jouets de No\u00ebl allie moments nostalgiques et design moderne dans un monde merveilleux et festif avec des march\u00e9s de No\u00ebl, des bonhommes de neige et le P\u00e8re No\u00ebl. Id\u00e9ale pour compl\u00e9ter votre d\u00e9coration festive, pour collectionner et assortir, et pour offrir en cadeau. Le P\u00e8re No\u00ebl a d\u00e9j\u00e0 attach\u00e9 les rennes et laiss\u00e9 de la place pour une bougie dans son tra\u00eeneau. Offrez des accessoires joyeux et festifs \u00e0 vous-m\u00eame ou \u00e0 vos proches.<\/p>\n<p>Mat\u00e9riau : porcelaine<br \/>\nDimensions : 35 x 14 x 17 cm<\/p>\n","protected":false},"excerpt":{"rendered":"<p>Une belle d\u00e9coration de No\u00ebl La collection de jouets de No\u00ebl allie moments nostalgiques et design moderne dans un monde<\/p>\n","protected":false},"featured_media":333161,"template":"","meta":{"_acf_changed":false,"inline_featured_image":false},"product_cat":[12738,14441],"product_tag":[23910,20499,20501,20500,21327],"acf":[],"yoast_head":"<!-- This site is optimized with the Yoast SEO Premium plugin v18.6 (Yoast SEO v19.13) - https:\/\/yoast.com\/wordpress\/plugins\/seo\/ -->\n<title>VILLEROY &amp; BOCH Christmas Toys Tra\u00eeneau Nostalgie - Erresse Shop<\/title>\n<meta name=\"description\" content=\"Une belle d\u00e9coration de No\u00ebl La collection de jouets de No\u00ebl allie moments nostalgiques et design moderne dans un monde merveilleux et festif avec des\" \/>\n<meta name=\"robots\" content=\"index, follow, max-snippet:-1, max-image-preview:large, max-video-preview:-1\" \/>\n<link rel=\"canonical\" href=\"https:\/\/www.erresse-shop.it\/fr\/shop\/ameublement-maison\/objets-de-decoration\/villeroy-boch-christmas-toys-traineau-nostalgie\/\" \/>\n<meta property=\"og:locale\" content=\"fr_FR\" \/>\n<meta property=\"og:type\" content=\"article\" \/>\n<meta property=\"og:title\" content=\"VILLEROY &amp; BOCH Christmas Toys Tra\u00eeneau Nostalgie\" \/>\n<meta property=\"og:description\" content=\"Une belle d\u00e9coration de No\u00ebl La collection de jouets de No\u00ebl allie moments nostalgiques et design moderne dans un monde merveilleux et festif avec des\" \/>\n<meta property=\"og:url\" content=\"https:\/\/www.erresse-shop.it\/fr\/shop\/ameublement-maison\/objets-de-decoration\/villeroy-boch-christmas-toys-traineau-nostalgie\/\" \/>\n<meta property=\"og:site_name\" content=\"Erresse Shop\" \/>\n<meta property=\"article:modified_time\" content=\"2023-10-03T13:04:35+00:00\" \/>\n<meta property=\"og:image\" content=\"https:\/\/www.erresse-shop.it\/wp-content\/uploads\/2023\/10\/VILLEROY-BOCH-Christmas-Toys-Slitta-Nostalgia.jpg\" \/>\n\t<meta property=\"og:image:width\" content=\"800\" \/>\n\t<meta property=\"og:image:height\" content=\"800\" \/>\n\t<meta property=\"og:image:type\" content=\"image\/jpeg\" \/>\n<meta name=\"twitter:card\" content=\"summary_large_image\" \/>\n<script type=\"application\/ld+json\" class=\"yoast-schema-graph\">{\"@context\":\"https:\/\/schema.org\",\"@graph\":[{\"@type\":\"WebPage\",\"@id\":\"https:\/\/www.erresse-shop.it\/fr\/shop\/ameublement-maison\/objets-de-decoration\/villeroy-boch-christmas-toys-traineau-nostalgie\/\",\"url\":\"https:\/\/www.erresse-shop.it\/fr\/shop\/ameublement-maison\/objets-de-decoration\/villeroy-boch-christmas-toys-traineau-nostalgie\/\",\"name\":\"VILLEROY & BOCH Christmas Toys Tra\u00eeneau Nostalgie - Erresse Shop\",\"isPartOf\":{\"@id\":\"https:\/\/www.erresse-shop.it\/fr\/#website\"},\"datePublished\":\"2023-10-03T12:42:36+00:00\",\"dateModified\":\"2023-10-03T13:04:35+00:00\",\"description\":\"Une belle d\u00e9coration de No\u00ebl La collection de jouets de No\u00ebl allie moments nostalgiques et design moderne dans un monde merveilleux et festif avec des\",\"breadcrumb\":{\"@id\":\"https:\/\/www.erresse-shop.it\/fr\/shop\/ameublement-maison\/objets-de-decoration\/villeroy-boch-christmas-toys-traineau-nostalgie\/#breadcrumb\"},\"inLanguage\":\"fr-FR\",\"potentialAction\":[{\"@type\":\"ReadAction\",\"target\":[\"https:\/\/www.erresse-shop.it\/fr\/shop\/ameublement-maison\/objets-de-decoration\/villeroy-boch-christmas-toys-traineau-nostalgie\/\"]}]},{\"@type\":\"BreadcrumbList\",\"@id\":\"https:\/\/www.erresse-shop.it\/fr\/shop\/ameublement-maison\/objets-de-decoration\/villeroy-boch-christmas-toys-traineau-nostalgie\/#breadcrumb\",\"itemListElement\":[{\"@type\":\"ListItem\",\"position\":1,\"name\":\"Home\",\"item\":\"https:\/\/www.erresse-shop.it\/fr\/\"},{\"@type\":\"ListItem\",\"position\":2,\"name\":\"Shop\",\"item\":\"https:\/\/www.erresse-shop.it\/fr\/shop\/\"},{\"@type\":\"ListItem\",\"position\":3,\"name\":\"VILLEROY &#038; BOCH Christmas Toys Tra\u00eeneau Nostalgie\"}]},{\"@type\":\"WebSite\",\"@id\":\"https:\/\/www.erresse-shop.it\/fr\/#website\",\"url\":\"https:\/\/www.erresse-shop.it\/fr\/\",\"name\":\"Erresse Shop\",\"description\":\"Articoli di qualit\u00e0 per la casa\",\"potentialAction\":[{\"@type\":\"SearchAction\",\"target\":{\"@type\":\"EntryPoint\",\"urlTemplate\":\"https:\/\/www.erresse-shop.it\/fr\/?s={search_term_string}\"},\"query-input\":\"required name=search_term_string\"}],\"inLanguage\":\"fr-FR\"}]}<\/script>\n<!-- \/ Yoast SEO Premium plugin. -->","yoast_head_json":{"title":"VILLEROY & BOCH Christmas Toys Tra\u00eeneau Nostalgie - Erresse Shop","description":"Une belle d\u00e9coration de No\u00ebl La collection de jouets de No\u00ebl allie moments nostalgiques et design moderne dans un monde merveilleux et festif avec des","robots":{"index":"index","follow":"follow","max-snippet":"max-snippet:-1","max-image-preview":"max-image-preview:large","max-video-preview":"max-video-preview:-1"},"canonical":"https:\/\/www.erresse-shop.it\/fr\/shop\/ameublement-maison\/objets-de-decoration\/villeroy-boch-christmas-toys-traineau-nostalgie\/","og_locale":"fr_FR","og_type":"article","og_title":"VILLEROY & BOCH Christmas Toys Tra\u00eeneau Nostalgie","og_description":"Une belle d\u00e9coration de No\u00ebl La collection de jouets de No\u00ebl allie moments nostalgiques et design moderne dans un monde merveilleux et festif avec des","og_url":"https:\/\/www.erresse-shop.it\/fr\/shop\/ameublement-maison\/objets-de-decoration\/villeroy-boch-christmas-toys-traineau-nostalgie\/","og_site_name":"Erresse Shop","article_modified_time":"2023-10-03T13:04:35+00:00","og_image":[{"width":800,"height":800,"url":"https:\/\/www.erresse-shop.it\/wp-content\/uploads\/2023\/10\/VILLEROY-BOCH-Christmas-Toys-Slitta-Nostalgia.jpg","type":"image\/jpeg"}],"twitter_card":"summary_large_image","schema":{"@context":"https:\/\/schema.org","@graph":[{"@type":"WebPage","@id":"https:\/\/www.erresse-shop.it\/fr\/shop\/ameublement-maison\/objets-de-decoration\/villeroy-boch-christmas-toys-traineau-nostalgie\/","url":"https:\/\/www.erresse-shop.it\/fr\/shop\/ameublement-maison\/objets-de-decoration\/villeroy-boch-christmas-toys-traineau-nostalgie\/","name":"VILLEROY & BOCH Christmas Toys Tra\u00eeneau Nostalgie - Erresse Shop","isPartOf":{"@id":"https:\/\/www.erresse-shop.it\/fr\/#website"},"datePublished":"2023-10-03T12:42:36+00:00","dateModified":"2023-10-03T13:04:35+00:00","description":"Une belle d\u00e9coration de No\u00ebl La collection de jouets de No\u00ebl allie moments nostalgiques et design moderne dans un monde merveilleux et festif avec des","breadcrumb":{"@id":"https:\/\/www.erresse-shop.it\/fr\/shop\/ameublement-maison\/objets-de-decoration\/villeroy-boch-christmas-toys-traineau-nostalgie\/#breadcrumb"},"inLanguage":"fr-FR","potentialAction":[{"@type":"ReadAction","target":["https:\/\/www.erresse-shop.it\/fr\/shop\/ameublement-maison\/objets-de-decoration\/villeroy-boch-christmas-toys-traineau-nostalgie\/"]}]},{"@type":"BreadcrumbList","@id":"https:\/\/www.erresse-shop.it\/fr\/shop\/ameublement-maison\/objets-de-decoration\/villeroy-boch-christmas-toys-traineau-nostalgie\/#breadcrumb","itemListElement":[{"@type":"ListItem","position":1,"name":"Home","item":"https:\/\/www.erresse-shop.it\/fr\/"},{"@type":"ListItem","position":2,"name":"Shop","item":"https:\/\/www.erresse-shop.it\/fr\/shop\/"},{"@type":"ListItem","position":3,"name":"VILLEROY &#038; BOCH Christmas Toys Tra\u00eeneau Nostalgie"}]},{"@type":"WebSite","@id":"https:\/\/www.erresse-shop.it\/fr\/#website","url":"https:\/\/www.erresse-shop.it\/fr\/","name":"Erresse Shop","description":"Articoli di qualit\u00e0 per la casa","potentialAction":[{"@type":"SearchAction","target":{"@type":"EntryPoint","urlTemplate":"https:\/\/www.erresse-shop.it\/fr\/?s={search_term_string}"},"query-input":"required name=search_term_string"}],"inLanguage":"fr-FR"}]}},"df_price":74.5,"df_sale_price":74.5,"df_regular_price":149,"df_image_link":"https:\/\/www.erresse-shop.it\/wp-content\/uploads\/2023\/10\/VILLEROY-BOCH-Christmas-Toys-Slitta-Nostalgia-300x300.jpg","_links":{"self":[{"href":"https:\/\/www.erresse-shop.it\/fr\/wp-json\/wp\/v2\/product\/333140"}],"collection":[{"href":"https:\/\/www.erresse-shop.it\/fr\/wp-json\/wp\/v2\/product"}],"about":[{"href":"https:\/\/www.erresse-shop.it\/fr\/wp-json\/wp\/v2\/types\/product"}],"wp:featuredmedia":[{"embeddable":true,"href":"https:\/\/www.erresse-shop.it\/fr\/wp-json\/wp\/v2\/media\/333161"}],"wp:attachment":[{"href":"https:\/\/www.erresse-shop.it\/fr\/wp-json\/wp\/v2\/media?parent=333140"}],"wp:term":[{"taxonomy":"product_cat","embeddable":true,"href":"https:\/\/www.erresse-shop.it\/fr\/wp-json\/wp\/v2\/product_cat?post=333140"},{"taxonomy":"product_tag","embeddable":true,"href":"https:\/\/www.erresse-shop.it\/fr\/wp-json\/wp\/v2\/product_tag?post=333140"}],"curies":[{"name":"wp","href":"https:\/\/api.w.org\/{rel}","templated":true}]}}