{"id":333108,"date":"2023-10-03T12:24:57","date_gmt":"2023-10-03T12:25:01","guid":{"rendered":"https:\/\/www.erresse-shop.it\/?post_type=product&#038;p=333108"},"modified":"2023-10-24T00:07:08","modified_gmt":"2023-10-24T00:07:08","slug":"mario-luca-giusti-pichet-sister-rosetta-orange-fluo","status":"publish","type":"product","link":"https:\/\/www.erresse-shop.it\/fr\/shop\/table-fr-2\/carafes-bouteilles\/mario-luca-giusti-pichet-sister-rosetta-orange-fluo\/","title":{"rendered":"MARIO LUCA GIUSTI Pichet Sister Rosetta Orange Fluo"},"content":{"rendered":"<p>Hauteur 22 cm<br \/>\nDiam\u00e8tre 19 cm<br \/>\nCapacit\u00e9 2400 ml<br \/>\nPoids 745 gr<\/p>\n<p><strong>Utilisation de l&#8217;acrylique instructions du produit<\/strong><br \/>\n&#8211; test\u00e9 par T\u00dcV, SGS, Intertek<br \/>\n&#8211; absolument insipide et inodore<br \/>\n&#8211; Sans BPA<br \/>\n&#8211; Non indestructible<br \/>\n&#8211; R\u00e9sistant de -10\u00b0C \u00e0 50\u00b0C<br \/>\n&#8211; congelable<br \/>\n&#8211; lavage \u00e0 la main recommand\u00e9 pour prolonger la dur\u00e9e de vie du produit<br \/>\n&#8211; ne pas utiliser de s\u00e8che-linge<br \/>\n&#8211; pas pour les micro-ondes<br \/>\n&#8211; r\u00e9sistant \u00e0 l&#8217;alcool, &lt; 2 heures<br \/>\n&#8211; pas pour les boissons anis\u00e9es<br \/>\n&#8211; pas pour les alcools forts, tels que le whisky &#8230; .etc.<br \/>\n&#8211; utiliser uniquement un d\u00e9tergent avec un pH 3 &lt; pH &lt; 7, pas de d\u00e9tergent alcalin fort<br \/>\n&#8211; Ne pas utiliser de benz\u00e8ne, d&#8217;alcool, d&#8217;ester ou de solvants organiques pour les produits de nettoyage.<br \/>\n&#8211; Ne pas utiliser de mat\u00e9riaux abrasifs pour le nettoyage<\/p>\n<p><strong>Les \u00e9l\u00e9ments suivants peuvent d\u00e9colorer le produit ou le rendre opaque \u00e0 long terme :<\/strong><br \/>\n&#8211; Laisser les verres pendant une p\u00e9riode prolong\u00e9e \u00e0 des temp\u00e9ratures \u00e9lev\u00e9es et \u00e0 une forte humidit\u00e9<br \/>\n&#8211; Mauvais dosage du d\u00e9tergent<br \/>\n&#8211; Utilisation d&#8217;un d\u00e9tergent contenant de l&#8217;aluminium ou une protection m\u00e9tallique.<br \/>\n&#8211; Les produits laitiers, le caf\u00e9, le cacao, le th\u00e9 et d&#8217;autres boissons peuvent laisser un bord sur le verre s&#8217;ils sont laiss\u00e9s pendant la nuit. Lavez le verre \u00e0 l&#8217;eau chaude savonneuse imm\u00e9diatement apr\u00e8s usage, lavez-le \u00e0 la main ou utilisez notre produit de nettoyage. D\u00e9poussi\u00e9rez r\u00e9guli\u00e8rement.<br \/>\n&#8211; L&#8217;utilisation de boissons \u00e0 base d&#8217;anis (telles que le Pernod, le Ricard, le Raki ou l&#8217;Ouzo).<br \/>\n&#8211; L&#8217;utilisation de boissons \u00e0 forte teneur en esters. Les esters sont des produits naturels que l&#8217;on trouve souvent dans les tisanes, par exemple.<\/p>\n","protected":false},"excerpt":{"rendered":"<p>Hauteur 22 cm Diam\u00e8tre 19 cm Capacit\u00e9 2400 ml Poids 745 gr Utilisation de l&#8217;acrylique instructions du produit &#8211; test\u00e9<\/p>\n","protected":false},"featured_media":434059,"template":"","meta":{"_acf_changed":false,"inline_featured_image":false},"product_cat":[12785,12782],"product_tag":[13846,20717,15740,15739,24603,13849],"acf":[],"yoast_head":"<!-- This site is optimized with the Yoast SEO Premium plugin v18.6 (Yoast SEO v19.13) - https:\/\/yoast.com\/wordpress\/plugins\/seo\/ -->\n<title>MARIO LUCA GIUSTI Pichet Sister Rosetta Orange Fluo - Erresse Shop<\/title>\n<meta name=\"description\" content=\"Hauteur 22 cm Diam\u00e8tre 19 cm Capacit\u00e9 2400 ml Poids 745 gr Utilisation de l&#039;acrylique instructions du produit - test\u00e9 par T\u00dcV, SGS, Intertek - absolument\" \/>\n<meta name=\"robots\" content=\"index, follow, max-snippet:-1, max-image-preview:large, max-video-preview:-1\" \/>\n<link rel=\"canonical\" href=\"https:\/\/www.erresse-shop.it\/fr\/shop\/table-fr-2\/carafes-bouteilles\/mario-luca-giusti-pichet-sister-rosetta-orange-fluo\/\" \/>\n<meta property=\"og:locale\" content=\"fr_FR\" \/>\n<meta property=\"og:type\" content=\"article\" \/>\n<meta property=\"og:title\" content=\"MARIO LUCA GIUSTI Pichet Sister Rosetta Orange Fluo\" \/>\n<meta property=\"og:description\" content=\"Hauteur 22 cm Diam\u00e8tre 19 cm Capacit\u00e9 2400 ml Poids 745 gr Utilisation de l&#039;acrylique instructions du produit - test\u00e9 par T\u00dcV, SGS, Intertek - absolument\" \/>\n<meta property=\"og:url\" content=\"https:\/\/www.erresse-shop.it\/fr\/shop\/table-fr-2\/carafes-bouteilles\/mario-luca-giusti-pichet-sister-rosetta-orange-fluo\/\" \/>\n<meta property=\"og:site_name\" content=\"Erresse Shop\" \/>\n<meta property=\"article:modified_time\" content=\"2023-10-24T00:07:08+00:00\" \/>\n<meta property=\"og:image\" content=\"https:\/\/www.erresse-shop.it\/wp-content\/uploads\/2023\/07\/MARIO-LUCA-GIUSTI-Brocca-Sister-Rosetta-Fluo-Arancio.jpg\" \/>\n\t<meta property=\"og:image:width\" content=\"1200\" \/>\n\t<meta property=\"og:image:height\" content=\"1200\" \/>\n\t<meta property=\"og:image:type\" content=\"image\/jpeg\" \/>\n<meta name=\"twitter:card\" content=\"summary_large_image\" \/>\n<script type=\"application\/ld+json\" class=\"yoast-schema-graph\">{\"@context\":\"https:\/\/schema.org\",\"@graph\":[{\"@type\":\"WebPage\",\"@id\":\"https:\/\/www.erresse-shop.it\/fr\/shop\/table-fr-2\/carafes-bouteilles\/mario-luca-giusti-pichet-sister-rosetta-orange-fluo\/\",\"url\":\"https:\/\/www.erresse-shop.it\/fr\/shop\/table-fr-2\/carafes-bouteilles\/mario-luca-giusti-pichet-sister-rosetta-orange-fluo\/\",\"name\":\"MARIO LUCA GIUSTI Pichet Sister Rosetta Orange Fluo - Erresse Shop\",\"isPartOf\":{\"@id\":\"https:\/\/www.erresse-shop.it\/fr\/#website\"},\"datePublished\":\"2023-10-03T12:25:01+00:00\",\"dateModified\":\"2023-10-24T00:07:08+00:00\",\"description\":\"Hauteur 22 cm Diam\u00e8tre 19 cm Capacit\u00e9 2400 ml Poids 745 gr Utilisation de l'acrylique instructions du produit - test\u00e9 par T\u00dcV, SGS, Intertek - absolument\",\"breadcrumb\":{\"@id\":\"https:\/\/www.erresse-shop.it\/fr\/shop\/table-fr-2\/carafes-bouteilles\/mario-luca-giusti-pichet-sister-rosetta-orange-fluo\/#breadcrumb\"},\"inLanguage\":\"fr-FR\",\"potentialAction\":[{\"@type\":\"ReadAction\",\"target\":[\"https:\/\/www.erresse-shop.it\/fr\/shop\/table-fr-2\/carafes-bouteilles\/mario-luca-giusti-pichet-sister-rosetta-orange-fluo\/\"]}]},{\"@type\":\"BreadcrumbList\",\"@id\":\"https:\/\/www.erresse-shop.it\/fr\/shop\/table-fr-2\/carafes-bouteilles\/mario-luca-giusti-pichet-sister-rosetta-orange-fluo\/#breadcrumb\",\"itemListElement\":[{\"@type\":\"ListItem\",\"position\":1,\"name\":\"Home\",\"item\":\"https:\/\/www.erresse-shop.it\/fr\/\"},{\"@type\":\"ListItem\",\"position\":2,\"name\":\"Shop\",\"item\":\"https:\/\/www.erresse-shop.it\/fr\/shop\/\"},{\"@type\":\"ListItem\",\"position\":3,\"name\":\"MARIO LUCA GIUSTI Pichet Sister Rosetta Orange Fluo\"}]},{\"@type\":\"WebSite\",\"@id\":\"https:\/\/www.erresse-shop.it\/fr\/#website\",\"url\":\"https:\/\/www.erresse-shop.it\/fr\/\",\"name\":\"Erresse Shop\",\"description\":\"Articoli di qualit\u00e0 per la casa\",\"potentialAction\":[{\"@type\":\"SearchAction\",\"target\":{\"@type\":\"EntryPoint\",\"urlTemplate\":\"https:\/\/www.erresse-shop.it\/fr\/?s={search_term_string}\"},\"query-input\":\"required name=search_term_string\"}],\"inLanguage\":\"fr-FR\"}]}<\/script>\n<!-- \/ Yoast SEO Premium plugin. -->","yoast_head_json":{"title":"MARIO LUCA GIUSTI Pichet Sister Rosetta Orange Fluo - Erresse Shop","description":"Hauteur 22 cm Diam\u00e8tre 19 cm Capacit\u00e9 2400 ml Poids 745 gr Utilisation de l'acrylique instructions du produit - test\u00e9 par T\u00dcV, SGS, Intertek - absolument","robots":{"index":"index","follow":"follow","max-snippet":"max-snippet:-1","max-image-preview":"max-image-preview:large","max-video-preview":"max-video-preview:-1"},"canonical":"https:\/\/www.erresse-shop.it\/fr\/shop\/table-fr-2\/carafes-bouteilles\/mario-luca-giusti-pichet-sister-rosetta-orange-fluo\/","og_locale":"fr_FR","og_type":"article","og_title":"MARIO LUCA GIUSTI Pichet Sister Rosetta Orange Fluo","og_description":"Hauteur 22 cm Diam\u00e8tre 19 cm Capacit\u00e9 2400 ml Poids 745 gr Utilisation de l'acrylique instructions du produit - test\u00e9 par T\u00dcV, SGS, Intertek - absolument","og_url":"https:\/\/www.erresse-shop.it\/fr\/shop\/table-fr-2\/carafes-bouteilles\/mario-luca-giusti-pichet-sister-rosetta-orange-fluo\/","og_site_name":"Erresse Shop","article_modified_time":"2023-10-24T00:07:08+00:00","og_image":[{"width":1200,"height":1200,"url":"https:\/\/www.erresse-shop.it\/wp-content\/uploads\/2023\/07\/MARIO-LUCA-GIUSTI-Brocca-Sister-Rosetta-Fluo-Arancio.jpg","type":"image\/jpeg"}],"twitter_card":"summary_large_image","schema":{"@context":"https:\/\/schema.org","@graph":[{"@type":"WebPage","@id":"https:\/\/www.erresse-shop.it\/fr\/shop\/table-fr-2\/carafes-bouteilles\/mario-luca-giusti-pichet-sister-rosetta-orange-fluo\/","url":"https:\/\/www.erresse-shop.it\/fr\/shop\/table-fr-2\/carafes-bouteilles\/mario-luca-giusti-pichet-sister-rosetta-orange-fluo\/","name":"MARIO LUCA GIUSTI Pichet Sister Rosetta Orange Fluo - Erresse Shop","isPartOf":{"@id":"https:\/\/www.erresse-shop.it\/fr\/#website"},"datePublished":"2023-10-03T12:25:01+00:00","dateModified":"2023-10-24T00:07:08+00:00","description":"Hauteur 22 cm Diam\u00e8tre 19 cm Capacit\u00e9 2400 ml Poids 745 gr Utilisation de l'acrylique instructions du produit - test\u00e9 par T\u00dcV, SGS, Intertek - absolument","breadcrumb":{"@id":"https:\/\/www.erresse-shop.it\/fr\/shop\/table-fr-2\/carafes-bouteilles\/mario-luca-giusti-pichet-sister-rosetta-orange-fluo\/#breadcrumb"},"inLanguage":"fr-FR","potentialAction":[{"@type":"ReadAction","target":["https:\/\/www.erresse-shop.it\/fr\/shop\/table-fr-2\/carafes-bouteilles\/mario-luca-giusti-pichet-sister-rosetta-orange-fluo\/"]}]},{"@type":"BreadcrumbList","@id":"https:\/\/www.erresse-shop.it\/fr\/shop\/table-fr-2\/carafes-bouteilles\/mario-luca-giusti-pichet-sister-rosetta-orange-fluo\/#breadcrumb","itemListElement":[{"@type":"ListItem","position":1,"name":"Home","item":"https:\/\/www.erresse-shop.it\/fr\/"},{"@type":"ListItem","position":2,"name":"Shop","item":"https:\/\/www.erresse-shop.it\/fr\/shop\/"},{"@type":"ListItem","position":3,"name":"MARIO LUCA GIUSTI Pichet Sister Rosetta Orange Fluo"}]},{"@type":"WebSite","@id":"https:\/\/www.erresse-shop.it\/fr\/#website","url":"https:\/\/www.erresse-shop.it\/fr\/","name":"Erresse Shop","description":"Articoli di qualit\u00e0 per la casa","potentialAction":[{"@type":"SearchAction","target":{"@type":"EntryPoint","urlTemplate":"https:\/\/www.erresse-shop.it\/fr\/?s={search_term_string}"},"query-input":"required name=search_term_string"}],"inLanguage":"fr-FR"}]}},"df_price":79,"df_sale_price":79,"df_regular_price":124,"df_image_link":"https:\/\/www.erresse-shop.it\/wp-content\/uploads\/2023\/07\/MARIO-LUCA-GIUSTI-Brocca-Sister-Rosetta-Fluo-Arancio-300x300.jpg","_links":{"self":[{"href":"https:\/\/www.erresse-shop.it\/fr\/wp-json\/wp\/v2\/product\/333108"}],"collection":[{"href":"https:\/\/www.erresse-shop.it\/fr\/wp-json\/wp\/v2\/product"}],"about":[{"href":"https:\/\/www.erresse-shop.it\/fr\/wp-json\/wp\/v2\/types\/product"}],"wp:featuredmedia":[{"embeddable":true,"href":"https:\/\/www.erresse-shop.it\/fr\/wp-json\/wp\/v2\/media\/434059"}],"wp:attachment":[{"href":"https:\/\/www.erresse-shop.it\/fr\/wp-json\/wp\/v2\/media?parent=333108"}],"wp:term":[{"taxonomy":"product_cat","embeddable":true,"href":"https:\/\/www.erresse-shop.it\/fr\/wp-json\/wp\/v2\/product_cat?post=333108"},{"taxonomy":"product_tag","embeddable":true,"href":"https:\/\/www.erresse-shop.it\/fr\/wp-json\/wp\/v2\/product_tag?post=333108"}],"curies":[{"name":"wp","href":"https:\/\/api.w.org\/{rel}","templated":true}]}}