{"id":332383,"date":"2023-10-02T10:17:35","date_gmt":"2023-10-02T10:17:39","guid":{"rendered":"https:\/\/www.erresse-shop.it\/?post_type=product&#038;p=332383"},"modified":"2025-01-14T17:33:22","modified_gmt":"2025-01-14T17:33:22","slug":"brabantia-sinkstyle-organiser-ensemble-2-pieces-blanc","status":"publish","type":"product","link":"https:\/\/www.erresse-shop.it\/fr\/shop\/ameublement-maison\/salle-de-bain\/brabantia-sinkstyle-organiser-ensemble-2-pieces-blanc\/","title":{"rendered":"BRABANTIA SinkStyle Organiser Ensemble 2 Pi\u00e8ces Blanc"},"content":{"rendered":"<p>Gardez votre plan de travail et vos ustensiles propres et bien rang\u00e9s gr\u00e2ce \u00e0 l&#8217;organisateur SinkStyle de Brabantia. Cet \u00e9l\u00e9gant assistant de comptoir contient tout ce dont vous avez besoin pour laver rapidement chaque article. Le compartiment sp\u00e9cial offre suffisamment d&#8217;espace pour mettre \u00e0 l&#8217;abri des regards les \u00e9ponges, les chiffons, les brosses \u00e0 vaisselle et autres objets. Le bac de r\u00e9cup\u00e9ration interne assure la circulation de l&#8217;air, \u00e9vitant ainsi les mauvaises odeurs. Vous pouvez \u00e9galement suspendre vos torchons \u00e0 la grille pour les faire s\u00e9cher, et le plateau antid\u00e9rapant comporte une section s\u00e9par\u00e9e pour le s\u00e9chage de la vaisselle, avec une grille amovible en acier inoxydable &#8211; un vrai jeu d&#8217;enfant !<\/p>\n<p><strong>Caract\u00e9ristiques :<\/strong><\/p>\n<ul>\n<li>Tout est organis\u00e9 &#8211; ensemble comprenant un organisateur et un plateau de s\u00e9chage, id\u00e9al pour ranger et s\u00e9cher les articles.<\/li>\n<li>Tout est propre &#8211; compartiment pour ranger les \u00e9ponges \u00e0 vaisselle, les torchons et les raclettes.<\/li>\n<li>Respirant &#8211; le couvercle de l&#8217;organiseur et le plateau d&#8217;\u00e9gouttage permettent une circulation de l&#8217;air \u00e0 360\u00b0.<\/li>\n<li>S\u00e9chage facile de la vaisselle &#8211; le couvercle en acier inoxydable permet \u00e0 l&#8217;air de circuler.<\/li>\n<li>Multifonctionnel &#8211; le bac recueille l&#8217;eau exc\u00e9dentaire et peut \u00eatre utilis\u00e9 sans couvercle en acier inoxydable.<\/li>\n<li>S\u00e9chage facile &#8211; \u00e9l\u00e9gante tige pour suspendre les torchons.<\/li>\n<li>Antid\u00e9rapant &#8211; tapis en silicone avec nervures \u00e0 l&#8217;int\u00e9rieur du plateau.<br \/>\nPlan de travail sec &#8211; le bac recueille les r\u00e9sidus d&#8217;eau.<\/li>\n<li>Finition textur\u00e9e &#8211; plateau avec rev\u00eatement min\u00e9ral m\u00e9tallique moderne<\/li>\n<li>Nettoyage facile &#8211; organisateur et plateau s\u00e9par\u00e9s.<\/li>\n<li>Antid\u00e9rapant, r\u00e9sistant aux rayures &#8211; base antid\u00e9rapante.<\/li>\n<li>Id\u00e9al pour les environnements humides &#8211; fabriqu\u00e9 \u00e0 partir de mat\u00e9riaux r\u00e9sistants \u00e0 la corrosion.<\/li>\n<li>Utilisation sans probl\u00e8me &#8211; Service et garantie de 5 ans.<\/li>\n<li>Choix plus durable &#8211; recyclable \u00e0 96 % apr\u00e8s utilisation.<\/li>\n<\/ul>\n<p><strong>Sp\u00e9cifications :<\/strong><\/p>\n<p>Mat\u00e9riau : Plastique<br \/>\nLavable au lave-vaisselle : Non<br \/>\nPoids : 1,8 kg<br \/>\nDimensions : Hauteur : 15 cm, Longueur : 13 cm, Largeur : 75,1 cm<\/p>\n","protected":false},"excerpt":{"rendered":"<p>Gardez votre plan de travail et vos ustensiles propres et bien rang\u00e9s gr\u00e2ce \u00e0 l&#8217;organisateur SinkStyle de Brabantia. Cet \u00e9l\u00e9gant<\/p>\n","protected":false},"featured_media":332413,"template":"","meta":{"_acf_changed":false,"inline_featured_image":false},"product_cat":[12738,19011],"product_tag":[25086,23673,25021,24397],"acf":[],"yoast_head":"<!-- This site is optimized with the Yoast SEO Premium plugin v18.6 (Yoast SEO v19.13) - https:\/\/yoast.com\/wordpress\/plugins\/seo\/ -->\n<title>BRABANTIA SinkStyle Organiser Ensemble 2 Pi\u00e8ces Blanc<\/title>\n<meta name=\"description\" content=\"D\u00e9couvrez BRABANTIA SinkStyle Organiser Ensemble 2 Pi\u00e8ces Blanc sur ErresseShop. Qualit\u00e9, prix r\u00e9duits et achat s\u00e9curis\u00e9 \u2013 commandez d\u00e8s maintenant en ligne !\" \/>\n<meta name=\"robots\" content=\"index, follow, max-snippet:-1, max-image-preview:large, max-video-preview:-1\" \/>\n<link rel=\"canonical\" href=\"https:\/\/www.erresse-shop.it\/fr\/shop\/ameublement-maison\/salle-de-bain\/brabantia-sinkstyle-organiser-ensemble-2-pieces-blanc\/\" \/>\n<meta property=\"og:locale\" content=\"fr_FR\" \/>\n<meta property=\"og:type\" content=\"article\" \/>\n<meta property=\"og:title\" content=\"BRABANTIA SinkStyle Organiser Ensemble 2 Pi\u00e8ces Blanc\" \/>\n<meta property=\"og:description\" content=\"D\u00e9couvrez BRABANTIA SinkStyle Organiser Ensemble 2 Pi\u00e8ces Blanc sur ErresseShop. Qualit\u00e9, prix r\u00e9duits et achat s\u00e9curis\u00e9 \u2013 commandez d\u00e8s maintenant en ligne !\" \/>\n<meta property=\"og:url\" content=\"https:\/\/www.erresse-shop.it\/fr\/shop\/ameublement-maison\/salle-de-bain\/brabantia-sinkstyle-organiser-ensemble-2-pieces-blanc\/\" \/>\n<meta property=\"og:site_name\" content=\"Erresse Shop\" \/>\n<meta property=\"article:modified_time\" content=\"2025-01-14T17:33:22+00:00\" \/>\n<meta property=\"og:image\" content=\"https:\/\/www.erresse-shop.it\/wp-content\/uploads\/2023\/10\/BRABANTIA-SinkStyle-Organiser-Set-2-Pezzi-Bianco.jpg\" \/>\n\t<meta property=\"og:image:width\" content=\"800\" \/>\n\t<meta property=\"og:image:height\" content=\"800\" \/>\n\t<meta property=\"og:image:type\" content=\"image\/jpeg\" \/>\n<meta name=\"twitter:card\" content=\"summary_large_image\" \/>\n<script type=\"application\/ld+json\" class=\"yoast-schema-graph\">{\"@context\":\"https:\/\/schema.org\",\"@graph\":[{\"@type\":\"WebPage\",\"@id\":\"https:\/\/www.erresse-shop.it\/fr\/shop\/ameublement-maison\/salle-de-bain\/brabantia-sinkstyle-organiser-ensemble-2-pieces-blanc\/\",\"url\":\"https:\/\/www.erresse-shop.it\/fr\/shop\/ameublement-maison\/salle-de-bain\/brabantia-sinkstyle-organiser-ensemble-2-pieces-blanc\/\",\"name\":\"BRABANTIA SinkStyle Organiser Ensemble 2 Pi\u00e8ces Blanc\",\"isPartOf\":{\"@id\":\"https:\/\/www.erresse-shop.it\/fr\/#website\"},\"datePublished\":\"2023-10-02T10:17:39+00:00\",\"dateModified\":\"2025-01-14T17:33:22+00:00\",\"description\":\"D\u00e9couvrez BRABANTIA SinkStyle Organiser Ensemble 2 Pi\u00e8ces Blanc sur ErresseShop. Qualit\u00e9, prix r\u00e9duits et achat s\u00e9curis\u00e9 \u2013 commandez d\u00e8s maintenant en ligne !\",\"breadcrumb\":{\"@id\":\"https:\/\/www.erresse-shop.it\/fr\/shop\/ameublement-maison\/salle-de-bain\/brabantia-sinkstyle-organiser-ensemble-2-pieces-blanc\/#breadcrumb\"},\"inLanguage\":\"fr-FR\",\"potentialAction\":[{\"@type\":\"ReadAction\",\"target\":[\"https:\/\/www.erresse-shop.it\/fr\/shop\/ameublement-maison\/salle-de-bain\/brabantia-sinkstyle-organiser-ensemble-2-pieces-blanc\/\"]}]},{\"@type\":\"BreadcrumbList\",\"@id\":\"https:\/\/www.erresse-shop.it\/fr\/shop\/ameublement-maison\/salle-de-bain\/brabantia-sinkstyle-organiser-ensemble-2-pieces-blanc\/#breadcrumb\",\"itemListElement\":[{\"@type\":\"ListItem\",\"position\":1,\"name\":\"Home\",\"item\":\"https:\/\/www.erresse-shop.it\/fr\/\"},{\"@type\":\"ListItem\",\"position\":2,\"name\":\"Shop\",\"item\":\"https:\/\/www.erresse-shop.it\/fr\/shop\/\"},{\"@type\":\"ListItem\",\"position\":3,\"name\":\"BRABANTIA SinkStyle Organiser Ensemble 2 Pi\u00e8ces Blanc\"}]},{\"@type\":\"WebSite\",\"@id\":\"https:\/\/www.erresse-shop.it\/fr\/#website\",\"url\":\"https:\/\/www.erresse-shop.it\/fr\/\",\"name\":\"Erresse Shop\",\"description\":\"Articoli di qualit\u00e0 per la casa\",\"potentialAction\":[{\"@type\":\"SearchAction\",\"target\":{\"@type\":\"EntryPoint\",\"urlTemplate\":\"https:\/\/www.erresse-shop.it\/fr\/?s={search_term_string}\"},\"query-input\":\"required name=search_term_string\"}],\"inLanguage\":\"fr-FR\"}]}<\/script>\n<!-- \/ Yoast SEO Premium plugin. -->","yoast_head_json":{"title":"BRABANTIA SinkStyle Organiser Ensemble 2 Pi\u00e8ces Blanc","description":"D\u00e9couvrez BRABANTIA SinkStyle Organiser Ensemble 2 Pi\u00e8ces Blanc sur ErresseShop. Qualit\u00e9, prix r\u00e9duits et achat s\u00e9curis\u00e9 \u2013 commandez d\u00e8s maintenant en ligne !","robots":{"index":"index","follow":"follow","max-snippet":"max-snippet:-1","max-image-preview":"max-image-preview:large","max-video-preview":"max-video-preview:-1"},"canonical":"https:\/\/www.erresse-shop.it\/fr\/shop\/ameublement-maison\/salle-de-bain\/brabantia-sinkstyle-organiser-ensemble-2-pieces-blanc\/","og_locale":"fr_FR","og_type":"article","og_title":"BRABANTIA SinkStyle Organiser Ensemble 2 Pi\u00e8ces Blanc","og_description":"D\u00e9couvrez BRABANTIA SinkStyle Organiser Ensemble 2 Pi\u00e8ces Blanc sur ErresseShop. Qualit\u00e9, prix r\u00e9duits et achat s\u00e9curis\u00e9 \u2013 commandez d\u00e8s maintenant en ligne !","og_url":"https:\/\/www.erresse-shop.it\/fr\/shop\/ameublement-maison\/salle-de-bain\/brabantia-sinkstyle-organiser-ensemble-2-pieces-blanc\/","og_site_name":"Erresse Shop","article_modified_time":"2025-01-14T17:33:22+00:00","og_image":[{"width":800,"height":800,"url":"https:\/\/www.erresse-shop.it\/wp-content\/uploads\/2023\/10\/BRABANTIA-SinkStyle-Organiser-Set-2-Pezzi-Bianco.jpg","type":"image\/jpeg"}],"twitter_card":"summary_large_image","schema":{"@context":"https:\/\/schema.org","@graph":[{"@type":"WebPage","@id":"https:\/\/www.erresse-shop.it\/fr\/shop\/ameublement-maison\/salle-de-bain\/brabantia-sinkstyle-organiser-ensemble-2-pieces-blanc\/","url":"https:\/\/www.erresse-shop.it\/fr\/shop\/ameublement-maison\/salle-de-bain\/brabantia-sinkstyle-organiser-ensemble-2-pieces-blanc\/","name":"BRABANTIA SinkStyle Organiser Ensemble 2 Pi\u00e8ces Blanc","isPartOf":{"@id":"https:\/\/www.erresse-shop.it\/fr\/#website"},"datePublished":"2023-10-02T10:17:39+00:00","dateModified":"2025-01-14T17:33:22+00:00","description":"D\u00e9couvrez BRABANTIA SinkStyle Organiser Ensemble 2 Pi\u00e8ces Blanc sur ErresseShop. Qualit\u00e9, prix r\u00e9duits et achat s\u00e9curis\u00e9 \u2013 commandez d\u00e8s maintenant en ligne !","breadcrumb":{"@id":"https:\/\/www.erresse-shop.it\/fr\/shop\/ameublement-maison\/salle-de-bain\/brabantia-sinkstyle-organiser-ensemble-2-pieces-blanc\/#breadcrumb"},"inLanguage":"fr-FR","potentialAction":[{"@type":"ReadAction","target":["https:\/\/www.erresse-shop.it\/fr\/shop\/ameublement-maison\/salle-de-bain\/brabantia-sinkstyle-organiser-ensemble-2-pieces-blanc\/"]}]},{"@type":"BreadcrumbList","@id":"https:\/\/www.erresse-shop.it\/fr\/shop\/ameublement-maison\/salle-de-bain\/brabantia-sinkstyle-organiser-ensemble-2-pieces-blanc\/#breadcrumb","itemListElement":[{"@type":"ListItem","position":1,"name":"Home","item":"https:\/\/www.erresse-shop.it\/fr\/"},{"@type":"ListItem","position":2,"name":"Shop","item":"https:\/\/www.erresse-shop.it\/fr\/shop\/"},{"@type":"ListItem","position":3,"name":"BRABANTIA SinkStyle Organiser Ensemble 2 Pi\u00e8ces Blanc"}]},{"@type":"WebSite","@id":"https:\/\/www.erresse-shop.it\/fr\/#website","url":"https:\/\/www.erresse-shop.it\/fr\/","name":"Erresse Shop","description":"Articoli di qualit\u00e0 per la casa","potentialAction":[{"@type":"SearchAction","target":{"@type":"EntryPoint","urlTemplate":"https:\/\/www.erresse-shop.it\/fr\/?s={search_term_string}"},"query-input":"required name=search_term_string"}],"inLanguage":"fr-FR"}]}},"df_price":49,"df_sale_price":49,"df_regular_price":69.9,"df_image_link":"https:\/\/www.erresse-shop.it\/wp-content\/uploads\/2023\/10\/BRABANTIA-SinkStyle-Organiser-Set-2-Pezzi-Bianco-300x300.jpg","_links":{"self":[{"href":"https:\/\/www.erresse-shop.it\/fr\/wp-json\/wp\/v2\/product\/332383"}],"collection":[{"href":"https:\/\/www.erresse-shop.it\/fr\/wp-json\/wp\/v2\/product"}],"about":[{"href":"https:\/\/www.erresse-shop.it\/fr\/wp-json\/wp\/v2\/types\/product"}],"wp:featuredmedia":[{"embeddable":true,"href":"https:\/\/www.erresse-shop.it\/fr\/wp-json\/wp\/v2\/media\/332413"}],"wp:attachment":[{"href":"https:\/\/www.erresse-shop.it\/fr\/wp-json\/wp\/v2\/media?parent=332383"}],"wp:term":[{"taxonomy":"product_cat","embeddable":true,"href":"https:\/\/www.erresse-shop.it\/fr\/wp-json\/wp\/v2\/product_cat?post=332383"},{"taxonomy":"product_tag","embeddable":true,"href":"https:\/\/www.erresse-shop.it\/fr\/wp-json\/wp\/v2\/product_tag?post=332383"}],"curies":[{"name":"wp","href":"https:\/\/api.w.org\/{rel}","templated":true}]}}