{"id":332184,"date":"2023-10-02T07:55:20","date_gmt":"2023-10-02T07:55:25","guid":{"rendered":"https:\/\/www.erresse-shop.it\/?post_type=product&#038;p=332184"},"modified":"2023-10-22T17:25:12","modified_gmt":"2023-10-22T17:25:12","slug":"zwilling-cube-box-vacuum-set-6-pieces-s-plastic","status":"publish","type":"product","link":"https:\/\/www.erresse-shop.it\/fr\/shop\/cuisine\/sous-vide\/zwilling-cube-box-vacuum-set-6-pieces-s-plastic\/","title":{"rendered":"ZWILLING Cube Box Vacuum Set 6 pieces S Plastic"},"content":{"rendered":"<p><strong>PETITS R\u00c9CIPIENTS, GRANDE FRA\u00ceCHEUR<\/strong><\/p>\n<ul>\n<li>Modulaire, empilable et peu encombrant<\/li>\n<li>Des aliments frais plus longtemps gr\u00e2ce \u00e0 la fonction de mise sous vide<\/li>\n<li>Compatible avec la pompe \u00e0 vide ZWILLING FRESH &amp; SAVE<\/li>\n<li>Couvercle herm\u00e9tique qui prot\u00e8ge des nuisibles<\/li>\n<li>Gardez la trace de vos aliments avec l&#8217;application ZWILLING<\/li>\n<\/ul>\n<p>Une nouvelle fa\u00e7on d&#8217;organiser la cuisine. Adieu le chaos dans la cuisine. Bienvenue aux aliments plus frais ! Avec le ZWILLING FRESH &amp; SAVE CUBE, les aliments avari\u00e9s et le d\u00e9sordre dans la cuisine ne sont plus qu&#8217;un lointain souvenir. Le syst\u00e8me de fra\u00eecheur r\u00e9volutionnaire qui vous permet d&#8217;am\u00e9liorer votre cuisine avec plus de design, plus de contr\u00f4le et surtout plus de fra\u00eecheur. Premier avantage : le couvercle herm\u00e9tique. Il prot\u00e8ge les aliments de l&#8217;humidit\u00e9 et des parasites. De plus, tous les r\u00e9cipients sont compatibles avec la pompe \u00e0 vide ZWILLING FRESH&amp;SAVE, qui vous permet d&#8217;\u00e9liminer l&#8217;air par simple pression d&#8217;un bouton, afin que vos aliments restent frais plus longtemps et conservent leur saveur et leur croquant. Il ne vous reste plus qu&#8217;\u00e0 suivre l&#8217;\u00e9volution de cette fra\u00eecheur. Gr\u00e2ce \u00e0 la conception en verre, vous pouvez toujours voir le contenu et la quantit\u00e9 \u00e0 l&#8217;int\u00e9rieur de vos r\u00e9cipients. Et si vous avez beaucoup de stock, les \u00e9tiquettes NFC r\u00e9inscriptibles vous aident \u00e0 suivre les niveaux de remplissage et la dur\u00e9e de conservation des aliments. Il suffit de coller l&#8217;\u00e9tiquette sur le r\u00e9cipient ou de la placer sur la valve \u00e0 l&#8217;aide du positionneur d&#8217;\u00e9tiquettes et de la scanner avec votre smartphone : l&#8217;application ZWILLING s&#8217;ouvre alors et vous pouvez suivre vos ingr\u00e9dients.<\/p>\n<ul>\n<li>Un syst\u00e8me d&#8217;organisation de la cuisine innovant et peu encombrant avec des r\u00e9cipients modulaires, stables et empilables.<\/li>\n<li>La pompe \u00e0 vide ZWILLING FRESH &amp; SAVE permet de conserver les aliments frais plus longtemps, r\u00e9duisant ainsi le gaspillage.<\/li>\n<li>Le couvercle herm\u00e9tique prot\u00e8ge les aliments de l&#8217;humidit\u00e9 et des parasites.<\/li>\n<li>Design minimaliste de haute qualit\u00e9 dans un mat\u00e9riau transparent semblable au verre<\/li>\n<li>Les r\u00e9cipients, fabriqu\u00e9s dans un mat\u00e9riau semblable au verre, sont durables et peuvent \u00eatre lav\u00e9s au lave-vaisselle, ce qui les rend faciles \u00e0 nettoyer.<\/li>\n<li>Organise de mani\u00e8re optimale les aliments stock\u00e9s pour une meilleure tra\u00e7abilit\u00e9 et pour r\u00e9duire le gaspillage alimentaire. Il suffit de fixer les \u00e9tiquettes NFC sur les r\u00e9cipients, de les scanner avec votre smartphone et de les connecter \u00e0 l&#8217;application ZWILLING.<\/li>\n<li>Avec insert 4 en 1 pour une mesure parfaite des aliments. Y compris cuill\u00e8re \u00e0 mesurer avec 3 tailles : cuill\u00e8re \u00e0 caf\u00e9 (15 ml), cuill\u00e8re \u00e0 caf\u00e9 (5 ml) et pointe de couteau.<\/li>\n<li>Dimensions : r\u00e9cipient S : 7,6 x 10,7 x 10,7 cm\/capacit\u00e9 : 320 ml, r\u00e9cipient 2S : 15,2 x 10,7 x 10,7 cm\/capacit\u00e9 : 825 ml, r\u00e9cipient 3S : 22,8 x 10,7 x 10,7 cm\/capacit\u00e9 : 1,3 l.<\/li>\n<\/ul>\n<p><strong>CARACT\u00c9RISTIQUES<\/strong><\/p>\n<ul>\n<li>Couleur : blanc transparent<\/li>\n<li>R\u00e9sistance \u00e0 la chaleur : 90.00 \u00baC<\/li>\n<li>R\u00e9sistance au froid : -10.00 \u00baC<\/li>\n<li>Mat\u00e9riau : plastique<\/li>\n<li>Nombre de pi\u00e8ces : 6<\/li>\n<\/ul>\n","protected":false},"excerpt":{"rendered":"<p>PETITS R\u00c9CIPIENTS, GRANDE FRA\u00ceCHEUR Modulaire, empilable et peu encombrant Des aliments frais plus longtemps gr\u00e2ce \u00e0 la fonction de mise<\/p>\n","protected":false},"featured_media":332253,"template":"","meta":{"_acf_changed":false,"inline_featured_image":false},"product_cat":[12748,26042],"product_tag":[25036,23910,25021,13636,16879,16880],"acf":[],"yoast_head":"<!-- This site is optimized with the Yoast SEO Premium plugin v18.6 (Yoast SEO v19.13) - https:\/\/yoast.com\/wordpress\/plugins\/seo\/ -->\n<title>ZWILLING Cube Box Vacuum Set 6 pieces S Plastic - Erresse Shop<\/title>\n<meta name=\"description\" content=\"PETITS R\u00c9CIPIENTS, GRANDE FRA\u00ceCHEUR Modulaire, empilable et peu encombrant Des aliments frais plus longtemps gr\u00e2ce \u00e0 la fonction de mise sous vide\" \/>\n<meta name=\"robots\" content=\"index, follow, max-snippet:-1, max-image-preview:large, max-video-preview:-1\" \/>\n<link rel=\"canonical\" href=\"https:\/\/www.erresse-shop.it\/fr\/shop\/cuisine\/sous-vide\/zwilling-cube-box-vacuum-set-6-pieces-s-plastic\/\" \/>\n<meta property=\"og:locale\" content=\"fr_FR\" \/>\n<meta property=\"og:type\" content=\"article\" \/>\n<meta property=\"og:title\" content=\"ZWILLING Cube Box Vacuum Set 6 pieces S Plastic\" \/>\n<meta property=\"og:description\" content=\"PETITS R\u00c9CIPIENTS, GRANDE FRA\u00ceCHEUR Modulaire, empilable et peu encombrant Des aliments frais plus longtemps gr\u00e2ce \u00e0 la fonction de mise sous vide\" \/>\n<meta property=\"og:url\" content=\"https:\/\/www.erresse-shop.it\/fr\/shop\/cuisine\/sous-vide\/zwilling-cube-box-vacuum-set-6-pieces-s-plastic\/\" \/>\n<meta property=\"og:site_name\" content=\"Erresse Shop\" \/>\n<meta property=\"article:modified_time\" content=\"2023-10-22T17:25:12+00:00\" \/>\n<meta property=\"og:image\" content=\"https:\/\/www.erresse-shop.it\/wp-content\/uploads\/2023\/10\/ZWILLING-Cube-Box-Sottovuoto-Set-6-pezzi-Plastica.jpg\" \/>\n\t<meta property=\"og:image:width\" content=\"800\" \/>\n\t<meta property=\"og:image:height\" content=\"800\" \/>\n\t<meta property=\"og:image:type\" content=\"image\/jpeg\" \/>\n<meta name=\"twitter:card\" content=\"summary_large_image\" \/>\n<script type=\"application\/ld+json\" class=\"yoast-schema-graph\">{\"@context\":\"https:\/\/schema.org\",\"@graph\":[{\"@type\":\"WebPage\",\"@id\":\"https:\/\/www.erresse-shop.it\/fr\/shop\/cuisine\/sous-vide\/zwilling-cube-box-vacuum-set-6-pieces-s-plastic\/\",\"url\":\"https:\/\/www.erresse-shop.it\/fr\/shop\/cuisine\/sous-vide\/zwilling-cube-box-vacuum-set-6-pieces-s-plastic\/\",\"name\":\"ZWILLING Cube Box Vacuum Set 6 pieces S Plastic - Erresse Shop\",\"isPartOf\":{\"@id\":\"https:\/\/www.erresse-shop.it\/fr\/#website\"},\"datePublished\":\"2023-10-02T07:55:25+00:00\",\"dateModified\":\"2023-10-22T17:25:12+00:00\",\"description\":\"PETITS R\u00c9CIPIENTS, GRANDE FRA\u00ceCHEUR Modulaire, empilable et peu encombrant Des aliments frais plus longtemps gr\u00e2ce \u00e0 la fonction de mise sous vide\",\"breadcrumb\":{\"@id\":\"https:\/\/www.erresse-shop.it\/fr\/shop\/cuisine\/sous-vide\/zwilling-cube-box-vacuum-set-6-pieces-s-plastic\/#breadcrumb\"},\"inLanguage\":\"fr-FR\",\"potentialAction\":[{\"@type\":\"ReadAction\",\"target\":[\"https:\/\/www.erresse-shop.it\/fr\/shop\/cuisine\/sous-vide\/zwilling-cube-box-vacuum-set-6-pieces-s-plastic\/\"]}]},{\"@type\":\"BreadcrumbList\",\"@id\":\"https:\/\/www.erresse-shop.it\/fr\/shop\/cuisine\/sous-vide\/zwilling-cube-box-vacuum-set-6-pieces-s-plastic\/#breadcrumb\",\"itemListElement\":[{\"@type\":\"ListItem\",\"position\":1,\"name\":\"Home\",\"item\":\"https:\/\/www.erresse-shop.it\/fr\/\"},{\"@type\":\"ListItem\",\"position\":2,\"name\":\"Shop\",\"item\":\"https:\/\/www.erresse-shop.it\/fr\/shop\/\"},{\"@type\":\"ListItem\",\"position\":3,\"name\":\"ZWILLING Cube Box Vacuum Set 6 pieces S Plastic\"}]},{\"@type\":\"WebSite\",\"@id\":\"https:\/\/www.erresse-shop.it\/fr\/#website\",\"url\":\"https:\/\/www.erresse-shop.it\/fr\/\",\"name\":\"Erresse Shop\",\"description\":\"Articoli di qualit\u00e0 per la casa\",\"potentialAction\":[{\"@type\":\"SearchAction\",\"target\":{\"@type\":\"EntryPoint\",\"urlTemplate\":\"https:\/\/www.erresse-shop.it\/fr\/?s={search_term_string}\"},\"query-input\":\"required name=search_term_string\"}],\"inLanguage\":\"fr-FR\"}]}<\/script>\n<!-- \/ Yoast SEO Premium plugin. -->","yoast_head_json":{"title":"ZWILLING Cube Box Vacuum Set 6 pieces S Plastic - Erresse Shop","description":"PETITS R\u00c9CIPIENTS, GRANDE FRA\u00ceCHEUR Modulaire, empilable et peu encombrant Des aliments frais plus longtemps gr\u00e2ce \u00e0 la fonction de mise sous vide","robots":{"index":"index","follow":"follow","max-snippet":"max-snippet:-1","max-image-preview":"max-image-preview:large","max-video-preview":"max-video-preview:-1"},"canonical":"https:\/\/www.erresse-shop.it\/fr\/shop\/cuisine\/sous-vide\/zwilling-cube-box-vacuum-set-6-pieces-s-plastic\/","og_locale":"fr_FR","og_type":"article","og_title":"ZWILLING Cube Box Vacuum Set 6 pieces S Plastic","og_description":"PETITS R\u00c9CIPIENTS, GRANDE FRA\u00ceCHEUR Modulaire, empilable et peu encombrant Des aliments frais plus longtemps gr\u00e2ce \u00e0 la fonction de mise sous vide","og_url":"https:\/\/www.erresse-shop.it\/fr\/shop\/cuisine\/sous-vide\/zwilling-cube-box-vacuum-set-6-pieces-s-plastic\/","og_site_name":"Erresse Shop","article_modified_time":"2023-10-22T17:25:12+00:00","og_image":[{"width":800,"height":800,"url":"https:\/\/www.erresse-shop.it\/wp-content\/uploads\/2023\/10\/ZWILLING-Cube-Box-Sottovuoto-Set-6-pezzi-Plastica.jpg","type":"image\/jpeg"}],"twitter_card":"summary_large_image","schema":{"@context":"https:\/\/schema.org","@graph":[{"@type":"WebPage","@id":"https:\/\/www.erresse-shop.it\/fr\/shop\/cuisine\/sous-vide\/zwilling-cube-box-vacuum-set-6-pieces-s-plastic\/","url":"https:\/\/www.erresse-shop.it\/fr\/shop\/cuisine\/sous-vide\/zwilling-cube-box-vacuum-set-6-pieces-s-plastic\/","name":"ZWILLING Cube Box Vacuum Set 6 pieces S Plastic - Erresse Shop","isPartOf":{"@id":"https:\/\/www.erresse-shop.it\/fr\/#website"},"datePublished":"2023-10-02T07:55:25+00:00","dateModified":"2023-10-22T17:25:12+00:00","description":"PETITS R\u00c9CIPIENTS, GRANDE FRA\u00ceCHEUR Modulaire, empilable et peu encombrant Des aliments frais plus longtemps gr\u00e2ce \u00e0 la fonction de mise sous vide","breadcrumb":{"@id":"https:\/\/www.erresse-shop.it\/fr\/shop\/cuisine\/sous-vide\/zwilling-cube-box-vacuum-set-6-pieces-s-plastic\/#breadcrumb"},"inLanguage":"fr-FR","potentialAction":[{"@type":"ReadAction","target":["https:\/\/www.erresse-shop.it\/fr\/shop\/cuisine\/sous-vide\/zwilling-cube-box-vacuum-set-6-pieces-s-plastic\/"]}]},{"@type":"BreadcrumbList","@id":"https:\/\/www.erresse-shop.it\/fr\/shop\/cuisine\/sous-vide\/zwilling-cube-box-vacuum-set-6-pieces-s-plastic\/#breadcrumb","itemListElement":[{"@type":"ListItem","position":1,"name":"Home","item":"https:\/\/www.erresse-shop.it\/fr\/"},{"@type":"ListItem","position":2,"name":"Shop","item":"https:\/\/www.erresse-shop.it\/fr\/shop\/"},{"@type":"ListItem","position":3,"name":"ZWILLING Cube Box Vacuum Set 6 pieces S Plastic"}]},{"@type":"WebSite","@id":"https:\/\/www.erresse-shop.it\/fr\/#website","url":"https:\/\/www.erresse-shop.it\/fr\/","name":"Erresse Shop","description":"Articoli di qualit\u00e0 per la casa","potentialAction":[{"@type":"SearchAction","target":{"@type":"EntryPoint","urlTemplate":"https:\/\/www.erresse-shop.it\/fr\/?s={search_term_string}"},"query-input":"required name=search_term_string"}],"inLanguage":"fr-FR"}]}},"df_price":29.975,"df_sale_price":29.975,"df_regular_price":59.95,"df_image_link":"https:\/\/www.erresse-shop.it\/wp-content\/uploads\/2023\/10\/ZWILLING-Cube-Box-Sottovuoto-Set-6-pezzi-Plastica-300x300.jpg","_links":{"self":[{"href":"https:\/\/www.erresse-shop.it\/fr\/wp-json\/wp\/v2\/product\/332184"}],"collection":[{"href":"https:\/\/www.erresse-shop.it\/fr\/wp-json\/wp\/v2\/product"}],"about":[{"href":"https:\/\/www.erresse-shop.it\/fr\/wp-json\/wp\/v2\/types\/product"}],"wp:featuredmedia":[{"embeddable":true,"href":"https:\/\/www.erresse-shop.it\/fr\/wp-json\/wp\/v2\/media\/332253"}],"wp:attachment":[{"href":"https:\/\/www.erresse-shop.it\/fr\/wp-json\/wp\/v2\/media?parent=332184"}],"wp:term":[{"taxonomy":"product_cat","embeddable":true,"href":"https:\/\/www.erresse-shop.it\/fr\/wp-json\/wp\/v2\/product_cat?post=332184"},{"taxonomy":"product_tag","embeddable":true,"href":"https:\/\/www.erresse-shop.it\/fr\/wp-json\/wp\/v2\/product_tag?post=332184"}],"curies":[{"name":"wp","href":"https:\/\/api.w.org\/{rel}","templated":true}]}}