{"id":332091,"date":"2023-10-02T06:40:33","date_gmt":"2023-10-02T06:40:39","guid":{"rendered":"https:\/\/www.erresse-shop.it\/?post_type=product&#038;p=332091"},"modified":"2024-06-08T00:02:34","modified_gmt":"2024-06-08T00:02:34","slug":"sage-the-barista-touch-impress","status":"publish","type":"product","link":"https:\/\/www.erresse-shop.it\/fr\/shop\/petits-electromenagers\/machines-cafe\/automatique\/sage-the-barista-touch-impress\/","title":{"rendered":"SAGE The Barista Touch Impress"},"content":{"rendered":"<p><strong>FAIRE D\u00c9FILER. S\u00c9LECTIONNER. SURPRENDRE.<\/strong><\/p>\n<p>Profitez du guide du barista en une seule touche, \u00e9tape par \u00e9tape. Gr\u00e2ce \u00e0 la fonction de retour d&#8217;information en temps r\u00e9el, la Barista Touch\u2122 Impress vous guide \u00e0 travers le syst\u00e8me Impress\u2122 Puck, l&#8217;extraction pr\u00e9cise et le moussage automatique avec microbulles. Gr\u00e2ce au syst\u00e8me de chauffe ThermoJet\u00ae, pr\u00eat en 3 secondes, le caf\u00e9 passe du grain \u00e0 la tasse plus rapidement que jamais.<\/p>\n<p><strong>LE SYST\u00c8ME IMPRESS\u2122 PUCK<\/strong><\/p>\n<p>Dosage intelligent avec chargement central du caf\u00e9 moulu, pressage assist\u00e9, torsion professionnelle \u00e0 7\u00b0 et pression pr\u00e9cise de 10 kg : le m\u00e9lange parfait pour cr\u00e9er la dose id\u00e9ale.<\/p>\n<ul>\n<li><strong>Dosage intelligent :<\/strong> La solution innovante de dosage et de pressage apprend au fur et \u00e0 mesure, calculant et ajustant automatiquement la dose de caf\u00e9 en fonction des r\u00e9sultats de la derni\u00e8re mouture et du dernier pressage.<\/li>\n<li><strong>Dosage pr\u00e9cis :<\/strong> Si vous devez ajouter ou retirer du caf\u00e9 \u00e0 votre dose, le dosage pr\u00e9cis corrige automatiquement la dose suivante en fonction du r\u00e9sultat pr\u00e9c\u00e9dent, pour que vous obteniez toujours une dose parfaite.<\/li>\n<li><strong>Pressage assist\u00e9 :<\/strong> le pressage assist\u00e9 offre une torsion professionnelle de 7\u00b0 et une pression de 10 kg pour obtenir un disque parfaitement propre, comme le ferait un vrai barista.<\/li>\n<\/ul>\n<p><strong>Guide du barista<\/strong><\/p>\n<p>Gr\u00e2ce \u00e0 un guidage pas \u00e0 pas avec retour d&#8217;information en temps r\u00e9el, la machine vous assiste \u00e0 chaque \u00e9tape : mouture, pressage, extraction, jusqu&#8217;\u00e0 l&#8217;obtention d&#8217;une mousse de lait soyeuse et velout\u00e9e. Des r\u00e9sultats optimaux, \u00e0 chaque fois.<br \/>\nIl vous suffit de glisser votre doigt et de choisir parmi 8 pr\u00e9r\u00e9glages de caf\u00e9 pr\u00e9f\u00e9r\u00e9s ou de personnaliser jusqu&#8217;\u00e0 8 boissons.<\/p>\n<p><strong>Auto MilQ\u2122 pour le lait de vache et les autres laits v\u00e9g\u00e9taux.<\/strong><\/p>\n<p>Auto MilQ\u2122 est d\u00e9sormais encore plus intelligent, avec des r\u00e9glages calibr\u00e9s pour faire mousser le lait d&#8217;avoine, d&#8217;amande, de soja et de vache et obtenir une mousse soyeuse et velout\u00e9e \u00e0 microbulles, essentielle pour le latte art.<br \/>\nCalibrage du temps d&#8217;injection d&#8217;air et de la temp\u00e9rature en fonction du type de lait choisi.<\/p>\n<p><strong>Broyage de pr\u00e9cision<\/strong><\/p>\n<p>le Barista Touch\u2122 Impress offre une large gamme de s\u00e9lection avec 30 r\u00e9glages de mouture. Vous pouvez ainsi ajuster pr\u00e9cis\u00e9ment la taille de la mouture pour obtenir l&#8217;extraction et la saveur souhait\u00e9es.<\/p>\n<p><strong>Syst\u00e8me de chauffage de pr\u00e9cision<\/strong><\/p>\n<p>Le syst\u00e8me de chauffage ThermoJet\u00ae avec contr\u00f4le PID d\u00e9livre un caf\u00e9 savoureux gr\u00e2ce \u00e0 un contr\u00f4le num\u00e9rique pr\u00e9cis de la temp\u00e9rature, de la vitesse d&#8217;infusion et du temps de contact.<\/p>\n<p><strong>Accessoires :<\/strong><\/p>\n<ul>\n<li>Porte-filtre en acier inoxydable de 54 mm<\/li>\n<li>Pot \u00e0 lait en acier inoxydable de 480 ml<\/li>\n<li>Paniers-filtres simple et double paroi pour 1 et 2 tasses<\/li>\n<li>Filtre \u00e0 eau avec support<\/li>\n<li>Test de duret\u00e9 de l&#8217;eau<\/li>\n<li>Outil de dosage de pr\u00e9cision le Razor\u2122<\/li>\n<li>Pastilles de nettoyage<\/li>\n<li>Accessoire de nettoyage de la baguette \u00e0 vapeur<\/li>\n<li>Disque de nettoyage<\/li>\n<li>Brosse de nettoyage<\/li>\n<li>Poudre de d\u00e9tartrage<\/li>\n<\/ul>\n<p><strong>R\u00e9glages :<\/strong><\/p>\n<ul>\n<li>Dosage automatique\/manuel<\/li>\n<li>Extractions pour 1 et 2 tasses<\/li>\n<li>8 pr\u00e9r\u00e9glages de caf\u00e9 pr\u00e9f\u00e9r\u00e9s : blanc plat, Caffellatte, Cappuccino, Espresso, Long Black, Babyccino, Chocolat chaud et Th\u00e9<\/li>\n<li>Cr\u00e9ez, enregistrez et renommez jusqu&#8217;\u00e0 8 boissons personnalisables<\/li>\n<\/ul>\n<p><strong>Dimensions (LxPxH) :<\/strong> 41,7 cm x 35,8 cm (poign\u00e9e de pression incluse) \/ 33,3 cm (corps principal) x 34,3 cm<\/p>\n<p><strong>Capacit\u00e9 :<\/strong> 340 g, porte-gobelet, r\u00e9servoir d&#8217;eau de 2 litres<\/p>\n<p><strong>Mat\u00e9riaux de construction :<\/strong> Acier inoxydable<\/p>\n<p><strong>Tension :<\/strong> 220-240 V<\/p>\n<p><strong>Alimentation \u00e9lectrique :<\/strong> 1430-1700 W<\/p>\n<p><strong>Syst\u00e8me de chauffage :<\/strong> Syst\u00e8me de chauffage ThermoJet<\/p>\n<p><strong>Mousse de lait :<\/strong> Mousse de lait automatique avec Auto MilQ\u2122R\u00e9glages pour les alternatives au lait : lait de vache, amande, avoine et soja<\/p>\n<p><strong>Moulin \u00e0 caf\u00e9 int\u00e9gr\u00e9 :<\/strong> moulins de pr\u00e9cision europ\u00e9ens Baratza<\/p>\n<p><strong>Interface :<\/strong> \u00e9cran tactile<\/p>\n<p><strong>Pressage :<\/strong> Syst\u00e8me Impress\u2122 Puck Pressage assist\u00e9 avec torsion professionnelle \u00e0 7 degr\u00e9s<\/p>\n<p><strong>R\u00e9glages de mouture :<\/strong> 30 r\u00e9glages de mouture de pr\u00e9cision<\/p>\n<p><span style=\"text-decoration: underline;\"><strong>Ne peut \u00eatre vendu en dehors de l&#8217;Europe<\/strong><\/span><\/p>\n","protected":false},"excerpt":{"rendered":"<p>FAIRE D\u00c9FILER. S\u00c9LECTIONNER. SURPRENDRE. Profitez du guide du barista en une seule touche, \u00e9tape par \u00e9tape. Gr\u00e2ce \u00e0 la fonction<\/p>\n","protected":false},"featured_media":332156,"template":"","meta":{"_acf_changed":false,"inline_featured_image":false},"product_cat":[25360,12764,12449],"product_tag":[23563,13254,23568],"acf":[],"yoast_head":"<!-- This site is optimized with the Yoast SEO Premium plugin v18.6 (Yoast SEO v19.13) - https:\/\/yoast.com\/wordpress\/plugins\/seo\/ -->\n<title>SAGE The Barista Touch Impress - Erresse Shop<\/title>\n<meta name=\"description\" content=\"FAIRE D\u00c9FILER. S\u00c9LECTIONNER. SURPRENDRE. Profitez du guide du barista en une seule touche, \u00e9tape par \u00e9tape. Gr\u00e2ce \u00e0 la fonction de retour d&#039;information en\" \/>\n<meta name=\"robots\" content=\"index, follow, max-snippet:-1, max-image-preview:large, max-video-preview:-1\" \/>\n<link rel=\"canonical\" href=\"https:\/\/www.erresse-shop.it\/fr\/shop\/petits-electromenagers\/machines-cafe\/automatique\/sage-the-barista-touch-impress\/\" \/>\n<meta property=\"og:locale\" content=\"fr_FR\" \/>\n<meta property=\"og:type\" content=\"article\" \/>\n<meta property=\"og:title\" content=\"SAGE The Barista Touch Impress\" \/>\n<meta property=\"og:description\" content=\"FAIRE D\u00c9FILER. S\u00c9LECTIONNER. SURPRENDRE. Profitez du guide du barista en une seule touche, \u00e9tape par \u00e9tape. Gr\u00e2ce \u00e0 la fonction de retour d&#039;information en\" \/>\n<meta property=\"og:url\" content=\"https:\/\/www.erresse-shop.it\/fr\/shop\/petits-electromenagers\/machines-cafe\/automatique\/sage-the-barista-touch-impress\/\" \/>\n<meta property=\"og:site_name\" content=\"Erresse Shop\" \/>\n<meta property=\"article:modified_time\" content=\"2024-06-08T00:02:34+00:00\" \/>\n<meta property=\"og:image\" content=\"https:\/\/www.erresse-shop.it\/wp-content\/uploads\/2023\/10\/SAGE-The-Barista-Touch-Impress.jpg\" \/>\n\t<meta property=\"og:image:width\" content=\"800\" \/>\n\t<meta property=\"og:image:height\" content=\"800\" \/>\n\t<meta property=\"og:image:type\" content=\"image\/jpeg\" \/>\n<meta name=\"twitter:card\" content=\"summary_large_image\" \/>\n<script type=\"application\/ld+json\" class=\"yoast-schema-graph\">{\"@context\":\"https:\/\/schema.org\",\"@graph\":[{\"@type\":\"WebPage\",\"@id\":\"https:\/\/www.erresse-shop.it\/fr\/shop\/petits-electromenagers\/machines-cafe\/automatique\/sage-the-barista-touch-impress\/\",\"url\":\"https:\/\/www.erresse-shop.it\/fr\/shop\/petits-electromenagers\/machines-cafe\/automatique\/sage-the-barista-touch-impress\/\",\"name\":\"SAGE The Barista Touch Impress - Erresse Shop\",\"isPartOf\":{\"@id\":\"https:\/\/www.erresse-shop.it\/fr\/#website\"},\"datePublished\":\"2023-10-02T06:40:39+00:00\",\"dateModified\":\"2024-06-08T00:02:34+00:00\",\"description\":\"FAIRE D\u00c9FILER. S\u00c9LECTIONNER. SURPRENDRE. Profitez du guide du barista en une seule touche, \u00e9tape par \u00e9tape. Gr\u00e2ce \u00e0 la fonction de retour d'information en\",\"breadcrumb\":{\"@id\":\"https:\/\/www.erresse-shop.it\/fr\/shop\/petits-electromenagers\/machines-cafe\/automatique\/sage-the-barista-touch-impress\/#breadcrumb\"},\"inLanguage\":\"fr-FR\",\"potentialAction\":[{\"@type\":\"ReadAction\",\"target\":[\"https:\/\/www.erresse-shop.it\/fr\/shop\/petits-electromenagers\/machines-cafe\/automatique\/sage-the-barista-touch-impress\/\"]}]},{\"@type\":\"BreadcrumbList\",\"@id\":\"https:\/\/www.erresse-shop.it\/fr\/shop\/petits-electromenagers\/machines-cafe\/automatique\/sage-the-barista-touch-impress\/#breadcrumb\",\"itemListElement\":[{\"@type\":\"ListItem\",\"position\":1,\"name\":\"Home\",\"item\":\"https:\/\/www.erresse-shop.it\/fr\/\"},{\"@type\":\"ListItem\",\"position\":2,\"name\":\"Shop\",\"item\":\"https:\/\/www.erresse-shop.it\/fr\/shop\/\"},{\"@type\":\"ListItem\",\"position\":3,\"name\":\"SAGE The Barista Touch Impress\"}]},{\"@type\":\"WebSite\",\"@id\":\"https:\/\/www.erresse-shop.it\/fr\/#website\",\"url\":\"https:\/\/www.erresse-shop.it\/fr\/\",\"name\":\"Erresse Shop\",\"description\":\"Articoli di qualit\u00e0 per la casa\",\"potentialAction\":[{\"@type\":\"SearchAction\",\"target\":{\"@type\":\"EntryPoint\",\"urlTemplate\":\"https:\/\/www.erresse-shop.it\/fr\/?s={search_term_string}\"},\"query-input\":\"required name=search_term_string\"}],\"inLanguage\":\"fr-FR\"}]}<\/script>\n<!-- \/ Yoast SEO Premium plugin. -->","yoast_head_json":{"title":"SAGE The Barista Touch Impress - Erresse Shop","description":"FAIRE D\u00c9FILER. S\u00c9LECTIONNER. SURPRENDRE. Profitez du guide du barista en une seule touche, \u00e9tape par \u00e9tape. Gr\u00e2ce \u00e0 la fonction de retour d'information en","robots":{"index":"index","follow":"follow","max-snippet":"max-snippet:-1","max-image-preview":"max-image-preview:large","max-video-preview":"max-video-preview:-1"},"canonical":"https:\/\/www.erresse-shop.it\/fr\/shop\/petits-electromenagers\/machines-cafe\/automatique\/sage-the-barista-touch-impress\/","og_locale":"fr_FR","og_type":"article","og_title":"SAGE The Barista Touch Impress","og_description":"FAIRE D\u00c9FILER. S\u00c9LECTIONNER. SURPRENDRE. Profitez du guide du barista en une seule touche, \u00e9tape par \u00e9tape. Gr\u00e2ce \u00e0 la fonction de retour d'information en","og_url":"https:\/\/www.erresse-shop.it\/fr\/shop\/petits-electromenagers\/machines-cafe\/automatique\/sage-the-barista-touch-impress\/","og_site_name":"Erresse Shop","article_modified_time":"2024-06-08T00:02:34+00:00","og_image":[{"width":800,"height":800,"url":"https:\/\/www.erresse-shop.it\/wp-content\/uploads\/2023\/10\/SAGE-The-Barista-Touch-Impress.jpg","type":"image\/jpeg"}],"twitter_card":"summary_large_image","schema":{"@context":"https:\/\/schema.org","@graph":[{"@type":"WebPage","@id":"https:\/\/www.erresse-shop.it\/fr\/shop\/petits-electromenagers\/machines-cafe\/automatique\/sage-the-barista-touch-impress\/","url":"https:\/\/www.erresse-shop.it\/fr\/shop\/petits-electromenagers\/machines-cafe\/automatique\/sage-the-barista-touch-impress\/","name":"SAGE The Barista Touch Impress - Erresse Shop","isPartOf":{"@id":"https:\/\/www.erresse-shop.it\/fr\/#website"},"datePublished":"2023-10-02T06:40:39+00:00","dateModified":"2024-06-08T00:02:34+00:00","description":"FAIRE D\u00c9FILER. S\u00c9LECTIONNER. SURPRENDRE. Profitez du guide du barista en une seule touche, \u00e9tape par \u00e9tape. Gr\u00e2ce \u00e0 la fonction de retour d'information en","breadcrumb":{"@id":"https:\/\/www.erresse-shop.it\/fr\/shop\/petits-electromenagers\/machines-cafe\/automatique\/sage-the-barista-touch-impress\/#breadcrumb"},"inLanguage":"fr-FR","potentialAction":[{"@type":"ReadAction","target":["https:\/\/www.erresse-shop.it\/fr\/shop\/petits-electromenagers\/machines-cafe\/automatique\/sage-the-barista-touch-impress\/"]}]},{"@type":"BreadcrumbList","@id":"https:\/\/www.erresse-shop.it\/fr\/shop\/petits-electromenagers\/machines-cafe\/automatique\/sage-the-barista-touch-impress\/#breadcrumb","itemListElement":[{"@type":"ListItem","position":1,"name":"Home","item":"https:\/\/www.erresse-shop.it\/fr\/"},{"@type":"ListItem","position":2,"name":"Shop","item":"https:\/\/www.erresse-shop.it\/fr\/shop\/"},{"@type":"ListItem","position":3,"name":"SAGE The Barista Touch Impress"}]},{"@type":"WebSite","@id":"https:\/\/www.erresse-shop.it\/fr\/#website","url":"https:\/\/www.erresse-shop.it\/fr\/","name":"Erresse Shop","description":"Articoli di qualit\u00e0 per la casa","potentialAction":[{"@type":"SearchAction","target":{"@type":"EntryPoint","urlTemplate":"https:\/\/www.erresse-shop.it\/fr\/?s={search_term_string}"},"query-input":"required name=search_term_string"}],"inLanguage":"fr-FR"}]}},"df_price":1299.9,"df_sale_price":1299.9,"df_regular_price":1299.9,"df_image_link":"https:\/\/www.erresse-shop.it\/wp-content\/uploads\/2023\/10\/SAGE-The-Barista-Touch-Impress-300x300.jpg","_links":{"self":[{"href":"https:\/\/www.erresse-shop.it\/fr\/wp-json\/wp\/v2\/product\/332091"}],"collection":[{"href":"https:\/\/www.erresse-shop.it\/fr\/wp-json\/wp\/v2\/product"}],"about":[{"href":"https:\/\/www.erresse-shop.it\/fr\/wp-json\/wp\/v2\/types\/product"}],"wp:featuredmedia":[{"embeddable":true,"href":"https:\/\/www.erresse-shop.it\/fr\/wp-json\/wp\/v2\/media\/332156"}],"wp:attachment":[{"href":"https:\/\/www.erresse-shop.it\/fr\/wp-json\/wp\/v2\/media?parent=332091"}],"wp:term":[{"taxonomy":"product_cat","embeddable":true,"href":"https:\/\/www.erresse-shop.it\/fr\/wp-json\/wp\/v2\/product_cat?post=332091"},{"taxonomy":"product_tag","embeddable":true,"href":"https:\/\/www.erresse-shop.it\/fr\/wp-json\/wp\/v2\/product_tag?post=332091"}],"curies":[{"name":"wp","href":"https:\/\/api.w.org\/{rel}","templated":true}]}}