{"id":328860,"date":"2023-09-18T14:31:39","date_gmt":"2023-09-18T14:31:43","guid":{"rendered":"https:\/\/www.erresse-shop.it\/?post_type=product&#038;p=328860"},"modified":"2025-04-24T06:53:43","modified_gmt":"2025-04-24T06:53:43","slug":"wd-lifestyle-verre-a-bec-perroquet","status":"publish","type":"product","link":"https:\/\/www.erresse-shop.it\/fr\/shop\/table-fr-2\/verres\/wd-lifestyle-verre-a-bec-perroquet\/","title":{"rendered":"WD LIFESTYLE Verre \u00e0 Bec Perroquet"},"content":{"rendered":"<p>Chaque sujet est fabriqu\u00e9 \u00e0 la main en verre borosilicate souffl\u00e9, ce qui fait de chaque verre une pi\u00e8ce unique.<\/p>\n<p>Choisissez votre humeur de consommation et exp\u00e9rimentez diverses combinaisons pour cr\u00e9er une table joyeuse et raffin\u00e9e.<\/p>\n<p>Capacit\u00e9 : 1,7 L<br \/>\nTaille : \u00d8 18,5 x 17,5 cm<\/p>\n","protected":false},"excerpt":{"rendered":"<p>Chaque sujet est fabriqu\u00e9 \u00e0 la main en verre borosilicate souffl\u00e9, ce qui fait de chaque verre une pi\u00e8ce unique.<\/p>\n","protected":false},"featured_media":328870,"template":"","meta":{"_acf_changed":false,"inline_featured_image":false},"product_cat":[12782,12784],"product_tag":[24603,12826,14889,23645,21294],"acf":[],"yoast_head":"<!-- This site is optimized with the Yoast SEO Premium plugin v18.6 (Yoast SEO v19.13) - https:\/\/yoast.com\/wordpress\/plugins\/seo\/ -->\n<title>WD LIFESTYLE Verre \u00e0 Bec Perroquet - Erresse Shop<\/title>\n<meta name=\"description\" content=\"Chaque sujet est fabriqu\u00e9 \u00e0 la main en verre borosilicate souffl\u00e9, ce qui fait de chaque verre une pi\u00e8ce unique. Choisissez votre humeur de consommation\" \/>\n<meta name=\"robots\" content=\"index, follow, max-snippet:-1, max-image-preview:large, max-video-preview:-1\" \/>\n<link rel=\"canonical\" href=\"https:\/\/www.erresse-shop.it\/fr\/shop\/table-fr-2\/verres\/wd-lifestyle-verre-a-bec-perroquet\/\" \/>\n<meta property=\"og:locale\" content=\"fr_FR\" \/>\n<meta property=\"og:type\" content=\"article\" \/>\n<meta property=\"og:title\" content=\"WD LIFESTYLE Verre \u00e0 Bec Perroquet\" \/>\n<meta property=\"og:description\" content=\"Chaque sujet est fabriqu\u00e9 \u00e0 la main en verre borosilicate souffl\u00e9, ce qui fait de chaque verre une pi\u00e8ce unique. Choisissez votre humeur de consommation\" \/>\n<meta property=\"og:url\" content=\"https:\/\/www.erresse-shop.it\/fr\/shop\/table-fr-2\/verres\/wd-lifestyle-verre-a-bec-perroquet\/\" \/>\n<meta property=\"og:site_name\" content=\"Erresse Shop\" \/>\n<meta property=\"article:modified_time\" content=\"2025-04-24T06:53:43+00:00\" \/>\n<meta property=\"og:image\" content=\"https:\/\/www.erresse-shop.it\/wp-content\/uploads\/2023\/09\/WD-LIFESTYLE-Brocca-in-Vetro-Pappagallo.jpg\" \/>\n\t<meta property=\"og:image:width\" content=\"800\" \/>\n\t<meta property=\"og:image:height\" content=\"800\" \/>\n\t<meta property=\"og:image:type\" content=\"image\/jpeg\" \/>\n<meta name=\"twitter:card\" content=\"summary_large_image\" \/>\n<script type=\"application\/ld+json\" class=\"yoast-schema-graph\">{\"@context\":\"https:\/\/schema.org\",\"@graph\":[{\"@type\":\"WebPage\",\"@id\":\"https:\/\/www.erresse-shop.it\/fr\/shop\/table-fr-2\/verres\/wd-lifestyle-verre-a-bec-perroquet\/\",\"url\":\"https:\/\/www.erresse-shop.it\/fr\/shop\/table-fr-2\/verres\/wd-lifestyle-verre-a-bec-perroquet\/\",\"name\":\"WD LIFESTYLE Verre \u00e0 Bec Perroquet - Erresse Shop\",\"isPartOf\":{\"@id\":\"https:\/\/www.erresse-shop.it\/fr\/#website\"},\"datePublished\":\"2023-09-18T14:31:43+00:00\",\"dateModified\":\"2025-04-24T06:53:43+00:00\",\"description\":\"Chaque sujet est fabriqu\u00e9 \u00e0 la main en verre borosilicate souffl\u00e9, ce qui fait de chaque verre une pi\u00e8ce unique. Choisissez votre humeur de consommation\",\"breadcrumb\":{\"@id\":\"https:\/\/www.erresse-shop.it\/fr\/shop\/table-fr-2\/verres\/wd-lifestyle-verre-a-bec-perroquet\/#breadcrumb\"},\"inLanguage\":\"fr-FR\",\"potentialAction\":[{\"@type\":\"ReadAction\",\"target\":[\"https:\/\/www.erresse-shop.it\/fr\/shop\/table-fr-2\/verres\/wd-lifestyle-verre-a-bec-perroquet\/\"]}]},{\"@type\":\"BreadcrumbList\",\"@id\":\"https:\/\/www.erresse-shop.it\/fr\/shop\/table-fr-2\/verres\/wd-lifestyle-verre-a-bec-perroquet\/#breadcrumb\",\"itemListElement\":[{\"@type\":\"ListItem\",\"position\":1,\"name\":\"Home\",\"item\":\"https:\/\/www.erresse-shop.it\/fr\/\"},{\"@type\":\"ListItem\",\"position\":2,\"name\":\"Shop\",\"item\":\"https:\/\/www.erresse-shop.it\/fr\/shop\/\"},{\"@type\":\"ListItem\",\"position\":3,\"name\":\"WD LIFESTYLE Verre \u00e0 Bec Perroquet\"}]},{\"@type\":\"WebSite\",\"@id\":\"https:\/\/www.erresse-shop.it\/fr\/#website\",\"url\":\"https:\/\/www.erresse-shop.it\/fr\/\",\"name\":\"Erresse Shop\",\"description\":\"Articoli di qualit\u00e0 per la casa\",\"potentialAction\":[{\"@type\":\"SearchAction\",\"target\":{\"@type\":\"EntryPoint\",\"urlTemplate\":\"https:\/\/www.erresse-shop.it\/fr\/?s={search_term_string}\"},\"query-input\":\"required name=search_term_string\"}],\"inLanguage\":\"fr-FR\"}]}<\/script>\n<!-- \/ Yoast SEO Premium plugin. -->","yoast_head_json":{"title":"WD LIFESTYLE Verre \u00e0 Bec Perroquet - Erresse Shop","description":"Chaque sujet est fabriqu\u00e9 \u00e0 la main en verre borosilicate souffl\u00e9, ce qui fait de chaque verre une pi\u00e8ce unique. Choisissez votre humeur de consommation","robots":{"index":"index","follow":"follow","max-snippet":"max-snippet:-1","max-image-preview":"max-image-preview:large","max-video-preview":"max-video-preview:-1"},"canonical":"https:\/\/www.erresse-shop.it\/fr\/shop\/table-fr-2\/verres\/wd-lifestyle-verre-a-bec-perroquet\/","og_locale":"fr_FR","og_type":"article","og_title":"WD LIFESTYLE Verre \u00e0 Bec Perroquet","og_description":"Chaque sujet est fabriqu\u00e9 \u00e0 la main en verre borosilicate souffl\u00e9, ce qui fait de chaque verre une pi\u00e8ce unique. Choisissez votre humeur de consommation","og_url":"https:\/\/www.erresse-shop.it\/fr\/shop\/table-fr-2\/verres\/wd-lifestyle-verre-a-bec-perroquet\/","og_site_name":"Erresse Shop","article_modified_time":"2025-04-24T06:53:43+00:00","og_image":[{"width":800,"height":800,"url":"https:\/\/www.erresse-shop.it\/wp-content\/uploads\/2023\/09\/WD-LIFESTYLE-Brocca-in-Vetro-Pappagallo.jpg","type":"image\/jpeg"}],"twitter_card":"summary_large_image","schema":{"@context":"https:\/\/schema.org","@graph":[{"@type":"WebPage","@id":"https:\/\/www.erresse-shop.it\/fr\/shop\/table-fr-2\/verres\/wd-lifestyle-verre-a-bec-perroquet\/","url":"https:\/\/www.erresse-shop.it\/fr\/shop\/table-fr-2\/verres\/wd-lifestyle-verre-a-bec-perroquet\/","name":"WD LIFESTYLE Verre \u00e0 Bec Perroquet - Erresse Shop","isPartOf":{"@id":"https:\/\/www.erresse-shop.it\/fr\/#website"},"datePublished":"2023-09-18T14:31:43+00:00","dateModified":"2025-04-24T06:53:43+00:00","description":"Chaque sujet est fabriqu\u00e9 \u00e0 la main en verre borosilicate souffl\u00e9, ce qui fait de chaque verre une pi\u00e8ce unique. Choisissez votre humeur de consommation","breadcrumb":{"@id":"https:\/\/www.erresse-shop.it\/fr\/shop\/table-fr-2\/verres\/wd-lifestyle-verre-a-bec-perroquet\/#breadcrumb"},"inLanguage":"fr-FR","potentialAction":[{"@type":"ReadAction","target":["https:\/\/www.erresse-shop.it\/fr\/shop\/table-fr-2\/verres\/wd-lifestyle-verre-a-bec-perroquet\/"]}]},{"@type":"BreadcrumbList","@id":"https:\/\/www.erresse-shop.it\/fr\/shop\/table-fr-2\/verres\/wd-lifestyle-verre-a-bec-perroquet\/#breadcrumb","itemListElement":[{"@type":"ListItem","position":1,"name":"Home","item":"https:\/\/www.erresse-shop.it\/fr\/"},{"@type":"ListItem","position":2,"name":"Shop","item":"https:\/\/www.erresse-shop.it\/fr\/shop\/"},{"@type":"ListItem","position":3,"name":"WD LIFESTYLE Verre \u00e0 Bec Perroquet"}]},{"@type":"WebSite","@id":"https:\/\/www.erresse-shop.it\/fr\/#website","url":"https:\/\/www.erresse-shop.it\/fr\/","name":"Erresse Shop","description":"Articoli di qualit\u00e0 per la casa","potentialAction":[{"@type":"SearchAction","target":{"@type":"EntryPoint","urlTemplate":"https:\/\/www.erresse-shop.it\/fr\/?s={search_term_string}"},"query-input":"required name=search_term_string"}],"inLanguage":"fr-FR"}]}},"df_price":9.95,"df_sale_price":9.95,"df_regular_price":11.9,"df_image_link":"https:\/\/www.erresse-shop.it\/wp-content\/uploads\/2023\/09\/WD-LIFESTYLE-Brocca-in-Vetro-Pappagallo-300x300.jpg","_links":{"self":[{"href":"https:\/\/www.erresse-shop.it\/fr\/wp-json\/wp\/v2\/product\/328860"}],"collection":[{"href":"https:\/\/www.erresse-shop.it\/fr\/wp-json\/wp\/v2\/product"}],"about":[{"href":"https:\/\/www.erresse-shop.it\/fr\/wp-json\/wp\/v2\/types\/product"}],"wp:featuredmedia":[{"embeddable":true,"href":"https:\/\/www.erresse-shop.it\/fr\/wp-json\/wp\/v2\/media\/328870"}],"wp:attachment":[{"href":"https:\/\/www.erresse-shop.it\/fr\/wp-json\/wp\/v2\/media?parent=328860"}],"wp:term":[{"taxonomy":"product_cat","embeddable":true,"href":"https:\/\/www.erresse-shop.it\/fr\/wp-json\/wp\/v2\/product_cat?post=328860"},{"taxonomy":"product_tag","embeddable":true,"href":"https:\/\/www.erresse-shop.it\/fr\/wp-json\/wp\/v2\/product_tag?post=328860"}],"curies":[{"name":"wp","href":"https:\/\/api.w.org\/{rel}","templated":true}]}}