{"id":327098,"date":"2023-09-13T10:04:04","date_gmt":"2023-09-13T10:04:09","guid":{"rendered":"https:\/\/www.erresse-shop.it\/?post_type=product&#038;p=327098"},"modified":"2024-07-16T00:00:33","modified_gmt":"2024-07-16T00:00:33","slug":"weber-barbecue-a-gaz-q-2200","status":"publish","type":"product","link":"https:\/\/www.erresse-shop.it\/fr\/shop\/petits-electromenagers\/grilles-et-barbecues\/weber-barbecue-a-gaz-q-2200\/","title":{"rendered":"WEBER Barbecue \u00e0 Gaz Q 2200"},"content":{"rendered":"<p>Ce sont les petites choses qui font la diff\u00e9rence. Pr\u00e9parez un d\u00e9jeuner rapide avec des hamburgers et des hot-dogs ou un filet de poisson pour le d\u00eener de la famille. Le barbecue \u00e0 gaz Q 2200 est une solution facile pour tous les repas.<br \/>\nConception compacte<br \/>\nAssez petit pour griller en d\u00e9placement, avec suffisamment d&#8217;espace pour cuire un repas entier.<\/p>\n<p><strong>Grilles de cuisson en fonte \u00e9maill\u00e9e<\/strong><br \/>\nLes grilles de cuisson en fonte \u00e9maill\u00e9e de porcelaine permettent une r\u00e9partition uniforme de la chaleur sur toute la surface du barbecue et une meilleure r\u00e9tention de la chaleur.<\/p>\n<p><strong>Bac \u00e0 graisse amovible<\/strong><br \/>\nLa graisse est canalis\u00e9e dans le bac de r\u00e9cup\u00e9ration pour faciliter le nettoyage.<\/p>\n<p><strong>Tablettes lat\u00e9rales rabattables<\/strong><br \/>\nUtilisez la tablette pour garder les petits plats, les condiments et les ustensiles \u00e0 port\u00e9e de main. Elle peut \u00e9galement \u00eatre repli\u00e9e pour faciliter le rangement.<\/p>\n<p><strong>Thermom\u00e8tre de couvercle<\/strong><br \/>\nContr\u00f4lez facilement la temp\u00e9rature \u00e0 l&#8217;int\u00e9rieur du barbecue.<\/p>\n<p><strong>Allumage \u00e9lectronique<\/strong><br \/>\nAppuyez sur le bouton d&#8217;alimentation et maintenez-le enfonc\u00e9 pour allumer le br\u00fbleur.<\/p>\n<p><strong>CARACT\u00c9RISTIQUES TECHNIQUES<\/strong><\/p>\n<ul>\n<li>PUISSANCE DU BR\u00dbLEUR : (KW)3,52<\/li>\n<li>Dimensions &#8211; couvercle ouvert et \u00e9tag\u00e8res ouvertes (centim\u00e8tres)66,1cm H x 130,6cm L x 63,8cm P<\/li>\n<li>Dimensions &#8211; couvercle ferm\u00e9 et \u00e9tag\u00e8res ouvertes (centim\u00e8tres)39,4cm H x 130,6cm L x 49,6cm P<\/li>\n<li>Surface de cuisson (centim\u00e8tres)54 x 39<\/li>\n<li>Poids (kg)19.731<\/li>\n<li>Br\u00fbleurs en acier inoxydable1<\/li>\n<li>Type de combustible : GPL GAZ (bouteille rechargeable vendue s\u00e9par\u00e9ment)<\/li>\n<\/ul>\n","protected":false},"excerpt":{"rendered":"<p><br data-mce-bogus=\"1\"><\/p>\n","protected":false},"featured_media":327128,"template":"","meta":{"_acf_changed":false,"inline_featured_image":false},"product_cat":[13383,12449],"product_tag":[25181,13384,25021,23631,12858,13269,24603,22514],"acf":[],"yoast_head":"<!-- This site is optimized with the Yoast SEO Premium plugin v18.6 (Yoast SEO v19.13) - https:\/\/yoast.com\/wordpress\/plugins\/seo\/ -->\n<title>WEBER Barbecue \u00e0 Gaz Q 2200 - Erresse Shop<\/title>\n<meta name=\"robots\" content=\"index, follow, max-snippet:-1, max-image-preview:large, max-video-preview:-1\" \/>\n<link rel=\"canonical\" href=\"https:\/\/www.erresse-shop.it\/fr\/shop\/petits-electromenagers\/grilles-et-barbecues\/weber-barbecue-a-gaz-q-2200\/\" \/>\n<meta property=\"og:locale\" content=\"fr_FR\" \/>\n<meta property=\"og:type\" content=\"article\" \/>\n<meta property=\"og:title\" content=\"WEBER Barbecue \u00e0 Gaz Q 2200\" \/>\n<meta property=\"og:url\" content=\"https:\/\/www.erresse-shop.it\/fr\/shop\/petits-electromenagers\/grilles-et-barbecues\/weber-barbecue-a-gaz-q-2200\/\" \/>\n<meta property=\"og:site_name\" content=\"Erresse Shop\" \/>\n<meta property=\"article:modified_time\" content=\"2024-07-16T00:00:33+00:00\" \/>\n<meta property=\"og:image\" content=\"https:\/\/www.erresse-shop.it\/wp-content\/uploads\/2023\/09\/WEBER-Barbecue-a-Gas-Q-2200.jpg\" \/>\n\t<meta property=\"og:image:width\" content=\"800\" \/>\n\t<meta property=\"og:image:height\" content=\"800\" \/>\n\t<meta property=\"og:image:type\" content=\"image\/jpeg\" \/>\n<meta name=\"twitter:card\" content=\"summary_large_image\" \/>\n<script type=\"application\/ld+json\" class=\"yoast-schema-graph\">{\"@context\":\"https:\/\/schema.org\",\"@graph\":[{\"@type\":\"WebPage\",\"@id\":\"https:\/\/www.erresse-shop.it\/fr\/shop\/petits-electromenagers\/grilles-et-barbecues\/weber-barbecue-a-gaz-q-2200\/\",\"url\":\"https:\/\/www.erresse-shop.it\/fr\/shop\/petits-electromenagers\/grilles-et-barbecues\/weber-barbecue-a-gaz-q-2200\/\",\"name\":\"WEBER Barbecue \u00e0 Gaz Q 2200 - Erresse Shop\",\"isPartOf\":{\"@id\":\"https:\/\/www.erresse-shop.it\/fr\/#website\"},\"datePublished\":\"2023-09-13T10:04:09+00:00\",\"dateModified\":\"2024-07-16T00:00:33+00:00\",\"breadcrumb\":{\"@id\":\"https:\/\/www.erresse-shop.it\/fr\/shop\/petits-electromenagers\/grilles-et-barbecues\/weber-barbecue-a-gaz-q-2200\/#breadcrumb\"},\"inLanguage\":\"fr-FR\",\"potentialAction\":[{\"@type\":\"ReadAction\",\"target\":[\"https:\/\/www.erresse-shop.it\/fr\/shop\/petits-electromenagers\/grilles-et-barbecues\/weber-barbecue-a-gaz-q-2200\/\"]}]},{\"@type\":\"BreadcrumbList\",\"@id\":\"https:\/\/www.erresse-shop.it\/fr\/shop\/petits-electromenagers\/grilles-et-barbecues\/weber-barbecue-a-gaz-q-2200\/#breadcrumb\",\"itemListElement\":[{\"@type\":\"ListItem\",\"position\":1,\"name\":\"Home\",\"item\":\"https:\/\/www.erresse-shop.it\/fr\/\"},{\"@type\":\"ListItem\",\"position\":2,\"name\":\"Shop\",\"item\":\"https:\/\/www.erresse-shop.it\/fr\/shop\/\"},{\"@type\":\"ListItem\",\"position\":3,\"name\":\"WEBER Barbecue \u00e0 Gaz Q 2200\"}]},{\"@type\":\"WebSite\",\"@id\":\"https:\/\/www.erresse-shop.it\/fr\/#website\",\"url\":\"https:\/\/www.erresse-shop.it\/fr\/\",\"name\":\"Erresse Shop\",\"description\":\"Articoli di qualit\u00e0 per la casa\",\"potentialAction\":[{\"@type\":\"SearchAction\",\"target\":{\"@type\":\"EntryPoint\",\"urlTemplate\":\"https:\/\/www.erresse-shop.it\/fr\/?s={search_term_string}\"},\"query-input\":\"required name=search_term_string\"}],\"inLanguage\":\"fr-FR\"}]}<\/script>\n<!-- \/ Yoast SEO Premium plugin. -->","yoast_head_json":{"title":"WEBER Barbecue \u00e0 Gaz Q 2200 - Erresse Shop","robots":{"index":"index","follow":"follow","max-snippet":"max-snippet:-1","max-image-preview":"max-image-preview:large","max-video-preview":"max-video-preview:-1"},"canonical":"https:\/\/www.erresse-shop.it\/fr\/shop\/petits-electromenagers\/grilles-et-barbecues\/weber-barbecue-a-gaz-q-2200\/","og_locale":"fr_FR","og_type":"article","og_title":"WEBER Barbecue \u00e0 Gaz Q 2200","og_url":"https:\/\/www.erresse-shop.it\/fr\/shop\/petits-electromenagers\/grilles-et-barbecues\/weber-barbecue-a-gaz-q-2200\/","og_site_name":"Erresse Shop","article_modified_time":"2024-07-16T00:00:33+00:00","og_image":[{"width":800,"height":800,"url":"https:\/\/www.erresse-shop.it\/wp-content\/uploads\/2023\/09\/WEBER-Barbecue-a-Gas-Q-2200.jpg","type":"image\/jpeg"}],"twitter_card":"summary_large_image","schema":{"@context":"https:\/\/schema.org","@graph":[{"@type":"WebPage","@id":"https:\/\/www.erresse-shop.it\/fr\/shop\/petits-electromenagers\/grilles-et-barbecues\/weber-barbecue-a-gaz-q-2200\/","url":"https:\/\/www.erresse-shop.it\/fr\/shop\/petits-electromenagers\/grilles-et-barbecues\/weber-barbecue-a-gaz-q-2200\/","name":"WEBER Barbecue \u00e0 Gaz Q 2200 - Erresse Shop","isPartOf":{"@id":"https:\/\/www.erresse-shop.it\/fr\/#website"},"datePublished":"2023-09-13T10:04:09+00:00","dateModified":"2024-07-16T00:00:33+00:00","breadcrumb":{"@id":"https:\/\/www.erresse-shop.it\/fr\/shop\/petits-electromenagers\/grilles-et-barbecues\/weber-barbecue-a-gaz-q-2200\/#breadcrumb"},"inLanguage":"fr-FR","potentialAction":[{"@type":"ReadAction","target":["https:\/\/www.erresse-shop.it\/fr\/shop\/petits-electromenagers\/grilles-et-barbecues\/weber-barbecue-a-gaz-q-2200\/"]}]},{"@type":"BreadcrumbList","@id":"https:\/\/www.erresse-shop.it\/fr\/shop\/petits-electromenagers\/grilles-et-barbecues\/weber-barbecue-a-gaz-q-2200\/#breadcrumb","itemListElement":[{"@type":"ListItem","position":1,"name":"Home","item":"https:\/\/www.erresse-shop.it\/fr\/"},{"@type":"ListItem","position":2,"name":"Shop","item":"https:\/\/www.erresse-shop.it\/fr\/shop\/"},{"@type":"ListItem","position":3,"name":"WEBER Barbecue \u00e0 Gaz Q 2200"}]},{"@type":"WebSite","@id":"https:\/\/www.erresse-shop.it\/fr\/#website","url":"https:\/\/www.erresse-shop.it\/fr\/","name":"Erresse Shop","description":"Articoli di qualit\u00e0 per la casa","potentialAction":[{"@type":"SearchAction","target":{"@type":"EntryPoint","urlTemplate":"https:\/\/www.erresse-shop.it\/fr\/?s={search_term_string}"},"query-input":"required name=search_term_string"}],"inLanguage":"fr-FR"}]}},"df_price":439,"df_sale_price":439,"df_regular_price":549,"df_image_link":"https:\/\/www.erresse-shop.it\/wp-content\/uploads\/2023\/09\/WEBER-Barbecue-a-Gas-Q-2200-300x300.jpg","_links":{"self":[{"href":"https:\/\/www.erresse-shop.it\/fr\/wp-json\/wp\/v2\/product\/327098"}],"collection":[{"href":"https:\/\/www.erresse-shop.it\/fr\/wp-json\/wp\/v2\/product"}],"about":[{"href":"https:\/\/www.erresse-shop.it\/fr\/wp-json\/wp\/v2\/types\/product"}],"wp:featuredmedia":[{"embeddable":true,"href":"https:\/\/www.erresse-shop.it\/fr\/wp-json\/wp\/v2\/media\/327128"}],"wp:attachment":[{"href":"https:\/\/www.erresse-shop.it\/fr\/wp-json\/wp\/v2\/media?parent=327098"}],"wp:term":[{"taxonomy":"product_cat","embeddable":true,"href":"https:\/\/www.erresse-shop.it\/fr\/wp-json\/wp\/v2\/product_cat?post=327098"},{"taxonomy":"product_tag","embeddable":true,"href":"https:\/\/www.erresse-shop.it\/fr\/wp-json\/wp\/v2\/product_tag?post=327098"}],"curies":[{"name":"wp","href":"https:\/\/api.w.org\/{rel}","templated":true}]}}