{"id":327068,"date":"2023-09-13T09:40:11","date_gmt":"2023-09-13T09:40:14","guid":{"rendered":"https:\/\/www.erresse-shop.it\/?post_type=product&#038;p=327068"},"modified":"2025-01-14T17:34:40","modified_gmt":"2025-01-14T17:34:40","slug":"coravin-aiguille-et-bec-pour-timeless-eleven","status":"publish","type":"product","link":"https:\/\/www.erresse-shop.it\/fr\/shop\/table-fr-2\/vin\/coravin-aiguille-et-bec-pour-timeless-eleven\/","title":{"rendered":"CORAVIN Aiguille et Bec pour Timeless Eleven"},"content":{"rendered":"<p>Les aiguilles <strong>Timeless Eleven<\/strong> sont sp\u00e9cialement con\u00e7ues pour permettre au vin et au gaz argon de circuler simultan\u00e9ment.<br \/>\nL&#8217;aiguille Timeless Eleven quick-mix permet de verser le vin \u00e0 une vitesse 15% plus rapide que l&#8217;aiguille Timeless Eleven standard. Ce kit comprend toutes les pi\u00e8ces du syst\u00e8me Timeless Eleven qui entrent en contact avec le vin, ce qui permet un remplacement facile et pratique en cas de besoin.<\/p>\n<p><strong>Contenu du kit :<\/strong><\/p>\n<ul>\n<li>Aiguille de m\u00e9lange rapide Timeless Eleven<\/li>\n<li>Bec verseur en m\u00e9tal,<\/li>\n<li>Nettoyeur pour \u00e9liminer les particules de li\u00e8ge si l&#8217;aiguille Timeless Eleven est obstru\u00e9e.<\/li>\n<\/ul>\n","protected":false},"excerpt":{"rendered":"<p>Les aiguilles Timeless Eleven sont sp\u00e9cialement con\u00e7ues pour permettre au vin et au gaz argon de circuler simultan\u00e9ment. L&#8217;aiguille Timeless<\/p>\n","protected":false},"featured_media":327090,"template":"","meta":{"_acf_changed":false,"inline_featured_image":false},"product_cat":[25982,12782,12754],"product_tag":[25036,25021,24397,16884,23682],"acf":[],"yoast_head":"<!-- This site is optimized with the Yoast SEO Premium plugin v18.6 (Yoast SEO v19.13) - https:\/\/yoast.com\/wordpress\/plugins\/seo\/ -->\n<title>CORAVIN Aiguille et Bec pour Timeless Eleven<\/title>\n<meta name=\"description\" content=\"D\u00e9couvrez CORAVIN Aiguille et Bec pour Timeless Eleven sur ErresseShop. Qualit\u00e9, prix r\u00e9duits et achat s\u00e9curis\u00e9 \u2013 commandez d\u00e8s maintenant en ligne !\" \/>\n<meta name=\"robots\" content=\"index, follow, max-snippet:-1, max-image-preview:large, max-video-preview:-1\" \/>\n<link rel=\"canonical\" href=\"https:\/\/www.erresse-shop.it\/fr\/shop\/table-fr-2\/vin\/coravin-aiguille-et-bec-pour-timeless-eleven\/\" \/>\n<meta property=\"og:locale\" content=\"fr_FR\" \/>\n<meta property=\"og:type\" content=\"article\" \/>\n<meta property=\"og:title\" content=\"CORAVIN Aiguille et Bec pour Timeless Eleven\" \/>\n<meta property=\"og:description\" content=\"D\u00e9couvrez CORAVIN Aiguille et Bec pour Timeless Eleven sur ErresseShop. Qualit\u00e9, prix r\u00e9duits et achat s\u00e9curis\u00e9 \u2013 commandez d\u00e8s maintenant en ligne !\" \/>\n<meta property=\"og:url\" content=\"https:\/\/www.erresse-shop.it\/fr\/shop\/table-fr-2\/vin\/coravin-aiguille-et-bec-pour-timeless-eleven\/\" \/>\n<meta property=\"og:site_name\" content=\"Erresse Shop\" \/>\n<meta property=\"article:modified_time\" content=\"2025-01-14T17:34:40+00:00\" \/>\n<meta property=\"og:image\" content=\"https:\/\/www.erresse-shop.it\/wp-content\/uploads\/2023\/09\/CORAVIN-Ago-e-Beccuccio-per-Timeless-Eleven.jpg\" \/>\n\t<meta property=\"og:image:width\" content=\"800\" \/>\n\t<meta property=\"og:image:height\" content=\"800\" \/>\n\t<meta property=\"og:image:type\" content=\"image\/jpeg\" \/>\n<meta name=\"twitter:card\" content=\"summary_large_image\" \/>\n<script type=\"application\/ld+json\" class=\"yoast-schema-graph\">{\"@context\":\"https:\/\/schema.org\",\"@graph\":[{\"@type\":\"WebPage\",\"@id\":\"https:\/\/www.erresse-shop.it\/fr\/shop\/table-fr-2\/vin\/coravin-aiguille-et-bec-pour-timeless-eleven\/\",\"url\":\"https:\/\/www.erresse-shop.it\/fr\/shop\/table-fr-2\/vin\/coravin-aiguille-et-bec-pour-timeless-eleven\/\",\"name\":\"CORAVIN Aiguille et Bec pour Timeless Eleven\",\"isPartOf\":{\"@id\":\"https:\/\/www.erresse-shop.it\/fr\/#website\"},\"datePublished\":\"2023-09-13T09:40:14+00:00\",\"dateModified\":\"2025-01-14T17:34:40+00:00\",\"description\":\"D\u00e9couvrez CORAVIN Aiguille et Bec pour Timeless Eleven sur ErresseShop. Qualit\u00e9, prix r\u00e9duits et achat s\u00e9curis\u00e9 \u2013 commandez d\u00e8s maintenant en ligne !\",\"breadcrumb\":{\"@id\":\"https:\/\/www.erresse-shop.it\/fr\/shop\/table-fr-2\/vin\/coravin-aiguille-et-bec-pour-timeless-eleven\/#breadcrumb\"},\"inLanguage\":\"fr-FR\",\"potentialAction\":[{\"@type\":\"ReadAction\",\"target\":[\"https:\/\/www.erresse-shop.it\/fr\/shop\/table-fr-2\/vin\/coravin-aiguille-et-bec-pour-timeless-eleven\/\"]}]},{\"@type\":\"BreadcrumbList\",\"@id\":\"https:\/\/www.erresse-shop.it\/fr\/shop\/table-fr-2\/vin\/coravin-aiguille-et-bec-pour-timeless-eleven\/#breadcrumb\",\"itemListElement\":[{\"@type\":\"ListItem\",\"position\":1,\"name\":\"Home\",\"item\":\"https:\/\/www.erresse-shop.it\/fr\/\"},{\"@type\":\"ListItem\",\"position\":2,\"name\":\"Shop\",\"item\":\"https:\/\/www.erresse-shop.it\/fr\/shop\/\"},{\"@type\":\"ListItem\",\"position\":3,\"name\":\"CORAVIN Aiguille et Bec pour Timeless Eleven\"}]},{\"@type\":\"WebSite\",\"@id\":\"https:\/\/www.erresse-shop.it\/fr\/#website\",\"url\":\"https:\/\/www.erresse-shop.it\/fr\/\",\"name\":\"Erresse Shop\",\"description\":\"Articoli di qualit\u00e0 per la casa\",\"potentialAction\":[{\"@type\":\"SearchAction\",\"target\":{\"@type\":\"EntryPoint\",\"urlTemplate\":\"https:\/\/www.erresse-shop.it\/fr\/?s={search_term_string}\"},\"query-input\":\"required name=search_term_string\"}],\"inLanguage\":\"fr-FR\"}]}<\/script>\n<!-- \/ Yoast SEO Premium plugin. -->","yoast_head_json":{"title":"CORAVIN Aiguille et Bec pour Timeless Eleven","description":"D\u00e9couvrez CORAVIN Aiguille et Bec pour Timeless Eleven sur ErresseShop. Qualit\u00e9, prix r\u00e9duits et achat s\u00e9curis\u00e9 \u2013 commandez d\u00e8s maintenant en ligne !","robots":{"index":"index","follow":"follow","max-snippet":"max-snippet:-1","max-image-preview":"max-image-preview:large","max-video-preview":"max-video-preview:-1"},"canonical":"https:\/\/www.erresse-shop.it\/fr\/shop\/table-fr-2\/vin\/coravin-aiguille-et-bec-pour-timeless-eleven\/","og_locale":"fr_FR","og_type":"article","og_title":"CORAVIN Aiguille et Bec pour Timeless Eleven","og_description":"D\u00e9couvrez CORAVIN Aiguille et Bec pour Timeless Eleven sur ErresseShop. Qualit\u00e9, prix r\u00e9duits et achat s\u00e9curis\u00e9 \u2013 commandez d\u00e8s maintenant en ligne !","og_url":"https:\/\/www.erresse-shop.it\/fr\/shop\/table-fr-2\/vin\/coravin-aiguille-et-bec-pour-timeless-eleven\/","og_site_name":"Erresse Shop","article_modified_time":"2025-01-14T17:34:40+00:00","og_image":[{"width":800,"height":800,"url":"https:\/\/www.erresse-shop.it\/wp-content\/uploads\/2023\/09\/CORAVIN-Ago-e-Beccuccio-per-Timeless-Eleven.jpg","type":"image\/jpeg"}],"twitter_card":"summary_large_image","schema":{"@context":"https:\/\/schema.org","@graph":[{"@type":"WebPage","@id":"https:\/\/www.erresse-shop.it\/fr\/shop\/table-fr-2\/vin\/coravin-aiguille-et-bec-pour-timeless-eleven\/","url":"https:\/\/www.erresse-shop.it\/fr\/shop\/table-fr-2\/vin\/coravin-aiguille-et-bec-pour-timeless-eleven\/","name":"CORAVIN Aiguille et Bec pour Timeless Eleven","isPartOf":{"@id":"https:\/\/www.erresse-shop.it\/fr\/#website"},"datePublished":"2023-09-13T09:40:14+00:00","dateModified":"2025-01-14T17:34:40+00:00","description":"D\u00e9couvrez CORAVIN Aiguille et Bec pour Timeless Eleven sur ErresseShop. Qualit\u00e9, prix r\u00e9duits et achat s\u00e9curis\u00e9 \u2013 commandez d\u00e8s maintenant en ligne !","breadcrumb":{"@id":"https:\/\/www.erresse-shop.it\/fr\/shop\/table-fr-2\/vin\/coravin-aiguille-et-bec-pour-timeless-eleven\/#breadcrumb"},"inLanguage":"fr-FR","potentialAction":[{"@type":"ReadAction","target":["https:\/\/www.erresse-shop.it\/fr\/shop\/table-fr-2\/vin\/coravin-aiguille-et-bec-pour-timeless-eleven\/"]}]},{"@type":"BreadcrumbList","@id":"https:\/\/www.erresse-shop.it\/fr\/shop\/table-fr-2\/vin\/coravin-aiguille-et-bec-pour-timeless-eleven\/#breadcrumb","itemListElement":[{"@type":"ListItem","position":1,"name":"Home","item":"https:\/\/www.erresse-shop.it\/fr\/"},{"@type":"ListItem","position":2,"name":"Shop","item":"https:\/\/www.erresse-shop.it\/fr\/shop\/"},{"@type":"ListItem","position":3,"name":"CORAVIN Aiguille et Bec pour Timeless Eleven"}]},{"@type":"WebSite","@id":"https:\/\/www.erresse-shop.it\/fr\/#website","url":"https:\/\/www.erresse-shop.it\/fr\/","name":"Erresse Shop","description":"Articoli di qualit\u00e0 per la casa","potentialAction":[{"@type":"SearchAction","target":{"@type":"EntryPoint","urlTemplate":"https:\/\/www.erresse-shop.it\/fr\/?s={search_term_string}"},"query-input":"required name=search_term_string"}],"inLanguage":"fr-FR"}]}},"df_price":69.92999999999999,"df_sale_price":69.92999999999999,"df_regular_price":99.9,"df_image_link":"https:\/\/www.erresse-shop.it\/wp-content\/uploads\/2023\/09\/CORAVIN-Ago-e-Beccuccio-per-Timeless-Eleven-300x300.jpg","_links":{"self":[{"href":"https:\/\/www.erresse-shop.it\/fr\/wp-json\/wp\/v2\/product\/327068"}],"collection":[{"href":"https:\/\/www.erresse-shop.it\/fr\/wp-json\/wp\/v2\/product"}],"about":[{"href":"https:\/\/www.erresse-shop.it\/fr\/wp-json\/wp\/v2\/types\/product"}],"wp:featuredmedia":[{"embeddable":true,"href":"https:\/\/www.erresse-shop.it\/fr\/wp-json\/wp\/v2\/media\/327090"}],"wp:attachment":[{"href":"https:\/\/www.erresse-shop.it\/fr\/wp-json\/wp\/v2\/media?parent=327068"}],"wp:term":[{"taxonomy":"product_cat","embeddable":true,"href":"https:\/\/www.erresse-shop.it\/fr\/wp-json\/wp\/v2\/product_cat?post=327068"},{"taxonomy":"product_tag","embeddable":true,"href":"https:\/\/www.erresse-shop.it\/fr\/wp-json\/wp\/v2\/product_tag?post=327068"}],"curies":[{"name":"wp","href":"https:\/\/api.w.org\/{rel}","templated":true}]}}