{"id":310373,"date":"2019-06-21T12:43:39","date_gmt":"2019-06-21T12:43:39","guid":{"rendered":"https:\/\/www.erresse-shop.it\/shop\/non%20class\u00e9\/wmf-set-de-couverts-denver-60-pieces\/"},"modified":"2024-06-04T21:08:05","modified_gmt":"2024-06-04T21:08:05","slug":"wmf-set-de-couverts-denver-60-pieces","status":"publish","type":"product","link":"https:\/\/www.erresse-shop.it\/fr\/shop\/table-fr-2\/couverts\/wmf-set-de-couverts-denver-60-pieces\/","title":{"rendered":"WMF Set de Couverts Denver 60 pi\u00e8ces"},"content":{"rendered":"<p><strong>Ligne de couverts Denver : \u00e9nergique et contemporaine<\/strong><\/p>\n<p>Rendez chaque exp\u00e9rience culinaire captivante. Avec les couverts Denver de WMF, les surfaces polies rencontrent des pointes larges et des lignes effil\u00e9es. Le design puissant mais intemporel est fabriqu\u00e9 en acier inoxydable 18\/10 Cromargan\u00ae de haute qualit\u00e9 pour une durabilit\u00e9 exceptionnelle et une esth\u00e9tique exquise qui ne manque pas d&#8217;impressionner. Fabriqu\u00e9 avec soin par des experts, cet ensemble de couverts ergonomiques s&#8217;adapte parfaitement \u00e0 chaque main et est produit avec toute l&#8217;habilet\u00e9 et le savoir-faire qui font la renomm\u00e9e de la marque WMF. Les couteaux sont forg\u00e9s dans une seule pi\u00e8ce d&#8217;acier, puis tremp\u00e9s. Ils sont \u00e9galement dot\u00e9s d&#8217;un tranchant dentel\u00e9 sp\u00e9cialement con\u00e7u pour garantir un tranchant durable et une coupe parfaite. Le set, qui peut \u00eatre lav\u00e9 au lave-vaisselle pour un nettoyage rapide et facile, est pr\u00e9sent\u00e9 dans un emballage attrayant qui permet de le ranger facilement et en toute s\u00e9curit\u00e9.<\/p>\n<p><strong>\u00c9nergique et contemporain<\/strong><br \/>\nLes couverts Denver de WMF offrent un attrait intemporel et une forte pr\u00e9sence gr\u00e2ce \u00e0 des surfaces polies, des extr\u00e9mit\u00e9s larges et des lignes effil\u00e9es. Il en r\u00e9sulte des couverts extraordinaires qui font de chaque table une exp\u00e9rience culinaire captivante.<\/p>\n<p><strong>Un aspect et un toucher haut de gamme<\/strong><br \/>\nLes couverts WMF allient un design unique \u00e0 la plus haute qualit\u00e9, ce qui en fait un d\u00e9lice au quotidien. Chaque article offre une sensation agr\u00e9able et ergonomique qui s&#8217;adapte parfaitement \u00e0 chaque main.<\/p>\n<p><strong>Cromargan\u00ae (acier inoxydable)<\/strong><br \/>\nFabriqu\u00e9 en acier inoxydable Cromargan\u00ae 18\/10, un mat\u00e9riau robuste et \u00e9l\u00e9gant pour une durabilit\u00e9 et une hygi\u00e8ne exceptionnelles, lavable au lave-vaisselle, inalt\u00e9rable, facile d&#8217;entretien, insipide et r\u00e9sistant aux acides alimentaires.<\/p>\n<p><strong>Lavable au lave-vaisselle<\/strong><br \/>\nFabriqu\u00e9s avec la plus grande qualit\u00e9, tous les articles sont soigneusement con\u00e7us pour passer au lave-vaisselle sans se tordre.<\/p>\n<p><strong>Couteaux forg\u00e9s<\/strong><br \/>\nLes couteaux sont forg\u00e9s \u00e0 partir d&#8217;une seule pi\u00e8ce d&#8217;acier inoxydable, puis tremp\u00e9s. Ils sont \u00e9galement dot\u00e9s d&#8217;un bord dentel\u00e9 sp\u00e9cialement con\u00e7u pour garantir un tranchant optimal et une longue dur\u00e9e de vie.<\/p>\n<p><strong>Contenu :<\/strong><\/p>\n<ul>\n<li>12 couteaux de table<\/li>\n<li>12 fourchettes de table<\/li>\n<li>12 cuill\u00e8res de table<\/li>\n<li>12 cuill\u00e8res<\/li>\n<li>12 fourchettes \u00e0 fruits<\/li>\n<\/ul>\n","protected":false},"excerpt":{"rendered":"<p>Ligne de couverts Denver : \u00e9nergique et contemporaine Rendez chaque exp\u00e9rience culinaire captivante. Avec les couverts Denver de WMF, les<\/p>\n","protected":false},"featured_media":310356,"template":"","meta":{"_acf_changed":false,"inline_featured_image":false},"product_cat":[12790,12782],"product_tag":[24423],"acf":[],"yoast_head":"<!-- This site is optimized with the Yoast SEO Premium plugin v18.6 (Yoast SEO v19.13) - https:\/\/yoast.com\/wordpress\/plugins\/seo\/ -->\n<title>WMF Set de Couverts Denver 60 pi\u00e8ces - Erresse Shop<\/title>\n<meta name=\"description\" content=\"Ligne de couverts Denver : \u00e9nergique et contemporaine Rendez chaque exp\u00e9rience culinaire captivante. Avec les couverts Denver de WMF, les surfaces polies\" \/>\n<meta name=\"robots\" content=\"index, follow, max-snippet:-1, max-image-preview:large, max-video-preview:-1\" \/>\n<link rel=\"canonical\" href=\"https:\/\/www.erresse-shop.it\/fr\/shop\/table-fr-2\/couverts\/wmf-set-de-couverts-denver-60-pieces\/\" \/>\n<meta property=\"og:locale\" content=\"fr_FR\" \/>\n<meta property=\"og:type\" content=\"article\" \/>\n<meta property=\"og:title\" content=\"WMF Set de Couverts Denver 60 pi\u00e8ces\" \/>\n<meta property=\"og:description\" content=\"Ligne de couverts Denver : \u00e9nergique et contemporaine Rendez chaque exp\u00e9rience culinaire captivante. Avec les couverts Denver de WMF, les surfaces polies\" \/>\n<meta property=\"og:url\" content=\"https:\/\/www.erresse-shop.it\/fr\/shop\/table-fr-2\/couverts\/wmf-set-de-couverts-denver-60-pieces\/\" \/>\n<meta property=\"og:site_name\" content=\"Erresse Shop\" \/>\n<meta property=\"article:modified_time\" content=\"2024-06-04T21:08:05+00:00\" \/>\n<meta property=\"og:image\" content=\"https:\/\/www.erresse-shop.it\/wp-content\/uploads\/2019\/06\/WMF-Set-Posate-Denver-60-Pezzi.jpg\" \/>\n\t<meta property=\"og:image:width\" content=\"800\" \/>\n\t<meta property=\"og:image:height\" content=\"800\" \/>\n\t<meta property=\"og:image:type\" content=\"image\/jpeg\" \/>\n<meta name=\"twitter:card\" content=\"summary_large_image\" \/>\n<script type=\"application\/ld+json\" class=\"yoast-schema-graph\">{\"@context\":\"https:\/\/schema.org\",\"@graph\":[{\"@type\":\"WebPage\",\"@id\":\"https:\/\/www.erresse-shop.it\/fr\/shop\/table-fr-2\/couverts\/wmf-set-de-couverts-denver-60-pieces\/\",\"url\":\"https:\/\/www.erresse-shop.it\/fr\/shop\/table-fr-2\/couverts\/wmf-set-de-couverts-denver-60-pieces\/\",\"name\":\"WMF Set de Couverts Denver 60 pi\u00e8ces - Erresse Shop\",\"isPartOf\":{\"@id\":\"https:\/\/www.erresse-shop.it\/fr\/#website\"},\"datePublished\":\"2019-06-21T12:43:39+00:00\",\"dateModified\":\"2024-06-04T21:08:05+00:00\",\"description\":\"Ligne de couverts Denver : \u00e9nergique et contemporaine Rendez chaque exp\u00e9rience culinaire captivante. Avec les couverts Denver de WMF, les surfaces polies\",\"breadcrumb\":{\"@id\":\"https:\/\/www.erresse-shop.it\/fr\/shop\/table-fr-2\/couverts\/wmf-set-de-couverts-denver-60-pieces\/#breadcrumb\"},\"inLanguage\":\"fr-FR\",\"potentialAction\":[{\"@type\":\"ReadAction\",\"target\":[\"https:\/\/www.erresse-shop.it\/fr\/shop\/table-fr-2\/couverts\/wmf-set-de-couverts-denver-60-pieces\/\"]}]},{\"@type\":\"BreadcrumbList\",\"@id\":\"https:\/\/www.erresse-shop.it\/fr\/shop\/table-fr-2\/couverts\/wmf-set-de-couverts-denver-60-pieces\/#breadcrumb\",\"itemListElement\":[{\"@type\":\"ListItem\",\"position\":1,\"name\":\"Home\",\"item\":\"https:\/\/www.erresse-shop.it\/fr\/\"},{\"@type\":\"ListItem\",\"position\":2,\"name\":\"Shop\",\"item\":\"https:\/\/www.erresse-shop.it\/fr\/shop\/\"},{\"@type\":\"ListItem\",\"position\":3,\"name\":\"WMF Set de Couverts Denver 60 pi\u00e8ces\"}]},{\"@type\":\"WebSite\",\"@id\":\"https:\/\/www.erresse-shop.it\/fr\/#website\",\"url\":\"https:\/\/www.erresse-shop.it\/fr\/\",\"name\":\"Erresse Shop\",\"description\":\"Articoli di qualit\u00e0 per la casa\",\"potentialAction\":[{\"@type\":\"SearchAction\",\"target\":{\"@type\":\"EntryPoint\",\"urlTemplate\":\"https:\/\/www.erresse-shop.it\/fr\/?s={search_term_string}\"},\"query-input\":\"required name=search_term_string\"}],\"inLanguage\":\"fr-FR\"}]}<\/script>\n<!-- \/ Yoast SEO Premium plugin. -->","yoast_head_json":{"title":"WMF Set de Couverts Denver 60 pi\u00e8ces - Erresse Shop","description":"Ligne de couverts Denver : \u00e9nergique et contemporaine Rendez chaque exp\u00e9rience culinaire captivante. Avec les couverts Denver de WMF, les surfaces polies","robots":{"index":"index","follow":"follow","max-snippet":"max-snippet:-1","max-image-preview":"max-image-preview:large","max-video-preview":"max-video-preview:-1"},"canonical":"https:\/\/www.erresse-shop.it\/fr\/shop\/table-fr-2\/couverts\/wmf-set-de-couverts-denver-60-pieces\/","og_locale":"fr_FR","og_type":"article","og_title":"WMF Set de Couverts Denver 60 pi\u00e8ces","og_description":"Ligne de couverts Denver : \u00e9nergique et contemporaine Rendez chaque exp\u00e9rience culinaire captivante. Avec les couverts Denver de WMF, les surfaces polies","og_url":"https:\/\/www.erresse-shop.it\/fr\/shop\/table-fr-2\/couverts\/wmf-set-de-couverts-denver-60-pieces\/","og_site_name":"Erresse Shop","article_modified_time":"2024-06-04T21:08:05+00:00","og_image":[{"width":800,"height":800,"url":"https:\/\/www.erresse-shop.it\/wp-content\/uploads\/2019\/06\/WMF-Set-Posate-Denver-60-Pezzi.jpg","type":"image\/jpeg"}],"twitter_card":"summary_large_image","schema":{"@context":"https:\/\/schema.org","@graph":[{"@type":"WebPage","@id":"https:\/\/www.erresse-shop.it\/fr\/shop\/table-fr-2\/couverts\/wmf-set-de-couverts-denver-60-pieces\/","url":"https:\/\/www.erresse-shop.it\/fr\/shop\/table-fr-2\/couverts\/wmf-set-de-couverts-denver-60-pieces\/","name":"WMF Set de Couverts Denver 60 pi\u00e8ces - Erresse Shop","isPartOf":{"@id":"https:\/\/www.erresse-shop.it\/fr\/#website"},"datePublished":"2019-06-21T12:43:39+00:00","dateModified":"2024-06-04T21:08:05+00:00","description":"Ligne de couverts Denver : \u00e9nergique et contemporaine Rendez chaque exp\u00e9rience culinaire captivante. Avec les couverts Denver de WMF, les surfaces polies","breadcrumb":{"@id":"https:\/\/www.erresse-shop.it\/fr\/shop\/table-fr-2\/couverts\/wmf-set-de-couverts-denver-60-pieces\/#breadcrumb"},"inLanguage":"fr-FR","potentialAction":[{"@type":"ReadAction","target":["https:\/\/www.erresse-shop.it\/fr\/shop\/table-fr-2\/couverts\/wmf-set-de-couverts-denver-60-pieces\/"]}]},{"@type":"BreadcrumbList","@id":"https:\/\/www.erresse-shop.it\/fr\/shop\/table-fr-2\/couverts\/wmf-set-de-couverts-denver-60-pieces\/#breadcrumb","itemListElement":[{"@type":"ListItem","position":1,"name":"Home","item":"https:\/\/www.erresse-shop.it\/fr\/"},{"@type":"ListItem","position":2,"name":"Shop","item":"https:\/\/www.erresse-shop.it\/fr\/shop\/"},{"@type":"ListItem","position":3,"name":"WMF Set de Couverts Denver 60 pi\u00e8ces"}]},{"@type":"WebSite","@id":"https:\/\/www.erresse-shop.it\/fr\/#website","url":"https:\/\/www.erresse-shop.it\/fr\/","name":"Erresse Shop","description":"Articoli di qualit\u00e0 per la casa","potentialAction":[{"@type":"SearchAction","target":{"@type":"EntryPoint","urlTemplate":"https:\/\/www.erresse-shop.it\/fr\/?s={search_term_string}"},"query-input":"required name=search_term_string"}],"inLanguage":"fr-FR"}]}},"df_price":182.7,"df_sale_price":182.7,"df_regular_price":290,"df_image_link":"https:\/\/www.erresse-shop.it\/wp-content\/uploads\/2019\/06\/WMF-Set-Posate-Denver-60-Pezzi-300x300.jpg","_links":{"self":[{"href":"https:\/\/www.erresse-shop.it\/fr\/wp-json\/wp\/v2\/product\/310373"}],"collection":[{"href":"https:\/\/www.erresse-shop.it\/fr\/wp-json\/wp\/v2\/product"}],"about":[{"href":"https:\/\/www.erresse-shop.it\/fr\/wp-json\/wp\/v2\/types\/product"}],"wp:featuredmedia":[{"embeddable":true,"href":"https:\/\/www.erresse-shop.it\/fr\/wp-json\/wp\/v2\/media\/310356"}],"wp:attachment":[{"href":"https:\/\/www.erresse-shop.it\/fr\/wp-json\/wp\/v2\/media?parent=310373"}],"wp:term":[{"taxonomy":"product_cat","embeddable":true,"href":"https:\/\/www.erresse-shop.it\/fr\/wp-json\/wp\/v2\/product_cat?post=310373"},{"taxonomy":"product_tag","embeddable":true,"href":"https:\/\/www.erresse-shop.it\/fr\/wp-json\/wp\/v2\/product_tag?post=310373"}],"curies":[{"name":"wp","href":"https:\/\/api.w.org\/{rel}","templated":true}]}}