{"id":306536,"date":"2023-08-30T06:53:36","date_gmt":"2023-08-30T06:53:41","guid":{"rendered":"https:\/\/www.erresse-shop.it\/?post_type=product&#038;p=306536"},"modified":"2024-01-28T14:52:59","modified_gmt":"2024-01-28T14:52:59","slug":"wmf-alteo-set-de-couverts-60-pieces","status":"publish","type":"product","link":"https:\/\/www.erresse-shop.it\/fr\/shop\/table-fr-2\/couverts\/wmf-alteo-set-de-couverts-60-pieces\/","title":{"rendered":"WMF Alteo Set de Couverts 60 Pi\u00e8ces"},"content":{"rendered":"<p><strong>Couverts Alteo : tout simplement extraordinaires<\/strong><br \/>\nFaites de chaque repas une exp\u00e9rience captivante. Avec les couverts Alteo de WMF, les lignes pures, les proportions pr\u00e9cises et les finitions mates s&#8217;harmonisent parfaitement. Le design moderne et saisissant est fabriqu\u00e9 en acier inoxydable 18\/10 Cromargan\u00ae de haute qualit\u00e9 pour une durabilit\u00e9 exceptionnelle et une esth\u00e9tique exquise qui ne manque pas d&#8217;impressionner. Fabriqu\u00e9 avec soin par des experts, cet ensemble de couverts ergonomiques s&#8217;adapte parfaitement \u00e0 chaque main et est produit avec toute l&#8217;habilet\u00e9 et le savoir-faire qui font la renomm\u00e9e de la marque WMF. Les couteaux sont forg\u00e9s \u00e0 partir d&#8217;une seule pi\u00e8ce d&#8217;acier inoxydable, puis tremp\u00e9s. Ils sont \u00e9galement dot\u00e9s d&#8217;un tranchant dentel\u00e9 sp\u00e9cialement con\u00e7u pour garantir un tranchant durable et une coupe parfaite. Le set, qui peut \u00eatre lav\u00e9 au lave-vaisselle pour un nettoyage rapide et facile, est pr\u00e9sent\u00e9 dans un magnifique coffret de couverts pour un rangement s\u00fbr et pratique.<\/p>\n<p><strong>Un aspect et un toucher haut de gamme<\/strong><br \/>\nLes couverts WMF allient un design unique \u00e0 la plus haute qualit\u00e9, ce qui en fait un plaisir au quotidien. Chaque article offre une sensation agr\u00e9able et ergonomique qui s&#8217;adapte parfaitement \u00e0 chaque main.<\/p>\n<p><strong>Cromargan<\/strong><br \/>\nFabriqu\u00e9s en acier inoxydable Cromargan\u00ae 18\/10, un mat\u00e9riau robuste et \u00e9l\u00e9gant pour une durabilit\u00e9 et une hygi\u00e8ne exceptionnelles, lavable au lave-vaisselle, inalt\u00e9rable, facile d&#8217;entretien, insipide et r\u00e9sistant aux acides alimentaires.<\/p>\n<p><strong>Lavable au lave-vaisselle<\/strong><br \/>\nFabriqu\u00e9s avec la plus grande qualit\u00e9, tous les articles sont soigneusement con\u00e7us pour passer au lave-vaisselle sans se tordre.<\/p>\n<p><strong>Couteaux forg\u00e9s<\/strong><br \/>\nLes couteaux sont forg\u00e9s \u00e0 partir d&#8217;une seule pi\u00e8ce d&#8217;acier inoxydable, puis tremp\u00e9s. Ils sont \u00e9galement dot\u00e9s d&#8217;un bord dentel\u00e9 sp\u00e9cialement con\u00e7u pour garantir un tranchant optimal et une longue dur\u00e9e de vie.<\/p>\n<p><strong>Emballage haut de gamme<\/strong><br \/>\nLe set est vendu dans un emballage de haute qualit\u00e9 pour un rangement s\u00fbr et pratique.<\/p>\n<p><strong>Contenu :<\/strong><\/p>\n<ul>\n<li>12 couteaux de table<\/li>\n<li>12 fourchettes de table<\/li>\n<li>12 cuill\u00e8res de table<\/li>\n<li>12 cuill\u00e8res<\/li>\n<li>12 Fourchettes \u00e0 fruits<\/li>\n<\/ul>\n","protected":false},"excerpt":{"rendered":"<p>Couverts Alteo : tout simplement extraordinaires Faites de chaque repas une exp\u00e9rience captivante. Avec les couverts Alteo de WMF, les<\/p>\n","protected":false},"featured_media":301542,"template":"","meta":{"_acf_changed":false,"inline_featured_image":false},"product_cat":[12790,12782],"product_tag":[12838,17193,16723,17194,19358],"acf":[],"yoast_head":"<!-- This site is optimized with the Yoast SEO Premium plugin v18.6 (Yoast SEO v19.13) - https:\/\/yoast.com\/wordpress\/plugins\/seo\/ -->\n<title>WMF Alteo Set de Couverts 60 Pi\u00e8ces - Erresse Shop<\/title>\n<meta name=\"description\" content=\"Couverts Alteo : tout simplement extraordinaires Faites de chaque repas une exp\u00e9rience captivante. Avec les couverts Alteo de WMF, les lignes pures, les\" \/>\n<meta name=\"robots\" content=\"index, follow, max-snippet:-1, max-image-preview:large, max-video-preview:-1\" \/>\n<link rel=\"canonical\" href=\"https:\/\/www.erresse-shop.it\/fr\/shop\/table-fr-2\/couverts\/wmf-alteo-set-de-couverts-60-pieces\/\" \/>\n<meta property=\"og:locale\" content=\"fr_FR\" \/>\n<meta property=\"og:type\" content=\"article\" \/>\n<meta property=\"og:title\" content=\"WMF Alteo Set de Couverts 60 Pi\u00e8ces\" \/>\n<meta property=\"og:description\" content=\"Couverts Alteo : tout simplement extraordinaires Faites de chaque repas une exp\u00e9rience captivante. Avec les couverts Alteo de WMF, les lignes pures, les\" \/>\n<meta property=\"og:url\" content=\"https:\/\/www.erresse-shop.it\/fr\/shop\/table-fr-2\/couverts\/wmf-alteo-set-de-couverts-60-pieces\/\" \/>\n<meta property=\"og:site_name\" content=\"Erresse Shop\" \/>\n<meta property=\"article:modified_time\" content=\"2024-01-28T14:52:59+00:00\" \/>\n<meta property=\"og:image\" content=\"https:\/\/www.erresse-shop.it\/wp-content\/uploads\/2023\/08\/WMF-Set-Posate-Alteo-30-Pezzi.jpg\" \/>\n\t<meta property=\"og:image:width\" content=\"800\" \/>\n\t<meta property=\"og:image:height\" content=\"800\" \/>\n\t<meta property=\"og:image:type\" content=\"image\/jpeg\" \/>\n<meta name=\"twitter:card\" content=\"summary_large_image\" \/>\n<script type=\"application\/ld+json\" class=\"yoast-schema-graph\">{\"@context\":\"https:\/\/schema.org\",\"@graph\":[{\"@type\":\"WebPage\",\"@id\":\"https:\/\/www.erresse-shop.it\/fr\/shop\/table-fr-2\/couverts\/wmf-alteo-set-de-couverts-60-pieces\/\",\"url\":\"https:\/\/www.erresse-shop.it\/fr\/shop\/table-fr-2\/couverts\/wmf-alteo-set-de-couverts-60-pieces\/\",\"name\":\"WMF Alteo Set de Couverts 60 Pi\u00e8ces - Erresse Shop\",\"isPartOf\":{\"@id\":\"https:\/\/www.erresse-shop.it\/fr\/#website\"},\"datePublished\":\"2023-08-30T06:53:41+00:00\",\"dateModified\":\"2024-01-28T14:52:59+00:00\",\"description\":\"Couverts Alteo : tout simplement extraordinaires Faites de chaque repas une exp\u00e9rience captivante. Avec les couverts Alteo de WMF, les lignes pures, les\",\"breadcrumb\":{\"@id\":\"https:\/\/www.erresse-shop.it\/fr\/shop\/table-fr-2\/couverts\/wmf-alteo-set-de-couverts-60-pieces\/#breadcrumb\"},\"inLanguage\":\"fr-FR\",\"potentialAction\":[{\"@type\":\"ReadAction\",\"target\":[\"https:\/\/www.erresse-shop.it\/fr\/shop\/table-fr-2\/couverts\/wmf-alteo-set-de-couverts-60-pieces\/\"]}]},{\"@type\":\"BreadcrumbList\",\"@id\":\"https:\/\/www.erresse-shop.it\/fr\/shop\/table-fr-2\/couverts\/wmf-alteo-set-de-couverts-60-pieces\/#breadcrumb\",\"itemListElement\":[{\"@type\":\"ListItem\",\"position\":1,\"name\":\"Home\",\"item\":\"https:\/\/www.erresse-shop.it\/fr\/\"},{\"@type\":\"ListItem\",\"position\":2,\"name\":\"Shop\",\"item\":\"https:\/\/www.erresse-shop.it\/fr\/shop\/\"},{\"@type\":\"ListItem\",\"position\":3,\"name\":\"WMF Alteo Set de Couverts 60 Pi\u00e8ces\"}]},{\"@type\":\"WebSite\",\"@id\":\"https:\/\/www.erresse-shop.it\/fr\/#website\",\"url\":\"https:\/\/www.erresse-shop.it\/fr\/\",\"name\":\"Erresse Shop\",\"description\":\"Articoli di qualit\u00e0 per la casa\",\"potentialAction\":[{\"@type\":\"SearchAction\",\"target\":{\"@type\":\"EntryPoint\",\"urlTemplate\":\"https:\/\/www.erresse-shop.it\/fr\/?s={search_term_string}\"},\"query-input\":\"required name=search_term_string\"}],\"inLanguage\":\"fr-FR\"}]}<\/script>\n<!-- \/ Yoast SEO Premium plugin. -->","yoast_head_json":{"title":"WMF Alteo Set de Couverts 60 Pi\u00e8ces - Erresse Shop","description":"Couverts Alteo : tout simplement extraordinaires Faites de chaque repas une exp\u00e9rience captivante. Avec les couverts Alteo de WMF, les lignes pures, les","robots":{"index":"index","follow":"follow","max-snippet":"max-snippet:-1","max-image-preview":"max-image-preview:large","max-video-preview":"max-video-preview:-1"},"canonical":"https:\/\/www.erresse-shop.it\/fr\/shop\/table-fr-2\/couverts\/wmf-alteo-set-de-couverts-60-pieces\/","og_locale":"fr_FR","og_type":"article","og_title":"WMF Alteo Set de Couverts 60 Pi\u00e8ces","og_description":"Couverts Alteo : tout simplement extraordinaires Faites de chaque repas une exp\u00e9rience captivante. Avec les couverts Alteo de WMF, les lignes pures, les","og_url":"https:\/\/www.erresse-shop.it\/fr\/shop\/table-fr-2\/couverts\/wmf-alteo-set-de-couverts-60-pieces\/","og_site_name":"Erresse Shop","article_modified_time":"2024-01-28T14:52:59+00:00","og_image":[{"width":800,"height":800,"url":"https:\/\/www.erresse-shop.it\/wp-content\/uploads\/2023\/08\/WMF-Set-Posate-Alteo-30-Pezzi.jpg","type":"image\/jpeg"}],"twitter_card":"summary_large_image","schema":{"@context":"https:\/\/schema.org","@graph":[{"@type":"WebPage","@id":"https:\/\/www.erresse-shop.it\/fr\/shop\/table-fr-2\/couverts\/wmf-alteo-set-de-couverts-60-pieces\/","url":"https:\/\/www.erresse-shop.it\/fr\/shop\/table-fr-2\/couverts\/wmf-alteo-set-de-couverts-60-pieces\/","name":"WMF Alteo Set de Couverts 60 Pi\u00e8ces - Erresse Shop","isPartOf":{"@id":"https:\/\/www.erresse-shop.it\/fr\/#website"},"datePublished":"2023-08-30T06:53:41+00:00","dateModified":"2024-01-28T14:52:59+00:00","description":"Couverts Alteo : tout simplement extraordinaires Faites de chaque repas une exp\u00e9rience captivante. Avec les couverts Alteo de WMF, les lignes pures, les","breadcrumb":{"@id":"https:\/\/www.erresse-shop.it\/fr\/shop\/table-fr-2\/couverts\/wmf-alteo-set-de-couverts-60-pieces\/#breadcrumb"},"inLanguage":"fr-FR","potentialAction":[{"@type":"ReadAction","target":["https:\/\/www.erresse-shop.it\/fr\/shop\/table-fr-2\/couverts\/wmf-alteo-set-de-couverts-60-pieces\/"]}]},{"@type":"BreadcrumbList","@id":"https:\/\/www.erresse-shop.it\/fr\/shop\/table-fr-2\/couverts\/wmf-alteo-set-de-couverts-60-pieces\/#breadcrumb","itemListElement":[{"@type":"ListItem","position":1,"name":"Home","item":"https:\/\/www.erresse-shop.it\/fr\/"},{"@type":"ListItem","position":2,"name":"Shop","item":"https:\/\/www.erresse-shop.it\/fr\/shop\/"},{"@type":"ListItem","position":3,"name":"WMF Alteo Set de Couverts 60 Pi\u00e8ces"}]},{"@type":"WebSite","@id":"https:\/\/www.erresse-shop.it\/fr\/#website","url":"https:\/\/www.erresse-shop.it\/fr\/","name":"Erresse Shop","description":"Articoli di qualit\u00e0 per la casa","potentialAction":[{"@type":"SearchAction","target":{"@type":"EntryPoint","urlTemplate":"https:\/\/www.erresse-shop.it\/fr\/?s={search_term_string}"},"query-input":"required name=search_term_string"}],"inLanguage":"fr-FR"}]}},"df_price":144.9,"df_sale_price":144.9,"df_regular_price":230,"df_image_link":"https:\/\/www.erresse-shop.it\/wp-content\/uploads\/2023\/08\/WMF-Set-Posate-Alteo-30-Pezzi-300x300.jpg","_links":{"self":[{"href":"https:\/\/www.erresse-shop.it\/fr\/wp-json\/wp\/v2\/product\/306536"}],"collection":[{"href":"https:\/\/www.erresse-shop.it\/fr\/wp-json\/wp\/v2\/product"}],"about":[{"href":"https:\/\/www.erresse-shop.it\/fr\/wp-json\/wp\/v2\/types\/product"}],"wp:featuredmedia":[{"embeddable":true,"href":"https:\/\/www.erresse-shop.it\/fr\/wp-json\/wp\/v2\/media\/301542"}],"wp:attachment":[{"href":"https:\/\/www.erresse-shop.it\/fr\/wp-json\/wp\/v2\/media?parent=306536"}],"wp:term":[{"taxonomy":"product_cat","embeddable":true,"href":"https:\/\/www.erresse-shop.it\/fr\/wp-json\/wp\/v2\/product_cat?post=306536"},{"taxonomy":"product_tag","embeddable":true,"href":"https:\/\/www.erresse-shop.it\/fr\/wp-json\/wp\/v2\/product_tag?post=306536"}],"curies":[{"name":"wp","href":"https:\/\/api.w.org\/{rel}","templated":true}]}}