{"id":305910,"date":"2023-08-28T06:26:17","date_gmt":"2023-08-28T06:26:25","guid":{"rendered":"https:\/\/www.erresse-shop.it\/?post_type=product&#038;p=305910"},"modified":"2025-09-22T14:38:00","modified_gmt":"2025-09-22T14:38:00","slug":"joseph-joseph-folio-plus-ensemble-de-8-couteaux-et-planche-a-decouper-graphite","status":"publish","type":"product","link":"https:\/\/www.erresse-shop.it\/fr\/shop\/cuisine\/planches-a-decouper\/joseph-joseph-folio-plus-ensemble-de-8-couteaux-et-planche-a-decouper-graphite\/","title":{"rendered":"JOSEPH JOSEPH Folio Plus Ensemble de 8 couteaux et planche \u00e0 d\u00e9couper Graphite"},"content":{"rendered":"<p><strong>Tous vos besoins en mati\u00e8re de hachage en un seul endroit.<\/strong><br \/>\nFolio\u2122 Plus rassemble quatre planches \u00e0 d\u00e9couper avec code couleur et quatre couteaux correspondants. Chaque planche \u00e0 d\u00e9couper offre des surfaces de coupe adapt\u00e9es aux couteaux, des barres de s\u00e9lection en acier inoxydable et des pieds antid\u00e9rapants. Les quatre couteaux japonais en acier inoxydable sont dot\u00e9s de repose-outils int\u00e9gr\u00e9s qui contribuent \u00e0 am\u00e9liorer l&#8217;hygi\u00e8ne et \u00e0 minimiser le d\u00e9sordre lorsque le couteau est pos\u00e9. Les planches \u00e0 d\u00e9couper et les couteaux se rangent dans le coffret angulaire, ce qui permet de garder le plan de travail propre et ordonn\u00e9 et de s&#8217;assurer que les \u00e9l\u00e9ments essentiels \u00e0 la d\u00e9coupe sont toujours \u00e0 port\u00e9e de main.<\/p>\n<p><strong>Un design \u00e9l\u00e9gant et pratique vous permet de mieux organiser tous vos outils de coupe.<\/strong><\/p>\n<p>Il est livr\u00e9 avec une mallette \u00e9l\u00e9gante et fine contenant quatre planches \u00e0 d\u00e9couper \u00e0 code couleur et quatre couteaux Elevate\u2122 assortis.<\/p>\n<ul>\n<li>\u00c9tui mince pour un rangement organis\u00e9.<\/li>\n<li>Conception \u00e0 plusieurs niveaux et barres en acier inoxydable sur les planches pour une s\u00e9lection facile.<\/li>\n<li>Des planches \u00e0 double face avec des surfaces de coupe textur\u00e9es, adapt\u00e9es aux couteaux, et des pieds antid\u00e9rapants.<\/li>\n<li>Couteaux Elevate\u2122 avec des lames en acier inoxydable japonais et des porte-outils int\u00e9gr\u00e9s.<\/li>\n<li>Couteaux inclus : couteau d&#8217;office 3,5&#8243; ; couteau dentel\u00e9 4,5&#8243; ; couteau Santoku 5,5&#8243; ; couteau de chef 6,5&#8243;.<\/li>\n<\/ul>\n<p><strong>Entretien et utilisation:<\/strong><\/p>\n<ul>\n<li>Tables : Lavable au lave-vaisselle.<\/li>\n<li>Bo\u00eetier : Nettoyez-le avec un chiffon doux et humide.<\/li>\n<li>Comme pour toutes les planches \u00e0 d\u00e9couper en plastique, la surface des couteaux se raye \u00e0 l&#8217;usage.<\/li>\n<li>Couteau : ne va pas au lave-vaisselle. Laver \u00e0 la main uniquement et s\u00e9cher imm\u00e9diatement.<\/li>\n<\/ul>\n<p><strong>Con\u00e7u par Joseph Joseph<\/strong><\/p>\n","protected":false},"excerpt":{"rendered":"<p>Tous vos besoins en mati\u00e8re de hachage en un seul endroit. Folio\u2122 Plus rassemble quatre planches \u00e0 d\u00e9couper avec code<\/p>\n","protected":false},"featured_media":500134,"template":"","meta":{"_acf_changed":false,"inline_featured_image":false},"product_cat":[12748,12759],"product_tag":[25026,21530,21532,21262,13621,21529,21531,25021,23531],"acf":[],"yoast_head":"<!-- This site is optimized with the Yoast SEO Premium plugin v18.6 (Yoast SEO v19.13) - https:\/\/yoast.com\/wordpress\/plugins\/seo\/ -->\n<title>JOSEPH JOSEPH Folio Plus Ensemble de 8 couteaux et planche \u00e0 d\u00e9couper Graphite - Erresse Shop<\/title>\n<meta name=\"description\" content=\"Tous vos besoins en mati\u00e8re de hachage en un seul endroit. Folio\u2122 Plus rassemble quatre planches \u00e0 d\u00e9couper avec code couleur et quatre couteaux\" \/>\n<meta name=\"robots\" content=\"index, follow, max-snippet:-1, max-image-preview:large, max-video-preview:-1\" \/>\n<link rel=\"canonical\" href=\"https:\/\/www.erresse-shop.it\/fr\/shop\/cuisine\/planches-a-decouper\/joseph-joseph-folio-plus-ensemble-de-8-couteaux-et-planche-a-decouper-graphite\/\" \/>\n<meta property=\"og:locale\" content=\"fr_FR\" \/>\n<meta property=\"og:type\" content=\"article\" \/>\n<meta property=\"og:title\" content=\"JOSEPH JOSEPH Folio Plus Ensemble de 8 couteaux et planche \u00e0 d\u00e9couper Graphite\" \/>\n<meta property=\"og:description\" content=\"Tous vos besoins en mati\u00e8re de hachage en un seul endroit. Folio\u2122 Plus rassemble quatre planches \u00e0 d\u00e9couper avec code couleur et quatre couteaux\" \/>\n<meta property=\"og:url\" content=\"https:\/\/www.erresse-shop.it\/fr\/shop\/cuisine\/planches-a-decouper\/joseph-joseph-folio-plus-ensemble-de-8-couteaux-et-planche-a-decouper-graphite\/\" \/>\n<meta property=\"og:site_name\" content=\"Erresse Shop\" \/>\n<meta property=\"article:modified_time\" content=\"2025-09-22T14:38:00+00:00\" \/>\n<meta property=\"og:image\" content=\"https:\/\/www.erresse-shop.it\/wp-content\/uploads\/2023\/08\/JOSEPH-JOSEPH-Set-Coltelli-e-Taglieri-da-8-pezzi-Grafite.jpg\" \/>\n\t<meta property=\"og:image:width\" content=\"800\" \/>\n\t<meta property=\"og:image:height\" content=\"800\" \/>\n\t<meta property=\"og:image:type\" content=\"image\/jpeg\" \/>\n<meta name=\"twitter:card\" content=\"summary_large_image\" \/>\n<script type=\"application\/ld+json\" class=\"yoast-schema-graph\">{\"@context\":\"https:\/\/schema.org\",\"@graph\":[{\"@type\":\"WebPage\",\"@id\":\"https:\/\/www.erresse-shop.it\/fr\/shop\/cuisine\/planches-a-decouper\/joseph-joseph-folio-plus-ensemble-de-8-couteaux-et-planche-a-decouper-graphite\/\",\"url\":\"https:\/\/www.erresse-shop.it\/fr\/shop\/cuisine\/planches-a-decouper\/joseph-joseph-folio-plus-ensemble-de-8-couteaux-et-planche-a-decouper-graphite\/\",\"name\":\"JOSEPH JOSEPH Folio Plus Ensemble de 8 couteaux et planche \u00e0 d\u00e9couper Graphite - Erresse Shop\",\"isPartOf\":{\"@id\":\"https:\/\/www.erresse-shop.it\/fr\/#website\"},\"datePublished\":\"2023-08-28T06:26:25+00:00\",\"dateModified\":\"2025-09-22T14:38:00+00:00\",\"description\":\"Tous vos besoins en mati\u00e8re de hachage en un seul endroit. Folio\u2122 Plus rassemble quatre planches \u00e0 d\u00e9couper avec code couleur et quatre couteaux\",\"breadcrumb\":{\"@id\":\"https:\/\/www.erresse-shop.it\/fr\/shop\/cuisine\/planches-a-decouper\/joseph-joseph-folio-plus-ensemble-de-8-couteaux-et-planche-a-decouper-graphite\/#breadcrumb\"},\"inLanguage\":\"fr-FR\",\"potentialAction\":[{\"@type\":\"ReadAction\",\"target\":[\"https:\/\/www.erresse-shop.it\/fr\/shop\/cuisine\/planches-a-decouper\/joseph-joseph-folio-plus-ensemble-de-8-couteaux-et-planche-a-decouper-graphite\/\"]}]},{\"@type\":\"BreadcrumbList\",\"@id\":\"https:\/\/www.erresse-shop.it\/fr\/shop\/cuisine\/planches-a-decouper\/joseph-joseph-folio-plus-ensemble-de-8-couteaux-et-planche-a-decouper-graphite\/#breadcrumb\",\"itemListElement\":[{\"@type\":\"ListItem\",\"position\":1,\"name\":\"Home\",\"item\":\"https:\/\/www.erresse-shop.it\/fr\/\"},{\"@type\":\"ListItem\",\"position\":2,\"name\":\"Shop\",\"item\":\"https:\/\/www.erresse-shop.it\/fr\/shop\/\"},{\"@type\":\"ListItem\",\"position\":3,\"name\":\"JOSEPH JOSEPH Folio Plus Ensemble de 8 couteaux et planche \u00e0 d\u00e9couper Graphite\"}]},{\"@type\":\"WebSite\",\"@id\":\"https:\/\/www.erresse-shop.it\/fr\/#website\",\"url\":\"https:\/\/www.erresse-shop.it\/fr\/\",\"name\":\"Erresse Shop\",\"description\":\"Articoli di qualit\u00e0 per la casa\",\"potentialAction\":[{\"@type\":\"SearchAction\",\"target\":{\"@type\":\"EntryPoint\",\"urlTemplate\":\"https:\/\/www.erresse-shop.it\/fr\/?s={search_term_string}\"},\"query-input\":\"required name=search_term_string\"}],\"inLanguage\":\"fr-FR\"}]}<\/script>\n<!-- \/ Yoast SEO Premium plugin. -->","yoast_head_json":{"title":"JOSEPH JOSEPH Folio Plus Ensemble de 8 couteaux et planche \u00e0 d\u00e9couper Graphite - Erresse Shop","description":"Tous vos besoins en mati\u00e8re de hachage en un seul endroit. Folio\u2122 Plus rassemble quatre planches \u00e0 d\u00e9couper avec code couleur et quatre couteaux","robots":{"index":"index","follow":"follow","max-snippet":"max-snippet:-1","max-image-preview":"max-image-preview:large","max-video-preview":"max-video-preview:-1"},"canonical":"https:\/\/www.erresse-shop.it\/fr\/shop\/cuisine\/planches-a-decouper\/joseph-joseph-folio-plus-ensemble-de-8-couteaux-et-planche-a-decouper-graphite\/","og_locale":"fr_FR","og_type":"article","og_title":"JOSEPH JOSEPH Folio Plus Ensemble de 8 couteaux et planche \u00e0 d\u00e9couper Graphite","og_description":"Tous vos besoins en mati\u00e8re de hachage en un seul endroit. Folio\u2122 Plus rassemble quatre planches \u00e0 d\u00e9couper avec code couleur et quatre couteaux","og_url":"https:\/\/www.erresse-shop.it\/fr\/shop\/cuisine\/planches-a-decouper\/joseph-joseph-folio-plus-ensemble-de-8-couteaux-et-planche-a-decouper-graphite\/","og_site_name":"Erresse Shop","article_modified_time":"2025-09-22T14:38:00+00:00","og_image":[{"width":800,"height":800,"url":"https:\/\/www.erresse-shop.it\/wp-content\/uploads\/2023\/08\/JOSEPH-JOSEPH-Set-Coltelli-e-Taglieri-da-8-pezzi-Grafite.jpg","type":"image\/jpeg"}],"twitter_card":"summary_large_image","schema":{"@context":"https:\/\/schema.org","@graph":[{"@type":"WebPage","@id":"https:\/\/www.erresse-shop.it\/fr\/shop\/cuisine\/planches-a-decouper\/joseph-joseph-folio-plus-ensemble-de-8-couteaux-et-planche-a-decouper-graphite\/","url":"https:\/\/www.erresse-shop.it\/fr\/shop\/cuisine\/planches-a-decouper\/joseph-joseph-folio-plus-ensemble-de-8-couteaux-et-planche-a-decouper-graphite\/","name":"JOSEPH JOSEPH Folio Plus Ensemble de 8 couteaux et planche \u00e0 d\u00e9couper Graphite - Erresse Shop","isPartOf":{"@id":"https:\/\/www.erresse-shop.it\/fr\/#website"},"datePublished":"2023-08-28T06:26:25+00:00","dateModified":"2025-09-22T14:38:00+00:00","description":"Tous vos besoins en mati\u00e8re de hachage en un seul endroit. Folio\u2122 Plus rassemble quatre planches \u00e0 d\u00e9couper avec code couleur et quatre couteaux","breadcrumb":{"@id":"https:\/\/www.erresse-shop.it\/fr\/shop\/cuisine\/planches-a-decouper\/joseph-joseph-folio-plus-ensemble-de-8-couteaux-et-planche-a-decouper-graphite\/#breadcrumb"},"inLanguage":"fr-FR","potentialAction":[{"@type":"ReadAction","target":["https:\/\/www.erresse-shop.it\/fr\/shop\/cuisine\/planches-a-decouper\/joseph-joseph-folio-plus-ensemble-de-8-couteaux-et-planche-a-decouper-graphite\/"]}]},{"@type":"BreadcrumbList","@id":"https:\/\/www.erresse-shop.it\/fr\/shop\/cuisine\/planches-a-decouper\/joseph-joseph-folio-plus-ensemble-de-8-couteaux-et-planche-a-decouper-graphite\/#breadcrumb","itemListElement":[{"@type":"ListItem","position":1,"name":"Home","item":"https:\/\/www.erresse-shop.it\/fr\/"},{"@type":"ListItem","position":2,"name":"Shop","item":"https:\/\/www.erresse-shop.it\/fr\/shop\/"},{"@type":"ListItem","position":3,"name":"JOSEPH JOSEPH Folio Plus Ensemble de 8 couteaux et planche \u00e0 d\u00e9couper Graphite"}]},{"@type":"WebSite","@id":"https:\/\/www.erresse-shop.it\/fr\/#website","url":"https:\/\/www.erresse-shop.it\/fr\/","name":"Erresse Shop","description":"Articoli di qualit\u00e0 per la casa","potentialAction":[{"@type":"SearchAction","target":{"@type":"EntryPoint","urlTemplate":"https:\/\/www.erresse-shop.it\/fr\/?s={search_term_string}"},"query-input":"required name=search_term_string"}],"inLanguage":"fr-FR"}]}},"df_price":84.95,"df_sale_price":84.95,"df_regular_price":119.99,"df_image_link":"https:\/\/www.erresse-shop.it\/wp-content\/uploads\/2023\/08\/JOSEPH-JOSEPH-Set-Coltelli-e-Taglieri-da-8-pezzi-Grafite-300x300.jpg","_links":{"self":[{"href":"https:\/\/www.erresse-shop.it\/fr\/wp-json\/wp\/v2\/product\/305910"}],"collection":[{"href":"https:\/\/www.erresse-shop.it\/fr\/wp-json\/wp\/v2\/product"}],"about":[{"href":"https:\/\/www.erresse-shop.it\/fr\/wp-json\/wp\/v2\/types\/product"}],"wp:featuredmedia":[{"embeddable":true,"href":"https:\/\/www.erresse-shop.it\/fr\/wp-json\/wp\/v2\/media\/500134"}],"wp:attachment":[{"href":"https:\/\/www.erresse-shop.it\/fr\/wp-json\/wp\/v2\/media?parent=305910"}],"wp:term":[{"taxonomy":"product_cat","embeddable":true,"href":"https:\/\/www.erresse-shop.it\/fr\/wp-json\/wp\/v2\/product_cat?post=305910"},{"taxonomy":"product_tag","embeddable":true,"href":"https:\/\/www.erresse-shop.it\/fr\/wp-json\/wp\/v2\/product_tag?post=305910"}],"curies":[{"name":"wp","href":"https:\/\/api.w.org\/{rel}","templated":true}]}}