{"id":301115,"date":"2023-08-09T06:47:59","date_gmt":"2023-08-09T06:48:01","guid":{"rendered":"https:\/\/www.erresse-shop.it\/?post_type=product&#038;p=301115"},"modified":"2025-01-14T08:45:30","modified_gmt":"2025-01-14T08:45:30","slug":"wmf-diadem-plus-ensemble-de-5-pieces","status":"publish","type":"product","link":"https:\/\/www.erresse-shop.it\/fr\/shop\/poeles-pots\/batteries-de-cuisine\/wmf-diadem-plus-ensemble-de-5-pieces\/","title":{"rendered":"WMF Diadem Plus Ensemble de 5 pi\u00e8ces"},"content":{"rendered":"<p><strong>Batterie de cuisine WMF Diadem Plus : d&#8217;excellents r\u00e9sultats<\/strong><\/p>\n<p>Une batterie de cuisine exceptionnelle qui allie performance et esth\u00e9tique : la batterie de cuisine <strong>Diadem Plus de WMF<\/strong> apporte une touche de sophistication \u00e0 votre cuisine, avec un <strong>design<\/strong> \u00e9l\u00e9gant et des r\u00e9sultats de haute <strong>qualit\u00e9<\/strong> au quotidien. Nos ustensiles de cuisine haut de gamme sont d&#8217;une durabilit\u00e9 exceptionnelle, fabriqu\u00e9s avec soin en acier inoxydable 18\/10 <strong>Cromargan\u00ae<\/strong> de haute qualit\u00e9, lavables au lave-vaisselle, r\u00e9sistants aux acides et adapt\u00e9s \u00e0 une utilisation au four jusqu&#8217;\u00e0 200 \u00b0C (couvercle jusqu&#8217;\u00e0 130 \u00b0C), garantissant ainsi une saveur et une performance optimales pour longtemps. D\u00e9couvrez des casseroles et des po\u00eales exceptionnelles qui allient des caract\u00e9ristiques pratiques telles que de larges bords verseurs, un design raffin\u00e9 avec des courbes gracieuses, d&#8217;\u00e9l\u00e9gantes poign\u00e9es \u00e0 bouton et une finition chrom\u00e9e \u00e9pur\u00e9e pour une \u00e9l\u00e9gance intemporelle jour apr\u00e8s jour.<\/p>\n<ul>\n<li>Po\u00eale de 20 cm avec un \u00e9l\u00e9gant couvercle en verre<\/li>\n<li>Casserole de 16\/20\/24 cm avec couvercle en verre \u00e9l\u00e9gant<\/li>\n<li>Cocotte de 16 cm<\/li>\n<\/ul>\n<p><strong>Durable et robuste<\/strong><br \/>\nAvec un design \u00e9l\u00e9gant et des performances exceptionnelles, d\u00e9couvrez des ustensiles de cuisine de haute qualit\u00e9 et une cuisine plus \u00e9l\u00e9gante jour apr\u00e8s jour.<\/p>\n<p><strong>Couvercle en verre de haute qualit\u00e9<\/strong><br \/>\nFabriqu\u00e9s en verre de haute qualit\u00e9, les \u00e9l\u00e9gants couvercles transparents avec poign\u00e9es en acier inoxydable permettent de contr\u00f4ler facilement la cuisson. Avec photo int\u00e9gr\u00e9e pour un d\u00e9gagement contr\u00f4l\u00e9 de la vapeur.<\/p>\n<p><strong>Bord verseur<\/strong><br \/>\nLe large bord verseur permet de verser plus facilement et sans goutte, pour un service sans effort et une cuisine toujours impeccable.<\/p>\n<p><strong>Fond universel TransTherm<\/strong><br \/>\nLe fond universel TransTherm\u00ae, compatible avec toutes les tables de cuisson, y compris l&#8217;induction, permet de cuisiner en \u00e9conomisant de l&#8217;\u00e9nergie gr\u00e2ce \u00e0 une distribution et une conservation optimales de la chaleur.<\/p>\n<p><strong>Cromargan\u00ae<\/strong><br \/>\nFabriqu\u00e9 en acier inoxydable 18\/10 robuste et \u00e9l\u00e9gant Cromargan\u00ae, pour un produit exceptionnellement durable, hygi\u00e9nique et lavable au lave-vaisselle.<\/p>\n<p><strong>Caract\u00e9ristiques et design \u00e9l\u00e9gants<\/strong><br \/>\nLes courbes gracieuses offrent une esth\u00e9tique qui ne manque pas d&#8217;impressionner, avec la touche intemporelle d&#8217;une poign\u00e9e \u00e0 bouton et une \u00e9l\u00e9gante finition chrom\u00e9e pour un design qui attire l&#8217;attention.<\/p>\n","protected":false},"excerpt":{"rendered":"<p>Batterie de cuisine WMF Diadem Plus : d&#8217;excellents r\u00e9sultats Une batterie de cuisine exceptionnelle qui allie performance et esth\u00e9tique :<\/p>\n","protected":false},"featured_media":301167,"template":"","meta":{"_acf_changed":false,"inline_featured_image":false},"product_cat":[12458,14780],"product_tag":[12465,13178,22927,12468,12469,13179,13685,21821],"acf":[],"yoast_head":"<!-- This site is optimized with the Yoast SEO Premium plugin v18.6 (Yoast SEO v19.13) - https:\/\/yoast.com\/wordpress\/plugins\/seo\/ -->\n<title>WMF Diadem Plus Ensemble de 5 pi\u00e8ces<\/title>\n<meta name=\"description\" content=\"D\u00e9couvrez WMF Diadem Plus Ensemble de 5 pi\u00e8ces sur ErresseShop. Qualit\u00e9, prix r\u00e9duits et achat s\u00e9curis\u00e9 \u2013 commandez d\u00e8s maintenant en ligne !\" \/>\n<meta name=\"robots\" content=\"index, follow, max-snippet:-1, max-image-preview:large, max-video-preview:-1\" \/>\n<link rel=\"canonical\" href=\"https:\/\/www.erresse-shop.it\/fr\/shop\/poeles-pots\/batteries-de-cuisine\/wmf-diadem-plus-ensemble-de-5-pieces\/\" \/>\n<meta property=\"og:locale\" content=\"fr_FR\" \/>\n<meta property=\"og:type\" content=\"article\" \/>\n<meta property=\"og:title\" content=\"WMF Diadem Plus Ensemble de 5 pi\u00e8ces\" \/>\n<meta property=\"og:description\" content=\"D\u00e9couvrez WMF Diadem Plus Ensemble de 5 pi\u00e8ces sur ErresseShop. Qualit\u00e9, prix r\u00e9duits et achat s\u00e9curis\u00e9 \u2013 commandez d\u00e8s maintenant en ligne !\" \/>\n<meta property=\"og:url\" content=\"https:\/\/www.erresse-shop.it\/fr\/shop\/poeles-pots\/batteries-de-cuisine\/wmf-diadem-plus-ensemble-de-5-pieces\/\" \/>\n<meta property=\"og:site_name\" content=\"Erresse Shop\" \/>\n<meta property=\"article:modified_time\" content=\"2025-01-14T08:45:30+00:00\" \/>\n<meta property=\"og:image\" content=\"https:\/\/www.erresse-shop.it\/wp-content\/uploads\/2023\/08\/WMF-Diadem-Plus-Set-5-pezzi.jpg\" \/>\n\t<meta property=\"og:image:width\" content=\"800\" \/>\n\t<meta property=\"og:image:height\" content=\"800\" \/>\n\t<meta property=\"og:image:type\" content=\"image\/jpeg\" \/>\n<meta name=\"twitter:card\" content=\"summary_large_image\" \/>\n<script type=\"application\/ld+json\" class=\"yoast-schema-graph\">{\"@context\":\"https:\/\/schema.org\",\"@graph\":[{\"@type\":\"WebPage\",\"@id\":\"https:\/\/www.erresse-shop.it\/fr\/shop\/poeles-pots\/batteries-de-cuisine\/wmf-diadem-plus-ensemble-de-5-pieces\/\",\"url\":\"https:\/\/www.erresse-shop.it\/fr\/shop\/poeles-pots\/batteries-de-cuisine\/wmf-diadem-plus-ensemble-de-5-pieces\/\",\"name\":\"WMF Diadem Plus Ensemble de 5 pi\u00e8ces\",\"isPartOf\":{\"@id\":\"https:\/\/www.erresse-shop.it\/fr\/#website\"},\"datePublished\":\"2023-08-09T06:48:01+00:00\",\"dateModified\":\"2025-01-14T08:45:30+00:00\",\"description\":\"D\u00e9couvrez WMF Diadem Plus Ensemble de 5 pi\u00e8ces sur ErresseShop. Qualit\u00e9, prix r\u00e9duits et achat s\u00e9curis\u00e9 \u2013 commandez d\u00e8s maintenant en ligne !\",\"breadcrumb\":{\"@id\":\"https:\/\/www.erresse-shop.it\/fr\/shop\/poeles-pots\/batteries-de-cuisine\/wmf-diadem-plus-ensemble-de-5-pieces\/#breadcrumb\"},\"inLanguage\":\"fr-FR\",\"potentialAction\":[{\"@type\":\"ReadAction\",\"target\":[\"https:\/\/www.erresse-shop.it\/fr\/shop\/poeles-pots\/batteries-de-cuisine\/wmf-diadem-plus-ensemble-de-5-pieces\/\"]}]},{\"@type\":\"BreadcrumbList\",\"@id\":\"https:\/\/www.erresse-shop.it\/fr\/shop\/poeles-pots\/batteries-de-cuisine\/wmf-diadem-plus-ensemble-de-5-pieces\/#breadcrumb\",\"itemListElement\":[{\"@type\":\"ListItem\",\"position\":1,\"name\":\"Home\",\"item\":\"https:\/\/www.erresse-shop.it\/fr\/\"},{\"@type\":\"ListItem\",\"position\":2,\"name\":\"Shop\",\"item\":\"https:\/\/www.erresse-shop.it\/fr\/shop\/\"},{\"@type\":\"ListItem\",\"position\":3,\"name\":\"WMF Diadem Plus Ensemble de 5 pi\u00e8ces\"}]},{\"@type\":\"WebSite\",\"@id\":\"https:\/\/www.erresse-shop.it\/fr\/#website\",\"url\":\"https:\/\/www.erresse-shop.it\/fr\/\",\"name\":\"Erresse Shop\",\"description\":\"Articoli di qualit\u00e0 per la casa\",\"potentialAction\":[{\"@type\":\"SearchAction\",\"target\":{\"@type\":\"EntryPoint\",\"urlTemplate\":\"https:\/\/www.erresse-shop.it\/fr\/?s={search_term_string}\"},\"query-input\":\"required name=search_term_string\"}],\"inLanguage\":\"fr-FR\"}]}<\/script>\n<!-- \/ Yoast SEO Premium plugin. -->","yoast_head_json":{"title":"WMF Diadem Plus Ensemble de 5 pi\u00e8ces","description":"D\u00e9couvrez WMF Diadem Plus Ensemble de 5 pi\u00e8ces sur ErresseShop. Qualit\u00e9, prix r\u00e9duits et achat s\u00e9curis\u00e9 \u2013 commandez d\u00e8s maintenant en ligne !","robots":{"index":"index","follow":"follow","max-snippet":"max-snippet:-1","max-image-preview":"max-image-preview:large","max-video-preview":"max-video-preview:-1"},"canonical":"https:\/\/www.erresse-shop.it\/fr\/shop\/poeles-pots\/batteries-de-cuisine\/wmf-diadem-plus-ensemble-de-5-pieces\/","og_locale":"fr_FR","og_type":"article","og_title":"WMF Diadem Plus Ensemble de 5 pi\u00e8ces","og_description":"D\u00e9couvrez WMF Diadem Plus Ensemble de 5 pi\u00e8ces sur ErresseShop. Qualit\u00e9, prix r\u00e9duits et achat s\u00e9curis\u00e9 \u2013 commandez d\u00e8s maintenant en ligne !","og_url":"https:\/\/www.erresse-shop.it\/fr\/shop\/poeles-pots\/batteries-de-cuisine\/wmf-diadem-plus-ensemble-de-5-pieces\/","og_site_name":"Erresse Shop","article_modified_time":"2025-01-14T08:45:30+00:00","og_image":[{"width":800,"height":800,"url":"https:\/\/www.erresse-shop.it\/wp-content\/uploads\/2023\/08\/WMF-Diadem-Plus-Set-5-pezzi.jpg","type":"image\/jpeg"}],"twitter_card":"summary_large_image","schema":{"@context":"https:\/\/schema.org","@graph":[{"@type":"WebPage","@id":"https:\/\/www.erresse-shop.it\/fr\/shop\/poeles-pots\/batteries-de-cuisine\/wmf-diadem-plus-ensemble-de-5-pieces\/","url":"https:\/\/www.erresse-shop.it\/fr\/shop\/poeles-pots\/batteries-de-cuisine\/wmf-diadem-plus-ensemble-de-5-pieces\/","name":"WMF Diadem Plus Ensemble de 5 pi\u00e8ces","isPartOf":{"@id":"https:\/\/www.erresse-shop.it\/fr\/#website"},"datePublished":"2023-08-09T06:48:01+00:00","dateModified":"2025-01-14T08:45:30+00:00","description":"D\u00e9couvrez WMF Diadem Plus Ensemble de 5 pi\u00e8ces sur ErresseShop. Qualit\u00e9, prix r\u00e9duits et achat s\u00e9curis\u00e9 \u2013 commandez d\u00e8s maintenant en ligne !","breadcrumb":{"@id":"https:\/\/www.erresse-shop.it\/fr\/shop\/poeles-pots\/batteries-de-cuisine\/wmf-diadem-plus-ensemble-de-5-pieces\/#breadcrumb"},"inLanguage":"fr-FR","potentialAction":[{"@type":"ReadAction","target":["https:\/\/www.erresse-shop.it\/fr\/shop\/poeles-pots\/batteries-de-cuisine\/wmf-diadem-plus-ensemble-de-5-pieces\/"]}]},{"@type":"BreadcrumbList","@id":"https:\/\/www.erresse-shop.it\/fr\/shop\/poeles-pots\/batteries-de-cuisine\/wmf-diadem-plus-ensemble-de-5-pieces\/#breadcrumb","itemListElement":[{"@type":"ListItem","position":1,"name":"Home","item":"https:\/\/www.erresse-shop.it\/fr\/"},{"@type":"ListItem","position":2,"name":"Shop","item":"https:\/\/www.erresse-shop.it\/fr\/shop\/"},{"@type":"ListItem","position":3,"name":"WMF Diadem Plus Ensemble de 5 pi\u00e8ces"}]},{"@type":"WebSite","@id":"https:\/\/www.erresse-shop.it\/fr\/#website","url":"https:\/\/www.erresse-shop.it\/fr\/","name":"Erresse Shop","description":"Articoli di qualit\u00e0 per la casa","potentialAction":[{"@type":"SearchAction","target":{"@type":"EntryPoint","urlTemplate":"https:\/\/www.erresse-shop.it\/fr\/?s={search_term_string}"},"query-input":"required name=search_term_string"}],"inLanguage":"fr-FR"}]}},"df_price":189,"df_sale_price":189,"df_regular_price":300,"df_image_link":"https:\/\/www.erresse-shop.it\/wp-content\/uploads\/2023\/08\/WMF-Diadem-Plus-Set-5-pezzi-300x300.jpg","_links":{"self":[{"href":"https:\/\/www.erresse-shop.it\/fr\/wp-json\/wp\/v2\/product\/301115"}],"collection":[{"href":"https:\/\/www.erresse-shop.it\/fr\/wp-json\/wp\/v2\/product"}],"about":[{"href":"https:\/\/www.erresse-shop.it\/fr\/wp-json\/wp\/v2\/types\/product"}],"wp:featuredmedia":[{"embeddable":true,"href":"https:\/\/www.erresse-shop.it\/fr\/wp-json\/wp\/v2\/media\/301167"}],"wp:attachment":[{"href":"https:\/\/www.erresse-shop.it\/fr\/wp-json\/wp\/v2\/media?parent=301115"}],"wp:term":[{"taxonomy":"product_cat","embeddable":true,"href":"https:\/\/www.erresse-shop.it\/fr\/wp-json\/wp\/v2\/product_cat?post=301115"},{"taxonomy":"product_tag","embeddable":true,"href":"https:\/\/www.erresse-shop.it\/fr\/wp-json\/wp\/v2\/product_tag?post=301115"}],"curies":[{"name":"wp","href":"https:\/\/api.w.org\/{rel}","templated":true}]}}